{"id":387,"date":"2025-04-28T03:41:22","date_gmt":"2025-04-28T03:41:22","guid":{"rendered":"http:\/\/localhost:8888\/info179\/?post_type=product&#038;p=387"},"modified":"2025-04-28T03:41:22","modified_gmt":"2025-04-28T03:41:22","slug":"flex-series-i-o-system","status":"publish","type":"product","link":"https:\/\/store3.k-tech-services.com\/tudonghoahcm\/product\/flex-series-i-o-system\/","title":{"rendered":"Flex Series I\/O System"},"content":{"rendered":"<p><em>INVT Flex Series I\/O System<\/em>\u00a0l\u00e0 h\u1ec7 th\u1ed1ng truy\u1ec1n t\u00edn hi\u1ec7u linh ho\u1ea1t, \u0111\u00e1ng tin c\u1eady v\u00e0 hi\u1ec7u qu\u1ea3, gi\u00fap \u0111\u00e1p \u1ee9ng c\u00e1c y\u00eau c\u1ea7u \u0111a d\u1ea1ng trong t\u1ef1 \u0111\u1ed9ng h\u00f3a c\u00f4ng nghi\u1ec7p. \u0110\u01b0\u1ee3c thi\u1ebft k\u1ebf v\u1edbi kh\u1ea3 n\u0103ng truy c\u1eadp nhi\u1ec1u m\u1ea1ng truy\u1ec1n th\u00f4ng ti\u00eau chu\u1ea9n, h\u1ec7 th\u1ed1ng n\u00e0y gi\u00fap ti\u1ebft ki\u1ec7m kh\u00f4ng gian t\u1ee7 \u0111i\u1ec7n, \u0111\u1ed3ng th\u1eddi t\u0103ng c\u01b0\u1eddng kh\u1ea3 n\u0103ng t\u00f9y ch\u1ec9nh \u0111\u1ec3 ph\u00e1t tri\u1ec3n c\u00e1c gi\u1ea3i ph\u00e1p c\u00e1 nh\u00e2n h\u00f3a, c\u1ea1nh tranh h\u01a1n cho doanh nghi\u1ec7p c\u1ee7a b\u1ea1n.<\/p>\n","protected":false},"excerpt":{"rendered":"<p>INVT Flex Series I\/O System\u00a0l\u00e0 h\u1ec7 th\u1ed1ng truy\u1ec1n t\u00edn hi\u1ec7u linh ho\u1ea1t, \u0111\u00e1ng tin c\u1eady v\u00e0 hi\u1ec7u qu\u1ea3, gi\u00fap \u0111\u00e1p \u1ee9ng c\u00e1c y\u00eau c\u1ea7u \u0111a d\u1ea1ng trong t\u1ef1 \u0111\u1ed9ng h\u00f3a c\u00f4ng nghi\u1ec7p. \u0110\u01b0\u1ee3c thi\u1ebft k\u1ebf v\u1edbi kh\u1ea3 n\u0103ng truy c\u1eadp nhi\u1ec1u m\u1ea1ng truy\u1ec1n th\u00f4ng ti\u00eau chu\u1ea9n, h\u1ec7 th\u1ed1ng n\u00e0y gi\u00fap ti\u1ebft ki\u1ec7m kh\u00f4ng gian t\u1ee7 [&#8230;]\n","protected":false},"featured_media":388,"comment_status":"open","ping_status":"closed","template":"","meta":{"_acf_changed":false},"product_brand":[],"product_cat":[49],"product_tag":[],"class_list":{"0":"post-387","1":"product","2":"type-product","3":"status-publish","4":"has-post-thumbnail","6":"product_cat-plc-hmi","8":"first","9":"instock","10":"shipping-taxable","11":"product-type-simple"},"acf":[],"_links":{"self":[{"href":"https:\/\/store3.k-tech-services.com\/tudonghoahcm\/wp-json\/wp\/v2\/product\/387","targetHints":{"allow":["GET"]}}],"collection":[{"href":"https:\/\/store3.k-tech-services.com\/tudonghoahcm\/wp-json\/wp\/v2\/product"}],"about":[{"href":"https:\/\/store3.k-tech-services.com\/tudonghoahcm\/wp-json\/wp\/v2\/types\/product"}],"replies":[{"embeddable":true,"href":"https:\/\/store3.k-tech-services.com\/tudonghoahcm\/wp-json\/wp\/v2\/comments?post=387"}],"wp:featuredmedia":[{"embeddable":true,"href":"https:\/\/store3.k-tech-services.com\/tudonghoahcm\/wp-json\/wp\/v2\/media\/388"}],"wp:attachment":[{"href":"https:\/\/store3.k-tech-services.com\/tudonghoahcm\/wp-json\/wp\/v2\/media?parent=387"}],"wp:term":[{"taxonomy":"product_brand","embeddable":true,"href":"https:\/\/store3.k-tech-services.com\/tudonghoahcm\/wp-json\/wp\/v2\/product_brand?post=387"},{"taxonomy":"product_cat","embeddable":true,"href":"https:\/\/store3.k-tech-services.com\/tudonghoahcm\/wp-json\/wp\/v2\/product_cat?post=387"},{"taxonomy":"product_tag","embeddable":true,"href":"https:\/\/store3.k-tech-services.com\/tudonghoahcm\/wp-json\/wp\/v2\/product_tag?post=387"}],"curies":[{"name":"wp","href":"https:\/\/api.w.org\/{rel}","templated":true}]}}