{"id":281,"date":"2025-04-27T14:19:31","date_gmt":"2025-04-27T14:19:31","guid":{"rendered":"http:\/\/localhost:8888\/info179\/?page_id=281"},"modified":"2025-05-05T04:10:15","modified_gmt":"2025-05-05T04:10:15","slug":"lien-he","status":"publish","type":"page","link":"https:\/\/store3.k-tech-services.com\/tudonghoahcm\/lien-he\/","title":{"rendered":"Li\u00ean H\u1ec7"},"content":{"rendered":"\n\t<section class=\"section section_map\" id=\"section_1228600728\">\n\t\t<div class=\"section-bg fill\" >\n\t\t\t\t\t\t\t\t\t\n\t\t\t\n\n\t\t<\/div>\n\n\t\t\n\n\t\t<div class=\"section-content relative\">\n\t\t\t\n<div class=\"row row-collapse row-full-width\"  id=\"row-1777836014\">\n\n\t<div id=\"col-630809222\" class=\"col small-12 large-12\"  >\n\t\t\t\t<div class=\"col-inner\"  >\n\t\t\t\n\t\t\t\n\n<p><iframe src=\"https:\/\/www.google.com\/maps\/embed?pb=!1m18!1m12!1m3!1d3918.9508654638034!2d106.601493574054!3d10.815072189336036!2m3!1f0!2f0!3f0!3m2!1i1024!2i768!4f13.1!3m3!1m2!1s0x31752b9515b54885%3A0xbd11f731534654a9!2zNzAzIMSQLiBMw6ogVHLhu41uZyBU4bqlbiwgQsOsbmggSMawbmcgSG_DoCwgQsOsbmggVMOibiwgSOG7kyBDaMOtIE1pbmgsIFZp4buHdCBOYW0!5e0!3m2!1svi!2s!4v1746418078521!5m2!1svi!2s\" width=\"100%\" height=\"350\" style=\"border:0;\" allowfullscreen=\"\" loading=\"lazy\" referrerpolicy=\"no-referrer-when-downgrade\"><\/iframe><br \/>\n\n\t\t<\/div>\n\t\t\t\t\t<\/div>\n\n\t\n<\/div>\n\t\t<\/div>\n\n\t\t\n<style>\n#section_1228600728 {\n  padding-top: 0px;\n  padding-bottom: 0px;\n}\n<\/style>\n\t<\/section>\n\t\n\n\t<section class=\"section section_navi\" id=\"section_381140566\">\n\t\t<div class=\"section-bg fill\" >\n\t\t\t\t\t\t\t\t\t\n\t\t\t\n\n\t\t<\/div>\n\n\t\t\n\n\t\t<div class=\"section-content relative\">\n\t\t\t\n<div class=\"row\"  id=\"row-1157242752\">\n\n\t<div id=\"col-1553497235\" class=\"col small-12 large-12\"  >\n\t\t\t\t<div class=\"col-inner\"  >\n\t\t\t\n\t\t\t\n  <div id=\"page-header-1838176474\" class=\"page-header-wrapper\">\n  <div class=\"page-title dark featured-title\">\n\n    \n    <div class=\"page-title-inner container align-center text-center flex-row-col medium-flex-wrap\" >\n            <div class=\"title-content flex-col\">\n        <div class=\"title-breadcrumbs pb-half pt-half\"><nav class=\"woocommerce-breadcrumb breadcrumbs uppercase\">Trang ch\u1ee7<\/nav><\/div>      <\/div>\n    <\/div>\n\n       <\/div>\n    <\/div>\n  \n\t\t<\/div>\n\t\t\t\t\t<\/div>\n\n\t\n<\/div>\n\t\t<\/div>\n\n\t\t\n<style>\n#section_381140566 {\n  padding-top: 0px;\n  padding-bottom: 0px;\n  background-color: #008bcc;\n}\n<\/style>\n\t<\/section>\n\t\n\n\t<section class=\"section section_page_contact\" id=\"section_712944047\">\n\t\t<div class=\"section-bg fill\" >\n\t\t\t\t\t\t\t\t\t\n\t\t\t\n\n\t\t<\/div>\n\n\t\t\n\n\t\t<div class=\"section-content relative\">\n\t\t\t\n<div class=\"row align-equal align-center\"  id=\"row-1690398578\">\n\n\t<div id=\"col-1251467420\" class=\"col medium-6 small-12 large-6\"  >\n\t\t\t\t<div class=\"col-inner\"  >\n\t\t\t\n\t\t\t\n<div class=\"container section-title-container\" style=\"margin-bottom:2px;\"><h1 class=\"section-title section-title-normal\"><b><\/b><span class=\"section-title-main\" style=\"color:rgb(0, 0, 0);\">Li\u00ean h\u1ec7<\/span><b><\/b><\/h1><\/div>\n<div class=\"accordion\">\n\t<div id=\"accordion-3621894828\" class=\"accordion-item\">\n\t\t<a id=\"accordion-3621894828-label\" class=\"accordion-title plain active\" href=\"#accordion-item-tr\u1ee4-s\u1ede-ch\u00cdnh\" aria-expanded=\"true\" aria-controls=\"accordion-3621894828-content\" >\n\t\t\t<button class=\"toggle\" aria-label=\"Chuy\u1ec3n \u0111\u1ed5i\"><i class=\"icon-angle-down\"><\/i><\/button>\n\t\t\t<span>TR\u1ee4 S\u1ede CH\u00cdNH<\/span>\n\t\t<\/a>\n\t\t<div id=\"accordion-3621894828-content\" class=\"accordion-inner\" style=\"display: block;\" aria-labelledby=\"accordion-3621894828-label\" >\n\t\t\t\n\t<div id=\"text-4244562910\" class=\"text\">\n\t\t\n<p><strong>\u0110\u1ecba ch\u1ec9: <\/strong>703\/13 L\u00ea Tr\u1ecdng T\u1ea5n, Ph\u01b0\u1eddng B\u00ecnh H\u01b0ng H\u00f2a, Qu\u1eadn B\u00ecnh T\u00e2n, Th\u00e0nh ph\u1ed1 H\u1ed3 Ch\u00ed Minh, Vi\u1ec7t Nam<\/p>\n<p><strong>\u0110i\u1ec7n tho\u1ea1i:<\/strong>\u00a00913506739<\/p>\n<p><strong>Hotline:<\/strong> 0913506739<\/p>\n<p><strong>Email:<\/strong>\u00a0mrthang49@gmail.com<\/p>\n\t\t\n<style>\n#text-4244562910 {\n  color: rgb(0,0,0);\n}\n#text-4244562910 > * {\n  color: rgb(0,0,0);\n}\n<\/style>\n\t<\/div>\n\t\n\t\t<\/div>\n\t<\/div>\n\t\n\t<div id=\"accordion-3258956717\" class=\"accordion-item\">\n\t\t<a id=\"accordion-3258956717-label\" class=\"accordion-title plain\" href=\"#accordion-item-chi-nh\u00c1nh-h\u00c0-n\u1ed8i\" aria-expanded=\"false\" aria-controls=\"accordion-3258956717-content\" >\n\t\t\t<button class=\"toggle\" aria-label=\"Chuy\u1ec3n \u0111\u1ed5i\"><i class=\"icon-angle-down\"><\/i><\/button>\n\t\t\t<span>CHI NH\u00c1NH H\u00c0 N\u1ed8I<\/span>\n\t\t<\/a>\n\t\t<div id=\"accordion-3258956717-content\" class=\"accordion-inner\" aria-labelledby=\"accordion-3258956717-label\" >\n\t\t\t\n\t<div id=\"text-72773529\" class=\"text\">\n\t\t\n<p><strong>\u0110\u1ecba ch\u1ec9: <\/strong>703\/13 L\u00ea Tr\u1ecdng T\u1ea5n, Ph\u01b0\u1eddng B\u00ecnh H\u01b0ng H\u00f2a, Qu\u1eadn B\u00ecnh T\u00e2n, Th\u00e0nh ph\u1ed1 H\u1ed3 Ch\u00ed Minh, Vi\u1ec7t Nam<\/p>\n<p><strong>\u0110i\u1ec7n tho\u1ea1i:<\/strong>\u00a00913506739<\/p>\n<p><strong>Hotline:<\/strong> 0913506739<\/p>\n<p><strong>Email:<\/strong>\u00a0mrthang49@gmail.com<\/p>\n\t\t\n<style>\n#text-72773529 {\n  color: rgb(0,0,0);\n}\n#text-72773529 > * {\n  color: rgb(0,0,0);\n}\n<\/style>\n\t<\/div>\n\t\n\t\t<\/div>\n\t<\/div>\n\t\n\t<div id=\"accordion-2929930465\" class=\"accordion-item\">\n\t\t<a id=\"accordion-2929930465-label\" class=\"accordion-title plain\" href=\"#accordion-item-chi-nh\u00c1nh-c\u1ea6n-th\u01a0\" aria-expanded=\"false\" aria-controls=\"accordion-2929930465-content\" >\n\t\t\t<button class=\"toggle\" aria-label=\"Chuy\u1ec3n \u0111\u1ed5i\"><i class=\"icon-angle-down\"><\/i><\/button>\n\t\t\t<span>CHI NH\u00c1NH C\u1ea6N TH\u01a0<\/span>\n\t\t<\/a>\n\t\t<div id=\"accordion-2929930465-content\" class=\"accordion-inner\" aria-labelledby=\"accordion-2929930465-label\" >\n\t\t\t\n\t<div id=\"text-1245866541\" class=\"text\">\n\t\t\n<p><strong>\u0110\u1ecba ch\u1ec9: <\/strong>703\/13 L\u00ea Tr\u1ecdng T\u1ea5n, Ph\u01b0\u1eddng B\u00ecnh H\u01b0ng H\u00f2a, Qu\u1eadn B\u00ecnh T\u00e2n, Th\u00e0nh ph\u1ed1 H\u1ed3 Ch\u00ed Minh, Vi\u1ec7t Nam<\/p>\n<p><strong>\u0110i\u1ec7n tho\u1ea1i:<\/strong>\u00a00913506739<\/p>\n<p><strong>Hotline:<\/strong> 0913506739<\/p>\n<p><strong>Email:<\/strong>\u00a0mrthang49@gmail.com<\/p>\n\t\t\n<style>\n#text-1245866541 {\n  color: rgb(0,0,0);\n}\n#text-1245866541 > * {\n  color: rgb(0,0,0);\n}\n<\/style>\n\t<\/div>\n\t\n\t\t<\/div>\n\t<\/div>\n\t\n<\/div>\n\t\t<\/div>\n\t\t\t\t\n<style>\n#col-1251467420 > .col-inner {\n  padding: 0px 0px 0px 0px;\n}\n@media (min-width:550px) {\n  #col-1251467420 > .col-inner {\n    padding: 60px 20px 20px 40px;\n  }\n}\n<\/style>\n\t<\/div>\n\n\t\n\n\t<div id=\"col-938386917\" class=\"col medium-6 small-12 large-6\"  >\n\t\t\t\t<div class=\"col-inner box-shadow-2\"  >\n\t\t\t\n\t\t\t\n<div class=\"container section-title-container title_contact_2\" ><h1 class=\"section-title section-title-normal\"><b><\/b><span class=\"section-title-main\" style=\"color:rgb(0, 139, 204);\">K\u1ebft n\u1ed1i v\u1edbi ch\u00fang t\u00f4i<\/span><b><\/b><\/h1><\/div>\n\n<div class=\"wpcf7 no-js\" id=\"wpcf7-f316-o1\" lang=\"vi\" dir=\"ltr\" data-wpcf7-id=\"316\">\n<div class=\"screen-reader-response\"><p role=\"status\" aria-live=\"polite\" aria-atomic=\"true\"><\/p> <ul><\/ul><\/div>\n<form action=\"\/tudonghoahcm\/wp-json\/wp\/v2\/pages\/281#wpcf7-f316-o1\" method=\"post\" class=\"wpcf7-form init\" aria-label=\"Form li\u00ean h\u1ec7\" novalidate=\"novalidate\" data-status=\"init\">\n<div style=\"display: none;\">\n<input type=\"hidden\" name=\"_wpcf7\" value=\"316\" \/>\n<input type=\"hidden\" name=\"_wpcf7_version\" value=\"6.0.6\" \/>\n<input type=\"hidden\" name=\"_wpcf7_locale\" value=\"vi\" \/>\n<input type=\"hidden\" name=\"_wpcf7_unit_tag\" value=\"wpcf7-f316-o1\" \/>\n<input type=\"hidden\" name=\"_wpcf7_container_post\" value=\"0\" \/>\n<input type=\"hidden\" name=\"_wpcf7_posted_data_hash\" value=\"\" \/>\n<\/div>\n<div class=\"form-row\">\n\t<p><span class=\"wpcf7-form-control-wrap\" data-name=\"your-name\"><input size=\"40\" maxlength=\"400\" class=\"wpcf7-form-control wpcf7-text wpcf7-validates-as-required input-50\" aria-required=\"true\" aria-invalid=\"false\" placeholder=\"H\u1ecd v\u00e0 t\u00ean\" value=\"\" type=\"text\" name=\"your-name\" \/><\/span><br \/>\n<span class=\"wpcf7-form-control-wrap\" data-name=\"your-company\"><input size=\"40\" maxlength=\"400\" class=\"wpcf7-form-control wpcf7-text input-50\" aria-invalid=\"false\" placeholder=\"C\u00f4ng ty\" value=\"\" type=\"text\" name=\"your-company\" \/><\/span>\n\t<\/p>\n<\/div>\n<div class=\"form-row\">\n\t<p><span class=\"wpcf7-form-control-wrap\" data-name=\"your-address\"><input size=\"40\" maxlength=\"400\" class=\"wpcf7-form-control wpcf7-text form-control\" aria-invalid=\"false\" placeholder=\"\u0110\u1ecba ch\u1ec9\" value=\"\" type=\"text\" name=\"your-address\" \/><\/span>\n\t<\/p>\n<\/div>\n<div class=\"form-row\">\n\t<p><span class=\"wpcf7-form-control-wrap\" data-name=\"your-email\"><input size=\"40\" maxlength=\"400\" class=\"wpcf7-form-control wpcf7-email wpcf7-validates-as-required wpcf7-text wpcf7-validates-as-email input-50\" aria-required=\"true\" aria-invalid=\"false\" placeholder=\"Email\" value=\"\" type=\"email\" name=\"your-email\" \/><\/span><br \/>\n<span class=\"wpcf7-form-control-wrap\" data-name=\"your-phone\"><input size=\"40\" maxlength=\"400\" class=\"wpcf7-form-control wpcf7-tel wpcf7-validates-as-required wpcf7-text wpcf7-validates-as-tel input-50\" aria-required=\"true\" aria-invalid=\"false\" placeholder=\"S\u1ed1 \u0111i\u1ec7n tho\u1ea1i\" value=\"\" type=\"tel\" name=\"your-phone\" \/><\/span>\n\t<\/p>\n<\/div>\n<div class=\"form-row\">\n\t<p><span class=\"wpcf7-form-control-wrap\" data-name=\"your-message\"><textarea cols=\"40\" rows=\"10\" maxlength=\"2000\" class=\"wpcf7-form-control wpcf7-textarea form-control\" aria-invalid=\"false\" placeholder=\"Tin nh\u1eafn\" name=\"your-message\"><\/textarea><\/span>\n\t<\/p>\n<\/div>\n<div class=\"form-row\">\n\t<p><input class=\"wpcf7-form-control wpcf7-submit has-spinner form-submit\" type=\"submit\" value=\"G\u1eecI NGAY\" \/>\n\t<\/p>\n<\/div><div class=\"wpcf7-response-output\" aria-hidden=\"true\"><\/div>\n<\/form>\n<\/div>\n\n\t\t<\/div>\n\t\t\t\t\n<style>\n#col-938386917 > .col-inner {\n  padding: 0px 0px 0px 0px;\n}\n@media (min-width:550px) {\n  #col-938386917 > .col-inner {\n    padding: 60px 20px 20px 40px;\n  }\n}\n<\/style>\n\t<\/div>\n\n\t\n<\/div>\n\t\t<\/div>\n\n\t\t\n<style>\n#section_712944047 {\n  padding-top: 0px;\n  padding-bottom: 0px;\n}\n<\/style>\n\t<\/section>\n\t\n","protected":false},"excerpt":{"rendered":"","protected":false},"author":1,"featured_media":0,"parent":0,"menu_order":0,"comment_status":"closed","ping_status":"closed","template":"page-blank.php","meta":{"_acf_changed":false,"footnotes":""},"class_list":["post-281","page","type-page","status-publish","hentry"],"acf":[],"_links":{"self":[{"href":"https:\/\/store3.k-tech-services.com\/tudonghoahcm\/wp-json\/wp\/v2\/pages\/281","targetHints":{"allow":["GET"]}}],"collection":[{"href":"https:\/\/store3.k-tech-services.com\/tudonghoahcm\/wp-json\/wp\/v2\/pages"}],"about":[{"href":"https:\/\/store3.k-tech-services.com\/tudonghoahcm\/wp-json\/wp\/v2\/types\/page"}],"author":[{"embeddable":true,"href":"https:\/\/store3.k-tech-services.com\/tudonghoahcm\/wp-json\/wp\/v2\/users\/1"}],"replies":[{"embeddable":true,"href":"https:\/\/store3.k-tech-services.com\/tudonghoahcm\/wp-json\/wp\/v2\/comments?post=281"}],"version-history":[{"count":27,"href":"https:\/\/store3.k-tech-services.com\/tudonghoahcm\/wp-json\/wp\/v2\/pages\/281\/revisions"}],"predecessor-version":[{"id":768,"href":"https:\/\/store3.k-tech-services.com\/tudonghoahcm\/wp-json\/wp\/v2\/pages\/281\/revisions\/768"}],"wp:attachment":[{"href":"https:\/\/store3.k-tech-services.com\/tudonghoahcm\/wp-json\/wp\/v2\/media?parent=281"}],"curies":[{"name":"wp","href":"https:\/\/api.w.org\/{rel}","templated":true}]}}