{"id":602,"date":"2025-04-15T16:40:25","date_gmt":"2025-04-15T16:40:25","guid":{"rendered":"https:\/\/ktech2.k-tech-services.com\/nhabep82\/?post_type=product&#038;p=602"},"modified":"2025-04-15T16:40:25","modified_gmt":"2025-04-15T16:40:25","slug":"khung-chan-de-may-rua-bat","status":"publish","type":"product","link":"https:\/\/store3.k-tech-services.com\/nhabep82\/san-pham\/khung-chan-de-may-rua-bat\/","title":{"rendered":"KHUNG CH\u00c2N \u0110\u1ec2 M\u00c1Y R\u1eecA B\u00c1T"},"content":{"rendered":"<p class=\"\" data-start=\"802\" data-end=\"842\"><strong data-start=\"829\" data-end=\"842\">\u0110\u1eb7c \u0111i\u1ec3m:<\/strong><\/p>\n<ul data-start=\"843\" data-end=\"965\">\n<li class=\"\" data-start=\"843\" data-end=\"888\">\n<p class=\"\" data-start=\"845\" data-end=\"888\">D\u00f9ng cho m\u00e1y r\u1eeda b\u00e1t \u0111\u1ec3 t\u1ea1o khe tho\u00e1t kh\u00ed<\/p>\n<\/li>\n<li class=\"\" data-start=\"889\" data-end=\"927\">\n<p class=\"\" data-start=\"891\" data-end=\"927\">Ph\u00f9 h\u1ee3p v\u1edbi m\u00e1y chi\u1ec1u d\u00e0i 55\u201385 cm<\/p>\n<\/li>\n<li class=\"\" data-start=\"928\" data-end=\"965\">\n<p class=\"\" data-start=\"930\" data-end=\"965\">Ch\u00e2n \u0111\u1ebf c\u00f3 l\u1edbp cao su ch\u1ed1ng tr\u01b0\u1ee3t<\/p>\n<\/li>\n<\/ul>\n","protected":false},"excerpt":{"rendered":"<p>\u0110\u1eb7c \u0111i\u1ec3m: D\u00f9ng cho m\u00e1y r\u1eeda b\u00e1t \u0111\u1ec3 t\u1ea1o khe tho\u00e1t kh\u00ed Ph\u00f9 h\u1ee3p v\u1edbi m\u00e1y chi\u1ec1u d\u00e0i 55\u201385 cm Ch\u00e2n \u0111\u1ebf c\u00f3 l\u1edbp cao su ch\u1ed1ng tr\u01b0\u1ee3t<\/p>\n","protected":false},"featured_media":597,"comment_status":"open","ping_status":"closed","template":"","meta":[],"product_brand":[],"product_cat":[39],"product_tag":[],"class_list":{"0":"post-602","1":"product","2":"type-product","3":"status-publish","4":"has-post-thumbnail","6":"product_cat-gia-dung","8":"first","9":"instock","10":"shipping-taxable","11":"purchasable","12":"product-type-simple"},"_links":{"self":[{"href":"https:\/\/store3.k-tech-services.com\/nhabep82\/wp-json\/wp\/v2\/product\/602","targetHints":{"allow":["GET"]}}],"collection":[{"href":"https:\/\/store3.k-tech-services.com\/nhabep82\/wp-json\/wp\/v2\/product"}],"about":[{"href":"https:\/\/store3.k-tech-services.com\/nhabep82\/wp-json\/wp\/v2\/types\/product"}],"replies":[{"embeddable":true,"href":"https:\/\/store3.k-tech-services.com\/nhabep82\/wp-json\/wp\/v2\/comments?post=602"}],"wp:featuredmedia":[{"embeddable":true,"href":"https:\/\/store3.k-tech-services.com\/nhabep82\/wp-json\/wp\/v2\/media\/597"}],"wp:attachment":[{"href":"https:\/\/store3.k-tech-services.com\/nhabep82\/wp-json\/wp\/v2\/media?parent=602"}],"wp:term":[{"taxonomy":"product_brand","embeddable":true,"href":"https:\/\/store3.k-tech-services.com\/nhabep82\/wp-json\/wp\/v2\/product_brand?post=602"},{"taxonomy":"product_cat","embeddable":true,"href":"https:\/\/store3.k-tech-services.com\/nhabep82\/wp-json\/wp\/v2\/product_cat?post=602"},{"taxonomy":"product_tag","embeddable":true,"href":"https:\/\/store3.k-tech-services.com\/nhabep82\/wp-json\/wp\/v2\/product_tag?post=602"}],"curies":[{"name":"wp","href":"https:\/\/api.w.org\/{rel}","templated":true}]}}