{"id":584,"date":"2025-04-15T16:32:19","date_gmt":"2025-04-15T16:32:19","guid":{"rendered":"https:\/\/ktech2.k-tech-services.com\/nhabep82\/?post_type=product&#038;p=584"},"modified":"2025-04-15T16:32:19","modified_gmt":"2025-04-15T16:32:19","slug":"bo-noi-munich","status":"publish","type":"product","link":"https:\/\/store3.k-tech-services.com\/nhabep82\/san-pham\/bo-noi-munich\/","title":{"rendered":"B\u1ed9 n\u1ed3i MUNICH"},"content":{"rendered":"<p class=\"\" data-start=\"749\" data-end=\"773\"><strong data-start=\"749\" data-end=\"771\">\u0110\u1eb7c t\u00ednh s\u1ea3n ph\u1ea9m:<\/strong><\/p>\n<ul data-start=\"774\" data-end=\"921\">\n<li class=\"\" data-start=\"774\" data-end=\"794\">\n<p class=\"\" data-start=\"776\" data-end=\"794\">Inox 304 cao c\u1ea5p<\/p>\n<\/li>\n<li class=\"\" data-start=\"795\" data-end=\"828\">\n<p class=\"\" data-start=\"797\" data-end=\"828\">\u0110\u1ebf n\u1ed3i 3 l\u1edbp \u2013 C\u00e1ch nhi\u1ec7t t\u1ed1t<\/p>\n<\/li>\n<li class=\"\" data-start=\"829\" data-end=\"861\">\n<p class=\"\" data-start=\"831\" data-end=\"861\">Quai tay c\u00e1ch nhi\u1ec7t, tinh t\u1ebf<\/p>\n<\/li>\n<li class=\"\" data-start=\"862\" data-end=\"888\">\n<p class=\"\" data-start=\"864\" data-end=\"888\">N\u1eafp vung k\u00ednh ch\u1ecbu l\u1ef1c<\/p>\n<\/li>\n<li class=\"\" data-start=\"889\" data-end=\"921\">\n<p class=\"\" data-start=\"891\" data-end=\"921\">Men ch\u1ed1ng d\u00ednh Whitford (M\u1ef9)<\/p>\n<\/li>\n<\/ul>\n<p class=\"\" data-start=\"923\" data-end=\"939\"><strong data-start=\"923\" data-end=\"937\">T\u00ednh n\u0103ng:<\/strong><\/p>\n<ul data-start=\"940\" data-end=\"1113\">\n<li class=\"\" data-start=\"940\" data-end=\"975\">\n<p class=\"\" data-start=\"942\" data-end=\"975\">D\u00f9ng cho b\u1ebfp t\u1eeb v\u00e0 c\u00e1c lo\u1ea1i b\u1ebfp<\/p>\n<\/li>\n<li class=\"\" data-start=\"976\" data-end=\"1000\">\n<p class=\"\" data-start=\"978\" data-end=\"1000\">C\u00f3 thang \u0111o m\u1ef1c n\u01b0\u1edbc<\/p>\n<\/li>\n<li class=\"\" data-start=\"1001\" data-end=\"1051\">\n<p class=\"\" data-start=\"1003\" data-end=\"1051\">Thi\u1ebft k\u1ebf gi\u1eef nhi\u1ec7t nhanh, ti\u1ebft ki\u1ec7m n\u0103ng l\u01b0\u1ee3ng<\/p>\n<\/li>\n<li class=\"\" data-start=\"1052\" data-end=\"1075\">\n<p class=\"\" data-start=\"1054\" data-end=\"1075\">An to\u00e0n, d\u1ec5 v\u1ec7 sinh<\/p>\n<\/li>\n<li class=\"\" data-start=\"1076\" data-end=\"1113\">\n<p class=\"\" data-start=\"1078\" data-end=\"1113\">Thi\u1ebft k\u1ebf theo ti\u00eau chu\u1ea9n CHLB \u0110\u1ee9c<\/p>\n<\/li>\n<\/ul>\n<p class=\"\" data-start=\"1115\" data-end=\"1139\"><strong data-start=\"1115\" data-end=\"1137\">Th\u00f4ng s\u1ed1 s\u1ea3n ph\u1ea9m:<\/strong><\/p>\n<ul data-start=\"1140\" data-end=\"1256\">\n<li class=\"\" data-start=\"1140\" data-end=\"1161\">\n<p class=\"\" data-start=\"1142\" data-end=\"1161\">N\u1ed3i to: 24cm\/5.7L<\/p>\n<\/li>\n<li class=\"\" data-start=\"1162\" data-end=\"1187\">\n<p class=\"\" data-start=\"1164\" data-end=\"1187\">N\u1ed3i th\u01b0\u1eddng: 20cm\/3.5L<\/p>\n<\/li>\n<li class=\"\" data-start=\"1188\" data-end=\"1208\">\n<p class=\"\" data-start=\"1190\" data-end=\"1208\">Qu\u00e1nh: 16cm\/1.9L<\/p>\n<\/li>\n<li class=\"\" data-start=\"1209\" data-end=\"1237\">\n<p class=\"\" data-start=\"1211\" data-end=\"1237\">Ch\u1ea3o ch\u1ed1ng d\u00ednh: 24cm\/5L<\/p>\n<\/li>\n<li class=\"\" data-start=\"1238\" data-end=\"1256\">\n<p class=\"\" data-start=\"1240\" data-end=\"1256\">X\u1eedng h\u1ea5p: 24cm<\/p>\n<\/li>\n<\/ul>\n<p class=\"\" data-start=\"1258\" data-end=\"1289\"><strong data-start=\"1258\" data-end=\"1271\">B\u1ea3o h\u00e0nh:<\/strong> 20 n\u0103m (theo NSX)<\/p>\n","protected":false},"excerpt":{"rendered":"<p>\u0110\u1eb7c t\u00ednh s\u1ea3n ph\u1ea9m: Inox 304 cao c\u1ea5p \u0110\u1ebf n\u1ed3i 3 l\u1edbp \u2013 C\u00e1ch nhi\u1ec7t t\u1ed1t Quai tay c\u00e1ch nhi\u1ec7t, tinh t\u1ebf N\u1eafp vung k\u00ednh ch\u1ecbu l\u1ef1c Men ch\u1ed1ng d\u00ednh Whitford (M\u1ef9) T\u00ednh n\u0103ng: D\u00f9ng cho b\u1ebfp t\u1eeb v\u00e0 c\u00e1c lo\u1ea1i b\u1ebfp C\u00f3 thang \u0111o m\u1ef1c n\u01b0\u1edbc Thi\u1ebft k\u1ebf gi\u1eef nhi\u1ec7t nhanh, ti\u1ebft ki\u1ec7m n\u0103ng&#8230;<\/p>\n","protected":false},"featured_media":581,"comment_status":"open","ping_status":"closed","template":"","meta":[],"product_brand":[],"product_cat":[39],"product_tag":[],"class_list":{"0":"post-584","1":"product","2":"type-product","3":"status-publish","4":"has-post-thumbnail","6":"product_cat-gia-dung","8":"first","9":"instock","10":"shipping-taxable","11":"purchasable","12":"product-type-simple"},"_links":{"self":[{"href":"https:\/\/store3.k-tech-services.com\/nhabep82\/wp-json\/wp\/v2\/product\/584","targetHints":{"allow":["GET"]}}],"collection":[{"href":"https:\/\/store3.k-tech-services.com\/nhabep82\/wp-json\/wp\/v2\/product"}],"about":[{"href":"https:\/\/store3.k-tech-services.com\/nhabep82\/wp-json\/wp\/v2\/types\/product"}],"replies":[{"embeddable":true,"href":"https:\/\/store3.k-tech-services.com\/nhabep82\/wp-json\/wp\/v2\/comments?post=584"}],"wp:featuredmedia":[{"embeddable":true,"href":"https:\/\/store3.k-tech-services.com\/nhabep82\/wp-json\/wp\/v2\/media\/581"}],"wp:attachment":[{"href":"https:\/\/store3.k-tech-services.com\/nhabep82\/wp-json\/wp\/v2\/media?parent=584"}],"wp:term":[{"taxonomy":"product_brand","embeddable":true,"href":"https:\/\/store3.k-tech-services.com\/nhabep82\/wp-json\/wp\/v2\/product_brand?post=584"},{"taxonomy":"product_cat","embeddable":true,"href":"https:\/\/store3.k-tech-services.com\/nhabep82\/wp-json\/wp\/v2\/product_cat?post=584"},{"taxonomy":"product_tag","embeddable":true,"href":"https:\/\/store3.k-tech-services.com\/nhabep82\/wp-json\/wp\/v2\/product_tag?post=584"}],"curies":[{"name":"wp","href":"https:\/\/api.w.org\/{rel}","templated":true}]}}