{"id":578,"date":"2025-04-15T16:28:18","date_gmt":"2025-04-15T16:28:18","guid":{"rendered":"https:\/\/ktech2.k-tech-services.com\/nhabep82\/?post_type=product&#038;p=578"},"modified":"2025-04-15T16:28:18","modified_gmt":"2025-04-15T16:28:18","slug":"k-6270bl-70cm-90cm","status":"publish","type":"product","link":"https:\/\/store3.k-tech-services.com\/nhabep82\/san-pham\/k-6270bl-70cm-90cm\/","title":{"rendered":"K-6270BL (70cm\/90cm)"},"content":{"rendered":"<p class=\"\" data-start=\"772\" data-end=\"830\"><strong data-start=\"772\" data-end=\"794\">\u0110\u1eb7c t\u00ednh s\u1ea3n ph\u1ea9m:<\/strong><\/p>\n<ul>\n<li class=\"\" data-start=\"199\" data-end=\"226\">\n<p class=\"\" data-start=\"201\" data-end=\"226\">Ki\u1ec3u d\u00e1ng \u00e2m t\u1ee7 r\u00fat k\u00e9o<\/p>\n<\/li>\n<li class=\"\" data-start=\"227\" data-end=\"266\">\n<p class=\"\" data-start=\"229\" data-end=\"266\">Th\u00e2n v\u1ecf inox, s\u01a1n t\u0129nh \u0111i\u1ec7n cao c\u1ea5p<\/p>\n<\/li>\n<li class=\"\" data-start=\"267\" data-end=\"301\">\n<p class=\"\" data-start=\"269\" data-end=\"301\">\u0110i\u1ec1u khi\u1ec3n ph\u00edm \u1ea5n c\u01a1 3 t\u1ed1c \u0111\u1ed9<\/p>\n<\/li>\n<li class=\"\" data-start=\"302\" data-end=\"331\">\n<p class=\"\" data-start=\"304\" data-end=\"331\">\u0110\u00e8n chi\u1ebfu s\u00e1ng LED 2*1.5W<\/p>\n<\/li>\n<li class=\"\" data-start=\"332\" data-end=\"362\">\n<p class=\"\" data-start=\"334\" data-end=\"362\">L\u01b0\u1edbi l\u1ecdc Inox + Nh\u00f4m 5 l\u1edbp<\/p>\n<\/li>\n<li class=\"\" data-start=\"363\" data-end=\"389\">\n<p class=\"\" data-start=\"365\" data-end=\"389\">Than ho\u1ea1t t\u00ednh kh\u1eed m\u00f9i<\/p>\n<\/li>\n<li class=\"\" data-start=\"390\" data-end=\"424\">\n<p class=\"\" data-start=\"392\" data-end=\"424\">Motor b\u1ec1n, v\u1eadn h\u00e0nh si\u00eau \u00eam \u00e1i<\/p>\n<\/li>\n<li class=\"\" data-start=\"425\" data-end=\"452\">\n<p class=\"\" data-start=\"427\" data-end=\"452\">Ti\u00eau chu\u1ea9n Ch\u00e2u \u00c2u: A++<\/p>\n<\/li>\n<\/ul>\n<ul data-start=\"831\" data-end=\"994\">\n<li class=\"\" data-start=\"831\" data-end=\"853\">\n<p class=\"\" data-start=\"833\" data-end=\"853\">M\u00e0u \u0111en sang tr\u1ecdng<\/p>\n<\/li>\n<li class=\"\" data-start=\"854\" data-end=\"881\">\n<p class=\"\" data-start=\"856\" data-end=\"881\">Ki\u1ec3u d\u00e1ng \u00e2m t\u1ee7 r\u00fat k\u00e9o<\/p>\n<\/li>\n<li class=\"\" data-start=\"882\" data-end=\"900\">\n<p class=\"\" data-start=\"884\" data-end=\"900\">\u0110\u00e8n LED 2*1.5W<\/p>\n<\/li>\n<li class=\"\" data-start=\"901\" data-end=\"931\">\n<p class=\"\" data-start=\"903\" data-end=\"931\">L\u01b0\u1edbi l\u1ecdc 5 l\u1edbp Inox + Nh\u00f4m<\/p>\n<\/li>\n<li class=\"\" data-start=\"932\" data-end=\"966\">\n<p class=\"\" data-start=\"934\" data-end=\"966\">Motor b\u1ec1n, v\u1eadn h\u00e0nh si\u00eau \u00eam \u00e1i<\/p>\n<\/li>\n<li class=\"\" data-start=\"967\" data-end=\"994\">\n<p class=\"\" data-start=\"969\" data-end=\"994\">Ti\u00eau chu\u1ea9n Ch\u00e2u \u00c2u: A++<\/p>\n<\/li>\n<\/ul>\n<p class=\"\" data-start=\"996\" data-end=\"1049\"><strong data-start=\"996\" data-end=\"1030\">T\u00ednh n\u0103ng &amp; Th\u00f4ng s\u1ed1 k\u1ef9 thu\u1eadt:<\/strong><\/p>\n<ul>\n<li class=\"\" data-start=\"471\" data-end=\"497\">\n<p class=\"\" data-start=\"473\" data-end=\"497\">3 c\u1ea5p \u0111\u1ed9 h\u00fat linh ho\u1ea1t<\/p>\n<\/li>\n<li class=\"\" data-start=\"498\" data-end=\"524\">\n<p class=\"\" data-start=\"500\" data-end=\"524\">Kh\u1eed tr\u1ef1c ti\u1ebfp\/x\u1ea3 ngo\u00e0i<\/p>\n<\/li>\n<li class=\"\" data-start=\"525\" data-end=\"543\">\n<p class=\"\" data-start=\"527\" data-end=\"543\">Thi\u1ebft k\u1ebf \u00e2m t\u1ee7<\/p>\n<\/li>\n<li class=\"\" data-start=\"570\" data-end=\"589\">\n<p class=\"\" data-start=\"572\" data-end=\"589\">\u1ed0ng tho\u00e1t: \u00d8120<\/p>\n<\/li>\n<li class=\"\" data-start=\"590\" data-end=\"615\">\n<p class=\"\" data-start=\"592\" data-end=\"615\">C\u00f4ng su\u1ea5t motor: 150W<\/p>\n<\/li>\n<li class=\"\" data-start=\"616\" data-end=\"642\">\n<p class=\"\" data-start=\"618\" data-end=\"642\">C\u00f4ng su\u1ea5t h\u00fat: 850m\u00b3\/h<\/p>\n<\/li>\n<li class=\"\" data-start=\"643\" data-end=\"661\">\n<p class=\"\" data-start=\"645\" data-end=\"661\">\u0110\u1ed9 \u1ed3n: \u2264 46dBA<\/p>\n<\/li>\n<li class=\"\" data-start=\"662\" data-end=\"684\">\n<p class=\"\" data-start=\"664\" data-end=\"684\">\u0110i\u1ec7n \u00e1p: 220V\/50Hz<\/p>\n<\/li>\n<li class=\"\" data-start=\"685\" data-end=\"706\">\n<p class=\"\" data-start=\"687\" data-end=\"706\">K\u00edch th\u01b0\u1edbc: 700mm<\/p>\n<\/li>\n<li data-start=\"525\" data-end=\"543\">C\u00f4ng su\u1ea5t h\u00fat: 850m\u00b3\/h<\/li>\n<\/ul>\n<ul data-start=\"1050\" data-end=\"1117\">\n<li class=\"\" data-start=\"1077\" data-end=\"1095\">\n<p class=\"\" data-start=\"1079\" data-end=\"1095\">\u0110\u1ed9 \u1ed3n: \u2264 46dBA<\/p>\n<\/li>\n<li class=\"\" data-start=\"1096\" data-end=\"1117\">\n<p class=\"\" data-start=\"1098\" data-end=\"1117\">K\u00edch th\u01b0\u1edbc: 700mm<\/p>\n<\/li>\n<\/ul>\n","protected":false},"excerpt":{"rendered":"<p>\u0110\u1eb7c t\u00ednh s\u1ea3n ph\u1ea9m: Ki\u1ec3u d\u00e1ng \u00e2m t\u1ee7 r\u00fat k\u00e9o Th\u00e2n v\u1ecf inox, s\u01a1n t\u0129nh \u0111i\u1ec7n cao c\u1ea5p \u0110i\u1ec1u khi\u1ec3n ph\u00edm \u1ea5n c\u01a1 3 t\u1ed1c \u0111\u1ed9 \u0110\u00e8n chi\u1ebfu s\u00e1ng LED 2*1.5W L\u01b0\u1edbi l\u1ecdc Inox + Nh\u00f4m 5 l\u1edbp Than ho\u1ea1t t\u00ednh kh\u1eed m\u00f9i Motor b\u1ec1n, v\u1eadn h\u00e0nh si\u00eau \u00eam \u00e1i Ti\u00eau chu\u1ea9n Ch\u00e2u \u00c2u: A++&#8230;<\/p>\n","protected":false},"featured_media":575,"comment_status":"open","ping_status":"closed","template":"","meta":[],"product_brand":[],"product_cat":[38],"product_tag":[],"class_list":{"0":"post-578","1":"product","2":"type-product","3":"status-publish","4":"has-post-thumbnail","6":"product_cat-hut-mui","8":"first","9":"instock","10":"shipping-taxable","11":"purchasable","12":"product-type-simple"},"_links":{"self":[{"href":"https:\/\/store3.k-tech-services.com\/nhabep82\/wp-json\/wp\/v2\/product\/578","targetHints":{"allow":["GET"]}}],"collection":[{"href":"https:\/\/store3.k-tech-services.com\/nhabep82\/wp-json\/wp\/v2\/product"}],"about":[{"href":"https:\/\/store3.k-tech-services.com\/nhabep82\/wp-json\/wp\/v2\/types\/product"}],"replies":[{"embeddable":true,"href":"https:\/\/store3.k-tech-services.com\/nhabep82\/wp-json\/wp\/v2\/comments?post=578"}],"wp:featuredmedia":[{"embeddable":true,"href":"https:\/\/store3.k-tech-services.com\/nhabep82\/wp-json\/wp\/v2\/media\/575"}],"wp:attachment":[{"href":"https:\/\/store3.k-tech-services.com\/nhabep82\/wp-json\/wp\/v2\/media?parent=578"}],"wp:term":[{"taxonomy":"product_brand","embeddable":true,"href":"https:\/\/store3.k-tech-services.com\/nhabep82\/wp-json\/wp\/v2\/product_brand?post=578"},{"taxonomy":"product_cat","embeddable":true,"href":"https:\/\/store3.k-tech-services.com\/nhabep82\/wp-json\/wp\/v2\/product_cat?post=578"},{"taxonomy":"product_tag","embeddable":true,"href":"https:\/\/store3.k-tech-services.com\/nhabep82\/wp-json\/wp\/v2\/product_tag?post=578"}],"curies":[{"name":"wp","href":"https:\/\/api.w.org\/{rel}","templated":true}]}}