{"id":571,"date":"2025-04-15T16:23:49","date_gmt":"2025-04-15T16:23:49","guid":{"rendered":"https:\/\/ktech2.k-tech-services.com\/nhabep82\/?post_type=product&#038;p=571"},"modified":"2025-04-15T16:23:49","modified_gmt":"2025-04-15T16:23:49","slug":"k-8070v-70cm-90cm","status":"publish","type":"product","link":"https:\/\/store3.k-tech-services.com\/nhabep82\/san-pham\/k-8070v-70cm-90cm\/","title":{"rendered":"K-8070V (70cm\/90cm)"},"content":{"rendered":"<p class=\"\" data-start=\"705\" data-end=\"743\"><strong data-start=\"705\" data-end=\"717\">Gi\u00e1 b\u00e1n:<\/strong> 6.500.000 \/ 7.500.000 VN\u0110<\/p>\n<p class=\"\" data-start=\"745\" data-end=\"769\"><strong data-start=\"745\" data-end=\"767\">\u0110\u1eb7c t\u00ednh s\u1ea3n ph\u1ea9m:<\/strong><\/p>\n<ul data-start=\"770\" data-end=\"968\">\n<li class=\"\" data-start=\"770\" data-end=\"793\">\n<p class=\"\" data-start=\"772\" data-end=\"793\">Ki\u1ec3u d\u00e1ng k\u00ednh cong<\/p>\n<\/li>\n<li class=\"\" data-start=\"794\" data-end=\"816\">\n<p class=\"\" data-start=\"796\" data-end=\"816\">M\u00e0u \u0111en sang tr\u1ecdng<\/p>\n<\/li>\n<li class=\"\" data-start=\"817\" data-end=\"839\">\n<p class=\"\" data-start=\"819\" data-end=\"839\">M\u1eb7t k\u00ednh c\u01b0\u1eddng l\u1ef1c<\/p>\n<\/li>\n<li class=\"\" data-start=\"840\" data-end=\"864\">\n<p class=\"\" data-start=\"842\" data-end=\"864\">Ph\u00edm b\u1ea5m c\u01a1 3 t\u1ed1c \u0111\u1ed9<\/p>\n<\/li>\n<li class=\"\" data-start=\"865\" data-end=\"902\">\n<p class=\"\" data-start=\"867\" data-end=\"902\">L\u01b0\u1edbi l\u1ecdc cao c\u1ea5p + than ho\u1ea1t t\u00ednh<\/p>\n<\/li>\n<li class=\"\" data-start=\"903\" data-end=\"921\">\n<p class=\"\" data-start=\"905\" data-end=\"921\">\u0110\u00e8n LED 2*1.5W<\/p>\n<\/li>\n<li class=\"\" data-start=\"922\" data-end=\"937\">\n<p class=\"\" data-start=\"924\" data-end=\"937\">Motor \u00eam \u00e1i<\/p>\n<\/li>\n<li class=\"\" data-start=\"938\" data-end=\"968\">\n<p class=\"\" data-start=\"940\" data-end=\"968\">Ch\u1ea5t li\u1ec7u v\u1ecf s\u01a1n t\u0129nh \u0111i\u1ec7n<\/p>\n<\/li>\n<\/ul>\n<p class=\"\" data-start=\"970\" data-end=\"986\"><strong data-start=\"970\" data-end=\"984\">T\u00ednh n\u0103ng:<\/strong><\/p>\n<ul data-start=\"987\" data-end=\"1056\">\n<li class=\"\" data-start=\"987\" data-end=\"1003\">\n<p class=\"\" data-start=\"989\" data-end=\"1003\">3 c\u1ea5p \u0111\u1ed9 h\u00fat<\/p>\n<\/li>\n<li class=\"\" data-start=\"1004\" data-end=\"1035\">\n<p class=\"\" data-start=\"1006\" data-end=\"1035\">Kh\u1eed tr\u1ef1c ti\u1ebfp ho\u1eb7c x\u1ea3 ngo\u00e0i<\/p>\n<\/li>\n<li class=\"\" data-start=\"1036\" data-end=\"1056\">\n<p class=\"\" data-start=\"1038\" data-end=\"1056\">Decor treo t\u01b0\u1eddng<\/p>\n<\/li>\n<\/ul>\n<p class=\"\" data-start=\"1058\" data-end=\"1082\"><strong data-start=\"1058\" data-end=\"1080\">Th\u00f4ng s\u1ed1 k\u1ef9 thu\u1eadt:<\/strong><\/p>\n<ul data-start=\"1083\" data-end=\"1225\">\n<li class=\"\" data-start=\"1083\" data-end=\"1102\">\n<p class=\"\" data-start=\"1085\" data-end=\"1102\">\u1ed0ng tho\u00e1t: \u00d8150<\/p>\n<\/li>\n<li class=\"\" data-start=\"1103\" data-end=\"1128\">\n<p class=\"\" data-start=\"1105\" data-end=\"1128\">C\u00f4ng su\u1ea5t motor: 195W<\/p>\n<\/li>\n<li class=\"\" data-start=\"1129\" data-end=\"1158\">\n<p class=\"\" data-start=\"1131\" data-end=\"1158\">C\u00f4ng su\u1ea5t h\u00fat: 1.550 m\u00b3\/h<\/p>\n<\/li>\n<li class=\"\" data-start=\"1159\" data-end=\"1175\">\n<p class=\"\" data-start=\"1161\" data-end=\"1175\">\u0110\u1ed9 \u1ed3n: 46dBA<\/p>\n<\/li>\n<li class=\"\" data-start=\"1176\" data-end=\"1198\">\n<p class=\"\" data-start=\"1178\" data-end=\"1198\">\u0110i\u1ec7n \u00e1p: 220V\/50Hz<\/p>\n<\/li>\n<li class=\"\" data-start=\"1199\" data-end=\"1225\">\n<p class=\"\" data-start=\"1201\" data-end=\"1225\">K\u00edch th\u01b0\u1edbc: 700\/900 mm<\/p>\n<\/li>\n<\/ul>\n","protected":false},"excerpt":{"rendered":"<p>Gi\u00e1 b\u00e1n: 6.500.000 \/ 7.500.000 VN\u0110 \u0110\u1eb7c t\u00ednh s\u1ea3n ph\u1ea9m: Ki\u1ec3u d\u00e1ng k\u00ednh cong M\u00e0u \u0111en sang tr\u1ecdng M\u1eb7t k\u00ednh c\u01b0\u1eddng l\u1ef1c Ph\u00edm b\u1ea5m c\u01a1 3 t\u1ed1c \u0111\u1ed9 L\u01b0\u1edbi l\u1ecdc cao c\u1ea5p + than ho\u1ea1t t\u00ednh \u0110\u00e8n LED 2*1.5W Motor \u00eam \u00e1i Ch\u1ea5t li\u1ec7u v\u1ecf s\u01a1n t\u0129nh \u0111i\u1ec7n T\u00ednh n\u0103ng: 3 c\u1ea5p \u0111\u1ed9 h\u00fat Kh\u1eed&#8230;<\/p>\n","protected":false},"featured_media":570,"comment_status":"open","ping_status":"closed","template":"","meta":[],"product_brand":[],"product_cat":[38],"product_tag":[],"class_list":{"0":"post-571","1":"product","2":"type-product","3":"status-publish","4":"has-post-thumbnail","6":"product_cat-hut-mui","8":"first","9":"instock","10":"shipping-taxable","11":"product-type-external"},"_links":{"self":[{"href":"https:\/\/store3.k-tech-services.com\/nhabep82\/wp-json\/wp\/v2\/product\/571","targetHints":{"allow":["GET"]}}],"collection":[{"href":"https:\/\/store3.k-tech-services.com\/nhabep82\/wp-json\/wp\/v2\/product"}],"about":[{"href":"https:\/\/store3.k-tech-services.com\/nhabep82\/wp-json\/wp\/v2\/types\/product"}],"replies":[{"embeddable":true,"href":"https:\/\/store3.k-tech-services.com\/nhabep82\/wp-json\/wp\/v2\/comments?post=571"}],"wp:featuredmedia":[{"embeddable":true,"href":"https:\/\/store3.k-tech-services.com\/nhabep82\/wp-json\/wp\/v2\/media\/570"}],"wp:attachment":[{"href":"https:\/\/store3.k-tech-services.com\/nhabep82\/wp-json\/wp\/v2\/media?parent=571"}],"wp:term":[{"taxonomy":"product_brand","embeddable":true,"href":"https:\/\/store3.k-tech-services.com\/nhabep82\/wp-json\/wp\/v2\/product_brand?post=571"},{"taxonomy":"product_cat","embeddable":true,"href":"https:\/\/store3.k-tech-services.com\/nhabep82\/wp-json\/wp\/v2\/product_cat?post=571"},{"taxonomy":"product_tag","embeddable":true,"href":"https:\/\/store3.k-tech-services.com\/nhabep82\/wp-json\/wp\/v2\/product_tag?post=571"}],"curies":[{"name":"wp","href":"https:\/\/api.w.org\/{rel}","templated":true}]}}