{"id":564,"date":"2025-04-15T16:20:27","date_gmt":"2025-04-15T16:20:27","guid":{"rendered":"https:\/\/ktech2.k-tech-services.com\/nhabep82\/?post_type=product&#038;p=564"},"modified":"2025-04-15T16:20:27","modified_gmt":"2025-04-15T16:20:27","slug":"k-8872i-70cm-90cm","status":"publish","type":"product","link":"https:\/\/store3.k-tech-services.com\/nhabep82\/san-pham\/k-8872i-70cm-90cm\/","title":{"rendered":"K-8872I (70cm\/90cm)"},"content":{"rendered":"<p class=\"\" data-start=\"1430\" data-end=\"1468\"><strong data-start=\"1430\" data-end=\"1442\">Gi\u00e1 b\u00e1n:<\/strong> 7.450.000 \/ 8.450.000 VN\u0110<\/p>\n<p class=\"\" data-start=\"1470\" data-end=\"1494\"><strong data-start=\"1470\" data-end=\"1492\">\u0110\u1eb7c t\u00ednh s\u1ea3n ph\u1ea9m:<\/strong><\/p>\n<ul data-start=\"1495\" data-end=\"1689\">\n<li class=\"\" data-start=\"1495\" data-end=\"1525\">\n<p class=\"\" data-start=\"1497\" data-end=\"1525\">K\u00ednh cong, m\u00e0u inox b\u1ec1n b\u1ec9<\/p>\n<\/li>\n<li class=\"\" data-start=\"1526\" data-end=\"1544\">\n<p class=\"\" data-start=\"1528\" data-end=\"1544\">K\u00ednh c\u01b0\u1eddng l\u1ef1c<\/p>\n<\/li>\n<li class=\"\" data-start=\"1545\" data-end=\"1577\">\n<p class=\"\" data-start=\"1547\" data-end=\"1577\">\u0110i\u1ec1u khi\u1ec3n ph\u00edm b\u1ea5m 3 t\u1ed1c \u0111\u1ed9<\/p>\n<\/li>\n<li class=\"\" data-start=\"1578\" data-end=\"1615\">\n<p class=\"\" data-start=\"1580\" data-end=\"1615\">L\u01b0\u1edbi l\u1ecdc cao c\u1ea5p + than ho\u1ea1t t\u00ednh<\/p>\n<\/li>\n<li class=\"\" data-start=\"1616\" data-end=\"1630\">\n<p class=\"\" data-start=\"1618\" data-end=\"1630\">LED 2*1.5W<\/p>\n<\/li>\n<li class=\"\" data-start=\"1631\" data-end=\"1648\">\n<p class=\"\" data-start=\"1633\" data-end=\"1648\">Motor si\u00eau \u00eam<\/p>\n<\/li>\n<li class=\"\" data-start=\"1649\" data-end=\"1689\">\n<p class=\"\" data-start=\"1651\" data-end=\"1689\">Ch\u1ea5t li\u1ec7u b\u1ecdc kim ph\u00e2n s\u01a1n t\u0129nh \u0111i\u1ec7n<\/p>\n<\/li>\n<\/ul>\n<p class=\"\" data-start=\"1691\" data-end=\"1716\"><strong data-start=\"1691\" data-end=\"1714\">T\u00ednh n\u0103ng s\u1ea3n ph\u1ea9m:<\/strong><\/p>\n<ul data-start=\"1717\" data-end=\"1796\">\n<li class=\"\" data-start=\"1717\" data-end=\"1743\">\n<p class=\"\" data-start=\"1719\" data-end=\"1743\">3 c\u1ea5p \u0111\u1ed9 h\u00fat linh ho\u1ea1t<\/p>\n<\/li>\n<li class=\"\" data-start=\"1744\" data-end=\"1775\">\n<p class=\"\" data-start=\"1746\" data-end=\"1775\">Kh\u1eed tr\u1ef1c ti\u1ebfp ho\u1eb7c x\u1ea3 ngo\u00e0i<\/p>\n<\/li>\n<li class=\"\" data-start=\"1776\" data-end=\"1796\">\n<p class=\"\" data-start=\"1778\" data-end=\"1796\">Decor treo t\u01b0\u1eddng<\/p>\n<\/li>\n<\/ul>\n<p class=\"\" data-start=\"1798\" data-end=\"1823\"><strong data-start=\"1798\" data-end=\"1821\">Th\u00f4ng tin k\u1ef9 thu\u1eadt:<\/strong><\/p>\n<ul data-start=\"1824\" data-end=\"1966\">\n<li class=\"\" data-start=\"1824\" data-end=\"1843\">\n<p class=\"\" data-start=\"1826\" data-end=\"1843\">\u1ed0ng tho\u00e1t: \u00d8150<\/p>\n<\/li>\n<li class=\"\" data-start=\"1844\" data-end=\"1873\">\n<p class=\"\" data-start=\"1846\" data-end=\"1873\">C\u00f4ng su\u1ea5t h\u00fat: 1.550 m\u00b3\/h<\/p>\n<\/li>\n<li class=\"\" data-start=\"1874\" data-end=\"1899\">\n<p class=\"\" data-start=\"1876\" data-end=\"1899\">C\u00f4ng su\u1ea5t motor: 195W<\/p>\n<\/li>\n<li class=\"\" data-start=\"1900\" data-end=\"1916\">\n<p class=\"\" data-start=\"1902\" data-end=\"1916\">\u0110\u1ed9 \u1ed3n: 46dBA<\/p>\n<\/li>\n<li class=\"\" data-start=\"1917\" data-end=\"1939\">\n<p class=\"\" data-start=\"1919\" data-end=\"1939\">\u0110i\u1ec7n \u00e1p: 220V\/50Hz<\/p>\n<\/li>\n<li class=\"\" data-start=\"1940\" data-end=\"1966\">\n<p class=\"\" data-start=\"1942\" data-end=\"1966\">K\u00edch th\u01b0\u1edbc: 700\/900 mm<\/p>\n<\/li>\n<\/ul>\n<p class=\"\" data-start=\"1968\" data-end=\"1993\"><strong data-start=\"1968\" data-end=\"1980\">Xu\u1ea5t x\u1ee9:<\/strong> Ch\u00ednh h\u00e3ng<\/p>\n","protected":false},"excerpt":{"rendered":"<p>Gi\u00e1 b\u00e1n: 7.450.000 \/ 8.450.000 VN\u0110 \u0110\u1eb7c t\u00ednh s\u1ea3n ph\u1ea9m: K\u00ednh cong, m\u00e0u inox b\u1ec1n b\u1ec9 K\u00ednh c\u01b0\u1eddng l\u1ef1c \u0110i\u1ec1u khi\u1ec3n ph\u00edm b\u1ea5m 3 t\u1ed1c \u0111\u1ed9 L\u01b0\u1edbi l\u1ecdc cao c\u1ea5p + than ho\u1ea1t t\u00ednh LED 2*1.5W Motor si\u00eau \u00eam Ch\u1ea5t li\u1ec7u b\u1ecdc kim ph\u00e2n s\u01a1n t\u0129nh \u0111i\u1ec7n T\u00ednh n\u0103ng s\u1ea3n ph\u1ea9m: 3 c\u1ea5p \u0111\u1ed9 h\u00fat&#8230;<\/p>\n","protected":false},"featured_media":561,"comment_status":"open","ping_status":"closed","template":"","meta":[],"product_brand":[],"product_cat":[38],"product_tag":[],"class_list":{"0":"post-564","1":"product","2":"type-product","3":"status-publish","4":"has-post-thumbnail","6":"product_cat-hut-mui","8":"first","9":"instock","10":"shipping-taxable","11":"product-type-external"},"_links":{"self":[{"href":"https:\/\/store3.k-tech-services.com\/nhabep82\/wp-json\/wp\/v2\/product\/564","targetHints":{"allow":["GET"]}}],"collection":[{"href":"https:\/\/store3.k-tech-services.com\/nhabep82\/wp-json\/wp\/v2\/product"}],"about":[{"href":"https:\/\/store3.k-tech-services.com\/nhabep82\/wp-json\/wp\/v2\/types\/product"}],"replies":[{"embeddable":true,"href":"https:\/\/store3.k-tech-services.com\/nhabep82\/wp-json\/wp\/v2\/comments?post=564"}],"wp:featuredmedia":[{"embeddable":true,"href":"https:\/\/store3.k-tech-services.com\/nhabep82\/wp-json\/wp\/v2\/media\/561"}],"wp:attachment":[{"href":"https:\/\/store3.k-tech-services.com\/nhabep82\/wp-json\/wp\/v2\/media?parent=564"}],"wp:term":[{"taxonomy":"product_brand","embeddable":true,"href":"https:\/\/store3.k-tech-services.com\/nhabep82\/wp-json\/wp\/v2\/product_brand?post=564"},{"taxonomy":"product_cat","embeddable":true,"href":"https:\/\/store3.k-tech-services.com\/nhabep82\/wp-json\/wp\/v2\/product_cat?post=564"},{"taxonomy":"product_tag","embeddable":true,"href":"https:\/\/store3.k-tech-services.com\/nhabep82\/wp-json\/wp\/v2\/product_tag?post=564"}],"curies":[{"name":"wp","href":"https:\/\/api.w.org\/{rel}","templated":true}]}}