{"id":558,"date":"2025-04-15T16:18:56","date_gmt":"2025-04-15T16:18:56","guid":{"rendered":"https:\/\/ktech2.k-tech-services.com\/nhabep82\/?post_type=product&#038;p=558"},"modified":"2025-04-15T16:18:57","modified_gmt":"2025-04-15T16:18:57","slug":"k-8970-8990-70cm-90cm","status":"publish","type":"product","link":"https:\/\/store3.k-tech-services.com\/nhabep82\/san-pham\/k-8970-8990-70cm-90cm\/","title":{"rendered":"K-8970\/8990 (70cm\/90cm)"},"content":{"rendered":"<p class=\"\" data-start=\"135\" data-end=\"173\"><strong data-start=\"135\" data-end=\"147\">Gi\u00e1 b\u00e1n:<\/strong> 7.890.000 \/ 8.890.000 VN\u0110<\/p>\n<p class=\"\" data-start=\"175\" data-end=\"199\"><strong data-start=\"175\" data-end=\"197\">\u0110\u1eb7c t\u00ednh s\u1ea3n ph\u1ea9m:<\/strong><\/p>\n<ul data-start=\"200\" data-end=\"463\">\n<li class=\"\" data-start=\"200\" data-end=\"223\">\n<p class=\"\" data-start=\"202\" data-end=\"223\">Ki\u1ec3u d\u00e1ng k\u00ednh cong<\/p>\n<\/li>\n<li class=\"\" data-start=\"224\" data-end=\"257\">\n<p class=\"\" data-start=\"226\" data-end=\"257\">Ch\u1ea5t li\u1ec7u k\u00ednh + inox cao c\u1ea5p<\/p>\n<\/li>\n<li class=\"\" data-start=\"258\" data-end=\"291\">\n<p class=\"\" data-start=\"260\" data-end=\"291\">M\u1eb7t k\u00ednh c\u01b0\u1eddng l\u1ef1c sang tr\u1ecdng<\/p>\n<\/li>\n<li class=\"\" data-start=\"292\" data-end=\"324\">\n<p class=\"\" data-start=\"294\" data-end=\"324\">\u0110i\u1ec1u khi\u1ec3n ph\u00edm b\u1ea5m 3 t\u1ed1c \u0111\u1ed9<\/p>\n<\/li>\n<li class=\"\" data-start=\"325\" data-end=\"354\">\n<p class=\"\" data-start=\"327\" data-end=\"354\">\u0110\u00e8n LED chi\u1ebfu s\u00e1ng 2*1.5W<\/p>\n<\/li>\n<li class=\"\" data-start=\"355\" data-end=\"383\">\n<p class=\"\" data-start=\"357\" data-end=\"383\">L\u01b0\u1edbi l\u1ecdc 5 l\u1edbp ki\u1ec3u inox<\/p>\n<\/li>\n<li class=\"\" data-start=\"384\" data-end=\"410\">\n<p class=\"\" data-start=\"386\" data-end=\"410\">Than ho\u1ea1t t\u00ednh kh\u1eed m\u00f9i<\/p>\n<\/li>\n<li class=\"\" data-start=\"411\" data-end=\"436\">\n<p class=\"\" data-start=\"413\" data-end=\"436\">Motor b\u1ec1n, si\u00eau \u00eam \u00e1i<\/p>\n<\/li>\n<li class=\"\" data-start=\"437\" data-end=\"463\">\n<p class=\"\" data-start=\"439\" data-end=\"463\">Ti\u00eau chu\u1ea9n ch\u00e2u \u00c2u A++<\/p>\n<\/li>\n<\/ul>\n<p class=\"\" data-start=\"465\" data-end=\"490\"><strong data-start=\"465\" data-end=\"488\">T\u00ednh n\u0103ng s\u1ea3n ph\u1ea9m:<\/strong><\/p>\n<ul data-start=\"491\" data-end=\"589\">\n<li class=\"\" data-start=\"491\" data-end=\"517\">\n<p class=\"\" data-start=\"493\" data-end=\"517\">H\u00fat 3 t\u1ed1c \u0111\u1ed9 linh ho\u1ea1t<\/p>\n<\/li>\n<li class=\"\" data-start=\"518\" data-end=\"556\">\n<p class=\"\" data-start=\"520\" data-end=\"556\">C\u00f3 th\u1ec3 kh\u1eed tr\u1ef1c ti\u1ebfp ho\u1eb7c x\u1ea3 ngo\u00e0i<\/p>\n<\/li>\n<li class=\"\" data-start=\"557\" data-end=\"589\">\n<p class=\"\" data-start=\"559\" data-end=\"589\">Thi\u1ebft k\u1ebf Decor l\u1eafp g\u1eafn t\u01b0\u1eddng<\/p>\n<\/li>\n<\/ul>\n<p class=\"\" data-start=\"591\" data-end=\"616\"><strong data-start=\"591\" data-end=\"614\">Th\u00f4ng tin k\u1ef9 thu\u1eadt:<\/strong><\/p>\n<ul data-start=\"617\" data-end=\"759\">\n<li class=\"\" data-start=\"617\" data-end=\"636\">\n<p class=\"\" data-start=\"619\" data-end=\"636\">\u1ed0ng tho\u00e1t: \u00d8150<\/p>\n<\/li>\n<li class=\"\" data-start=\"637\" data-end=\"662\">\n<p class=\"\" data-start=\"639\" data-end=\"662\">C\u00f4ng su\u1ea5t motor: 175W<\/p>\n<\/li>\n<li class=\"\" data-start=\"663\" data-end=\"692\">\n<p class=\"\" data-start=\"665\" data-end=\"692\">C\u00f4ng su\u1ea5t h\u00fat: 1.100 m\u00b3\/h<\/p>\n<\/li>\n<li class=\"\" data-start=\"693\" data-end=\"709\">\n<p class=\"\" data-start=\"695\" data-end=\"709\">\u0110\u1ed9 \u1ed3n: 46dBA<\/p>\n<\/li>\n<li class=\"\" data-start=\"710\" data-end=\"732\">\n<p class=\"\" data-start=\"712\" data-end=\"732\">\u0110i\u1ec7n \u00e1p: 220V\/50Hz<\/p>\n<\/li>\n<li class=\"\" data-start=\"733\" data-end=\"759\">\n<p class=\"\" data-start=\"735\" data-end=\"759\">K\u00edch th\u01b0\u1edbc: 700\/900 mm<\/p>\n<\/li>\n<\/ul>\n<p class=\"\" data-start=\"761\" data-end=\"786\"><strong data-start=\"761\" data-end=\"773\">Xu\u1ea5t x\u1ee9:<\/strong> Ch\u00ednh h\u00e3ng<\/p>\n","protected":false},"excerpt":{"rendered":"<p>Gi\u00e1 b\u00e1n: 7.890.000 \/ 8.890.000 VN\u0110 \u0110\u1eb7c t\u00ednh s\u1ea3n ph\u1ea9m: Ki\u1ec3u d\u00e1ng k\u00ednh cong Ch\u1ea5t li\u1ec7u k\u00ednh + inox cao c\u1ea5p M\u1eb7t k\u00ednh c\u01b0\u1eddng l\u1ef1c sang tr\u1ecdng \u0110i\u1ec1u khi\u1ec3n ph\u00edm b\u1ea5m 3 t\u1ed1c \u0111\u1ed9 \u0110\u00e8n LED chi\u1ebfu s\u00e1ng 2*1.5W L\u01b0\u1edbi l\u1ecdc 5 l\u1edbp ki\u1ec3u inox Than ho\u1ea1t t\u00ednh kh\u1eed m\u00f9i Motor b\u1ec1n, si\u00eau \u00eam \u00e1i&#8230;<\/p>\n","protected":false},"featured_media":559,"comment_status":"open","ping_status":"closed","template":"","meta":[],"product_brand":[],"product_cat":[38],"product_tag":[],"class_list":{"0":"post-558","1":"product","2":"type-product","3":"status-publish","4":"has-post-thumbnail","6":"product_cat-hut-mui","8":"first","9":"instock","10":"shipping-taxable","11":"product-type-external"},"_links":{"self":[{"href":"https:\/\/store3.k-tech-services.com\/nhabep82\/wp-json\/wp\/v2\/product\/558","targetHints":{"allow":["GET"]}}],"collection":[{"href":"https:\/\/store3.k-tech-services.com\/nhabep82\/wp-json\/wp\/v2\/product"}],"about":[{"href":"https:\/\/store3.k-tech-services.com\/nhabep82\/wp-json\/wp\/v2\/types\/product"}],"replies":[{"embeddable":true,"href":"https:\/\/store3.k-tech-services.com\/nhabep82\/wp-json\/wp\/v2\/comments?post=558"}],"wp:featuredmedia":[{"embeddable":true,"href":"https:\/\/store3.k-tech-services.com\/nhabep82\/wp-json\/wp\/v2\/media\/559"}],"wp:attachment":[{"href":"https:\/\/store3.k-tech-services.com\/nhabep82\/wp-json\/wp\/v2\/media?parent=558"}],"wp:term":[{"taxonomy":"product_brand","embeddable":true,"href":"https:\/\/store3.k-tech-services.com\/nhabep82\/wp-json\/wp\/v2\/product_brand?post=558"},{"taxonomy":"product_cat","embeddable":true,"href":"https:\/\/store3.k-tech-services.com\/nhabep82\/wp-json\/wp\/v2\/product_cat?post=558"},{"taxonomy":"product_tag","embeddable":true,"href":"https:\/\/store3.k-tech-services.com\/nhabep82\/wp-json\/wp\/v2\/product_tag?post=558"}],"curies":[{"name":"wp","href":"https:\/\/api.w.org\/{rel}","templated":true}]}}