{"id":556,"date":"2025-04-15T16:16:15","date_gmt":"2025-04-15T16:16:15","guid":{"rendered":"https:\/\/ktech2.k-tech-services.com\/nhabep82\/?post_type=product&#038;p=556"},"modified":"2025-04-15T16:16:15","modified_gmt":"2025-04-15T16:16:15","slug":"k-226i-70cm-90cm","status":"publish","type":"product","link":"https:\/\/store3.k-tech-services.com\/nhabep82\/san-pham\/k-226i-70cm-90cm\/","title":{"rendered":"K-226I (70cm\/90cm)"},"content":{"rendered":"<p class=\"\" data-start=\"1749\" data-end=\"1787\"><strong data-start=\"1749\" data-end=\"1761\">Gi\u00e1 b\u00e1n:<\/strong> 7.600.000 \/ 8.600.000 VN\u0110<\/p>\n<p class=\"\" data-start=\"1789\" data-end=\"1813\"><strong data-start=\"1789\" data-end=\"1811\">\u0110\u1eb7c t\u00ednh s\u1ea3n ph\u1ea9m:<\/strong><\/p>\n<ul data-start=\"1814\" data-end=\"1978\">\n<li class=\"\" data-start=\"1814\" data-end=\"1826\">\n<p class=\"\" data-start=\"1816\" data-end=\"1826\">M\u00e0u inox<\/p>\n<\/li>\n<li class=\"\" data-start=\"1827\" data-end=\"1852\">\n<p class=\"\" data-start=\"1829\" data-end=\"1852\">K\u00ednh cong, sang tr\u1ecdng<\/p>\n<\/li>\n<li class=\"\" data-start=\"1853\" data-end=\"1884\">\n<p class=\"\" data-start=\"1855\" data-end=\"1884\">\u0110i\u1ec1u khi\u1ec3n c\u1ea3m \u1ee9ng 4 t\u1ed1c \u0111\u1ed9<\/p>\n<\/li>\n<li class=\"\" data-start=\"1885\" data-end=\"1901\">\n<p class=\"\" data-start=\"1887\" data-end=\"1901\">M\u00e0n h\u00ecnh LED<\/p>\n<\/li>\n<li class=\"\" data-start=\"1902\" data-end=\"1920\">\n<p class=\"\" data-start=\"1904\" data-end=\"1920\">\u0110\u00e8n LED 2*1.5W<\/p>\n<\/li>\n<li class=\"\" data-start=\"1921\" data-end=\"1941\">\n<p class=\"\" data-start=\"1923\" data-end=\"1941\">L\u01b0\u1edbi l\u1ecdc cao c\u1ea5p<\/p>\n<\/li>\n<li class=\"\" data-start=\"1942\" data-end=\"1960\">\n<p class=\"\" data-start=\"1944\" data-end=\"1960\">Than ho\u1ea1t t\u00ednh<\/p>\n<\/li>\n<li class=\"\" data-start=\"1961\" data-end=\"1978\">\n<p class=\"\" data-start=\"1963\" data-end=\"1978\">Motor si\u00eau \u00eam<\/p>\n<\/li>\n<\/ul>\n<p class=\"\" data-start=\"1980\" data-end=\"2005\"><strong data-start=\"1980\" data-end=\"2003\">T\u00ednh n\u0103ng s\u1ea3n ph\u1ea9m:<\/strong><\/p>\n<ul data-start=\"2006\" data-end=\"2106\">\n<li class=\"\" data-start=\"2006\" data-end=\"2032\">\n<p class=\"\" data-start=\"2008\" data-end=\"2032\">4 c\u1ea5p \u0111\u1ed9 h\u00fat linh ho\u1ea1t<\/p>\n<\/li>\n<li class=\"\" data-start=\"2033\" data-end=\"2071\">\n<p class=\"\" data-start=\"2035\" data-end=\"2071\">C\u00f3 th\u1ec3 kh\u1eed tr\u1ef1c ti\u1ebfp ho\u1eb7c x\u1ea3 ngo\u00e0i<\/p>\n<\/li>\n<li class=\"\" data-start=\"2072\" data-end=\"2094\">\n<p class=\"\" data-start=\"2074\" data-end=\"2094\">L\u1eafp \u0111\u1eb7t d\u1ea1ng Decor<\/p>\n<\/li>\n<li class=\"\" data-start=\"2095\" data-end=\"2106\">\n<p class=\"\" data-start=\"2097\" data-end=\"2106\">H\u1eb9n gi\u1edd<\/p>\n<\/li>\n<\/ul>\n<p class=\"\" data-start=\"2108\" data-end=\"2133\"><strong data-start=\"2108\" data-end=\"2131\">T\u00ednh n\u0103ng \u0111\u1eb7c bi\u1ec7t:<\/strong><\/p>\n<ul data-start=\"2134\" data-end=\"2198\">\n<li class=\"\" data-start=\"2134\" data-end=\"2166\">\n<p class=\"\" data-start=\"2136\" data-end=\"2166\">C\u00f4ng su\u1ea5t booster 1.850 m\u00b3\/h<\/p>\n<\/li>\n<li class=\"\" data-start=\"2167\" data-end=\"2198\">\n<p class=\"\" data-start=\"2169\" data-end=\"2198\">C\u1ea3m bi\u1ebfn v\u1eaby tay th\u00f4ng minh<\/p>\n<\/li>\n<\/ul>\n<p class=\"\" data-start=\"2200\" data-end=\"2225\"><strong data-start=\"2200\" data-end=\"2223\">Th\u00f4ng tin k\u1ef9 thu\u1eadt:<\/strong><\/p>\n<ul data-start=\"2226\" data-end=\"2394\">\n<li class=\"\" data-start=\"2226\" data-end=\"2245\">\n<p class=\"\" data-start=\"2228\" data-end=\"2245\">\u1ed0ng tho\u00e1t: \u00d8150<\/p>\n<\/li>\n<li class=\"\" data-start=\"2246\" data-end=\"2265\">\n<p class=\"\" data-start=\"2248\" data-end=\"2265\">C\u00f4ng su\u1ea5t: 195W<\/p>\n<\/li>\n<li class=\"\" data-start=\"2266\" data-end=\"2317\">\n<p class=\"\" data-start=\"2268\" data-end=\"2317\">C\u00f4ng su\u1ea5t h\u00fat: 1.550 m\u00b3\/h \u2013 Booster: 1.850 m\u00b3\/h<\/p>\n<\/li>\n<li class=\"\" data-start=\"2318\" data-end=\"2348\">\n<p class=\"\" data-start=\"2320\" data-end=\"2348\">\u0110\u1ed9 \u1ed3n: 46dBA (Ultra Swing)<\/p>\n<\/li>\n<li class=\"\" data-start=\"2349\" data-end=\"2371\">\n<p class=\"\" data-start=\"2351\" data-end=\"2371\">\u0110i\u1ec7n \u00e1p: 220V\/50Hz<\/p>\n<\/li>\n<li class=\"\" data-start=\"2372\" data-end=\"2394\">\n<p class=\"\" data-start=\"2374\" data-end=\"2394\">K\u00edch th\u01b0\u1edbc: 700 mm<\/p>\n<\/li>\n<\/ul>\n<p class=\"\" data-start=\"2396\" data-end=\"2421\"><strong data-start=\"2396\" data-end=\"2408\">Xu\u1ea5t x\u1ee9:<\/strong> Ch\u00ednh h\u00e3ng<\/p>\n","protected":false},"excerpt":{"rendered":"<p>Gi\u00e1 b\u00e1n: 7.600.000 \/ 8.600.000 VN\u0110 \u0110\u1eb7c t\u00ednh s\u1ea3n ph\u1ea9m: M\u00e0u inox K\u00ednh cong, sang tr\u1ecdng \u0110i\u1ec1u khi\u1ec3n c\u1ea3m \u1ee9ng 4 t\u1ed1c \u0111\u1ed9 M\u00e0n h\u00ecnh LED \u0110\u00e8n LED 2*1.5W L\u01b0\u1edbi l\u1ecdc cao c\u1ea5p Than ho\u1ea1t t\u00ednh Motor si\u00eau \u00eam T\u00ednh n\u0103ng s\u1ea3n ph\u1ea9m: 4 c\u1ea5p \u0111\u1ed9 h\u00fat linh ho\u1ea1t C\u00f3 th\u1ec3 kh\u1eed tr\u1ef1c ti\u1ebfp ho\u1eb7c&#8230;<\/p>\n","protected":false},"featured_media":553,"comment_status":"open","ping_status":"closed","template":"","meta":[],"product_brand":[],"product_cat":[38],"product_tag":[],"class_list":{"0":"post-556","1":"product","2":"type-product","3":"status-publish","4":"has-post-thumbnail","6":"product_cat-hut-mui","8":"first","9":"instock","10":"shipping-taxable","11":"product-type-external"},"_links":{"self":[{"href":"https:\/\/store3.k-tech-services.com\/nhabep82\/wp-json\/wp\/v2\/product\/556","targetHints":{"allow":["GET"]}}],"collection":[{"href":"https:\/\/store3.k-tech-services.com\/nhabep82\/wp-json\/wp\/v2\/product"}],"about":[{"href":"https:\/\/store3.k-tech-services.com\/nhabep82\/wp-json\/wp\/v2\/types\/product"}],"replies":[{"embeddable":true,"href":"https:\/\/store3.k-tech-services.com\/nhabep82\/wp-json\/wp\/v2\/comments?post=556"}],"wp:featuredmedia":[{"embeddable":true,"href":"https:\/\/store3.k-tech-services.com\/nhabep82\/wp-json\/wp\/v2\/media\/553"}],"wp:attachment":[{"href":"https:\/\/store3.k-tech-services.com\/nhabep82\/wp-json\/wp\/v2\/media?parent=556"}],"wp:term":[{"taxonomy":"product_brand","embeddable":true,"href":"https:\/\/store3.k-tech-services.com\/nhabep82\/wp-json\/wp\/v2\/product_brand?post=556"},{"taxonomy":"product_cat","embeddable":true,"href":"https:\/\/store3.k-tech-services.com\/nhabep82\/wp-json\/wp\/v2\/product_cat?post=556"},{"taxonomy":"product_tag","embeddable":true,"href":"https:\/\/store3.k-tech-services.com\/nhabep82\/wp-json\/wp\/v2\/product_tag?post=556"}],"curies":[{"name":"wp","href":"https:\/\/api.w.org\/{rel}","templated":true}]}}