{"id":555,"date":"2025-04-15T16:15:37","date_gmt":"2025-04-15T16:15:37","guid":{"rendered":"https:\/\/ktech2.k-tech-services.com\/nhabep82\/?post_type=product&#038;p=555"},"modified":"2025-04-15T16:15:37","modified_gmt":"2025-04-15T16:15:37","slug":"k-229v-70cm-90cm","status":"publish","type":"product","link":"https:\/\/store3.k-tech-services.com\/nhabep82\/san-pham\/k-229v-70cm-90cm\/","title":{"rendered":"K-229V (70cm\/90cm)"},"content":{"rendered":"<p class=\"\" data-start=\"983\" data-end=\"1021\"><strong data-start=\"983\" data-end=\"995\">Gi\u00e1 b\u00e1n:<\/strong> 7.800.000 \/ 8.800.000 VN\u0110<\/p>\n<p class=\"\" data-start=\"1023\" data-end=\"1047\"><strong data-start=\"1023\" data-end=\"1045\">\u0110\u1eb7c t\u00ednh s\u1ea3n ph\u1ea9m:<\/strong><\/p>\n<ul data-start=\"1048\" data-end=\"1279\">\n<li class=\"\" data-start=\"1048\" data-end=\"1079\">\n<p class=\"\" data-start=\"1050\" data-end=\"1079\">M\u00e0u \u0111en m\u1ea1nh m\u1ebd, sang tr\u1ecdng<\/p>\n<\/li>\n<li class=\"\" data-start=\"1080\" data-end=\"1101\">\n<p class=\"\" data-start=\"1082\" data-end=\"1101\">H\u00fat m\u00f9i k\u00ednh cong<\/p>\n<\/li>\n<li class=\"\" data-start=\"1102\" data-end=\"1124\">\n<p class=\"\" data-start=\"1104\" data-end=\"1124\">M\u1eb7t k\u00ednh c\u01b0\u1eddng l\u1ef1c<\/p>\n<\/li>\n<li class=\"\" data-start=\"1125\" data-end=\"1156\">\n<p class=\"\" data-start=\"1127\" data-end=\"1156\">\u0110i\u1ec1u khi\u1ec3n c\u1ea3m \u1ee9ng 4 t\u1ed1c \u0111\u1ed9<\/p>\n<\/li>\n<li class=\"\" data-start=\"1157\" data-end=\"1186\">\n<p class=\"\" data-start=\"1159\" data-end=\"1186\">M\u00e0n h\u00ecnh LED &#8211; D\u1ec5 s\u1eed d\u1ee5ng<\/p>\n<\/li>\n<li class=\"\" data-start=\"1187\" data-end=\"1205\">\n<p class=\"\" data-start=\"1189\" data-end=\"1205\">\u0110\u00e8n LED 2*1.5W<\/p>\n<\/li>\n<li class=\"\" data-start=\"1206\" data-end=\"1226\">\n<p class=\"\" data-start=\"1208\" data-end=\"1226\">L\u01b0\u1edbi l\u1ecdc cao c\u1ea5p<\/p>\n<\/li>\n<li class=\"\" data-start=\"1227\" data-end=\"1253\">\n<p class=\"\" data-start=\"1229\" data-end=\"1253\">Than ho\u1ea1t t\u00ednh kh\u1eed m\u00f9i<\/p>\n<\/li>\n<li class=\"\" data-start=\"1254\" data-end=\"1279\">\n<p class=\"\" data-start=\"1256\" data-end=\"1279\">Motor b\u1ec1n, si\u00eau \u00eam \u00e1i<\/p>\n<\/li>\n<\/ul>\n<p class=\"\" data-start=\"1281\" data-end=\"1306\"><strong data-start=\"1281\" data-end=\"1304\">T\u00ednh n\u0103ng s\u1ea3n ph\u1ea9m:<\/strong><\/p>\n<ul data-start=\"1307\" data-end=\"1397\">\n<li class=\"\" data-start=\"1307\" data-end=\"1323\">\n<p class=\"\" data-start=\"1309\" data-end=\"1323\">H\u00fat 4 c\u1ea5p \u0111\u1ed9<\/p>\n<\/li>\n<li class=\"\" data-start=\"1324\" data-end=\"1355\">\n<p class=\"\" data-start=\"1326\" data-end=\"1355\">Kh\u1eed tr\u1ef1c ti\u1ebfp ho\u1eb7c x\u1ea3 ngo\u00e0i<\/p>\n<\/li>\n<li class=\"\" data-start=\"1356\" data-end=\"1385\">\n<p class=\"\" data-start=\"1358\" data-end=\"1385\">Thi\u1ebft k\u1ebf Decor treo t\u01b0\u1eddng<\/p>\n<\/li>\n<li class=\"\" data-start=\"1386\" data-end=\"1397\">\n<p class=\"\" data-start=\"1388\" data-end=\"1397\">H\u1eb9n gi\u1edd<\/p>\n<\/li>\n<\/ul>\n<p class=\"\" data-start=\"1399\" data-end=\"1424\"><strong data-start=\"1399\" data-end=\"1422\">T\u00ednh n\u0103ng \u0111\u1eb7c bi\u1ec7t:<\/strong><\/p>\n<ul data-start=\"1425\" data-end=\"1486\">\n<li class=\"\" data-start=\"1425\" data-end=\"1447\">\n<p class=\"\" data-start=\"1427\" data-end=\"1447\">Booster 1.850 m\u00b3\/h<\/p>\n<\/li>\n<li class=\"\" data-start=\"1448\" data-end=\"1486\">\n<p class=\"\" data-start=\"1450\" data-end=\"1486\">C\u1ea3m bi\u1ebfn sensor v\u1eaby tay th\u00f4ng minh<\/p>\n<\/li>\n<\/ul>\n<p class=\"\" data-start=\"1488\" data-end=\"1513\"><strong data-start=\"1488\" data-end=\"1511\">Th\u00f4ng tin k\u1ef9 thu\u1eadt:<\/strong><\/p>\n<ul data-start=\"1514\" data-end=\"1686\">\n<li class=\"\" data-start=\"1514\" data-end=\"1533\">\n<p class=\"\" data-start=\"1516\" data-end=\"1533\">\u1ed0ng tho\u00e1t: \u00d8150<\/p>\n<\/li>\n<li class=\"\" data-start=\"1534\" data-end=\"1553\">\n<p class=\"\" data-start=\"1536\" data-end=\"1553\">C\u00f4ng su\u1ea5t: 195W<\/p>\n<\/li>\n<li class=\"\" data-start=\"1554\" data-end=\"1605\">\n<p class=\"\" data-start=\"1556\" data-end=\"1605\">C\u00f4ng su\u1ea5t h\u00fat: 1.550 m\u00b3\/h \u2013 Booster: 1.850 m\u00b3\/h<\/p>\n<\/li>\n<li class=\"\" data-start=\"1606\" data-end=\"1636\">\n<p class=\"\" data-start=\"1608\" data-end=\"1636\">\u0110\u1ed9 \u1ed3n: 46dBA (Ultra Swing)<\/p>\n<\/li>\n<li class=\"\" data-start=\"1637\" data-end=\"1659\">\n<p class=\"\" data-start=\"1639\" data-end=\"1659\">\u0110i\u1ec7n \u00e1p: 220V\/50Hz<\/p>\n<\/li>\n<li class=\"\" data-start=\"1660\" data-end=\"1686\">\n<p class=\"\" data-start=\"1662\" data-end=\"1686\">K\u00edch th\u01b0\u1edbc: 700\/900 mm<\/p>\n<\/li>\n<\/ul>\n<p class=\"\" data-start=\"1688\" data-end=\"1713\"><strong data-start=\"1688\" data-end=\"1700\">Xu\u1ea5t x\u1ee9:<\/strong> Ch\u00ednh h\u00e3ng<\/p>\n","protected":false},"excerpt":{"rendered":"<p>Gi\u00e1 b\u00e1n: 7.800.000 \/ 8.800.000 VN\u0110 \u0110\u1eb7c t\u00ednh s\u1ea3n ph\u1ea9m: M\u00e0u \u0111en m\u1ea1nh m\u1ebd, sang tr\u1ecdng H\u00fat m\u00f9i k\u00ednh cong M\u1eb7t k\u00ednh c\u01b0\u1eddng l\u1ef1c \u0110i\u1ec1u khi\u1ec3n c\u1ea3m \u1ee9ng 4 t\u1ed1c \u0111\u1ed9 M\u00e0n h\u00ecnh LED &#8211; D\u1ec5 s\u1eed d\u1ee5ng \u0110\u00e8n LED 2*1.5W L\u01b0\u1edbi l\u1ecdc cao c\u1ea5p Than ho\u1ea1t t\u00ednh kh\u1eed m\u00f9i Motor b\u1ec1n, si\u00eau \u00eam \u00e1i&#8230;<\/p>\n","protected":false},"featured_media":551,"comment_status":"open","ping_status":"closed","template":"","meta":[],"product_brand":[],"product_cat":[38],"product_tag":[],"class_list":{"0":"post-555","1":"product","2":"type-product","3":"status-publish","4":"has-post-thumbnail","6":"product_cat-hut-mui","8":"first","9":"instock","10":"shipping-taxable","11":"product-type-external"},"_links":{"self":[{"href":"https:\/\/store3.k-tech-services.com\/nhabep82\/wp-json\/wp\/v2\/product\/555","targetHints":{"allow":["GET"]}}],"collection":[{"href":"https:\/\/store3.k-tech-services.com\/nhabep82\/wp-json\/wp\/v2\/product"}],"about":[{"href":"https:\/\/store3.k-tech-services.com\/nhabep82\/wp-json\/wp\/v2\/types\/product"}],"replies":[{"embeddable":true,"href":"https:\/\/store3.k-tech-services.com\/nhabep82\/wp-json\/wp\/v2\/comments?post=555"}],"wp:featuredmedia":[{"embeddable":true,"href":"https:\/\/store3.k-tech-services.com\/nhabep82\/wp-json\/wp\/v2\/media\/551"}],"wp:attachment":[{"href":"https:\/\/store3.k-tech-services.com\/nhabep82\/wp-json\/wp\/v2\/media?parent=555"}],"wp:term":[{"taxonomy":"product_brand","embeddable":true,"href":"https:\/\/store3.k-tech-services.com\/nhabep82\/wp-json\/wp\/v2\/product_brand?post=555"},{"taxonomy":"product_cat","embeddable":true,"href":"https:\/\/store3.k-tech-services.com\/nhabep82\/wp-json\/wp\/v2\/product_cat?post=555"},{"taxonomy":"product_tag","embeddable":true,"href":"https:\/\/store3.k-tech-services.com\/nhabep82\/wp-json\/wp\/v2\/product_tag?post=555"}],"curies":[{"name":"wp","href":"https:\/\/api.w.org\/{rel}","templated":true}]}}