{"id":541,"date":"2025-04-15T16:09:09","date_gmt":"2025-04-15T16:09:09","guid":{"rendered":"https:\/\/ktech2.k-tech-services.com\/nhabep82\/?post_type=product&#038;p=541"},"modified":"2025-04-15T16:09:09","modified_gmt":"2025-04-15T16:09:09","slug":"k-228pro-70cm","status":"publish","type":"product","link":"https:\/\/store3.k-tech-services.com\/nhabep82\/san-pham\/k-228pro-70cm\/","title":{"rendered":"K-228PRO (70cm)"},"content":{"rendered":"<p class=\"\" data-start=\"116\" data-end=\"140\"><strong data-start=\"116\" data-end=\"138\">\u0110\u1eb7c t\u00ednh s\u1ea3n ph\u1ea9m:<\/strong><\/p>\n<ul data-start=\"141\" data-end=\"497\">\n<li class=\"\" data-start=\"141\" data-end=\"172\">\n<p class=\"\" data-start=\"143\" data-end=\"172\">H\u00fat m\u00f9i ki\u1ec3u d\u00e1ng k\u00ednh cong<\/p>\n<\/li>\n<li class=\"\" data-start=\"173\" data-end=\"216\">\n<p class=\"\" data-start=\"175\" data-end=\"216\">M\u00e0u inox hi\u1ec7n \u0111\u1ea1i, b\u1ec1n b\u1ec9 v\u1edbi th\u1eddi gian<\/p>\n<\/li>\n<li class=\"\" data-start=\"217\" data-end=\"249\">\n<p class=\"\" data-start=\"219\" data-end=\"249\">Ch\u1ea5t li\u1ec7u k\u00ednh, inox cao c\u1ea5p<\/p>\n<\/li>\n<li class=\"\" data-start=\"250\" data-end=\"283\">\n<p class=\"\" data-start=\"252\" data-end=\"283\">M\u1eb7t k\u00ednh c\u01b0\u1eddng l\u1ef1c sang tr\u1ecdng<\/p>\n<\/li>\n<li class=\"\" data-start=\"284\" data-end=\"315\">\n<p class=\"\" data-start=\"286\" data-end=\"315\">\u0110i\u1ec1u khi\u1ec3n c\u1ea3m \u1ee9ng 4 t\u1ed1c \u0111\u1ed9<\/p>\n<\/li>\n<li class=\"\" data-start=\"316\" data-end=\"350\">\n<p class=\"\" data-start=\"318\" data-end=\"350\">M\u00e0n h\u00ecnh LED &#8211; D\u1ec5 d\u00e0ng s\u1eed d\u1ee5ng<\/p>\n<\/li>\n<li class=\"\" data-start=\"351\" data-end=\"380\">\n<p class=\"\" data-start=\"353\" data-end=\"380\">\u0110\u00e8n chi\u1ebfu s\u00e1ng LED 2*1.5W<\/p>\n<\/li>\n<li class=\"\" data-start=\"381\" data-end=\"406\">\n<p class=\"\" data-start=\"383\" data-end=\"406\">L\u01b0\u1edbi l\u1ecdc Inox cao c\u1ea5p<\/p>\n<\/li>\n<li class=\"\" data-start=\"407\" data-end=\"433\">\n<p class=\"\" data-start=\"409\" data-end=\"433\">Than ho\u1ea1t t\u00ednh kh\u1eed m\u00f9i<\/p>\n<\/li>\n<li class=\"\" data-start=\"434\" data-end=\"470\">\n<p class=\"\" data-start=\"436\" data-end=\"470\">Motor b\u1ec1n b\u1ec9 v\u1eadn h\u00e0nh si\u00eau \u00eam \u00e1i<\/p>\n<\/li>\n<li class=\"\" data-start=\"471\" data-end=\"497\">\n<p class=\"\" data-start=\"473\" data-end=\"497\">Ti\u00eau chu\u1ea9n Ch\u00e2u \u00c2u A++<\/p>\n<\/li>\n<\/ul>\n<p class=\"\" data-start=\"499\" data-end=\"524\"><strong data-start=\"499\" data-end=\"522\">T\u00ednh n\u0103ng s\u1ea3n ph\u1ea9m:<\/strong><\/p>\n<ul data-start=\"525\" data-end=\"645\">\n<li class=\"\" data-start=\"525\" data-end=\"551\">\n<p class=\"\" data-start=\"527\" data-end=\"551\">H\u00fat 4 c\u1ea5p \u0111\u1ed9 linh ho\u1ea1t<\/p>\n<\/li>\n<li class=\"\" data-start=\"552\" data-end=\"590\">\n<p class=\"\" data-start=\"554\" data-end=\"590\">C\u00f3 th\u1ec3 kh\u1eed tr\u1ef1c ti\u1ebfp ho\u1eb7c x\u1ea3 ngo\u00e0i<\/p>\n<\/li>\n<li class=\"\" data-start=\"591\" data-end=\"612\">\n<p class=\"\" data-start=\"593\" data-end=\"612\">H\u1eb9n gi\u1edd linh ho\u1ea1t<\/p>\n<\/li>\n<li class=\"\" data-start=\"613\" data-end=\"645\">\n<p class=\"\" data-start=\"615\" data-end=\"645\">Thi\u1ebft k\u1ebf Decor l\u1eafp g\u1eafn t\u01b0\u1eddng<\/p>\n<\/li>\n<\/ul>\n<p class=\"\" data-start=\"647\" data-end=\"672\"><strong data-start=\"647\" data-end=\"670\">Th\u00f4ng tin k\u1ef9 thu\u1eadt:<\/strong><\/p>\n<ul data-start=\"673\" data-end=\"845\">\n<li class=\"\" data-start=\"673\" data-end=\"692\">\n<p class=\"\" data-start=\"675\" data-end=\"692\">\u1ed0ng tho\u00e1t: \u00d8150<\/p>\n<\/li>\n<li class=\"\" data-start=\"693\" data-end=\"718\">\n<p class=\"\" data-start=\"695\" data-end=\"718\">C\u00f4ng su\u1ea5t motor: 195W<\/p>\n<\/li>\n<li class=\"\" data-start=\"719\" data-end=\"746\">\n<p class=\"\" data-start=\"721\" data-end=\"746\">C\u00f4ng su\u1ea5t h\u00fat: 1400m\u00b3\/h<\/p>\n<\/li>\n<li class=\"\" data-start=\"747\" data-end=\"795\">\n<p class=\"\" data-start=\"749\" data-end=\"795\">\u0110\u1ed9 \u1ed3n: 46dBA (C\u00f4ng ngh\u1ec7 Ultra Swing si\u00eau \u00eam)<\/p>\n<\/li>\n<li class=\"\" data-start=\"796\" data-end=\"818\">\n<p class=\"\" data-start=\"798\" data-end=\"818\">\u0110i\u1ec7n \u00e1p: 220V\/50Hz<\/p>\n<\/li>\n<li class=\"\" data-start=\"819\" data-end=\"845\">\n<p class=\"\" data-start=\"821\" data-end=\"845\">K\u00edch th\u01b0\u1edbc: 700\/900 mm<\/p>\n<\/li>\n<\/ul>\n<p class=\"\" data-start=\"847\" data-end=\"870\"><strong data-start=\"847\" data-end=\"859\">Xu\u1ea5t x\u1ee9:<\/strong> Malaysia<\/p>\n","protected":false},"excerpt":{"rendered":"<p>\u0110\u1eb7c t\u00ednh s\u1ea3n ph\u1ea9m: H\u00fat m\u00f9i ki\u1ec3u d\u00e1ng k\u00ednh cong M\u00e0u inox hi\u1ec7n \u0111\u1ea1i, b\u1ec1n b\u1ec9 v\u1edbi th\u1eddi gian Ch\u1ea5t li\u1ec7u k\u00ednh, inox cao c\u1ea5p M\u1eb7t k\u00ednh c\u01b0\u1eddng l\u1ef1c sang tr\u1ecdng \u0110i\u1ec1u khi\u1ec3n c\u1ea3m \u1ee9ng 4 t\u1ed1c \u0111\u1ed9 M\u00e0n h\u00ecnh LED &#8211; D\u1ec5 d\u00e0ng s\u1eed d\u1ee5ng \u0110\u00e8n chi\u1ebfu s\u00e1ng LED 2*1.5W L\u01b0\u1edbi l\u1ecdc Inox cao&#8230;<\/p>\n","protected":false},"featured_media":542,"comment_status":"open","ping_status":"closed","template":"","meta":[],"product_brand":[],"product_cat":[38],"product_tag":[],"class_list":{"0":"post-541","1":"product","2":"type-product","3":"status-publish","4":"has-post-thumbnail","6":"product_cat-hut-mui","8":"first","9":"instock","10":"shipping-taxable","11":"purchasable","12":"product-type-simple"},"_links":{"self":[{"href":"https:\/\/store3.k-tech-services.com\/nhabep82\/wp-json\/wp\/v2\/product\/541","targetHints":{"allow":["GET"]}}],"collection":[{"href":"https:\/\/store3.k-tech-services.com\/nhabep82\/wp-json\/wp\/v2\/product"}],"about":[{"href":"https:\/\/store3.k-tech-services.com\/nhabep82\/wp-json\/wp\/v2\/types\/product"}],"replies":[{"embeddable":true,"href":"https:\/\/store3.k-tech-services.com\/nhabep82\/wp-json\/wp\/v2\/comments?post=541"}],"wp:featuredmedia":[{"embeddable":true,"href":"https:\/\/store3.k-tech-services.com\/nhabep82\/wp-json\/wp\/v2\/media\/542"}],"wp:attachment":[{"href":"https:\/\/store3.k-tech-services.com\/nhabep82\/wp-json\/wp\/v2\/media?parent=541"}],"wp:term":[{"taxonomy":"product_brand","embeddable":true,"href":"https:\/\/store3.k-tech-services.com\/nhabep82\/wp-json\/wp\/v2\/product_brand?post=541"},{"taxonomy":"product_cat","embeddable":true,"href":"https:\/\/store3.k-tech-services.com\/nhabep82\/wp-json\/wp\/v2\/product_cat?post=541"},{"taxonomy":"product_tag","embeddable":true,"href":"https:\/\/store3.k-tech-services.com\/nhabep82\/wp-json\/wp\/v2\/product_tag?post=541"}],"curies":[{"name":"wp","href":"https:\/\/api.w.org\/{rel}","templated":true}]}}