{"id":539,"date":"2025-04-15T16:04:35","date_gmt":"2025-04-15T16:04:35","guid":{"rendered":"https:\/\/ktech2.k-tech-services.com\/nhabep82\/?post_type=product&#038;p=539"},"modified":"2025-04-15T16:04:35","modified_gmt":"2025-04-15T16:04:35","slug":"k-228t-70cm-90cm","status":"publish","type":"product","link":"https:\/\/store3.k-tech-services.com\/nhabep82\/san-pham\/k-228t-70cm-90cm\/","title":{"rendered":"K-228T (70cm\/90cm)"},"content":{"rendered":"<p class=\"\" data-start=\"946\" data-end=\"984\"><strong data-start=\"946\" data-end=\"958\">Gi\u00e1 b\u00e1n:<\/strong> 8.990.000 \/ 9.990.000 VN\u0110<\/p>\n<p class=\"\" data-start=\"986\" data-end=\"1008\"><strong data-start=\"986\" data-end=\"1008\">\u0110\u1eb7c t\u00ednh s\u1ea3n ph\u1ea9m:<\/strong><\/p>\n<ul data-start=\"1009\" data-end=\"1287\">\n<li class=\"\" data-start=\"1009\" data-end=\"1040\">\n<p class=\"\" data-start=\"1011\" data-end=\"1040\">H\u00fat m\u00f9i ki\u1ec3u d\u00e1ng k\u00ednh cong<\/p>\n<\/li>\n<li class=\"\" data-start=\"1041\" data-end=\"1073\">\n<p class=\"\" data-start=\"1043\" data-end=\"1073\">Ch\u1ea5t li\u1ec7u k\u00ednh, inox cao c\u1ea5p<\/p>\n<\/li>\n<li class=\"\" data-start=\"1074\" data-end=\"1107\">\n<p class=\"\" data-start=\"1076\" data-end=\"1107\">M\u1eb7t k\u00ednh c\u01b0\u1eddng l\u1ef1c sang tr\u1ecdng<\/p>\n<\/li>\n<li class=\"\" data-start=\"1108\" data-end=\"1141\">\n<p class=\"\" data-start=\"1110\" data-end=\"1141\">\u0110i\u1ec1u khi\u1ec3n c\u1ea3m \u1ee9ng 3-6 t\u1ed1c \u0111\u1ed9<\/p>\n<\/li>\n<li class=\"\" data-start=\"1142\" data-end=\"1171\">\n<p class=\"\" data-start=\"1144\" data-end=\"1171\">\u0110\u00e8n chi\u1ebfu s\u00e1ng LED 2*1.5W<\/p>\n<\/li>\n<li class=\"\" data-start=\"1172\" data-end=\"1196\">\n<p class=\"\" data-start=\"1174\" data-end=\"1196\">L\u01b0\u1edbi l\u1ecdc 15 l\u1edbp Inox<\/p>\n<\/li>\n<li class=\"\" data-start=\"1197\" data-end=\"1223\">\n<p class=\"\" data-start=\"1199\" data-end=\"1223\">Than ho\u1ea1t t\u00ednh kh\u1eed m\u00f9i<\/p>\n<\/li>\n<li class=\"\" data-start=\"1224\" data-end=\"1260\">\n<p class=\"\" data-start=\"1226\" data-end=\"1260\">Motor b\u1ec1n b\u1ec9 v\u1eadn h\u00e0nh si\u00eau \u00eam \u00e1i<\/p>\n<\/li>\n<li class=\"\" data-start=\"1261\" data-end=\"1287\">\n<p class=\"\" data-start=\"1263\" data-end=\"1287\">Ti\u00eau chu\u1ea9n Ch\u00e2u \u00c2u A++<\/p>\n<\/li>\n<\/ul>\n<p class=\"\" data-start=\"1289\" data-end=\"1312\"><strong data-start=\"1289\" data-end=\"1312\">T\u00ednh n\u0103ng s\u1ea3n ph\u1ea9m:<\/strong><\/p>\n<ul data-start=\"1313\" data-end=\"1416\">\n<li class=\"\" data-start=\"1313\" data-end=\"1344\">\n<p class=\"\" data-start=\"1315\" data-end=\"1344\">H\u00fat 3 c\u1ea5p \u0111\u1ed9 si\u00eau linh ho\u1ea1t<\/p>\n<\/li>\n<li class=\"\" data-start=\"1345\" data-end=\"1383\">\n<p class=\"\" data-start=\"1347\" data-end=\"1383\">C\u00f3 th\u1ec3 kh\u1eed tr\u1ef1c ti\u1ebfp ho\u1eb7c x\u1ea3 ngo\u00e0i<\/p>\n<\/li>\n<li class=\"\" data-start=\"1384\" data-end=\"1416\">\n<p class=\"\" data-start=\"1386\" data-end=\"1416\">Thi\u1ebft k\u1ebf Decor l\u1eafp g\u1eafn t\u01b0\u1eddng<\/p>\n<\/li>\n<\/ul>\n<p class=\"\" data-start=\"1418\" data-end=\"1441\"><strong data-start=\"1418\" data-end=\"1441\">Th\u00f4ng tin k\u1ef9 thu\u1eadt:<\/strong><\/p>\n<ul data-start=\"1442\" data-end=\"1615\">\n<li class=\"\" data-start=\"1442\" data-end=\"1461\">\n<p class=\"\" data-start=\"1444\" data-end=\"1461\">\u1ed0ng tho\u00e1t: \u00d8150<\/p>\n<\/li>\n<li class=\"\" data-start=\"1462\" data-end=\"1487\">\n<p class=\"\" data-start=\"1464\" data-end=\"1487\">C\u00f4ng su\u1ea5t motor: 195W<\/p>\n<\/li>\n<li class=\"\" data-start=\"1488\" data-end=\"1516\">\n<p class=\"\" data-start=\"1490\" data-end=\"1516\">C\u00f4ng su\u1ea5t h\u00fat: 1.620m\u00b3\/h<\/p>\n<\/li>\n<li class=\"\" data-start=\"1517\" data-end=\"1565\">\n<p class=\"\" data-start=\"1519\" data-end=\"1565\">\u0110\u1ed9 \u1ed3n: 46dBA (C\u00f4ng ngh\u1ec7 Ultra Swing si\u00eau \u00eam)<\/p>\n<\/li>\n<li class=\"\" data-start=\"1566\" data-end=\"1588\">\n<p class=\"\" data-start=\"1568\" data-end=\"1588\">\u0110i\u1ec7n \u00e1p: 220V\/50Hz<\/p>\n<\/li>\n<li class=\"\" data-start=\"1589\" data-end=\"1615\">\n<p class=\"\" data-start=\"1591\" data-end=\"1615\">K\u00edch th\u01b0\u1edbc: 700\/900 mm<\/p>\n<\/li>\n<\/ul>\n<p class=\"\" data-start=\"1617\" data-end=\"1640\"><strong data-start=\"1617\" data-end=\"1629\">Xu\u1ea5t x\u1ee9:<\/strong> Malaysia<\/p>\n","protected":false},"excerpt":{"rendered":"<p>Gi\u00e1 b\u00e1n: 8.990.000 \/ 9.990.000 VN\u0110 \u0110\u1eb7c t\u00ednh s\u1ea3n ph\u1ea9m: H\u00fat m\u00f9i ki\u1ec3u d\u00e1ng k\u00ednh cong Ch\u1ea5t li\u1ec7u k\u00ednh, inox cao c\u1ea5p M\u1eb7t k\u00ednh c\u01b0\u1eddng l\u1ef1c sang tr\u1ecdng \u0110i\u1ec1u khi\u1ec3n c\u1ea3m \u1ee9ng 3-6 t\u1ed1c \u0111\u1ed9 \u0110\u00e8n chi\u1ebfu s\u00e1ng LED 2*1.5W L\u01b0\u1edbi l\u1ecdc 15 l\u1edbp Inox Than ho\u1ea1t t\u00ednh kh\u1eed m\u00f9i Motor b\u1ec1n b\u1ec9 v\u1eadn h\u00e0nh&#8230;<\/p>\n","protected":false},"featured_media":536,"comment_status":"open","ping_status":"closed","template":"","meta":[],"product_brand":[],"product_cat":[38],"product_tag":[],"class_list":{"0":"post-539","1":"product","2":"type-product","3":"status-publish","4":"has-post-thumbnail","6":"product_cat-hut-mui","8":"first","9":"instock","10":"shipping-taxable","11":"product-type-external"},"_links":{"self":[{"href":"https:\/\/store3.k-tech-services.com\/nhabep82\/wp-json\/wp\/v2\/product\/539","targetHints":{"allow":["GET"]}}],"collection":[{"href":"https:\/\/store3.k-tech-services.com\/nhabep82\/wp-json\/wp\/v2\/product"}],"about":[{"href":"https:\/\/store3.k-tech-services.com\/nhabep82\/wp-json\/wp\/v2\/types\/product"}],"replies":[{"embeddable":true,"href":"https:\/\/store3.k-tech-services.com\/nhabep82\/wp-json\/wp\/v2\/comments?post=539"}],"wp:featuredmedia":[{"embeddable":true,"href":"https:\/\/store3.k-tech-services.com\/nhabep82\/wp-json\/wp\/v2\/media\/536"}],"wp:attachment":[{"href":"https:\/\/store3.k-tech-services.com\/nhabep82\/wp-json\/wp\/v2\/media?parent=539"}],"wp:term":[{"taxonomy":"product_brand","embeddable":true,"href":"https:\/\/store3.k-tech-services.com\/nhabep82\/wp-json\/wp\/v2\/product_brand?post=539"},{"taxonomy":"product_cat","embeddable":true,"href":"https:\/\/store3.k-tech-services.com\/nhabep82\/wp-json\/wp\/v2\/product_cat?post=539"},{"taxonomy":"product_tag","embeddable":true,"href":"https:\/\/store3.k-tech-services.com\/nhabep82\/wp-json\/wp\/v2\/product_tag?post=539"}],"curies":[{"name":"wp","href":"https:\/\/api.w.org\/{rel}","templated":true}]}}