{"id":534,"date":"2025-04-15T16:00:36","date_gmt":"2025-04-15T16:00:36","guid":{"rendered":"https:\/\/ktech2.k-tech-services.com\/nhabep82\/?post_type=product&#038;p=534"},"modified":"2025-04-15T16:00:55","modified_gmt":"2025-04-15T16:00:55","slug":"turbo-x-350t","status":"publish","type":"product","link":"https:\/\/store3.k-tech-services.com\/nhabep82\/san-pham\/turbo-x-350t\/","title":{"rendered":"TURBO X-350T"},"content":{"rendered":"<p class=\"\" data-start=\"1021\" data-end=\"1047\"><strong data-start=\"1021\" data-end=\"1033\">Gi\u00e1 b\u00e1n:<\/strong> 8.150.000 VN\u0110<\/p>\n<p class=\"\" data-start=\"1049\" data-end=\"1071\"><strong data-start=\"1049\" data-end=\"1071\">\u0110\u1eb7c t\u00ednh s\u1ea3n ph\u1ea9m:<\/strong><\/p>\n<ul data-start=\"1072\" data-end=\"1350\">\n<li class=\"\" data-start=\"1072\" data-end=\"1120\">\n<p class=\"\" data-start=\"1074\" data-end=\"1120\">Ch\u1ea5t li\u1ec7u h\u1ee3p kim cao c\u1ea5p, ph\u1ee7 s\u01a1n t\u0129nh \u0111i\u1ec7n<\/p>\n<\/li>\n<li class=\"\" data-start=\"1121\" data-end=\"1152\">\n<p class=\"\" data-start=\"1123\" data-end=\"1152\">\u0110i\u1ec1u khi\u1ec3n c\u1ea3m \u1ee9ng 4 t\u1ed1c \u0111\u1ed9<\/p>\n<\/li>\n<li class=\"\" data-start=\"1153\" data-end=\"1186\">\n<p class=\"\" data-start=\"1155\" data-end=\"1186\">M\u1eb7t k\u00ednh c\u01b0\u1eddng l\u1ef1c s\u00e1ng trong<\/p>\n<\/li>\n<li class=\"\" data-start=\"1187\" data-end=\"1218\">\n<p class=\"\" data-start=\"1189\" data-end=\"1218\">M\u00e0n h\u00ecnh LED \u2013 LED d\u1ea1ng \u1ed1ng<\/p>\n<\/li>\n<li class=\"\" data-start=\"1219\" data-end=\"1250\">\n<p class=\"\" data-start=\"1221\" data-end=\"1250\">\u0110\u00e8n chi\u1ebfu s\u00e1ng LED 2*1.5W\/2<\/p>\n<\/li>\n<li class=\"\" data-start=\"1251\" data-end=\"1286\">\n<p class=\"\" data-start=\"1253\" data-end=\"1286\">Trang b\u1ecb 3 t\u1ea5m l\u01b0\u1edbi l\u1ecdc cao c\u1ea5p<\/p>\n<\/li>\n<li class=\"\" data-start=\"1287\" data-end=\"1313\">\n<p class=\"\" data-start=\"1289\" data-end=\"1313\">Than ho\u1ea1t t\u00ednh kh\u1eed m\u00f9i<\/p>\n<\/li>\n<li class=\"\" data-start=\"1314\" data-end=\"1350\">\n<p class=\"\" data-start=\"1316\" data-end=\"1350\">Motor b\u1ec1n b\u1ec9 v\u1eadn h\u00e0nh si\u00eau \u00eam \u00e1i<\/p>\n<\/li>\n<\/ul>\n<p class=\"\" data-start=\"1352\" data-end=\"1375\"><strong data-start=\"1352\" data-end=\"1375\">T\u00ednh n\u0103ng s\u1ea3n ph\u1ea9m:<\/strong><\/p>\n<ul data-start=\"1376\" data-end=\"1481\">\n<li class=\"\" data-start=\"1376\" data-end=\"1414\">\n<p class=\"\" data-start=\"1378\" data-end=\"1414\">C\u00f3 th\u1ec3 kh\u1eed tr\u1ef1c ti\u1ebfp ho\u1eb7c x\u1ea3 ngo\u00e0i<\/p>\n<\/li>\n<li class=\"\" data-start=\"1415\" data-end=\"1443\">\n<p class=\"\" data-start=\"1417\" data-end=\"1443\">Thi\u1ebft k\u1ebf Decor l\u1eafp \u00e2m t\u1ee7<\/p>\n<\/li>\n<li class=\"\" data-start=\"1444\" data-end=\"1481\">\n<p class=\"\" data-start=\"1446\" data-end=\"1481\">H\u1eb9n gi\u1edd linh ho\u1ea1t l\u00ean t\u1edbi 60 ph\u00fat<\/p>\n<\/li>\n<\/ul>\n<p class=\"\" data-start=\"1483\" data-end=\"1506\"><strong data-start=\"1483\" data-end=\"1506\">T\u00ednh n\u0103ng \u0111\u1eb7c bi\u1ec7t:<\/strong><\/p>\n<ul data-start=\"1507\" data-end=\"1602\">\n<li class=\"\" data-start=\"1507\" data-end=\"1563\">\n<p class=\"\" data-start=\"1509\" data-end=\"1563\">Khoang h\u00fat gi\u00f3 3X, t\u0103ng kh\u1ea3 n\u0103ng gom kh\u00f3i v\u00e0 kh\u1eed m\u00f9i<\/p>\n<\/li>\n<li class=\"\" data-start=\"1564\" data-end=\"1602\">\n<p class=\"\" data-start=\"1566\" data-end=\"1602\">C\u1ea3m bi\u1ebfn sensor v\u1eaby tay th\u00f4ng minh<\/p>\n<\/li>\n<\/ul>\n<p class=\"\" data-start=\"1604\" data-end=\"1627\"><strong data-start=\"1604\" data-end=\"1627\">Th\u00f4ng tin k\u1ef9 thu\u1eadt:<\/strong><\/p>\n<ul data-start=\"1628\" data-end=\"1816\">\n<li class=\"\" data-start=\"1628\" data-end=\"1647\">\n<p class=\"\" data-start=\"1630\" data-end=\"1647\">\u1ed0ng tho\u00e1t: \u00d8150<\/p>\n<\/li>\n<li class=\"\" data-start=\"1648\" data-end=\"1673\">\n<p class=\"\" data-start=\"1650\" data-end=\"1673\">C\u00f4ng su\u1ea5t motor: 195W<\/p>\n<\/li>\n<li class=\"\" data-start=\"1674\" data-end=\"1721\">\n<p class=\"\" data-start=\"1676\" data-end=\"1721\">C\u00f4ng su\u1ea5t h\u00fat: 1400m\u00b3\/h (Booster: 1850m\u00b3\/h)<\/p>\n<\/li>\n<li class=\"\" data-start=\"1722\" data-end=\"1770\">\n<p class=\"\" data-start=\"1724\" data-end=\"1770\">\u0110\u1ed9 \u1ed3n: 46dBA (C\u00f4ng ngh\u1ec7 Ultra Swing si\u00eau \u00eam)<\/p>\n<\/li>\n<li class=\"\" data-start=\"1771\" data-end=\"1793\">\n<p class=\"\" data-start=\"1773\" data-end=\"1793\">\u0110i\u1ec7n \u00e1p: 220V\/50Hz<\/p>\n<\/li>\n<li class=\"\" data-start=\"1794\" data-end=\"1816\">\n<p class=\"\" data-start=\"1796\" data-end=\"1816\">K\u00edch th\u01b0\u1edbc: 700 mm<\/p>\n<\/li>\n<\/ul>\n<p class=\"\" data-start=\"1818\" data-end=\"1843\"><strong data-start=\"1818\" data-end=\"1830\">Xu\u1ea5t x\u1ee9:<\/strong> Ch\u00ednh h\u00e3ng<\/p>\n","protected":false},"excerpt":{"rendered":"<p>Gi\u00e1 b\u00e1n: 8.150.000 VN\u0110 \u0110\u1eb7c t\u00ednh s\u1ea3n ph\u1ea9m: Ch\u1ea5t li\u1ec7u h\u1ee3p kim cao c\u1ea5p, ph\u1ee7 s\u01a1n t\u0129nh \u0111i\u1ec7n \u0110i\u1ec1u khi\u1ec3n c\u1ea3m \u1ee9ng 4 t\u1ed1c \u0111\u1ed9 M\u1eb7t k\u00ednh c\u01b0\u1eddng l\u1ef1c s\u00e1ng trong M\u00e0n h\u00ecnh LED \u2013 LED d\u1ea1ng \u1ed1ng \u0110\u00e8n chi\u1ebfu s\u00e1ng LED 2*1.5W\/2 Trang b\u1ecb 3 t\u1ea5m l\u01b0\u1edbi l\u1ecdc cao c\u1ea5p Than ho\u1ea1t t\u00ednh kh\u1eed&#8230;<\/p>\n","protected":false},"featured_media":532,"comment_status":"open","ping_status":"closed","template":"","meta":[],"product_brand":[],"product_cat":[38],"product_tag":[],"class_list":{"0":"post-534","1":"product","2":"type-product","3":"status-publish","4":"has-post-thumbnail","6":"product_cat-hut-mui","8":"first","9":"instock","10":"shipping-taxable","11":"purchasable","12":"product-type-simple"},"_links":{"self":[{"href":"https:\/\/store3.k-tech-services.com\/nhabep82\/wp-json\/wp\/v2\/product\/534","targetHints":{"allow":["GET"]}}],"collection":[{"href":"https:\/\/store3.k-tech-services.com\/nhabep82\/wp-json\/wp\/v2\/product"}],"about":[{"href":"https:\/\/store3.k-tech-services.com\/nhabep82\/wp-json\/wp\/v2\/types\/product"}],"replies":[{"embeddable":true,"href":"https:\/\/store3.k-tech-services.com\/nhabep82\/wp-json\/wp\/v2\/comments?post=534"}],"wp:featuredmedia":[{"embeddable":true,"href":"https:\/\/store3.k-tech-services.com\/nhabep82\/wp-json\/wp\/v2\/media\/532"}],"wp:attachment":[{"href":"https:\/\/store3.k-tech-services.com\/nhabep82\/wp-json\/wp\/v2\/media?parent=534"}],"wp:term":[{"taxonomy":"product_brand","embeddable":true,"href":"https:\/\/store3.k-tech-services.com\/nhabep82\/wp-json\/wp\/v2\/product_brand?post=534"},{"taxonomy":"product_cat","embeddable":true,"href":"https:\/\/store3.k-tech-services.com\/nhabep82\/wp-json\/wp\/v2\/product_cat?post=534"},{"taxonomy":"product_tag","embeddable":true,"href":"https:\/\/store3.k-tech-services.com\/nhabep82\/wp-json\/wp\/v2\/product_tag?post=534"}],"curies":[{"name":"wp","href":"https:\/\/api.w.org\/{rel}","templated":true}]}}