{"id":530,"date":"2025-04-15T15:58:28","date_gmt":"2025-04-15T15:58:28","guid":{"rendered":"https:\/\/ktech2.k-tech-services.com\/nhabep82\/?post_type=product&#038;p=530"},"modified":"2025-04-15T15:58:28","modified_gmt":"2025-04-15T15:58:28","slug":"k-225c-pro-70cm-90cm","status":"publish","type":"product","link":"https:\/\/store3.k-tech-services.com\/nhabep82\/san-pham\/k-225c-pro-70cm-90cm\/","title":{"rendered":"K-225C PRO (70cm\/90cm)"},"content":{"rendered":"<p class=\"\" data-start=\"925\" data-end=\"967\"><strong data-start=\"925\" data-end=\"937\">Gi\u00e1 b\u00e1n:<\/strong> 11.890.000 \/ 12.890.000 VN\u0110<\/p>\n<p class=\"\" data-start=\"969\" data-end=\"991\"><strong data-start=\"969\" data-end=\"991\">\u0110\u1eb7c t\u00ednh s\u1ea3n ph\u1ea9m:<\/strong><\/p>\n<ul data-start=\"992\" data-end=\"1312\">\n<li class=\"\" data-start=\"992\" data-end=\"1019\">\n<p class=\"\" data-start=\"994\" data-end=\"1019\">H\u00fat m\u00f9i ki\u1ec3u d\u00e1ng ch\u1eef T<\/p>\n<\/li>\n<li class=\"\" data-start=\"1020\" data-end=\"1052\">\n<p class=\"\" data-start=\"1022\" data-end=\"1052\">Ch\u1ea5t li\u1ec7u Inox, k\u00ednh cao c\u1ea5p<\/p>\n<\/li>\n<li class=\"\" data-start=\"1053\" data-end=\"1086\">\n<p class=\"\" data-start=\"1055\" data-end=\"1086\">M\u1eb7t k\u00ednh c\u01b0\u1eddng l\u1ef1c s\u00e1ng trong<\/p>\n<\/li>\n<li class=\"\" data-start=\"1087\" data-end=\"1118\">\n<p class=\"\" data-start=\"1089\" data-end=\"1118\">\u0110i\u1ec1u khi\u1ec3n c\u1ea3m \u1ee9ng 4 t\u1ed1c \u0111\u1ed9<\/p>\n<\/li>\n<li class=\"\" data-start=\"1119\" data-end=\"1153\">\n<p class=\"\" data-start=\"1121\" data-end=\"1153\">M\u00e0n h\u00ecnh LCD hi\u1ec3n th\u1ecb th\u00f4ng s\u1ed1<\/p>\n<\/li>\n<li class=\"\" data-start=\"1154\" data-end=\"1183\">\n<p class=\"\" data-start=\"1156\" data-end=\"1183\">\u0110\u00e8n chi\u1ebfu s\u00e1ng LED 2*1.5W<\/p>\n<\/li>\n<li class=\"\" data-start=\"1184\" data-end=\"1209\">\n<p class=\"\" data-start=\"1186\" data-end=\"1209\">L\u01b0\u1edbi l\u1ecdc T15 l\u1ecdc Inox<\/p>\n<\/li>\n<li class=\"\" data-start=\"1210\" data-end=\"1236\">\n<p class=\"\" data-start=\"1212\" data-end=\"1236\">Than ho\u1ea1t t\u00ednh kh\u1eed m\u00f9i<\/p>\n<\/li>\n<li class=\"\" data-start=\"1237\" data-end=\"1273\">\n<p class=\"\" data-start=\"1239\" data-end=\"1273\">Motor b\u1ec1n b\u1ec9 v\u1eadn h\u00e0nh si\u00eau \u00eam \u00e1i<\/p>\n<\/li>\n<li class=\"\" data-start=\"1274\" data-end=\"1312\">\n<p class=\"\" data-start=\"1276\" data-end=\"1312\">C\u00f4ng su\u1ea5t h\u00fat ti\u00eau chu\u1ea9n ch\u00e2u \u00c2u A++<\/p>\n<\/li>\n<\/ul>\n<p class=\"\" data-start=\"1314\" data-end=\"1337\"><strong data-start=\"1314\" data-end=\"1337\">T\u00ednh n\u0103ng s\u1ea3n ph\u1ea9m:<\/strong><\/p>\n<ul data-start=\"1338\" data-end=\"1457\">\n<li class=\"\" data-start=\"1338\" data-end=\"1364\">\n<p class=\"\" data-start=\"1340\" data-end=\"1364\">H\u00fat 4 c\u1ea5p \u0111\u1ed9 linh ho\u1ea1t<\/p>\n<\/li>\n<li class=\"\" data-start=\"1365\" data-end=\"1403\">\n<p class=\"\" data-start=\"1367\" data-end=\"1403\">C\u00f3 th\u1ec3 kh\u1eed tr\u1ef1c ti\u1ebfp ho\u1eb7c x\u1ea3 ngo\u00e0i<\/p>\n<\/li>\n<li class=\"\" data-start=\"1404\" data-end=\"1425\">\n<p class=\"\" data-start=\"1406\" data-end=\"1425\">H\u1eb9n gi\u1edd linh ho\u1ea1t<\/p>\n<\/li>\n<li class=\"\" data-start=\"1426\" data-end=\"1457\">\n<p class=\"\" data-start=\"1428\" data-end=\"1457\">Thi\u1ebft k\u1ebf Decor l\u1eafp \u00e1p t\u01b0\u1eddng<\/p>\n<\/li>\n<\/ul>\n<p class=\"\" data-start=\"1459\" data-end=\"1482\"><strong data-start=\"1459\" data-end=\"1482\">Th\u00f4ng tin k\u1ef9 thu\u1eadt:<\/strong><\/p>\n<ul data-start=\"1483\" data-end=\"1654\">\n<li class=\"\" data-start=\"1483\" data-end=\"1502\">\n<p class=\"\" data-start=\"1485\" data-end=\"1502\">\u1ed0ng tho\u00e1t: \u00d8150<\/p>\n<\/li>\n<li class=\"\" data-start=\"1503\" data-end=\"1528\">\n<p class=\"\" data-start=\"1505\" data-end=\"1528\">C\u00f4ng su\u1ea5t motor: 195W<\/p>\n<\/li>\n<li class=\"\" data-start=\"1529\" data-end=\"1556\">\n<p class=\"\" data-start=\"1531\" data-end=\"1556\">C\u00f4ng su\u1ea5t h\u00fat: 1400m\u00b3\/h<\/p>\n<\/li>\n<li class=\"\" data-start=\"1557\" data-end=\"1605\">\n<p class=\"\" data-start=\"1559\" data-end=\"1605\">\u0110\u1ed9 \u1ed3n: 46dBA (C\u00f4ng ngh\u1ec7 Ultra Swing si\u00eau \u00eam)<\/p>\n<\/li>\n<li class=\"\" data-start=\"1606\" data-end=\"1628\">\n<p class=\"\" data-start=\"1608\" data-end=\"1628\">\u0110i\u1ec7n \u00e1p: 220V\/50Hz<\/p>\n<\/li>\n<li class=\"\" data-start=\"1629\" data-end=\"1654\">\n<p class=\"\" data-start=\"1631\" data-end=\"1654\">K\u00edch th\u01b0\u1edbc: 700\/900mm<\/p>\n<\/li>\n<\/ul>\n","protected":false},"excerpt":{"rendered":"<p>Gi\u00e1 b\u00e1n: 11.890.000 \/ 12.890.000 VN\u0110 \u0110\u1eb7c t\u00ednh s\u1ea3n ph\u1ea9m: H\u00fat m\u00f9i ki\u1ec3u d\u00e1ng ch\u1eef T Ch\u1ea5t li\u1ec7u Inox, k\u00ednh cao c\u1ea5p M\u1eb7t k\u00ednh c\u01b0\u1eddng l\u1ef1c s\u00e1ng trong \u0110i\u1ec1u khi\u1ec3n c\u1ea3m \u1ee9ng 4 t\u1ed1c \u0111\u1ed9 M\u00e0n h\u00ecnh LCD hi\u1ec3n th\u1ecb th\u00f4ng s\u1ed1 \u0110\u00e8n chi\u1ebfu s\u00e1ng LED 2*1.5W L\u01b0\u1edbi l\u1ecdc T15 l\u1ecdc Inox Than ho\u1ea1t t\u00ednh&#8230;<\/p>\n","protected":false},"featured_media":528,"comment_status":"open","ping_status":"closed","template":"","meta":[],"product_brand":[],"product_cat":[38],"product_tag":[],"class_list":{"0":"post-530","1":"product","2":"type-product","3":"status-publish","4":"has-post-thumbnail","6":"product_cat-hut-mui","8":"first","9":"instock","10":"shipping-taxable","11":"product-type-external"},"_links":{"self":[{"href":"https:\/\/store3.k-tech-services.com\/nhabep82\/wp-json\/wp\/v2\/product\/530","targetHints":{"allow":["GET"]}}],"collection":[{"href":"https:\/\/store3.k-tech-services.com\/nhabep82\/wp-json\/wp\/v2\/product"}],"about":[{"href":"https:\/\/store3.k-tech-services.com\/nhabep82\/wp-json\/wp\/v2\/types\/product"}],"replies":[{"embeddable":true,"href":"https:\/\/store3.k-tech-services.com\/nhabep82\/wp-json\/wp\/v2\/comments?post=530"}],"wp:featuredmedia":[{"embeddable":true,"href":"https:\/\/store3.k-tech-services.com\/nhabep82\/wp-json\/wp\/v2\/media\/528"}],"wp:attachment":[{"href":"https:\/\/store3.k-tech-services.com\/nhabep82\/wp-json\/wp\/v2\/media?parent=530"}],"wp:term":[{"taxonomy":"product_brand","embeddable":true,"href":"https:\/\/store3.k-tech-services.com\/nhabep82\/wp-json\/wp\/v2\/product_brand?post=530"},{"taxonomy":"product_cat","embeddable":true,"href":"https:\/\/store3.k-tech-services.com\/nhabep82\/wp-json\/wp\/v2\/product_cat?post=530"},{"taxonomy":"product_tag","embeddable":true,"href":"https:\/\/store3.k-tech-services.com\/nhabep82\/wp-json\/wp\/v2\/product_tag?post=530"}],"curies":[{"name":"wp","href":"https:\/\/api.w.org\/{rel}","templated":true}]}}