{"id":527,"date":"2025-04-15T15:57:47","date_gmt":"2025-04-15T15:57:47","guid":{"rendered":"https:\/\/ktech2.k-tech-services.com\/nhabep82\/?post_type=product&#038;p=527"},"modified":"2025-04-15T15:57:47","modified_gmt":"2025-04-15T15:57:47","slug":"k-225d-70cm-90cm","status":"publish","type":"product","link":"https:\/\/store3.k-tech-services.com\/nhabep82\/san-pham\/k-225d-70cm-90cm\/","title":{"rendered":"K-225D (70cm\/90cm)"},"content":{"rendered":"<p class=\"\" data-start=\"156\" data-end=\"198\"><strong data-start=\"156\" data-end=\"168\">Gi\u00e1 b\u00e1n:<\/strong> 11.250.000 \/ 11.950.000 VN\u0110<\/p>\n<p class=\"\" data-start=\"200\" data-end=\"222\"><strong data-start=\"200\" data-end=\"222\">\u0110\u1eb7c t\u00ednh s\u1ea3n ph\u1ea9m:<\/strong><\/p>\n<ul data-start=\"223\" data-end=\"543\">\n<li class=\"\" data-start=\"223\" data-end=\"250\">\n<p class=\"\" data-start=\"225\" data-end=\"250\">H\u00fat m\u00f9i ki\u1ec3u d\u00e1ng ch\u1eef T<\/p>\n<\/li>\n<li class=\"\" data-start=\"251\" data-end=\"283\">\n<p class=\"\" data-start=\"253\" data-end=\"283\">Ch\u1ea5t li\u1ec7u Inox, k\u00ednh cao c\u1ea5p<\/p>\n<\/li>\n<li class=\"\" data-start=\"284\" data-end=\"317\">\n<p class=\"\" data-start=\"286\" data-end=\"317\">M\u1eb7t k\u00ednh c\u01b0\u1eddng l\u1ef1c s\u00e1ng trong<\/p>\n<\/li>\n<li class=\"\" data-start=\"318\" data-end=\"349\">\n<p class=\"\" data-start=\"320\" data-end=\"349\">\u0110i\u1ec1u khi\u1ec3n c\u1ea3m \u1ee9ng 4 t\u1ed1c \u0111\u1ed9<\/p>\n<\/li>\n<li class=\"\" data-start=\"350\" data-end=\"384\">\n<p class=\"\" data-start=\"352\" data-end=\"384\">M\u00e0n h\u00ecnh LCD hi\u1ec3n th\u1ecb th\u00f4ng s\u1ed1<\/p>\n<\/li>\n<li class=\"\" data-start=\"385\" data-end=\"414\">\n<p class=\"\" data-start=\"387\" data-end=\"414\">\u0110\u00e8n chi\u1ebfu s\u00e1ng LED 2*1.5W<\/p>\n<\/li>\n<li class=\"\" data-start=\"415\" data-end=\"440\">\n<p class=\"\" data-start=\"417\" data-end=\"440\">L\u01b0\u1edbi l\u1ecdc T15 l\u1ecdc Inox<\/p>\n<\/li>\n<li class=\"\" data-start=\"441\" data-end=\"467\">\n<p class=\"\" data-start=\"443\" data-end=\"467\">Than ho\u1ea1t t\u00ednh kh\u1eed m\u00f9i<\/p>\n<\/li>\n<li class=\"\" data-start=\"468\" data-end=\"504\">\n<p class=\"\" data-start=\"470\" data-end=\"504\">Motor b\u1ec1n b\u1ec9 v\u1eadn h\u00e0nh si\u00eau \u00eam \u00e1i<\/p>\n<\/li>\n<li class=\"\" data-start=\"505\" data-end=\"543\">\n<p class=\"\" data-start=\"507\" data-end=\"543\">C\u00f4ng su\u1ea5t h\u00fat ti\u00eau chu\u1ea9n ch\u00e2u \u00c2u A++<\/p>\n<\/li>\n<\/ul>\n<p class=\"\" data-start=\"545\" data-end=\"568\"><strong data-start=\"545\" data-end=\"568\">T\u00ednh n\u0103ng s\u1ea3n ph\u1ea9m:<\/strong><\/p>\n<ul data-start=\"569\" data-end=\"688\">\n<li class=\"\" data-start=\"569\" data-end=\"595\">\n<p class=\"\" data-start=\"571\" data-end=\"595\">H\u00fat 3 c\u1ea5p \u0111\u1ed9 linh ho\u1ea1t<\/p>\n<\/li>\n<li class=\"\" data-start=\"596\" data-end=\"634\">\n<p class=\"\" data-start=\"598\" data-end=\"634\">C\u00f3 th\u1ec3 kh\u1eed tr\u1ef1c ti\u1ebfp ho\u1eb7c x\u1ea3 ngo\u00e0i<\/p>\n<\/li>\n<li class=\"\" data-start=\"635\" data-end=\"656\">\n<p class=\"\" data-start=\"637\" data-end=\"656\">H\u1eb9n gi\u1edd linh ho\u1ea1t<\/p>\n<\/li>\n<li class=\"\" data-start=\"657\" data-end=\"688\">\n<p class=\"\" data-start=\"659\" data-end=\"688\">Thi\u1ebft k\u1ebf Decor l\u1eafp \u00e1p t\u01b0\u1eddng<\/p>\n<\/li>\n<\/ul>\n<p class=\"\" data-start=\"690\" data-end=\"713\"><strong data-start=\"690\" data-end=\"713\">Th\u00f4ng tin k\u1ef9 thu\u1eadt:<\/strong><\/p>\n<ul data-start=\"714\" data-end=\"885\">\n<li class=\"\" data-start=\"714\" data-end=\"733\">\n<p class=\"\" data-start=\"716\" data-end=\"733\">\u1ed0ng tho\u00e1t: \u00d8150<\/p>\n<\/li>\n<li class=\"\" data-start=\"734\" data-end=\"759\">\n<p class=\"\" data-start=\"736\" data-end=\"759\">C\u00f4ng su\u1ea5t motor: 195W<\/p>\n<\/li>\n<li class=\"\" data-start=\"760\" data-end=\"787\">\n<p class=\"\" data-start=\"762\" data-end=\"787\">C\u00f4ng su\u1ea5t h\u00fat: 1200m\u00b3\/h<\/p>\n<\/li>\n<li class=\"\" data-start=\"788\" data-end=\"836\">\n<p class=\"\" data-start=\"790\" data-end=\"836\">\u0110\u1ed9 \u1ed3n: 46dBA (C\u00f4ng ngh\u1ec7 Ultra Swing si\u00eau \u00eam)<\/p>\n<\/li>\n<li class=\"\" data-start=\"837\" data-end=\"859\">\n<p class=\"\" data-start=\"839\" data-end=\"859\">\u0110i\u1ec7n \u00e1p: 220V\/50Hz<\/p>\n<\/li>\n<li class=\"\" data-start=\"860\" data-end=\"885\">\n<p class=\"\" data-start=\"862\" data-end=\"885\">K\u00edch th\u01b0\u1edbc: 700\/900mm<\/p>\n<\/li>\n<\/ul>\n","protected":false},"excerpt":{"rendered":"<p>Gi\u00e1 b\u00e1n: 11.250.000 \/ 11.950.000 VN\u0110 \u0110\u1eb7c t\u00ednh s\u1ea3n ph\u1ea9m: H\u00fat m\u00f9i ki\u1ec3u d\u00e1ng ch\u1eef T Ch\u1ea5t li\u1ec7u Inox, k\u00ednh cao c\u1ea5p M\u1eb7t k\u00ednh c\u01b0\u1eddng l\u1ef1c s\u00e1ng trong \u0110i\u1ec1u khi\u1ec3n c\u1ea3m \u1ee9ng 4 t\u1ed1c \u0111\u1ed9 M\u00e0n h\u00ecnh LCD hi\u1ec3n th\u1ecb th\u00f4ng s\u1ed1 \u0110\u00e8n chi\u1ebfu s\u00e1ng LED 2*1.5W L\u01b0\u1edbi l\u1ecdc T15 l\u1ecdc Inox Than ho\u1ea1t t\u00ednh&#8230;<\/p>\n","protected":false},"featured_media":529,"comment_status":"open","ping_status":"closed","template":"","meta":[],"product_brand":[],"product_cat":[38],"product_tag":[],"class_list":{"0":"post-527","1":"product","2":"type-product","3":"status-publish","4":"has-post-thumbnail","6":"product_cat-hut-mui","8":"first","9":"instock","10":"shipping-taxable","11":"product-type-external"},"_links":{"self":[{"href":"https:\/\/store3.k-tech-services.com\/nhabep82\/wp-json\/wp\/v2\/product\/527","targetHints":{"allow":["GET"]}}],"collection":[{"href":"https:\/\/store3.k-tech-services.com\/nhabep82\/wp-json\/wp\/v2\/product"}],"about":[{"href":"https:\/\/store3.k-tech-services.com\/nhabep82\/wp-json\/wp\/v2\/types\/product"}],"replies":[{"embeddable":true,"href":"https:\/\/store3.k-tech-services.com\/nhabep82\/wp-json\/wp\/v2\/comments?post=527"}],"wp:featuredmedia":[{"embeddable":true,"href":"https:\/\/store3.k-tech-services.com\/nhabep82\/wp-json\/wp\/v2\/media\/529"}],"wp:attachment":[{"href":"https:\/\/store3.k-tech-services.com\/nhabep82\/wp-json\/wp\/v2\/media?parent=527"}],"wp:term":[{"taxonomy":"product_brand","embeddable":true,"href":"https:\/\/store3.k-tech-services.com\/nhabep82\/wp-json\/wp\/v2\/product_brand?post=527"},{"taxonomy":"product_cat","embeddable":true,"href":"https:\/\/store3.k-tech-services.com\/nhabep82\/wp-json\/wp\/v2\/product_cat?post=527"},{"taxonomy":"product_tag","embeddable":true,"href":"https:\/\/store3.k-tech-services.com\/nhabep82\/wp-json\/wp\/v2\/product_tag?post=527"}],"curies":[{"name":"wp","href":"https:\/\/api.w.org\/{rel}","templated":true}]}}