{"id":522,"date":"2025-04-15T15:52:57","date_gmt":"2025-04-15T15:52:57","guid":{"rendered":"https:\/\/ktech2.k-tech-services.com\/nhabep82\/?post_type=product&#038;p=522"},"modified":"2025-04-15T15:52:57","modified_gmt":"2025-04-15T15:52:57","slug":"k-2080v-70cm-90cm","status":"publish","type":"product","link":"https:\/\/store3.k-tech-services.com\/nhabep82\/san-pham\/k-2080v-70cm-90cm\/","title":{"rendered":"K-2080V (70cm\/90cm)"},"content":{"rendered":"<p class=\"\" data-start=\"3092\" data-end=\"3159\"><strong data-start=\"3135\" data-end=\"3157\">\u0110\u1eb7c t\u00ednh s\u1ea3n ph\u1ea9m:<\/strong><\/p>\n<ul data-start=\"3160\" data-end=\"3460\">\n<li class=\"\" data-start=\"3160\" data-end=\"3180\">\n<p class=\"\" data-start=\"3162\" data-end=\"3180\">H\u00fat m\u00f9i v\u00e1t k\u00ednh<\/p>\n<\/li>\n<li class=\"\" data-start=\"3181\" data-end=\"3213\">\n<p class=\"\" data-start=\"3183\" data-end=\"3213\">Ch\u1ea5t li\u1ec7u k\u00ednh, inox cao c\u1ea5p<\/p>\n<\/li>\n<li class=\"\" data-start=\"3214\" data-end=\"3247\">\n<p class=\"\" data-start=\"3216\" data-end=\"3247\">M\u1eb7t k\u00ednh c\u01b0\u1eddng l\u1ef1c sang tr\u1ecdng<\/p>\n<\/li>\n<li class=\"\" data-start=\"3248\" data-end=\"3279\">\n<p class=\"\" data-start=\"3250\" data-end=\"3279\">\u0110i\u1ec1u khi\u1ec3n c\u1ea3m \u1ee9ng 3 t\u1ed1c \u0111\u1ed9<\/p>\n<\/li>\n<li class=\"\" data-start=\"3280\" data-end=\"3315\">\n<p class=\"\" data-start=\"3282\" data-end=\"3315\">M\u00e0n h\u00ecnh LCD tinh n\u0103ng hi\u1ec7n \u0111\u1ea1i<\/p>\n<\/li>\n<li class=\"\" data-start=\"3316\" data-end=\"3343\">\n<p class=\"\" data-start=\"3318\" data-end=\"3343\">\u0110\u00e8n chi\u1ebfu s\u00e1ng LED 4*3W<\/p>\n<\/li>\n<li class=\"\" data-start=\"3344\" data-end=\"3369\">\n<p class=\"\" data-start=\"3346\" data-end=\"3369\">L\u01b0\u1edbi l\u1ecdc T15 l\u1ecdc inox<\/p>\n<\/li>\n<li class=\"\" data-start=\"3370\" data-end=\"3396\">\n<p class=\"\" data-start=\"3372\" data-end=\"3396\">Than ho\u1ea1t t\u00ednh kh\u1eed m\u00f9i<\/p>\n<\/li>\n<li class=\"\" data-start=\"3397\" data-end=\"3433\">\n<p class=\"\" data-start=\"3399\" data-end=\"3433\">Motor b\u1ec1n b\u1ec9 v\u1eadn h\u00e0nh si\u00eau \u00eam \u00e1i<\/p>\n<\/li>\n<li class=\"\" data-start=\"3434\" data-end=\"3460\">\n<p class=\"\" data-start=\"3436\" data-end=\"3460\">Ti\u00eau chu\u1ea9n ch\u00e2u \u00c2u A++<\/p>\n<\/li>\n<\/ul>\n<p class=\"\" data-start=\"3462\" data-end=\"3487\"><strong data-start=\"3462\" data-end=\"3485\">T\u00ednh n\u0103ng s\u1ea3n ph\u1ea9m:<\/strong><\/p>\n<ul data-start=\"3488\" data-end=\"3607\">\n<li class=\"\" data-start=\"3488\" data-end=\"3514\">\n<p class=\"\" data-start=\"3490\" data-end=\"3514\">H\u00fat 3 c\u1ea5p \u0111\u1ed9 linh ho\u1ea1t<\/p>\n<\/li>\n<li class=\"\" data-start=\"3515\" data-end=\"3553\">\n<p class=\"\" data-start=\"3517\" data-end=\"3553\">C\u00f3 th\u1ec3 kh\u1eed tr\u1ef1c ti\u1ebfp ho\u1eb7c x\u1ea3 ngo\u00e0i<\/p>\n<\/li>\n<li class=\"\" data-start=\"3554\" data-end=\"3575\">\n<p class=\"\" data-start=\"3556\" data-end=\"3575\">H\u1eb9n gi\u1edd linh ho\u1ea1t<\/p>\n<\/li>\n<li class=\"\" data-start=\"3576\" data-end=\"3607\">\n<p class=\"\" data-start=\"3578\" data-end=\"3607\">Thi\u1ebft k\u1ebf Decor l\u1eafp \u00e2m t\u01b0\u1eddng<\/p>\n<\/li>\n<\/ul>\n<p class=\"\" data-start=\"3609\" data-end=\"3634\"><strong data-start=\"3609\" data-end=\"3632\">Th\u00f4ng tin k\u1ef9 thu\u1eadt:<\/strong><\/p>\n<ul data-start=\"3635\" data-end=\"3832\">\n<li class=\"\" data-start=\"3635\" data-end=\"3654\">\n<p class=\"\" data-start=\"3637\" data-end=\"3654\">\u1ed0ng tho\u00e1t: \u00d8150<\/p>\n<\/li>\n<li class=\"\" data-start=\"3655\" data-end=\"3680\">\n<p class=\"\" data-start=\"3657\" data-end=\"3680\">C\u00f4ng su\u1ea5t motor: 195W<\/p>\n<\/li>\n<li class=\"\" data-start=\"3681\" data-end=\"3708\">\n<p class=\"\" data-start=\"3683\" data-end=\"3708\">C\u00f4ng su\u1ea5t h\u00fat: 1400m\u00b3\/h<\/p>\n<\/li>\n<li class=\"\" data-start=\"3709\" data-end=\"3757\">\n<p class=\"\" data-start=\"3711\" data-end=\"3757\">\u0110\u1ed9 \u1ed3n: 46dbA (c\u00f4ng ngh\u1ec7 Ultra Swing si\u00eau \u00eam)<\/p>\n<\/li>\n<li class=\"\" data-start=\"3758\" data-end=\"3780\">\n<p class=\"\" data-start=\"3760\" data-end=\"3780\">\u0110i\u1ec7n \u00e1p: 220v\/50Hz<\/p>\n<\/li>\n<li class=\"\" data-start=\"3781\" data-end=\"3806\">\n<p class=\"\" data-start=\"3783\" data-end=\"3806\">K\u00edch th\u01b0\u1edbc: 700\/900mm<\/p>\n<\/li>\n<li class=\"\" data-start=\"3807\" data-end=\"3832\">\n<p class=\"\" data-start=\"3809\" data-end=\"3832\"><strong data-start=\"3809\" data-end=\"3821\">Xu\u1ea5t x\u1ee9:<\/strong> Malaysia<\/p>\n<\/li>\n<\/ul>\n","protected":false},"excerpt":{"rendered":"<p>\u0110\u1eb7c t\u00ednh s\u1ea3n ph\u1ea9m: H\u00fat m\u00f9i v\u00e1t k\u00ednh Ch\u1ea5t li\u1ec7u k\u00ednh, inox cao c\u1ea5p M\u1eb7t k\u00ednh c\u01b0\u1eddng l\u1ef1c sang tr\u1ecdng \u0110i\u1ec1u khi\u1ec3n c\u1ea3m \u1ee9ng 3 t\u1ed1c \u0111\u1ed9 M\u00e0n h\u00ecnh LCD tinh n\u0103ng hi\u1ec7n \u0111\u1ea1i \u0110\u00e8n chi\u1ebfu s\u00e1ng LED 4*3W L\u01b0\u1edbi l\u1ecdc T15 l\u1ecdc inox Than ho\u1ea1t t\u00ednh kh\u1eed m\u00f9i Motor b\u1ec1n b\u1ec9 v\u1eadn h\u00e0nh si\u00eau&#8230;<\/p>\n","protected":false},"featured_media":520,"comment_status":"open","ping_status":"closed","template":"","meta":[],"product_brand":[],"product_cat":[38],"product_tag":[],"class_list":{"0":"post-522","1":"product","2":"type-product","3":"status-publish","4":"has-post-thumbnail","6":"product_cat-hut-mui","8":"first","9":"instock","10":"shipping-taxable","11":"purchasable","12":"product-type-simple"},"_links":{"self":[{"href":"https:\/\/store3.k-tech-services.com\/nhabep82\/wp-json\/wp\/v2\/product\/522","targetHints":{"allow":["GET"]}}],"collection":[{"href":"https:\/\/store3.k-tech-services.com\/nhabep82\/wp-json\/wp\/v2\/product"}],"about":[{"href":"https:\/\/store3.k-tech-services.com\/nhabep82\/wp-json\/wp\/v2\/types\/product"}],"replies":[{"embeddable":true,"href":"https:\/\/store3.k-tech-services.com\/nhabep82\/wp-json\/wp\/v2\/comments?post=522"}],"wp:featuredmedia":[{"embeddable":true,"href":"https:\/\/store3.k-tech-services.com\/nhabep82\/wp-json\/wp\/v2\/media\/520"}],"wp:attachment":[{"href":"https:\/\/store3.k-tech-services.com\/nhabep82\/wp-json\/wp\/v2\/media?parent=522"}],"wp:term":[{"taxonomy":"product_brand","embeddable":true,"href":"https:\/\/store3.k-tech-services.com\/nhabep82\/wp-json\/wp\/v2\/product_brand?post=522"},{"taxonomy":"product_cat","embeddable":true,"href":"https:\/\/store3.k-tech-services.com\/nhabep82\/wp-json\/wp\/v2\/product_cat?post=522"},{"taxonomy":"product_tag","embeddable":true,"href":"https:\/\/store3.k-tech-services.com\/nhabep82\/wp-json\/wp\/v2\/product_tag?post=522"}],"curies":[{"name":"wp","href":"https:\/\/api.w.org\/{rel}","templated":true}]}}