{"id":519,"date":"2025-04-15T15:51:58","date_gmt":"2025-04-15T15:51:58","guid":{"rendered":"https:\/\/ktech2.k-tech-services.com\/nhabep82\/?post_type=product&#038;p=519"},"modified":"2025-04-15T15:51:58","modified_gmt":"2025-04-15T15:51:58","slug":"k-2080e-70cm-90cm","status":"publish","type":"product","link":"https:\/\/store3.k-tech-services.com\/nhabep82\/san-pham\/k-2080e-70cm-90cm\/","title":{"rendered":"K-2080E (70cm\/90cm)"},"content":{"rendered":"<p class=\"\" data-start=\"2293\" data-end=\"2360\"><strong data-start=\"2336\" data-end=\"2358\">\u0110\u1eb7c t\u00ednh s\u1ea3n ph\u1ea9m:<\/strong><\/p>\n<ul data-start=\"2361\" data-end=\"2683\">\n<li class=\"\" data-start=\"2361\" data-end=\"2390\">\n<p class=\"\" data-start=\"2363\" data-end=\"2390\">H\u00fat m\u00f9i v\u00e1t k\u00ednh m\u00e0u Auto<\/p>\n<\/li>\n<li class=\"\" data-start=\"2391\" data-end=\"2423\">\n<p class=\"\" data-start=\"2393\" data-end=\"2423\">Ch\u1ea5t li\u1ec7u k\u00ednh, inox cao c\u1ea5p<\/p>\n<\/li>\n<li class=\"\" data-start=\"2424\" data-end=\"2457\">\n<p class=\"\" data-start=\"2426\" data-end=\"2457\">M\u1eb7t k\u00ednh c\u01b0\u1eddng l\u1ef1c sang tr\u1ecdng<\/p>\n<\/li>\n<li class=\"\" data-start=\"2458\" data-end=\"2489\">\n<p class=\"\" data-start=\"2460\" data-end=\"2489\">\u0110i\u1ec1u khi\u1ec3n c\u1ea3m \u1ee9ng 3 t\u1ed1c \u0111\u1ed9<\/p>\n<\/li>\n<li class=\"\" data-start=\"2490\" data-end=\"2525\">\n<p class=\"\" data-start=\"2492\" data-end=\"2525\">M\u00e0n h\u00ecnh LCD tinh n\u0103ng hi\u1ec7n \u0111\u1ea1i<\/p>\n<\/li>\n<li class=\"\" data-start=\"2526\" data-end=\"2553\">\n<p class=\"\" data-start=\"2528\" data-end=\"2553\">\u0110\u00e8n chi\u1ebfu s\u00e1ng LED 4*3W<\/p>\n<\/li>\n<li class=\"\" data-start=\"2554\" data-end=\"2592\">\n<p class=\"\" data-start=\"2556\" data-end=\"2592\">L\u01b0\u1edbi l\u1ecdc T15 l\u1ecdc h\u1ee3p kim Alu, Inox<\/p>\n<\/li>\n<li class=\"\" data-start=\"2593\" data-end=\"2619\">\n<p class=\"\" data-start=\"2595\" data-end=\"2619\">Than ho\u1ea1t t\u00ednh kh\u1eed m\u00f9i<\/p>\n<\/li>\n<li class=\"\" data-start=\"2620\" data-end=\"2656\">\n<p class=\"\" data-start=\"2622\" data-end=\"2656\">Motor b\u1ec1n b\u1ec9 v\u1eadn h\u00e0nh si\u00eau \u00eam \u00e1i<\/p>\n<\/li>\n<li class=\"\" data-start=\"2657\" data-end=\"2683\">\n<p class=\"\" data-start=\"2659\" data-end=\"2683\">Ti\u00eau chu\u1ea9n ch\u00e2u \u00c2u A++<\/p>\n<\/li>\n<\/ul>\n<p class=\"\" data-start=\"2685\" data-end=\"2710\"><strong data-start=\"2685\" data-end=\"2708\">T\u00ednh n\u0103ng s\u1ea3n ph\u1ea9m:<\/strong><\/p>\n<ul data-start=\"2711\" data-end=\"2830\">\n<li class=\"\" data-start=\"2711\" data-end=\"2737\">\n<p class=\"\" data-start=\"2713\" data-end=\"2737\">H\u00fat 3 c\u1ea5p \u0111\u1ed9 linh ho\u1ea1t<\/p>\n<\/li>\n<li class=\"\" data-start=\"2738\" data-end=\"2776\">\n<p class=\"\" data-start=\"2740\" data-end=\"2776\">C\u00f3 th\u1ec3 kh\u1eed tr\u1ef1c ti\u1ebfp ho\u1eb7c x\u1ea3 ngo\u00e0i<\/p>\n<\/li>\n<li class=\"\" data-start=\"2777\" data-end=\"2798\">\n<p class=\"\" data-start=\"2779\" data-end=\"2798\">H\u1eb9n gi\u1edd linh ho\u1ea1t<\/p>\n<\/li>\n<li class=\"\" data-start=\"2799\" data-end=\"2830\">\n<p class=\"\" data-start=\"2801\" data-end=\"2830\">Thi\u1ebft k\u1ebf Decor h\u1ee3p \u00e2m t\u01b0\u1eddng<\/p>\n<\/li>\n<\/ul>\n<p class=\"\" data-start=\"2832\" data-end=\"2857\"><strong data-start=\"2832\" data-end=\"2855\">Th\u00f4ng tin k\u1ef9 thu\u1eadt:<\/strong><\/p>\n<ul data-start=\"2858\" data-end=\"3055\">\n<li class=\"\" data-start=\"2858\" data-end=\"2877\">\n<p class=\"\" data-start=\"2860\" data-end=\"2877\">\u1ed0ng tho\u00e1t: \u00d8150<\/p>\n<\/li>\n<li class=\"\" data-start=\"2878\" data-end=\"2903\">\n<p class=\"\" data-start=\"2880\" data-end=\"2903\">C\u00f4ng su\u1ea5t motor: 220W<\/p>\n<\/li>\n<li class=\"\" data-start=\"2904\" data-end=\"2931\">\n<p class=\"\" data-start=\"2906\" data-end=\"2931\">C\u00f4ng su\u1ea5t h\u00fat: 1030m\u00b3\/h<\/p>\n<\/li>\n<li class=\"\" data-start=\"2932\" data-end=\"2980\">\n<p class=\"\" data-start=\"2934\" data-end=\"2980\">\u0110\u1ed9 \u1ed3n: 46dbA (c\u00f4ng ngh\u1ec7 Ultra Swing si\u00eau \u00eam)<\/p>\n<\/li>\n<li class=\"\" data-start=\"2981\" data-end=\"3003\">\n<p class=\"\" data-start=\"2983\" data-end=\"3003\">\u0110i\u1ec7n \u00e1p: 220v\/50Hz<\/p>\n<\/li>\n<li class=\"\" data-start=\"3004\" data-end=\"3029\">\n<p class=\"\" data-start=\"3006\" data-end=\"3029\">K\u00edch th\u01b0\u1edbc: 700\/900mm<\/p>\n<\/li>\n<li class=\"\" data-start=\"3030\" data-end=\"3055\">\n<p class=\"\" data-start=\"3032\" data-end=\"3055\"><strong data-start=\"3032\" data-end=\"3044\">Xu\u1ea5t x\u1ee9:<\/strong> Malaysia<\/p>\n<\/li>\n<\/ul>\n","protected":false},"excerpt":{"rendered":"<p>\u0110\u1eb7c t\u00ednh s\u1ea3n ph\u1ea9m: H\u00fat m\u00f9i v\u00e1t k\u00ednh m\u00e0u Auto Ch\u1ea5t li\u1ec7u k\u00ednh, inox cao c\u1ea5p M\u1eb7t k\u00ednh c\u01b0\u1eddng l\u1ef1c sang tr\u1ecdng \u0110i\u1ec1u khi\u1ec3n c\u1ea3m \u1ee9ng 3 t\u1ed1c \u0111\u1ed9 M\u00e0n h\u00ecnh LCD tinh n\u0103ng hi\u1ec7n \u0111\u1ea1i \u0110\u00e8n chi\u1ebfu s\u00e1ng LED 4*3W L\u01b0\u1edbi l\u1ecdc T15 l\u1ecdc h\u1ee3p kim Alu, Inox Than ho\u1ea1t t\u00ednh kh\u1eed m\u00f9i Motor&#8230;<\/p>\n","protected":false},"featured_media":521,"comment_status":"open","ping_status":"closed","template":"","meta":[],"product_brand":[],"product_cat":[38],"product_tag":[],"class_list":{"0":"post-519","1":"product","2":"type-product","3":"status-publish","4":"has-post-thumbnail","6":"product_cat-hut-mui","8":"first","9":"instock","10":"shipping-taxable","11":"purchasable","12":"product-type-simple"},"_links":{"self":[{"href":"https:\/\/store3.k-tech-services.com\/nhabep82\/wp-json\/wp\/v2\/product\/519","targetHints":{"allow":["GET"]}}],"collection":[{"href":"https:\/\/store3.k-tech-services.com\/nhabep82\/wp-json\/wp\/v2\/product"}],"about":[{"href":"https:\/\/store3.k-tech-services.com\/nhabep82\/wp-json\/wp\/v2\/types\/product"}],"replies":[{"embeddable":true,"href":"https:\/\/store3.k-tech-services.com\/nhabep82\/wp-json\/wp\/v2\/comments?post=519"}],"wp:featuredmedia":[{"embeddable":true,"href":"https:\/\/store3.k-tech-services.com\/nhabep82\/wp-json\/wp\/v2\/media\/521"}],"wp:attachment":[{"href":"https:\/\/store3.k-tech-services.com\/nhabep82\/wp-json\/wp\/v2\/media?parent=519"}],"wp:term":[{"taxonomy":"product_brand","embeddable":true,"href":"https:\/\/store3.k-tech-services.com\/nhabep82\/wp-json\/wp\/v2\/product_brand?post=519"},{"taxonomy":"product_cat","embeddable":true,"href":"https:\/\/store3.k-tech-services.com\/nhabep82\/wp-json\/wp\/v2\/product_cat?post=519"},{"taxonomy":"product_tag","embeddable":true,"href":"https:\/\/store3.k-tech-services.com\/nhabep82\/wp-json\/wp\/v2\/product_tag?post=519"}],"curies":[{"name":"wp","href":"https:\/\/api.w.org\/{rel}","templated":true}]}}