{"id":513,"date":"2025-04-15T15:46:38","date_gmt":"2025-04-15T15:46:38","guid":{"rendered":"https:\/\/ktech2.k-tech-services.com\/nhabep82\/?post_type=product&#038;p=513"},"modified":"2025-04-15T15:46:38","modified_gmt":"2025-04-15T15:46:38","slug":"serena-cxw-188-bl","status":"publish","type":"product","link":"https:\/\/store3.k-tech-services.com\/nhabep82\/san-pham\/serena-cxw-188-bl\/","title":{"rendered":"SERENA CXW &#8211; 188 BL"},"content":{"rendered":"<p class=\"\" data-start=\"100\" data-end=\"154\"><strong data-start=\"130\" data-end=\"152\">\u0110\u1eb7c t\u00ednh s\u1ea3n ph\u1ea9m:<\/strong><\/p>\n<ul data-start=\"155\" data-end=\"404\">\n<li class=\"\" data-start=\"155\" data-end=\"179\">\n<p class=\"\" data-start=\"157\" data-end=\"179\">H\u00fat m\u00f9i \u0111\u1ea3o d\u1ea1ng \u1ed1ng<\/p>\n<\/li>\n<li class=\"\" data-start=\"180\" data-end=\"212\">\n<p class=\"\" data-start=\"182\" data-end=\"212\">Ch\u1ea5t li\u1ec7u ph\u1ee7 Teflon cao c\u1ea5p<\/p>\n<\/li>\n<li class=\"\" data-start=\"213\" data-end=\"245\">\n<p class=\"\" data-start=\"215\" data-end=\"245\">\u0110i\u1ec1u khi\u1ec3n c\u1ea3m \u1ee9ng 16 t\u1ed1c \u0111\u1ed9<\/p>\n<\/li>\n<li class=\"\" data-start=\"246\" data-end=\"274\">\n<p class=\"\" data-start=\"248\" data-end=\"274\">\u0110\u00e8n chi\u1ebfu s\u00e1ng LED 2*15W<\/p>\n<\/li>\n<li class=\"\" data-start=\"275\" data-end=\"313\">\n<p class=\"\" data-start=\"277\" data-end=\"313\">L\u01b0\u1edbi l\u1ecdc T15 l\u1ecdc h\u1ee3p kim Alu, Inox<\/p>\n<\/li>\n<li class=\"\" data-start=\"314\" data-end=\"340\">\n<p class=\"\" data-start=\"316\" data-end=\"340\">Than ho\u1ea1t t\u00ednh kh\u1eed m\u00f9i<\/p>\n<\/li>\n<li class=\"\" data-start=\"341\" data-end=\"377\">\n<p class=\"\" data-start=\"343\" data-end=\"377\">Motor b\u1ec1n b\u1ec9 v\u1eadn h\u00e0nh si\u00eau \u00eam \u00e1i<\/p>\n<\/li>\n<li class=\"\" data-start=\"378\" data-end=\"404\">\n<p class=\"\" data-start=\"380\" data-end=\"404\">Ti\u00eau chu\u1ea9n ch\u00e2u \u00c2u A++<\/p>\n<\/li>\n<\/ul>\n<p class=\"\" data-start=\"406\" data-end=\"431\"><strong data-start=\"406\" data-end=\"429\">T\u00ednh n\u0103ng s\u1ea3n ph\u1ea9m:<\/strong><\/p>\n<ul data-start=\"432\" data-end=\"529\">\n<li class=\"\" data-start=\"432\" data-end=\"458\">\n<p class=\"\" data-start=\"434\" data-end=\"458\">H\u00fat 3 c\u1ea5p \u0111\u1ed9 linh ho\u1ea1t<\/p>\n<\/li>\n<li class=\"\" data-start=\"459\" data-end=\"497\">\n<p class=\"\" data-start=\"461\" data-end=\"497\">C\u00f3 th\u1ec3 kh\u1eed tr\u1ef1c ti\u1ebfp ho\u1eb7c x\u1ea3 ngo\u00e0i<\/p>\n<\/li>\n<li class=\"\" data-start=\"498\" data-end=\"529\">\n<p class=\"\" data-start=\"500\" data-end=\"529\">Thi\u1ebft k\u1ebf Decor l\u1eadp \u0111\u1ea3o tr\u1ea7n<\/p>\n<\/li>\n<\/ul>\n<p class=\"\" data-start=\"531\" data-end=\"556\"><strong data-start=\"531\" data-end=\"554\">Th\u00f4ng tin k\u1ef9 thu\u1eadt:<\/strong><\/p>\n<ul data-start=\"557\" data-end=\"763\">\n<li class=\"\" data-start=\"557\" data-end=\"576\">\n<p class=\"\" data-start=\"559\" data-end=\"576\">\u1ed0ng tho\u00e1t: \u00d8150<\/p>\n<\/li>\n<li class=\"\" data-start=\"577\" data-end=\"602\">\n<p class=\"\" data-start=\"579\" data-end=\"602\">C\u00f4ng su\u1ea5t motor: 195W<\/p>\n<\/li>\n<li class=\"\" data-start=\"603\" data-end=\"630\">\n<p class=\"\" data-start=\"605\" data-end=\"630\">C\u00f4ng su\u1ea5t h\u00fat: 1400m\u00b3\/h<\/p>\n<\/li>\n<li class=\"\" data-start=\"631\" data-end=\"679\">\n<p class=\"\" data-start=\"633\" data-end=\"679\">\u0110\u1ed9 \u1ed3n: 46dbA (c\u00f4ng ngh\u1ec7 Ultra Swing si\u00eau \u00eam)<\/p>\n<\/li>\n<li class=\"\" data-start=\"680\" data-end=\"702\">\n<p class=\"\" data-start=\"682\" data-end=\"702\">\u0110i\u1ec7n \u00e1p: 220v\/50Hz<\/p>\n<\/li>\n<li class=\"\" data-start=\"703\" data-end=\"737\">\n<p class=\"\" data-start=\"705\" data-end=\"737\">K\u00edch th\u01b0\u1edbc: 350 x 990 x 1170mm<\/p>\n<\/li>\n<li class=\"\" data-start=\"738\" data-end=\"763\">\n<p class=\"\" data-start=\"740\" data-end=\"763\"><strong data-start=\"740\" data-end=\"752\">Xu\u1ea5t x\u1ee9:<\/strong> Malaysia<\/p>\n<\/li>\n<\/ul>\n","protected":false},"excerpt":{"rendered":"<p>\u0110\u1eb7c t\u00ednh s\u1ea3n ph\u1ea9m: H\u00fat m\u00f9i \u0111\u1ea3o d\u1ea1ng \u1ed1ng Ch\u1ea5t li\u1ec7u ph\u1ee7 Teflon cao c\u1ea5p \u0110i\u1ec1u khi\u1ec3n c\u1ea3m \u1ee9ng 16 t\u1ed1c \u0111\u1ed9 \u0110\u00e8n chi\u1ebfu s\u00e1ng LED 2*15W L\u01b0\u1edbi l\u1ecdc T15 l\u1ecdc h\u1ee3p kim Alu, Inox Than ho\u1ea1t t\u00ednh kh\u1eed m\u00f9i Motor b\u1ec1n b\u1ec9 v\u1eadn h\u00e0nh si\u00eau \u00eam \u00e1i Ti\u00eau chu\u1ea9n ch\u00e2u \u00c2u A++ T\u00ednh n\u0103ng&#8230;<\/p>\n","protected":false},"featured_media":514,"comment_status":"open","ping_status":"closed","template":"","meta":[],"product_brand":[],"product_cat":[38],"product_tag":[],"class_list":{"0":"post-513","1":"product","2":"type-product","3":"status-publish","4":"has-post-thumbnail","6":"product_cat-hut-mui","8":"first","9":"instock","10":"shipping-taxable","11":"purchasable","12":"product-type-simple"},"_links":{"self":[{"href":"https:\/\/store3.k-tech-services.com\/nhabep82\/wp-json\/wp\/v2\/product\/513","targetHints":{"allow":["GET"]}}],"collection":[{"href":"https:\/\/store3.k-tech-services.com\/nhabep82\/wp-json\/wp\/v2\/product"}],"about":[{"href":"https:\/\/store3.k-tech-services.com\/nhabep82\/wp-json\/wp\/v2\/types\/product"}],"replies":[{"embeddable":true,"href":"https:\/\/store3.k-tech-services.com\/nhabep82\/wp-json\/wp\/v2\/comments?post=513"}],"wp:featuredmedia":[{"embeddable":true,"href":"https:\/\/store3.k-tech-services.com\/nhabep82\/wp-json\/wp\/v2\/media\/514"}],"wp:attachment":[{"href":"https:\/\/store3.k-tech-services.com\/nhabep82\/wp-json\/wp\/v2\/media?parent=513"}],"wp:term":[{"taxonomy":"product_brand","embeddable":true,"href":"https:\/\/store3.k-tech-services.com\/nhabep82\/wp-json\/wp\/v2\/product_brand?post=513"},{"taxonomy":"product_cat","embeddable":true,"href":"https:\/\/store3.k-tech-services.com\/nhabep82\/wp-json\/wp\/v2\/product_cat?post=513"},{"taxonomy":"product_tag","embeddable":true,"href":"https:\/\/store3.k-tech-services.com\/nhabep82\/wp-json\/wp\/v2\/product_tag?post=513"}],"curies":[{"name":"wp","href":"https:\/\/api.w.org\/{rel}","templated":true}]}}