{"id":508,"date":"2025-04-15T15:41:01","date_gmt":"2025-04-15T15:41:01","guid":{"rendered":"https:\/\/ktech2.k-tech-services.com\/nhabep82\/?post_type=product&#038;p=508"},"modified":"2025-04-15T15:41:01","modified_gmt":"2025-04-15T15:41:01","slug":"kcweu-3338","status":"publish","type":"product","link":"https:\/\/store3.k-tech-services.com\/nhabep82\/san-pham\/kcweu-3338\/","title":{"rendered":"KCWEU-3338"},"content":{"rendered":"<p class=\"\" data-start=\"247\" data-end=\"307\"><strong data-start=\"247\" data-end=\"270\">T\u00ednh n\u0103ng \u0111\u1eb7c bi\u1ec7t:<\/strong><br data-start=\"270\" data-end=\"273\" \/>\ud83d\udd39 <strong data-start=\"276\" data-end=\"295\">T\u1ee7 Side by Side<\/strong> g\u1ed3m 2 ng\u0103n:<\/p>\n<ul data-start=\"308\" data-end=\"396\">\n<li class=\"\" data-start=\"308\" data-end=\"354\">\n<p class=\"\" data-start=\"310\" data-end=\"354\"><strong data-start=\"310\" data-end=\"323\">B\u00ean tr\u00e1i:<\/strong> B\u1ea3o qu\u1ea3n r\u01b0\u1ee3u vang (33 chai)<\/p>\n<\/li>\n<li class=\"\" data-start=\"355\" data-end=\"396\">\n<p class=\"\" data-start=\"357\" data-end=\"396\"><strong data-start=\"357\" data-end=\"370\">B\u00ean ph\u1ea3i:<\/strong> B\u1ea3o qu\u1ea3n x\u00ec g\u00e0 (350 \u0111i\u1ebfu)<\/p>\n<\/li>\n<\/ul>\n<h3 class=\"\" data-start=\"403\" data-end=\"430\"><strong data-start=\"407\" data-end=\"430\">Th\u00f4ng tin chi ti\u1ebft:<\/strong><\/h3>\n<div class=\"pointer-events-none relative left-[50%]! flex w-[100cqw] translate-x-[-50%] justify-center *:pointer-events-auto\">\n<div class=\"tableContainer horzScrollShadows group relative\">\n<table class=\"min-w-full\" data-start=\"432\" data-end=\"1239\">\n<thead data-start=\"432\" data-end=\"470\">\n<tr data-start=\"432\" data-end=\"470\">\n<th data-start=\"432\" data-end=\"457\">Th\u00f4ng s\u1ed1<\/th>\n<th data-start=\"457\" data-end=\"470\">Th\u00f4ng tin<\/th>\n<\/tr>\n<\/thead>\n<tbody data-start=\"510\" data-end=\"1239\">\n<tr data-start=\"510\" data-end=\"548\">\n<td class=\"max-w-[calc(var(--thread-content-max-width)*2\/3)]\" data-start=\"510\" data-end=\"535\"><strong data-start=\"512\" data-end=\"525\">Dung t\u00edch<\/strong><\/td>\n<td class=\"max-w-[calc(var(--thread-content-max-width)*2\/3)]\" data-start=\"535\" data-end=\"548\">120L<\/td>\n<\/tr>\n<tr data-start=\"549\" data-end=\"608\">\n<td class=\"max-w-[calc(var(--thread-content-max-width)*2\/3)]\" data-start=\"549\" data-end=\"574\"><strong data-start=\"551\" data-end=\"568\">S\u1ee9c ch\u1ee9a r\u01b0\u1ee3u<\/strong><\/td>\n<td class=\"max-w-[calc(var(--thread-content-max-width)*2\/3)]\" data-start=\"574\" data-end=\"608\">33 chai (chu\u1ea9n Bordeaux 750ml)<\/td>\n<\/tr>\n<tr data-start=\"609\" data-end=\"647\">\n<td class=\"max-w-[calc(var(--thread-content-max-width)*2\/3)]\" data-start=\"609\" data-end=\"634\"><strong data-start=\"611\" data-end=\"629\">S\u1ee9c ch\u1ee9a cigar<\/strong><\/td>\n<td class=\"max-w-[calc(var(--thread-content-max-width)*2\/3)]\" data-start=\"634\" data-end=\"647\">350 \u0111i\u1ebfu<\/td>\n<\/tr>\n<tr data-start=\"648\" data-end=\"687\">\n<td class=\"max-w-[calc(var(--thread-content-max-width)*2\/3)]\" data-start=\"648\" data-end=\"673\"><strong data-start=\"650\" data-end=\"667\">Nhi\u1ec7t \u0111\u1ed9 r\u01b0\u1ee3u<\/strong><\/td>\n<td class=\"max-w-[calc(var(--thread-content-max-width)*2\/3)]\" data-start=\"673\" data-end=\"687\">5\u00b0C \u2013 22\u00b0C<\/td>\n<\/tr>\n<tr data-start=\"688\" data-end=\"728\">\n<td class=\"max-w-[calc(var(--thread-content-max-width)*2\/3)]\" data-start=\"688\" data-end=\"713\"><strong data-start=\"690\" data-end=\"708\">Nhi\u1ec7t \u0111\u1ed9 cigar<\/strong><\/td>\n<td class=\"max-w-[calc(var(--thread-content-max-width)*2\/3)]\" data-start=\"713\" data-end=\"728\">12\u00b0C \u2013 22\u00b0C<\/td>\n<\/tr>\n<tr data-start=\"729\" data-end=\"779\">\n<td class=\"max-w-[calc(var(--thread-content-max-width)*2\/3)]\" data-start=\"729\" data-end=\"754\"><strong data-start=\"731\" data-end=\"745\">\u0110i\u1ec1u khi\u1ec3n<\/strong><\/td>\n<td class=\"max-w-[calc(var(--thread-content-max-width)*2\/3)]\" data-start=\"754\" data-end=\"779\">C\u1ea3m \u1ee9ng, hi\u1ec3n th\u1ecb LED<\/td>\n<\/tr>\n<tr data-start=\"780\" data-end=\"846\">\n<td class=\"max-w-[calc(var(--thread-content-max-width)*2\/3)]\" data-start=\"780\" data-end=\"805\"><strong data-start=\"782\" data-end=\"793\">\u0110\u00e8n LED<\/strong><\/td>\n<td class=\"max-w-[calc(var(--thread-content-max-width)*2\/3)]\" data-start=\"805\" data-end=\"846\">M\u00e0u cam d\u1ecbu cho cigar, tr\u1eafng cho r\u01b0\u1ee3u<\/td>\n<\/tr>\n<tr data-start=\"847\" data-end=\"890\">\n<td class=\"max-w-[calc(var(--thread-content-max-width)*2\/3)]\" data-start=\"847\" data-end=\"872\"><strong data-start=\"849\" data-end=\"867\">K\u00ednh c\u01b0\u1eddng l\u1ef1c<\/strong><\/td>\n<td class=\"max-w-[calc(var(--thread-content-max-width)*2\/3)]\" data-start=\"872\" data-end=\"890\">3 l\u1edbp ch\u1ed1ng UV<\/td>\n<\/tr>\n<tr data-start=\"891\" data-end=\"976\">\n<td class=\"max-w-[calc(var(--thread-content-max-width)*2\/3)]\" data-start=\"891\" data-end=\"916\"><strong data-start=\"893\" data-end=\"914\">Ch\u1ea5t li\u1ec7u khay k\u1ec7<\/strong><\/td>\n<td class=\"max-w-[calc(var(--thread-content-max-width)*2\/3)] min-w-[calc(var(--thread-content-max-width)\/3)]\" data-start=\"916\" data-end=\"976\">G\u1ed7 tuy\u1ebft t\u00f9ng T\u00e2y Ban Nha (cho cigar), g\u1ed7 s\u1ed3i (cho r\u01b0\u1ee3u)<\/td>\n<\/tr>\n<tr data-start=\"977\" data-end=\"1015\">\n<td class=\"max-w-[calc(var(--thread-content-max-width)*2\/3)]\" data-start=\"977\" data-end=\"1002\"><strong data-start=\"979\" data-end=\"1002\">Kh\u00f3a an to\u00e0n tr\u1ebb em<\/strong><\/td>\n<td class=\"max-w-[calc(var(--thread-content-max-width)*2\/3)]\" data-start=\"1002\" data-end=\"1015\">C\u00f3<\/td>\n<\/tr>\n<tr data-start=\"1016\" data-end=\"1070\">\n<td class=\"max-w-[calc(var(--thread-content-max-width)*2\/3)]\" data-start=\"1016\" data-end=\"1041\"><strong data-start=\"1018\" data-end=\"1037\">Kh\u1eed m\u00f9i, h\u00fat \u1ea9m<\/strong><\/td>\n<td class=\"max-w-[calc(var(--thread-content-max-width)*2\/3)]\" data-start=\"1041\" data-end=\"1070\">C\u00f3 \u2013 d\u00e0nh ri\u00eang cho cigar<\/td>\n<\/tr>\n<tr data-start=\"1071\" data-end=\"1109\">\n<td class=\"max-w-[calc(var(--thread-content-max-width)*2\/3)]\" data-start=\"1071\" data-end=\"1096\"><strong data-start=\"1073\" data-end=\"1086\">C\u00f4ng su\u1ea5t<\/strong><\/td>\n<td class=\"max-w-[calc(var(--thread-content-max-width)*2\/3)]\" data-start=\"1096\" data-end=\"1109\">90W<\/td>\n<\/tr>\n<tr data-start=\"1110\" data-end=\"1148\">\n<td class=\"max-w-[calc(var(--thread-content-max-width)*2\/3)]\" data-start=\"1110\" data-end=\"1135\"><strong data-start=\"1112\" data-end=\"1127\">Tr\u1ecdng l\u01b0\u1ee3ng<\/strong><\/td>\n<td class=\"max-w-[calc(var(--thread-content-max-width)*2\/3)]\" data-start=\"1135\" data-end=\"1148\">49kg<\/td>\n<\/tr>\n<tr data-start=\"1149\" data-end=\"1200\">\n<td class=\"max-w-[calc(var(--thread-content-max-width)*2\/3)]\" data-start=\"1149\" data-end=\"1178\"><strong data-start=\"1151\" data-end=\"1177\">K\u00edch th\u01b0\u1edbc (C x R x S)<\/strong><\/td>\n<td class=\"max-w-[calc(var(--thread-content-max-width)*2\/3)]\" data-start=\"1178\" data-end=\"1200\">850 x 675 x 595 mm<\/td>\n<\/tr>\n<tr data-start=\"1201\" data-end=\"1239\">\n<td class=\"max-w-[calc(var(--thread-content-max-width)*2\/3)]\" data-start=\"1201\" data-end=\"1226\"><strong data-start=\"1203\" data-end=\"1220\">Ch\u1ea5t l\u00e0m l\u1ea1nh<\/strong><\/td>\n<td class=\"max-w-[calc(var(--thread-content-max-width)*2\/3)]\" data-start=\"1226\" data-end=\"1239\">R600a<\/td>\n<\/tr>\n<\/tbody>\n<\/table>\n<\/div>\n<\/div>\n","protected":false},"excerpt":{"rendered":"<p>T\u00ednh n\u0103ng \u0111\u1eb7c bi\u1ec7t:\ud83d\udd39 T\u1ee7 Side by Side g\u1ed3m 2 ng\u0103n: B\u00ean tr\u00e1i: B\u1ea3o qu\u1ea3n r\u01b0\u1ee3u vang (33 chai) B\u00ean ph\u1ea3i: B\u1ea3o qu\u1ea3n x\u00ec g\u00e0 (350 \u0111i\u1ebfu) Th\u00f4ng tin chi ti\u1ebft: Th\u00f4ng s\u1ed1 Th\u00f4ng tin Dung t\u00edch 120L S\u1ee9c ch\u1ee9a r\u01b0\u1ee3u 33 chai (chu\u1ea9n Bordeaux 750ml) S\u1ee9c ch\u1ee9a cigar 350 \u0111i\u1ebfu Nhi\u1ec7t \u0111\u1ed9 r\u01b0\u1ee3u 5\u00b0C&#8230;<\/p>\n","protected":false},"featured_media":509,"comment_status":"open","ping_status":"closed","template":"","meta":[],"product_brand":[],"product_cat":[36],"product_tag":[],"class_list":{"0":"post-508","1":"product","2":"type-product","3":"status-publish","4":"has-post-thumbnail","6":"product_cat-tu-ruou-vang","8":"first","9":"instock","10":"shipping-taxable","11":"purchasable","12":"product-type-simple"},"_links":{"self":[{"href":"https:\/\/store3.k-tech-services.com\/nhabep82\/wp-json\/wp\/v2\/product\/508","targetHints":{"allow":["GET"]}}],"collection":[{"href":"https:\/\/store3.k-tech-services.com\/nhabep82\/wp-json\/wp\/v2\/product"}],"about":[{"href":"https:\/\/store3.k-tech-services.com\/nhabep82\/wp-json\/wp\/v2\/types\/product"}],"replies":[{"embeddable":true,"href":"https:\/\/store3.k-tech-services.com\/nhabep82\/wp-json\/wp\/v2\/comments?post=508"}],"wp:featuredmedia":[{"embeddable":true,"href":"https:\/\/store3.k-tech-services.com\/nhabep82\/wp-json\/wp\/v2\/media\/509"}],"wp:attachment":[{"href":"https:\/\/store3.k-tech-services.com\/nhabep82\/wp-json\/wp\/v2\/media?parent=508"}],"wp:term":[{"taxonomy":"product_brand","embeddable":true,"href":"https:\/\/store3.k-tech-services.com\/nhabep82\/wp-json\/wp\/v2\/product_brand?post=508"},{"taxonomy":"product_cat","embeddable":true,"href":"https:\/\/store3.k-tech-services.com\/nhabep82\/wp-json\/wp\/v2\/product_cat?post=508"},{"taxonomy":"product_tag","embeddable":true,"href":"https:\/\/store3.k-tech-services.com\/nhabep82\/wp-json\/wp\/v2\/product_tag?post=508"}],"curies":[{"name":"wp","href":"https:\/\/api.w.org\/{rel}","templated":true}]}}