{"id":507,"date":"2025-04-15T15:38:57","date_gmt":"2025-04-15T15:38:57","guid":{"rendered":"https:\/\/ktech2.k-tech-services.com\/nhabep82\/?post_type=product&#038;p=507"},"modified":"2025-04-15T15:38:57","modified_gmt":"2025-04-15T15:38:57","slug":"kweu-11126b","status":"publish","type":"product","link":"https:\/\/store3.k-tech-services.com\/nhabep82\/san-pham\/kweu-11126b\/","title":{"rendered":"KWEU-11126B"},"content":{"rendered":"<ul>\n<li class=\"\" data-start=\"788\" data-end=\"809\">\n<p class=\"\" data-start=\"790\" data-end=\"809\"><strong data-start=\"790\" data-end=\"804\">Dung t\u00edch:<\/strong> 215L<\/p>\n<\/li>\n<li class=\"\" data-start=\"810\" data-end=\"834\">\n<p class=\"\" data-start=\"812\" data-end=\"834\"><strong data-start=\"812\" data-end=\"825\">S\u1ee9c ch\u1ee9a:<\/strong> 126 chai<\/p>\n<\/li>\n<li class=\"\" data-start=\"835\" data-end=\"861\">\n<p class=\"\" data-start=\"837\" data-end=\"861\"><strong data-start=\"837\" data-end=\"850\">Nhi\u1ec7t \u0111\u1ed9:<\/strong> 5\u00b0C \u2013 22\u00b0C<\/p>\n<\/li>\n<li class=\"\" data-start=\"862\" data-end=\"887\">\n<p class=\"\" data-start=\"864\" data-end=\"887\"><strong data-start=\"864\" data-end=\"879\">\u0110i\u1ec1u khi\u1ec3n:<\/strong> C\u1ea3m \u1ee9ng<\/p>\n<\/li>\n<li class=\"\" data-start=\"888\" data-end=\"938\">\n<p class=\"\" data-start=\"890\" data-end=\"938\"><strong data-start=\"890\" data-end=\"903\">Thi\u1ebft k\u1ebf:<\/strong> \u0110\u1ed9c l\u1eadp, k\u00ednh c\u01b0\u1eddng l\u1ef1c sang tr\u1ecdng<\/p>\n<\/li>\n<li class=\"\" data-start=\"939\" data-end=\"977\">\n<p class=\"\" data-start=\"941\" data-end=\"977\"><strong data-start=\"941\" data-end=\"954\">M\u00e0n h\u00ecnh:<\/strong> LED, \u0111\u00e8n UV di\u1ec7t khu\u1ea9n<\/p>\n<\/li>\n<li class=\"\" data-start=\"978\" data-end=\"1033\">\n<p class=\"\" data-start=\"980\" data-end=\"1033\"><strong data-start=\"980\" data-end=\"994\">Ch\u1ea5t li\u1ec7u:<\/strong> K\u00ednh c\u01b0\u1eddng l\u1ef1c + Gi\u00e1 k\u1ec7 g\u1ed7 s\u1ed3i cao c\u1ea5p<\/p>\n<\/li>\n<li class=\"\" data-start=\"1034\" data-end=\"1069\">\n<p class=\"\" data-start=\"1036\" data-end=\"1069\"><strong data-start=\"1036\" data-end=\"1049\">L\u00e0m l\u1ea1nh:<\/strong> Kh\u00ed n\u00e9n k\u00e9p (R600a)<\/p>\n<\/li>\n<li class=\"\" data-start=\"1070\" data-end=\"1195\">\n<p class=\"\" data-start=\"1072\" data-end=\"1097\"><strong data-start=\"1072\" data-end=\"1095\">Ch\u1ee9c n\u0103ng n\u00e2ng cao:<\/strong><\/p>\n<ul data-start=\"1100\" data-end=\"1195\">\n<li class=\"\" data-start=\"1100\" data-end=\"1125\">\n<p class=\"\" data-start=\"1102\" data-end=\"1125\">L\u00e0m l\u1ea1nh k\u00e9p, l\u1ecdc kh\u00ed<\/p>\n<\/li>\n<li class=\"\" data-start=\"1128\" data-end=\"1167\">\n<p class=\"\" data-start=\"1130\" data-end=\"1167\">B\u1ea3o qu\u1ea3n nhi\u1ec7t \u0111\u1ed9 v\u00e0 \u0111\u1ed9 \u1ea9m l\u00fd t\u01b0\u1edfng<\/p>\n<\/li>\n<li class=\"\" data-start=\"1170\" data-end=\"1195\">\n<p class=\"\" data-start=\"1172\" data-end=\"1195\">C\u00f3 gi\u00e1 tr\u01b0ng b\u00e0y r\u01b0\u1ee3u<\/p>\n<\/li>\n<\/ul>\n<\/li>\n<li class=\"\" data-start=\"1197\" data-end=\"1248\">\n<p class=\"\" data-start=\"1199\" data-end=\"1248\"><strong data-start=\"1199\" data-end=\"1226\">K\u00edch th\u01b0\u1edbc (C x R x S):<\/strong> 1770 x 595 x 680 mm<\/p>\n<\/li>\n<li class=\"\" data-start=\"1249\" data-end=\"1271\">\n<p class=\"\" data-start=\"1251\" data-end=\"1271\"><strong data-start=\"1251\" data-end=\"1265\">C\u00f4ng su\u1ea5t:<\/strong> 80W<\/p>\n<\/li>\n<li class=\"\" data-start=\"1272\" data-end=\"1299\">\n<p class=\"\" data-start=\"1274\" data-end=\"1299\"><strong data-start=\"1274\" data-end=\"1290\">Tr\u1ecdng l\u01b0\u1ee3ng:<\/strong> 107 kg<\/p>\n<\/li>\n<li class=\"\" data-start=\"1300\" data-end=\"1320\">\n<p class=\"\" data-start=\"1302\" data-end=\"1320\"><strong data-start=\"1302\" data-end=\"1312\">\u0110\u1ed9 \u1ed3n:<\/strong> 40 dB<\/p>\n<\/li>\n<\/ul>\n","protected":false},"excerpt":{"rendered":"<p>Dung t\u00edch: 215L S\u1ee9c ch\u1ee9a: 126 chai Nhi\u1ec7t \u0111\u1ed9: 5\u00b0C \u2013 22\u00b0C \u0110i\u1ec1u khi\u1ec3n: C\u1ea3m \u1ee9ng Thi\u1ebft k\u1ebf: \u0110\u1ed9c l\u1eadp, k\u00ednh c\u01b0\u1eddng l\u1ef1c sang tr\u1ecdng M\u00e0n h\u00ecnh: LED, \u0111\u00e8n UV di\u1ec7t khu\u1ea9n Ch\u1ea5t li\u1ec7u: K\u00ednh c\u01b0\u1eddng l\u1ef1c + Gi\u00e1 k\u1ec7 g\u1ed7 s\u1ed3i cao c\u1ea5p L\u00e0m l\u1ea1nh: Kh\u00ed n\u00e9n k\u00e9p (R600a) Ch\u1ee9c n\u0103ng n\u00e2ng cao: L\u00e0m&#8230;<\/p>\n","protected":false},"featured_media":505,"comment_status":"open","ping_status":"closed","template":"","meta":[],"product_brand":[],"product_cat":[36],"product_tag":[],"class_list":{"0":"post-507","1":"product","2":"type-product","3":"status-publish","4":"has-post-thumbnail","6":"product_cat-tu-ruou-vang","8":"first","9":"instock","10":"shipping-taxable","11":"purchasable","12":"product-type-simple"},"_links":{"self":[{"href":"https:\/\/store3.k-tech-services.com\/nhabep82\/wp-json\/wp\/v2\/product\/507","targetHints":{"allow":["GET"]}}],"collection":[{"href":"https:\/\/store3.k-tech-services.com\/nhabep82\/wp-json\/wp\/v2\/product"}],"about":[{"href":"https:\/\/store3.k-tech-services.com\/nhabep82\/wp-json\/wp\/v2\/types\/product"}],"replies":[{"embeddable":true,"href":"https:\/\/store3.k-tech-services.com\/nhabep82\/wp-json\/wp\/v2\/comments?post=507"}],"wp:featuredmedia":[{"embeddable":true,"href":"https:\/\/store3.k-tech-services.com\/nhabep82\/wp-json\/wp\/v2\/media\/505"}],"wp:attachment":[{"href":"https:\/\/store3.k-tech-services.com\/nhabep82\/wp-json\/wp\/v2\/media?parent=507"}],"wp:term":[{"taxonomy":"product_brand","embeddable":true,"href":"https:\/\/store3.k-tech-services.com\/nhabep82\/wp-json\/wp\/v2\/product_brand?post=507"},{"taxonomy":"product_cat","embeddable":true,"href":"https:\/\/store3.k-tech-services.com\/nhabep82\/wp-json\/wp\/v2\/product_cat?post=507"},{"taxonomy":"product_tag","embeddable":true,"href":"https:\/\/store3.k-tech-services.com\/nhabep82\/wp-json\/wp\/v2\/product_tag?post=507"}],"curies":[{"name":"wp","href":"https:\/\/api.w.org\/{rel}","templated":true}]}}