{"id":502,"date":"2025-04-15T15:35:34","date_gmt":"2025-04-15T15:35:34","guid":{"rendered":"https:\/\/ktech2.k-tech-services.com\/nhabep82\/?post_type=product&#038;p=502"},"modified":"2025-04-15T15:35:34","modified_gmt":"2025-04-15T15:35:34","slug":"kweu-1128b","status":"publish","type":"product","link":"https:\/\/store3.k-tech-services.com\/nhabep82\/san-pham\/kweu-1128b\/","title":{"rendered":"KWEU-1128B"},"content":{"rendered":"<ul>\n<li class=\"\" data-start=\"545\" data-end=\"565\">\n<p class=\"\" data-start=\"547\" data-end=\"565\"><strong data-start=\"547\" data-end=\"561\">Dung t\u00edch:<\/strong> 62L<\/p>\n<\/li>\n<li class=\"\" data-start=\"566\" data-end=\"589\">\n<p class=\"\" data-start=\"568\" data-end=\"589\"><strong data-start=\"568\" data-end=\"581\">S\u1ee9c ch\u1ee9a:<\/strong> 28 chai<\/p>\n<\/li>\n<li class=\"\" data-start=\"590\" data-end=\"616\">\n<p class=\"\" data-start=\"592\" data-end=\"616\"><strong data-start=\"592\" data-end=\"605\">Nhi\u1ec7t \u0111\u1ed9:<\/strong> 5\u00b0C \u2013 20\u00b0C<\/p>\n<\/li>\n<li class=\"\" data-start=\"617\" data-end=\"642\">\n<p class=\"\" data-start=\"619\" data-end=\"642\"><strong data-start=\"619\" data-end=\"634\">\u0110i\u1ec1u khi\u1ec3n:<\/strong> C\u1ea3m \u1ee9ng<\/p>\n<\/li>\n<li class=\"\" data-start=\"643\" data-end=\"684\">\n<p class=\"\" data-start=\"645\" data-end=\"684\"><strong data-start=\"645\" data-end=\"658\">M\u00e0n h\u00ecnh:<\/strong> LED, c\u00f3 \u0111\u00e8n UV di\u1ec7t khu\u1ea9n<\/p>\n<\/li>\n<li class=\"\" data-start=\"685\" data-end=\"739\">\n<p class=\"\" data-start=\"687\" data-end=\"739\"><strong data-start=\"687\" data-end=\"701\">Ch\u1ea5t li\u1ec7u:<\/strong> K\u00ednh c\u01b0\u1eddng l\u1ef1c, gi\u00e1 k\u1ec7 g\u1ed7 s\u1ed3i cao c\u1ea5p<\/p>\n<\/li>\n<li class=\"\" data-start=\"740\" data-end=\"777\">\n<p class=\"\" data-start=\"742\" data-end=\"777\"><strong data-start=\"742\" data-end=\"755\">Ti\u1ec7n \u00edch:<\/strong> L\u00e0m l\u1ea1nh b\u1eb1ng kh\u00ed n\u00e9n<\/p>\n<\/li>\n<li class=\"\" data-start=\"778\" data-end=\"826\">\n<p class=\"\" data-start=\"780\" data-end=\"826\"><strong data-start=\"780\" data-end=\"807\">K\u00edch th\u01b0\u1edbc (C x R x S):<\/strong> 595 x 455 x 563 mm<\/p>\n<\/li>\n<li class=\"\" data-start=\"827\" data-end=\"847\">\n<p class=\"\" data-start=\"829\" data-end=\"847\"><strong data-start=\"829\" data-end=\"839\">\u0110\u1ed9 \u1ed3n:<\/strong> 40 dB<\/p>\n<\/li>\n<li class=\"\" data-start=\"848\" data-end=\"874\">\n<p class=\"\" data-start=\"850\" data-end=\"874\"><strong data-start=\"850\" data-end=\"866\">Tr\u1ecdng l\u01b0\u1ee3ng:<\/strong> 26.6 kg<\/p>\n<\/li>\n<\/ul>\n","protected":false},"excerpt":{"rendered":"<p>Dung t\u00edch: 62L S\u1ee9c ch\u1ee9a: 28 chai Nhi\u1ec7t \u0111\u1ed9: 5\u00b0C \u2013 20\u00b0C \u0110i\u1ec1u khi\u1ec3n: C\u1ea3m \u1ee9ng M\u00e0n h\u00ecnh: LED, c\u00f3 \u0111\u00e8n UV di\u1ec7t khu\u1ea9n Ch\u1ea5t li\u1ec7u: K\u00ednh c\u01b0\u1eddng l\u1ef1c, gi\u00e1 k\u1ec7 g\u1ed7 s\u1ed3i cao c\u1ea5p Ti\u1ec7n \u00edch: L\u00e0m l\u1ea1nh b\u1eb1ng kh\u00ed n\u00e9n K\u00edch th\u01b0\u1edbc (C x R x S): 595 x 455 x 563 mm&#8230;<\/p>\n","protected":false},"featured_media":499,"comment_status":"open","ping_status":"closed","template":"","meta":[],"product_brand":[],"product_cat":[36],"product_tag":[],"class_list":{"0":"post-502","1":"product","2":"type-product","3":"status-publish","4":"has-post-thumbnail","6":"product_cat-tu-ruou-vang","8":"first","9":"instock","10":"shipping-taxable","11":"purchasable","12":"product-type-simple"},"_links":{"self":[{"href":"https:\/\/store3.k-tech-services.com\/nhabep82\/wp-json\/wp\/v2\/product\/502","targetHints":{"allow":["GET"]}}],"collection":[{"href":"https:\/\/store3.k-tech-services.com\/nhabep82\/wp-json\/wp\/v2\/product"}],"about":[{"href":"https:\/\/store3.k-tech-services.com\/nhabep82\/wp-json\/wp\/v2\/types\/product"}],"replies":[{"embeddable":true,"href":"https:\/\/store3.k-tech-services.com\/nhabep82\/wp-json\/wp\/v2\/comments?post=502"}],"wp:featuredmedia":[{"embeddable":true,"href":"https:\/\/store3.k-tech-services.com\/nhabep82\/wp-json\/wp\/v2\/media\/499"}],"wp:attachment":[{"href":"https:\/\/store3.k-tech-services.com\/nhabep82\/wp-json\/wp\/v2\/media?parent=502"}],"wp:term":[{"taxonomy":"product_brand","embeddable":true,"href":"https:\/\/store3.k-tech-services.com\/nhabep82\/wp-json\/wp\/v2\/product_brand?post=502"},{"taxonomy":"product_cat","embeddable":true,"href":"https:\/\/store3.k-tech-services.com\/nhabep82\/wp-json\/wp\/v2\/product_cat?post=502"},{"taxonomy":"product_tag","embeddable":true,"href":"https:\/\/store3.k-tech-services.com\/nhabep82\/wp-json\/wp\/v2\/product_tag?post=502"}],"curies":[{"name":"wp","href":"https:\/\/api.w.org\/{rel}","templated":true}]}}