{"id":498,"date":"2025-04-15T15:34:52","date_gmt":"2025-04-15T15:34:52","guid":{"rendered":"https:\/\/ktech2.k-tech-services.com\/nhabep82\/?post_type=product&#038;p=498"},"modified":"2025-04-15T15:34:52","modified_gmt":"2025-04-15T15:34:52","slug":"kweu-1012b","status":"publish","type":"product","link":"https:\/\/store3.k-tech-services.com\/nhabep82\/san-pham\/kweu-1012b\/","title":{"rendered":"KWEU-1012B"},"content":{"rendered":"<ul>\n<li class=\"\" data-start=\"145\" data-end=\"165\">\n<p class=\"\" data-start=\"147\" data-end=\"165\"><strong data-start=\"147\" data-end=\"161\">Dung t\u00edch:<\/strong> 33L<\/p>\n<\/li>\n<li class=\"\" data-start=\"166\" data-end=\"212\">\n<p class=\"\" data-start=\"168\" data-end=\"212\"><strong data-start=\"168\" data-end=\"181\">S\u1ee9c ch\u1ee9a:<\/strong> 12 chai (chu\u1ea9n Bordeaux 750ml)<\/p>\n<\/li>\n<li class=\"\" data-start=\"213\" data-end=\"240\">\n<p class=\"\" data-start=\"215\" data-end=\"240\"><strong data-start=\"215\" data-end=\"228\">Nhi\u1ec7t \u0111\u1ed9:<\/strong> 10\u00b0C \u2013 18\u00b0C<\/p>\n<\/li>\n<li class=\"\" data-start=\"241\" data-end=\"266\">\n<p class=\"\" data-start=\"243\" data-end=\"266\"><strong data-start=\"243\" data-end=\"258\">\u0110i\u1ec1u khi\u1ec3n:<\/strong> C\u1ea3m \u1ee9ng<\/p>\n<\/li>\n<li class=\"\" data-start=\"267\" data-end=\"308\">\n<p class=\"\" data-start=\"269\" data-end=\"308\"><strong data-start=\"269\" data-end=\"282\">M\u00e0n h\u00ecnh:<\/strong> LED, c\u00f3 \u0111\u00e8n UV di\u1ec7t khu\u1ea9n<\/p>\n<\/li>\n<li class=\"\" data-start=\"309\" data-end=\"351\">\n<p class=\"\" data-start=\"311\" data-end=\"351\"><strong data-start=\"311\" data-end=\"325\">Ch\u1ea5t li\u1ec7u:<\/strong> K\u00ednh c\u01b0\u1eddng l\u1ef1c sang tr\u1ecdng<\/p>\n<\/li>\n<li class=\"\" data-start=\"352\" data-end=\"392\">\n<p class=\"\" data-start=\"354\" data-end=\"392\"><strong data-start=\"354\" data-end=\"367\">Ti\u1ec7n \u00edch:<\/strong> L\u00e0m l\u1ea1nh b\u1eb1ng nhi\u1ec7t \u0111i\u1ec7n<\/p>\n<\/li>\n<li class=\"\" data-start=\"393\" data-end=\"441\">\n<p class=\"\" data-start=\"395\" data-end=\"441\"><strong data-start=\"395\" data-end=\"422\">K\u00edch th\u01b0\u1edbc (C x R x S):<\/strong> 468 x 340 x 510 mm<\/p>\n<\/li>\n<li class=\"\" data-start=\"442\" data-end=\"462\">\n<p class=\"\" data-start=\"444\" data-end=\"462\"><strong data-start=\"444\" data-end=\"454\">\u0110\u1ed9 \u1ed3n:<\/strong> 40 dB<\/p>\n<\/li>\n<li class=\"\" data-start=\"463\" data-end=\"489\">\n<p class=\"\" data-start=\"465\" data-end=\"489\"><strong data-start=\"465\" data-end=\"481\">Tr\u1ecdng l\u01b0\u1ee3ng:<\/strong> 14.5 kg<\/p>\n<\/li>\n<\/ul>\n","protected":false},"excerpt":{"rendered":"<p>Dung t\u00edch: 33L S\u1ee9c ch\u1ee9a: 12 chai (chu\u1ea9n Bordeaux 750ml) Nhi\u1ec7t \u0111\u1ed9: 10\u00b0C \u2013 18\u00b0C \u0110i\u1ec1u khi\u1ec3n: C\u1ea3m \u1ee9ng M\u00e0n h\u00ecnh: LED, c\u00f3 \u0111\u00e8n UV di\u1ec7t khu\u1ea9n Ch\u1ea5t li\u1ec7u: K\u00ednh c\u01b0\u1eddng l\u1ef1c sang tr\u1ecdng Ti\u1ec7n \u00edch: L\u00e0m l\u1ea1nh b\u1eb1ng nhi\u1ec7t \u0111i\u1ec7n K\u00edch th\u01b0\u1edbc (C x R x S): 468 x 340 x 510 mm \u0110\u1ed9&#8230;<\/p>\n","protected":false},"featured_media":500,"comment_status":"open","ping_status":"closed","template":"","meta":[],"product_brand":[],"product_cat":[36],"product_tag":[],"class_list":{"0":"post-498","1":"product","2":"type-product","3":"status-publish","4":"has-post-thumbnail","6":"product_cat-tu-ruou-vang","8":"first","9":"instock","10":"shipping-taxable","11":"purchasable","12":"product-type-simple"},"_links":{"self":[{"href":"https:\/\/store3.k-tech-services.com\/nhabep82\/wp-json\/wp\/v2\/product\/498","targetHints":{"allow":["GET"]}}],"collection":[{"href":"https:\/\/store3.k-tech-services.com\/nhabep82\/wp-json\/wp\/v2\/product"}],"about":[{"href":"https:\/\/store3.k-tech-services.com\/nhabep82\/wp-json\/wp\/v2\/types\/product"}],"replies":[{"embeddable":true,"href":"https:\/\/store3.k-tech-services.com\/nhabep82\/wp-json\/wp\/v2\/comments?post=498"}],"wp:featuredmedia":[{"embeddable":true,"href":"https:\/\/store3.k-tech-services.com\/nhabep82\/wp-json\/wp\/v2\/media\/500"}],"wp:attachment":[{"href":"https:\/\/store3.k-tech-services.com\/nhabep82\/wp-json\/wp\/v2\/media?parent=498"}],"wp:term":[{"taxonomy":"product_brand","embeddable":true,"href":"https:\/\/store3.k-tech-services.com\/nhabep82\/wp-json\/wp\/v2\/product_brand?post=498"},{"taxonomy":"product_cat","embeddable":true,"href":"https:\/\/store3.k-tech-services.com\/nhabep82\/wp-json\/wp\/v2\/product_cat?post=498"},{"taxonomy":"product_tag","embeddable":true,"href":"https:\/\/store3.k-tech-services.com\/nhabep82\/wp-json\/wp\/v2\/product_tag?post=498"}],"curies":[{"name":"wp","href":"https:\/\/api.w.org\/{rel}","templated":true}]}}