{"id":497,"date":"2025-04-15T15:32:44","date_gmt":"2025-04-15T15:32:44","guid":{"rendered":"https:\/\/ktech2.k-tech-services.com\/nhabep82\/?post_type=product&#038;p=497"},"modified":"2025-04-15T15:32:44","modified_gmt":"2025-04-15T15:32:44","slug":"kmeu-1050","status":"publish","type":"product","link":"https:\/\/store3.k-tech-services.com\/nhabep82\/san-pham\/kmeu-1050\/","title":{"rendered":"KMEU-1050"},"content":{"rendered":"<ul>\n<li class=\"\" data-start=\"459\" data-end=\"497\">\n<p class=\"\" data-start=\"461\" data-end=\"497\"><strong data-start=\"461\" data-end=\"470\">Lo\u1ea1i:<\/strong> L\u00f2 n\u01b0\u1edbng &amp; vi s\u00f3ng k\u1ebft h\u1ee3p<\/p>\n<\/li>\n<li class=\"\" data-start=\"498\" data-end=\"538\">\n<p class=\"\" data-start=\"500\" data-end=\"538\"><strong data-start=\"500\" data-end=\"514\">Dung t\u00edch:<\/strong> 50L (g\u1ea5p \u0111\u00f4i KMEU-1025)<\/p>\n<\/li>\n<li class=\"\" data-start=\"539\" data-end=\"576\">\n<p class=\"\" data-start=\"541\" data-end=\"576\"><strong data-start=\"541\" data-end=\"554\">M\u00e0n h\u00ecnh:<\/strong> LCD c\u1ea3m \u1ee9ng to\u00e0n ph\u1ea7n<\/p>\n<\/li>\n<li class=\"\" data-start=\"577\" data-end=\"693\">\n<p class=\"\" data-start=\"579\" data-end=\"593\"><strong data-start=\"579\" data-end=\"593\">T\u00ednh n\u0103ng:<\/strong><\/p>\n<ul data-start=\"596\" data-end=\"693\">\n<li class=\"\" data-start=\"596\" data-end=\"624\">\n<p class=\"\" data-start=\"598\" data-end=\"624\">R\u00e3 \u0111\u00f4ng, h\u00e2m n\u00f3ng, n\u01b0\u1edbng<\/p>\n<\/li>\n<li class=\"\" data-start=\"627\" data-end=\"668\">\n<p class=\"\" data-start=\"629\" data-end=\"668\">T\u00edch h\u1ee3p 2 ch\u1ee9c n\u0103ng: vi s\u00f3ng + n\u01b0\u1edbng<\/p>\n<\/li>\n<li class=\"\" data-start=\"671\" data-end=\"693\">\n<p class=\"\" data-start=\"673\" data-end=\"693\">Kh\u00f3a tr\u1ebb em, h\u1eb9n gi\u1edd<\/p>\n<\/li>\n<\/ul>\n<\/li>\n<li class=\"\" data-start=\"694\" data-end=\"742\">\n<p class=\"\" data-start=\"696\" data-end=\"742\"><strong data-start=\"696\" data-end=\"723\">K\u00edch th\u01b0\u1edbc (C x R x S):<\/strong> 450 \u00d7 594 \u00d7 320 mm<\/p>\n<\/li>\n<li class=\"\" data-start=\"743\" data-end=\"775\">\n<p class=\"\" data-start=\"745\" data-end=\"775\"><strong data-start=\"745\" data-end=\"757\">Xu\u1ea5t x\u1ee9:<\/strong> Ch\u00ednh h\u00e3ng K\u00f6cher<\/p>\n<\/li>\n<\/ul>\n","protected":false},"excerpt":{"rendered":"<p>Lo\u1ea1i: L\u00f2 n\u01b0\u1edbng &amp; vi s\u00f3ng k\u1ebft h\u1ee3p Dung t\u00edch: 50L (g\u1ea5p \u0111\u00f4i KMEU-1025) M\u00e0n h\u00ecnh: LCD c\u1ea3m \u1ee9ng to\u00e0n ph\u1ea7n T\u00ednh n\u0103ng: R\u00e3 \u0111\u00f4ng, h\u00e2m n\u00f3ng, n\u01b0\u1edbng T\u00edch h\u1ee3p 2 ch\u1ee9c n\u0103ng: vi s\u00f3ng + n\u01b0\u1edbng Kh\u00f3a tr\u1ebb em, h\u1eb9n gi\u1edd K\u00edch th\u01b0\u1edbc (C x R x S): 450 \u00d7 594 \u00d7 320 mm&#8230;<\/p>\n","protected":false},"featured_media":495,"comment_status":"open","ping_status":"closed","template":"","meta":[],"product_brand":[],"product_cat":[35],"product_tag":[],"class_list":{"0":"post-497","1":"product","2":"type-product","3":"status-publish","4":"has-post-thumbnail","6":"product_cat-lo-nuong","8":"first","9":"instock","10":"shipping-taxable","11":"purchasable","12":"product-type-simple"},"_links":{"self":[{"href":"https:\/\/store3.k-tech-services.com\/nhabep82\/wp-json\/wp\/v2\/product\/497","targetHints":{"allow":["GET"]}}],"collection":[{"href":"https:\/\/store3.k-tech-services.com\/nhabep82\/wp-json\/wp\/v2\/product"}],"about":[{"href":"https:\/\/store3.k-tech-services.com\/nhabep82\/wp-json\/wp\/v2\/types\/product"}],"replies":[{"embeddable":true,"href":"https:\/\/store3.k-tech-services.com\/nhabep82\/wp-json\/wp\/v2\/comments?post=497"}],"wp:featuredmedia":[{"embeddable":true,"href":"https:\/\/store3.k-tech-services.com\/nhabep82\/wp-json\/wp\/v2\/media\/495"}],"wp:attachment":[{"href":"https:\/\/store3.k-tech-services.com\/nhabep82\/wp-json\/wp\/v2\/media?parent=497"}],"wp:term":[{"taxonomy":"product_brand","embeddable":true,"href":"https:\/\/store3.k-tech-services.com\/nhabep82\/wp-json\/wp\/v2\/product_brand?post=497"},{"taxonomy":"product_cat","embeddable":true,"href":"https:\/\/store3.k-tech-services.com\/nhabep82\/wp-json\/wp\/v2\/product_cat?post=497"},{"taxonomy":"product_tag","embeddable":true,"href":"https:\/\/store3.k-tech-services.com\/nhabep82\/wp-json\/wp\/v2\/product_tag?post=497"}],"curies":[{"name":"wp","href":"https:\/\/api.w.org\/{rel}","templated":true}]}}