{"id":494,"date":"2025-04-15T15:31:52","date_gmt":"2025-04-15T15:31:52","guid":{"rendered":"https:\/\/ktech2.k-tech-services.com\/nhabep82\/?post_type=product&#038;p=494"},"modified":"2025-04-15T15:32:03","modified_gmt":"2025-04-15T15:32:03","slug":"kmeu-1025","status":"publish","type":"product","link":"https:\/\/store3.k-tech-services.com\/nhabep82\/san-pham\/kmeu-1025\/","title":{"rendered":"KMEU-1025"},"content":{"rendered":"<ul>\n<li class=\"\" data-start=\"141\" data-end=\"163\">\n<p class=\"\" data-start=\"143\" data-end=\"163\"><strong data-start=\"143\" data-end=\"152\">Lo\u1ea1i:<\/strong> L\u00f2 vi s\u00f3ng<\/p>\n<\/li>\n<li class=\"\" data-start=\"164\" data-end=\"184\">\n<p class=\"\" data-start=\"166\" data-end=\"184\"><strong data-start=\"166\" data-end=\"180\">Dung t\u00edch:<\/strong> 25L<\/p>\n<\/li>\n<li class=\"\" data-start=\"185\" data-end=\"204\">\n<p class=\"\" data-start=\"187\" data-end=\"204\"><strong data-start=\"187\" data-end=\"200\">M\u00e0n h\u00ecnh:<\/strong> LCD<\/p>\n<\/li>\n<li class=\"\" data-start=\"205\" data-end=\"241\">\n<p class=\"\" data-start=\"207\" data-end=\"241\"><strong data-start=\"207\" data-end=\"222\">\u0110i\u1ec1u khi\u1ec3n:<\/strong> C\u1ea3m \u1ee9ng + n\u00fam xoay<\/p>\n<\/li>\n<li class=\"\" data-start=\"242\" data-end=\"317\">\n<p class=\"\" data-start=\"244\" data-end=\"260\"><strong data-start=\"244\" data-end=\"258\">T\u00ednh n\u0103ng:<\/strong><\/p>\n<ul data-start=\"263\" data-end=\"317\">\n<li class=\"\" data-start=\"263\" data-end=\"292\">\n<p class=\"\" data-start=\"265\" data-end=\"292\">R\u00e3 \u0111\u00f4ng, h\u00e2m n\u00f3ng, n\u1ea5u \u0103n<\/p>\n<\/li>\n<li class=\"\" data-start=\"295\" data-end=\"317\">\n<p class=\"\" data-start=\"297\" data-end=\"317\">Kh\u00f3a tr\u1ebb em, h\u1eb9n gi\u1edd<\/p>\n<\/li>\n<\/ul>\n<\/li>\n<li class=\"\" data-start=\"318\" data-end=\"366\">\n<p class=\"\" data-start=\"320\" data-end=\"366\"><strong data-start=\"320\" data-end=\"347\">K\u00edch th\u01b0\u1edbc (C x R x S):<\/strong> 382 \u00d7 594 \u00d7 297 mm<\/p>\n<\/li>\n<li class=\"\" data-start=\"367\" data-end=\"399\">\n<p class=\"\" data-start=\"369\" data-end=\"399\"><strong data-start=\"369\" data-end=\"381\">Xu\u1ea5t x\u1ee9:<\/strong> Ch\u00ednh h\u00e3ng K\u00f6cher<\/p>\n<\/li>\n<\/ul>\n","protected":false},"excerpt":{"rendered":"<p>Lo\u1ea1i: L\u00f2 vi s\u00f3ng Dung t\u00edch: 25L M\u00e0n h\u00ecnh: LCD \u0110i\u1ec1u khi\u1ec3n: C\u1ea3m \u1ee9ng + n\u00fam xoay T\u00ednh n\u0103ng: R\u00e3 \u0111\u00f4ng, h\u00e2m n\u00f3ng, n\u1ea5u \u0103n Kh\u00f3a tr\u1ebb em, h\u1eb9n gi\u1edd K\u00edch th\u01b0\u1edbc (C x R x S): 382 \u00d7 594 \u00d7 297 mm Xu\u1ea5t x\u1ee9: Ch\u00ednh h\u00e3ng K\u00f6cher<\/p>\n","protected":false},"featured_media":496,"comment_status":"open","ping_status":"closed","template":"","meta":[],"product_brand":[],"product_cat":[35],"product_tag":[],"class_list":{"0":"post-494","1":"product","2":"type-product","3":"status-publish","4":"has-post-thumbnail","6":"product_cat-lo-nuong","8":"first","9":"instock","10":"shipping-taxable","11":"purchasable","12":"product-type-simple"},"_links":{"self":[{"href":"https:\/\/store3.k-tech-services.com\/nhabep82\/wp-json\/wp\/v2\/product\/494","targetHints":{"allow":["GET"]}}],"collection":[{"href":"https:\/\/store3.k-tech-services.com\/nhabep82\/wp-json\/wp\/v2\/product"}],"about":[{"href":"https:\/\/store3.k-tech-services.com\/nhabep82\/wp-json\/wp\/v2\/types\/product"}],"replies":[{"embeddable":true,"href":"https:\/\/store3.k-tech-services.com\/nhabep82\/wp-json\/wp\/v2\/comments?post=494"}],"wp:featuredmedia":[{"embeddable":true,"href":"https:\/\/store3.k-tech-services.com\/nhabep82\/wp-json\/wp\/v2\/media\/496"}],"wp:attachment":[{"href":"https:\/\/store3.k-tech-services.com\/nhabep82\/wp-json\/wp\/v2\/media?parent=494"}],"wp:term":[{"taxonomy":"product_brand","embeddable":true,"href":"https:\/\/store3.k-tech-services.com\/nhabep82\/wp-json\/wp\/v2\/product_brand?post=494"},{"taxonomy":"product_cat","embeddable":true,"href":"https:\/\/store3.k-tech-services.com\/nhabep82\/wp-json\/wp\/v2\/product_cat?post=494"},{"taxonomy":"product_tag","embeddable":true,"href":"https:\/\/store3.k-tech-services.com\/nhabep82\/wp-json\/wp\/v2\/product_tag?post=494"}],"curies":[{"name":"wp","href":"https:\/\/api.w.org\/{rel}","templated":true}]}}