{"id":492,"date":"2025-04-15T15:30:05","date_gmt":"2025-04-15T15:30:05","guid":{"rendered":"https:\/\/ktech2.k-tech-services.com\/nhabep82\/?post_type=product&#038;p=492"},"modified":"2025-04-15T15:30:05","modified_gmt":"2025-04-15T15:30:05","slug":"koeu-68s08f","status":"publish","type":"product","link":"https:\/\/store3.k-tech-services.com\/nhabep82\/san-pham\/koeu-68s08f\/","title":{"rendered":"KOEU-68S08F"},"content":{"rendered":"<ul>\n<li class=\"\" data-start=\"528\" data-end=\"548\">\n<p class=\"\" data-start=\"530\" data-end=\"548\"><strong data-start=\"530\" data-end=\"544\">Dung t\u00edch:<\/strong> 71L<\/p>\n<\/li>\n<li class=\"\" data-start=\"549\" data-end=\"600\">\n<p class=\"\" data-start=\"551\" data-end=\"600\"><strong data-start=\"551\" data-end=\"574\">Ch\u01b0\u01a1ng tr\u00ecnh n\u01b0\u1edbng:<\/strong> 13 ch\u1ebf \u0111\u1ed9 (\u00edt h\u01a1n 71S14F)<\/p>\n<\/li>\n<li class=\"\" data-start=\"601\" data-end=\"659\">\n<p class=\"\" data-start=\"603\" data-end=\"626\"><strong data-start=\"603\" data-end=\"626\">T\u00ednh n\u0103ng \u0111\u1eb7c bi\u1ec7t:<\/strong><\/p>\n<ul data-start=\"629\" data-end=\"659\">\n<li class=\"\" data-start=\"629\" data-end=\"659\">\n<p class=\"\" data-start=\"631\" data-end=\"659\">\u0110i\u1ec1u khi\u1ec3n c\u1ea3m \u1ee9ng + n\u00fam v\u1eb7n<\/p>\n<\/li>\n<\/ul>\n<\/li>\n<li class=\"\" data-start=\"660\" data-end=\"707\">\n<p class=\"\" data-start=\"662\" data-end=\"707\"><strong data-start=\"662\" data-end=\"676\">C\u00f4ng ngh\u1ec7:<\/strong> N\u01b0\u1edbng 3D, kh\u00f3a tr\u1ebb em, h\u1eb9n gi\u1edd<\/p>\n<\/li>\n<li class=\"\" data-start=\"708\" data-end=\"740\">\n<p class=\"\" data-start=\"710\" data-end=\"740\"><strong data-start=\"710\" data-end=\"725\">K\u00edch th\u01b0\u1edbc:<\/strong> 595x595x575 mm<\/p>\n<\/li>\n<li class=\"\" data-start=\"741\" data-end=\"773\">\n<p class=\"\" data-start=\"743\" data-end=\"773\"><strong data-start=\"743\" data-end=\"755\">Xu\u1ea5t x\u1ee9:<\/strong> Ch\u00ednh h\u00e3ng K\u00f6cher<\/p>\n<\/li>\n<\/ul>\n","protected":false},"excerpt":{"rendered":"<p>Dung t\u00edch: 71L Ch\u01b0\u01a1ng tr\u00ecnh n\u01b0\u1edbng: 13 ch\u1ebf \u0111\u1ed9 (\u00edt h\u01a1n 71S14F) T\u00ednh n\u0103ng \u0111\u1eb7c bi\u1ec7t: \u0110i\u1ec1u khi\u1ec3n c\u1ea3m \u1ee9ng + n\u00fam v\u1eb7n C\u00f4ng ngh\u1ec7: N\u01b0\u1edbng 3D, kh\u00f3a tr\u1ebb em, h\u1eb9n gi\u1edd K\u00edch th\u01b0\u1edbc: 595x595x575 mm Xu\u1ea5t x\u1ee9: Ch\u00ednh h\u00e3ng K\u00f6cher<\/p>\n","protected":false},"featured_media":490,"comment_status":"open","ping_status":"closed","template":"","meta":[],"product_brand":[],"product_cat":[35],"product_tag":[],"class_list":{"0":"post-492","1":"product","2":"type-product","3":"status-publish","4":"has-post-thumbnail","6":"product_cat-lo-nuong","8":"first","9":"instock","10":"shipping-taxable","11":"purchasable","12":"product-type-simple"},"_links":{"self":[{"href":"https:\/\/store3.k-tech-services.com\/nhabep82\/wp-json\/wp\/v2\/product\/492","targetHints":{"allow":["GET"]}}],"collection":[{"href":"https:\/\/store3.k-tech-services.com\/nhabep82\/wp-json\/wp\/v2\/product"}],"about":[{"href":"https:\/\/store3.k-tech-services.com\/nhabep82\/wp-json\/wp\/v2\/types\/product"}],"replies":[{"embeddable":true,"href":"https:\/\/store3.k-tech-services.com\/nhabep82\/wp-json\/wp\/v2\/comments?post=492"}],"wp:featuredmedia":[{"embeddable":true,"href":"https:\/\/store3.k-tech-services.com\/nhabep82\/wp-json\/wp\/v2\/media\/490"}],"wp:attachment":[{"href":"https:\/\/store3.k-tech-services.com\/nhabep82\/wp-json\/wp\/v2\/media?parent=492"}],"wp:term":[{"taxonomy":"product_brand","embeddable":true,"href":"https:\/\/store3.k-tech-services.com\/nhabep82\/wp-json\/wp\/v2\/product_brand?post=492"},{"taxonomy":"product_cat","embeddable":true,"href":"https:\/\/store3.k-tech-services.com\/nhabep82\/wp-json\/wp\/v2\/product_cat?post=492"},{"taxonomy":"product_tag","embeddable":true,"href":"https:\/\/store3.k-tech-services.com\/nhabep82\/wp-json\/wp\/v2\/product_tag?post=492"}],"curies":[{"name":"wp","href":"https:\/\/api.w.org\/{rel}","templated":true}]}}