{"id":489,"date":"2025-04-15T15:28:06","date_gmt":"2025-04-15T15:28:06","guid":{"rendered":"https:\/\/ktech2.k-tech-services.com\/nhabep82\/?post_type=product&#038;p=489"},"modified":"2025-04-15T15:28:07","modified_gmt":"2025-04-15T15:28:07","slug":"koeu-71s14f-2","status":"publish","type":"product","link":"https:\/\/store3.k-tech-services.com\/nhabep82\/san-pham\/koeu-71s14f-2\/","title":{"rendered":"KOEU-71S14F"},"content":{"rendered":"<ul>\n<li class=\"\" data-start=\"149\" data-end=\"169\">\n<p class=\"\" data-start=\"151\" data-end=\"169\"><strong data-start=\"151\" data-end=\"165\">Dung t\u00edch:<\/strong> 71L<\/p>\n<\/li>\n<li class=\"\" data-start=\"170\" data-end=\"263\">\n<p class=\"\" data-start=\"172\" data-end=\"263\"><strong data-start=\"172\" data-end=\"195\">Ch\u01b0\u01a1ng tr\u00ecnh n\u01b0\u1edbng:<\/strong> 14 ch\u1ebf \u0111\u1ed9 (\u0111a d\u1ea1ng nh\u1ea5t), c\u00f3 pizza, n\u01b0\u1edbng ch\u1eadm, n\u01b0\u1edbng nhi\u1ec7t m\u1eb7t nh\u1ecf<\/p>\n<\/li>\n<li class=\"\" data-start=\"264\" data-end=\"352\">\n<p class=\"\" data-start=\"266\" data-end=\"290\"><strong data-start=\"266\" data-end=\"289\">T\u00ednh n\u0103ng \u0111\u1eb7c bi\u1ec7t:<\/strong><\/p>\n<ul data-start=\"293\" data-end=\"352\">\n<li class=\"\" data-start=\"293\" data-end=\"319\">\n<p class=\"\" data-start=\"295\" data-end=\"319\">L\u00e0m s\u1ea1ch b\u1eb1ng nhi\u1ec7t ph\u00e2n<\/p>\n<\/li>\n<li class=\"\" data-start=\"322\" data-end=\"352\">\n<p class=\"\" data-start=\"324\" data-end=\"352\">\u0110i\u1ec1u khi\u1ec3n c\u1ea3m \u1ee9ng to\u00e0n ph\u1ea7n<\/p>\n<\/li>\n<\/ul>\n<\/li>\n<li class=\"\" data-start=\"353\" data-end=\"400\">\n<p class=\"\" data-start=\"355\" data-end=\"400\"><strong data-start=\"355\" data-end=\"369\">C\u00f4ng ngh\u1ec7:<\/strong> N\u01b0\u1edbng 3D, kh\u00f3a tr\u1ebb em, h\u1eb9n gi\u1edd<\/p>\n<\/li>\n<li class=\"\" data-start=\"401\" data-end=\"433\">\n<p class=\"\" data-start=\"403\" data-end=\"433\"><strong data-start=\"403\" data-end=\"418\">K\u00edch th\u01b0\u1edbc:<\/strong> 595x595x575 mm<\/p>\n<\/li>\n<li class=\"\" data-start=\"434\" data-end=\"466\">\n<p class=\"\" data-start=\"436\" data-end=\"466\"><strong data-start=\"436\" data-end=\"448\">Xu\u1ea5t x\u1ee9:<\/strong> Ch\u00ednh h\u00e3ng K\u00f6cher<\/p>\n<\/li>\n<\/ul>\n","protected":false},"excerpt":{"rendered":"<p>Dung t\u00edch: 71L Ch\u01b0\u01a1ng tr\u00ecnh n\u01b0\u1edbng: 14 ch\u1ebf \u0111\u1ed9 (\u0111a d\u1ea1ng nh\u1ea5t), c\u00f3 pizza, n\u01b0\u1edbng ch\u1eadm, n\u01b0\u1edbng nhi\u1ec7t m\u1eb7t nh\u1ecf T\u00ednh n\u0103ng \u0111\u1eb7c bi\u1ec7t: L\u00e0m s\u1ea1ch b\u1eb1ng nhi\u1ec7t ph\u00e2n \u0110i\u1ec1u khi\u1ec3n c\u1ea3m \u1ee9ng to\u00e0n ph\u1ea7n C\u00f4ng ngh\u1ec7: N\u01b0\u1edbng 3D, kh\u00f3a tr\u1ebb em, h\u1eb9n gi\u1edd K\u00edch th\u01b0\u1edbc: 595x595x575 mm Xu\u1ea5t x\u1ee9: Ch\u00ednh h\u00e3ng K\u00f6cher<\/p>\n","protected":false},"featured_media":491,"comment_status":"open","ping_status":"closed","template":"","meta":[],"product_brand":[],"product_cat":[35],"product_tag":[],"class_list":{"0":"post-489","1":"product","2":"type-product","3":"status-publish","4":"has-post-thumbnail","6":"product_cat-lo-nuong","8":"first","9":"instock","10":"shipping-taxable","11":"purchasable","12":"product-type-simple"},"_links":{"self":[{"href":"https:\/\/store3.k-tech-services.com\/nhabep82\/wp-json\/wp\/v2\/product\/489","targetHints":{"allow":["GET"]}}],"collection":[{"href":"https:\/\/store3.k-tech-services.com\/nhabep82\/wp-json\/wp\/v2\/product"}],"about":[{"href":"https:\/\/store3.k-tech-services.com\/nhabep82\/wp-json\/wp\/v2\/types\/product"}],"replies":[{"embeddable":true,"href":"https:\/\/store3.k-tech-services.com\/nhabep82\/wp-json\/wp\/v2\/comments?post=489"}],"wp:featuredmedia":[{"embeddable":true,"href":"https:\/\/store3.k-tech-services.com\/nhabep82\/wp-json\/wp\/v2\/media\/491"}],"wp:attachment":[{"href":"https:\/\/store3.k-tech-services.com\/nhabep82\/wp-json\/wp\/v2\/media?parent=489"}],"wp:term":[{"taxonomy":"product_brand","embeddable":true,"href":"https:\/\/store3.k-tech-services.com\/nhabep82\/wp-json\/wp\/v2\/product_brand?post=489"},{"taxonomy":"product_cat","embeddable":true,"href":"https:\/\/store3.k-tech-services.com\/nhabep82\/wp-json\/wp\/v2\/product_cat?post=489"},{"taxonomy":"product_tag","embeddable":true,"href":"https:\/\/store3.k-tech-services.com\/nhabep82\/wp-json\/wp\/v2\/product_tag?post=489"}],"curies":[{"name":"wp","href":"https:\/\/api.w.org\/{rel}","templated":true}]}}