{"id":487,"date":"2025-04-15T15:26:06","date_gmt":"2025-04-15T15:26:06","guid":{"rendered":"https:\/\/ktech2.k-tech-services.com\/nhabep82\/?post_type=product&#038;p=487"},"modified":"2025-04-15T15:26:06","modified_gmt":"2025-04-15T15:26:06","slug":"koeu-71s14f","status":"publish","type":"product","link":"https:\/\/store3.k-tech-services.com\/nhabep82\/san-pham\/koeu-71s14f\/","title":{"rendered":"KOEU-71S14F"},"content":{"rendered":"<h3 class=\"\" data-start=\"180\" data-end=\"219\"><strong data-start=\"184\" data-end=\"219\">T\u00cdNH N\u0102NG V\u00c0 TH\u00d4NG TIN S\u1ea2N PH\u1ea8M<\/strong><\/h3>\n<ul data-start=\"220\" data-end=\"565\">\n<li class=\"\" data-start=\"220\" data-end=\"242\">\n<p class=\"\" data-start=\"222\" data-end=\"242\"><strong data-start=\"222\" data-end=\"236\">Dung t\u00edch:<\/strong> 71L<\/p>\n<\/li>\n<li class=\"\" data-start=\"243\" data-end=\"273\">\n<p class=\"\" data-start=\"245\" data-end=\"273\"><strong data-start=\"245\" data-end=\"267\">M\u00e0n h\u00ecnh hi\u1ec3n th\u1ecb:<\/strong> LCD<\/p>\n<\/li>\n<li class=\"\" data-start=\"274\" data-end=\"341\">\n<p class=\"\" data-start=\"276\" data-end=\"341\"><strong data-start=\"276\" data-end=\"306\">M\u1eb7t k\u00ednh 03 l\u1edbp c\u00e1ch nhi\u1ec7t<\/strong> \u2013 ki\u1ec3u d\u00e1ng hi\u1ec7n \u0111\u1ea1i, sang tr\u1ecdng<\/p>\n<\/li>\n<li class=\"\" data-start=\"342\" data-end=\"377\">\n<p class=\"\" data-start=\"344\" data-end=\"377\"><strong data-start=\"344\" data-end=\"375\">H\u1ec7 th\u1ed1ng \u0111i\u1ec1u khi\u1ec3n c\u1ea3m \u1ee9ng<\/strong><\/p>\n<\/li>\n<li class=\"\" data-start=\"378\" data-end=\"433\">\n<p class=\"\" data-start=\"380\" data-end=\"433\"><strong data-start=\"380\" data-end=\"405\">14 ch\u01b0\u01a1ng tr\u00ecnh n\u01b0\u1edbng<\/strong>, bao g\u1ed3m c\u1ea3 n\u01b0\u1edbng t\u1ef1 \u0111\u1ed9ng<\/p>\n<\/li>\n<li class=\"\" data-start=\"434\" data-end=\"476\">\n<p class=\"\" data-start=\"436\" data-end=\"476\"><strong data-start=\"436\" data-end=\"474\">C\u00f4ng ngh\u1ec7 l\u00e0m s\u1ea1ch b\u1eb1ng nhi\u1ec7t ph\u00e2n<\/strong><\/p>\n<\/li>\n<li class=\"\" data-start=\"477\" data-end=\"504\">\n<p class=\"\" data-start=\"479\" data-end=\"504\"><strong data-start=\"479\" data-end=\"502\">Kh\u00f3a an to\u00e0n tr\u1ebb em<\/strong><\/p>\n<\/li>\n<li class=\"\" data-start=\"505\" data-end=\"565\">\n<p class=\"\" data-start=\"507\" data-end=\"565\"><strong data-start=\"507\" data-end=\"565\">\u0110\u00e8n b\u00e1o nhi\u1ec7t d\u01b0 v\u00e0 \u00e2m thanh b\u00e1o k\u1ebft th\u00fac ch\u01b0\u01a1ng tr\u00ecnh<\/strong><\/p>\n<\/li>\n<\/ul>\n<hr class=\"\" data-start=\"567\" data-end=\"570\" \/>\n<h3 class=\"\" data-start=\"572\" data-end=\"602\"><strong data-start=\"576\" data-end=\"602\">C\u00c1C CH\u01af\u01a0NG TR\u00ccNH N\u01af\u1edaNG<\/strong><\/h3>\n<ul data-start=\"603\" data-end=\"940\">\n<li class=\"\" data-start=\"603\" data-end=\"626\">\n<p class=\"\" data-start=\"605\" data-end=\"626\">R\u00e3 \u0111\u00f4ng (d\u00f9ng qu\u1ea1t)<\/p>\n<\/li>\n<li class=\"\" data-start=\"627\" data-end=\"644\">\n<p class=\"\" data-start=\"629\" data-end=\"644\">N\u01b0\u1edbng \u0111\u1ed1i l\u01b0u<\/p>\n<\/li>\n<li class=\"\" data-start=\"645\" data-end=\"675\">\n<p class=\"\" data-start=\"647\" data-end=\"675\">N\u01b0\u1edbng \u0111\u1ed1i l\u01b0u + nhi\u1ec7t tr\u00ean<\/p>\n<\/li>\n<li class=\"\" data-start=\"676\" data-end=\"696\">\n<p class=\"\" data-start=\"678\" data-end=\"696\">N\u01b0\u1edbng nhi\u1ec7t tr\u00ean<\/p>\n<\/li>\n<li class=\"\" data-start=\"697\" data-end=\"721\">\n<p class=\"\" data-start=\"699\" data-end=\"721\">N\u01b0\u1edbng nhi\u1ec7t tr\u00ean cao<\/p>\n<\/li>\n<li class=\"\" data-start=\"722\" data-end=\"749\">\n<p class=\"\" data-start=\"724\" data-end=\"749\">N\u01b0\u1edbng nhi\u1ec7t cao \u0111\u1ed1i l\u01b0u<\/p>\n<\/li>\n<li class=\"\" data-start=\"750\" data-end=\"780\">\n<p class=\"\" data-start=\"752\" data-end=\"780\">N\u01b0\u1edbng \u0111\u1ed1i l\u01b0u k\u1ebft h\u1ee3p qu\u1ea1t<\/p>\n<\/li>\n<li class=\"\" data-start=\"781\" data-end=\"800\">\n<p class=\"\" data-start=\"783\" data-end=\"800\">N\u01b0\u1edbng ti\u1ebft ki\u1ec7m<\/p>\n<\/li>\n<li class=\"\" data-start=\"801\" data-end=\"816\">\n<p class=\"\" data-start=\"803\" data-end=\"816\">N\u01b0\u1edbng Pizza<\/p>\n<\/li>\n<li class=\"\" data-start=\"817\" data-end=\"832\">\n<p class=\"\" data-start=\"819\" data-end=\"832\">N\u01b0\u1edbng nhanh<\/p>\n<\/li>\n<li class=\"\" data-start=\"833\" data-end=\"847\">\n<p class=\"\" data-start=\"835\" data-end=\"847\">N\u01b0\u1edbng ch\u1eadm<\/p>\n<\/li>\n<li class=\"\" data-start=\"848\" data-end=\"875\">\n<p class=\"\" data-start=\"850\" data-end=\"875\">N\u01b0\u1edbng nhi\u1ec7t b\u00ean m\u1eb7t nh\u1ecf<\/p>\n<\/li>\n<li class=\"\" data-start=\"876\" data-end=\"911\">\n<p class=\"\" data-start=\"878\" data-end=\"911\">N\u01b0\u1edbng nhi\u1ec7t b\u00ean m\u1eb7t nh\u1ecf \u0111\u1ed1i l\u01b0u<\/p>\n<\/li>\n<li class=\"\" data-start=\"912\" data-end=\"940\">\n<p class=\"\" data-start=\"914\" data-end=\"940\">N\u01b0\u1edbng nhanh k\u1ebft h\u1ee3p qu\u1ea1t<\/p>\n<\/li>\n<\/ul>\n<hr class=\"\" data-start=\"942\" data-end=\"945\" \/>\n<h3 class=\"\" data-start=\"947\" data-end=\"975\"><strong data-start=\"951\" data-end=\"975\">CH\u1ee8C N\u0102NG TH\u00d4NG MINH<\/strong><\/h3>\n<ul data-start=\"976\" data-end=\"1061\">\n<li class=\"\" data-start=\"976\" data-end=\"1003\">\n<p class=\"\" data-start=\"978\" data-end=\"1003\"><strong data-start=\"978\" data-end=\"1001\">Kh\u00f3a an to\u00e0n tr\u1ebb em<\/strong><\/p>\n<\/li>\n<li class=\"\" data-start=\"1004\" data-end=\"1025\">\n<p class=\"\" data-start=\"1006\" data-end=\"1025\"><strong data-start=\"1006\" data-end=\"1023\">H\u1eb9n gi\u1edd n\u01b0\u1edbng<\/strong><\/p>\n<\/li>\n<li class=\"\" data-start=\"1026\" data-end=\"1061\">\n<p class=\"\" data-start=\"1028\" data-end=\"1061\"><strong data-start=\"1028\" data-end=\"1061\">\u0110i\u1ec1u ch\u1ec9nh nhi\u1ec7t \u0111\u1ed9 linh ho\u1ea1t<\/strong><\/p>\n<\/li>\n<\/ul>\n<hr class=\"\" data-start=\"1063\" data-end=\"1066\" \/>\n<h3 class=\"\" data-start=\"1068\" data-end=\"1094\"><strong data-start=\"1072\" data-end=\"1094\">TH\u00d4NG TIN K\u1ef8 THU\u1eacT<\/strong><\/h3>\n<ul data-start=\"1095\" data-end=\"1256\">\n<li class=\"\" data-start=\"1095\" data-end=\"1127\">\n<p class=\"\" data-start=\"1097\" data-end=\"1127\"><strong data-start=\"1097\" data-end=\"1109\">\u0110i\u1ec7n \u00e1p:<\/strong> 220\u2013240V ~ 50Hz<\/p>\n<\/li>\n<li class=\"\" data-start=\"1128\" data-end=\"1153\">\n<p class=\"\" data-start=\"1130\" data-end=\"1153\"><strong data-start=\"1130\" data-end=\"1144\">C\u00f4ng su\u1ea5t:<\/strong> 3.2 kW<\/p>\n<\/li>\n<li class=\"\" data-start=\"1154\" data-end=\"1200\">\n<p class=\"\" data-start=\"1156\" data-end=\"1200\"><strong data-start=\"1156\" data-end=\"1179\">K\u00edch th\u01b0\u1edbc (RxSxC):<\/strong> 595 x 595 x 575 mm<\/p>\n<\/li>\n<li class=\"\" data-start=\"1201\" data-end=\"1256\">\n<p class=\"\" data-start=\"1203\" data-end=\"1256\"><strong data-start=\"1203\" data-end=\"1235\">L\u1eafp \u00e2m t\u1ee7 (khoang r\u1ed7ng c\u1ea7n):<\/strong> 595 x 595 x 575 mm<\/p>\n<\/li>\n<\/ul>\n<hr class=\"\" data-start=\"1258\" data-end=\"1261\" \/>\n<p class=\"\" data-start=\"1263\" data-end=\"1293\"><strong data-start=\"1263\" data-end=\"1275\">Xu\u1ea5t x\u1ee9:<\/strong> Ch\u00ednh h\u00e3ng K\u00f6cher<\/p>\n","protected":false},"excerpt":{"rendered":"<p>T\u00cdNH N\u0102NG V\u00c0 TH\u00d4NG TIN S\u1ea2N PH\u1ea8M Dung t\u00edch: 71L M\u00e0n h\u00ecnh hi\u1ec3n th\u1ecb: LCD M\u1eb7t k\u00ednh 03 l\u1edbp c\u00e1ch nhi\u1ec7t \u2013 ki\u1ec3u d\u00e1ng hi\u1ec7n \u0111\u1ea1i, sang tr\u1ecdng H\u1ec7 th\u1ed1ng \u0111i\u1ec1u khi\u1ec3n c\u1ea3m \u1ee9ng 14 ch\u01b0\u01a1ng tr\u00ecnh n\u01b0\u1edbng, bao g\u1ed3m c\u1ea3 n\u01b0\u1edbng t\u1ef1 \u0111\u1ed9ng C\u00f4ng ngh\u1ec7 l\u00e0m s\u1ea1ch b\u1eb1ng nhi\u1ec7t ph\u00e2n Kh\u00f3a an to\u00e0n tr\u1ebb&#8230;<\/p>\n","protected":false},"featured_media":488,"comment_status":"open","ping_status":"closed","template":"","meta":[],"product_brand":[],"product_cat":[35],"product_tag":[],"class_list":{"0":"post-487","1":"product","2":"type-product","3":"status-publish","4":"has-post-thumbnail","6":"product_cat-lo-nuong","8":"first","9":"instock","10":"shipping-taxable","11":"purchasable","12":"product-type-simple"},"_links":{"self":[{"href":"https:\/\/store3.k-tech-services.com\/nhabep82\/wp-json\/wp\/v2\/product\/487","targetHints":{"allow":["GET"]}}],"collection":[{"href":"https:\/\/store3.k-tech-services.com\/nhabep82\/wp-json\/wp\/v2\/product"}],"about":[{"href":"https:\/\/store3.k-tech-services.com\/nhabep82\/wp-json\/wp\/v2\/types\/product"}],"replies":[{"embeddable":true,"href":"https:\/\/store3.k-tech-services.com\/nhabep82\/wp-json\/wp\/v2\/comments?post=487"}],"wp:featuredmedia":[{"embeddable":true,"href":"https:\/\/store3.k-tech-services.com\/nhabep82\/wp-json\/wp\/v2\/media\/488"}],"wp:attachment":[{"href":"https:\/\/store3.k-tech-services.com\/nhabep82\/wp-json\/wp\/v2\/media?parent=487"}],"wp:term":[{"taxonomy":"product_brand","embeddable":true,"href":"https:\/\/store3.k-tech-services.com\/nhabep82\/wp-json\/wp\/v2\/product_brand?post=487"},{"taxonomy":"product_cat","embeddable":true,"href":"https:\/\/store3.k-tech-services.com\/nhabep82\/wp-json\/wp\/v2\/product_cat?post=487"},{"taxonomy":"product_tag","embeddable":true,"href":"https:\/\/store3.k-tech-services.com\/nhabep82\/wp-json\/wp\/v2\/product_tag?post=487"}],"curies":[{"name":"wp","href":"https:\/\/api.w.org\/{rel}","templated":true}]}}