{"id":472,"date":"2025-04-15T15:16:18","date_gmt":"2025-04-15T15:16:18","guid":{"rendered":"https:\/\/ktech2.k-tech-services.com\/nhabep82\/?post_type=product&#038;p=472"},"modified":"2025-04-15T15:16:18","modified_gmt":"2025-04-15T15:16:18","slug":"kdeu-8835se-series-6","status":"publish","type":"product","link":"https:\/\/store3.k-tech-services.com\/nhabep82\/san-pham\/kdeu-8835se-series-6\/","title":{"rendered":"KDEU-8835SE Series 6"},"content":{"rendered":"<h4 class=\"\" data-start=\"178\" data-end=\"220\"><strong data-start=\"183\" data-end=\"218\">T\u00cdNH N\u0102NG V\u00c0 TH\u00d4NG TIN S\u1ea2N PH\u1ea8M<\/strong><\/h4>\n<ul data-start=\"221\" data-end=\"598\">\n<li class=\"\" data-start=\"221\" data-end=\"255\">\n<p class=\"\" data-start=\"223\" data-end=\"255\">M\u00e1y r\u1eeda b\u00e1t \u0111\u1ed9c l\u1eadp ho\u1eb7c \u00e2m t\u1ee7<\/p>\n<\/li>\n<li class=\"\" data-start=\"256\" data-end=\"293\">\n<p class=\"\" data-start=\"258\" data-end=\"293\">Ti\u00eau chu\u1ea9n n\u0103ng l\u01b0\u1ee3ng Ch\u00e2u \u00c2u A++<\/p>\n<\/li>\n<li class=\"\" data-start=\"294\" data-end=\"341\">\n<p class=\"\" data-start=\"296\" data-end=\"341\">\u0110i\u1ec1u khi\u1ec3n b\u1eb1ng h\u1ec7 th\u1ed1ng c\u1ea3m \u1ee9ng th\u00f4ng minh<\/p>\n<\/li>\n<li class=\"\" data-start=\"342\" data-end=\"390\">\n<p class=\"\" data-start=\"344\" data-end=\"390\">Khoang r\u1eeda inox cao c\u1ea5p, 3 khay ch\u1ee9a \u0111\u1ed3 r\u1ed9ng<\/p>\n<\/li>\n<li class=\"\" data-start=\"391\" data-end=\"441\">\n<p class=\"\" data-start=\"393\" data-end=\"441\">Dung l\u01b0\u1ee3ng ch\u1ee9a: 15 b\u1ed9 theo ti\u00eau chu\u1ea9n Ch\u00e2u \u00c2u<\/p>\n<\/li>\n<li class=\"\" data-start=\"442\" data-end=\"512\">\n<p class=\"\" data-start=\"444\" data-end=\"512\">T\u00edch h\u1ee3p c\u00f4ng ngh\u1ec7 r\u1eeda ti\u00ean ti\u1ebfn: Eco Wash &#8211; Half Load r\u1eeda 1\/2 t\u1ea3i<\/p>\n<\/li>\n<li class=\"\" data-start=\"513\" data-end=\"598\">\n<p class=\"\" data-start=\"515\" data-end=\"598\"><strong data-start=\"515\" data-end=\"598\">\u0110\u1eb7c bi\u1ec7t: \u0110\u1ed9ng c\u01a1 BLDC \u2013 gi\u00fap m\u00e1y ti\u1ebft ki\u1ec7m n\u0103ng l\u01b0\u1ee3ng v\u00e0 gi\u1eef hi\u1ec7u su\u1ea5t \u1ed5n \u0111\u1ecbnh<\/strong><\/p>\n<\/li>\n<\/ul>\n<h4 class=\"\" data-start=\"600\" data-end=\"627\"><strong data-start=\"605\" data-end=\"625\">CH\u01af\u01a0NG TR\u00ccNH R\u1eecA<\/strong><\/h4>\n<ul data-start=\"628\" data-end=\"745\">\n<li class=\"\" data-start=\"628\" data-end=\"666\">\n<p class=\"\" data-start=\"630\" data-end=\"666\">R\u1eeda chuy\u00ean s\u00e2u 60\u00b0C \/ R\u1eeda Eco 48\u00b0C<\/p>\n<\/li>\n<li class=\"\" data-start=\"667\" data-end=\"704\">\n<p class=\"\" data-start=\"669\" data-end=\"704\">R\u1eeda nh\u1eb9 45\u00b0C \/ R\u1eeda th\u1ee7y tinh 60\u00b0C<\/p>\n<\/li>\n<li class=\"\" data-start=\"705\" data-end=\"745\">\n<p class=\"\" data-start=\"707\" data-end=\"745\">R\u1eeda nhanh 40\u00b0C \/ T\u1ef1 v\u1ec7 sinh m\u00e1y 60\u00b0C<\/p>\n<\/li>\n<\/ul>\n<h4 class=\"\" data-start=\"747\" data-end=\"778\"><strong data-start=\"752\" data-end=\"776\">CH\u1ee8C N\u0102NG TH\u00d4NG MINH<\/strong><\/h4>\n<ul data-start=\"779\" data-end=\"1155\">\n<li class=\"\" data-start=\"779\" data-end=\"802\">\n<p class=\"\" data-start=\"781\" data-end=\"802\">Kh\u00f3a an to\u00e0n tr\u1ebb em<\/p>\n<\/li>\n<li class=\"\" data-start=\"803\" data-end=\"851\">\n<p class=\"\" data-start=\"805\" data-end=\"851\">T\u1ef1 \u0111\u1ed9ng c\u1ea3nh b\u00e1o khi h\u1ebft mu\u1ed1i v\u00e0 n\u01b0\u1edbc tr\u1ee3 x\u1ea3<\/p>\n<\/li>\n<li class=\"\" data-start=\"852\" data-end=\"895\">\n<p class=\"\" data-start=\"854\" data-end=\"895\">Kh\u1ea3 n\u0103ng r\u1eeda n\u1ed3i, xoong, ch\u1ea3o linh ho\u1ea1t<\/p>\n<\/li>\n<li class=\"\" data-start=\"896\" data-end=\"923\">\n<p class=\"\" data-start=\"898\" data-end=\"923\">Ch\u1ecdn v\u00f9ng r\u1eeda linh ho\u1ea1t<\/p>\n<\/li>\n<li class=\"\" data-start=\"924\" data-end=\"972\">\n<p class=\"\" data-start=\"926\" data-end=\"972\">Ch\u1ee9c n\u0103ng r\u1eeda n\u1eeda &#8211; khi khoang ch\u1ee9a ch\u01b0a h\u1ebft<\/p>\n<\/li>\n<li class=\"\" data-start=\"973\" data-end=\"1010\">\n<p class=\"\" data-start=\"975\" data-end=\"1010\">Ch\u1ebf \u0111\u1ed9 r\u1eeda 3 trong 1 \u2013 All in One<\/p>\n<\/li>\n<li class=\"\" data-start=\"1011\" data-end=\"1051\">\n<p class=\"\" data-start=\"1013\" data-end=\"1051\">Ch\u1ee9c n\u0103ng t\u1ea1m d\u1eebng \/ kh\u1edfi \u0111\u1ed9ng 1\u201324h<\/p>\n<\/li>\n<li class=\"\" data-start=\"1052\" data-end=\"1106\">\n<p class=\"\" data-start=\"1054\" data-end=\"1106\">Ch\u1ee9c n\u0103ng PBA \u2013 C\u00e0i l\u1ecbch cho t\u1eebng ch\u01b0\u01a1ng tr\u00ecnh r\u1eeda<\/p>\n<\/li>\n<li class=\"\" data-start=\"1107\" data-end=\"1155\">\n<p class=\"\" data-start=\"1109\" data-end=\"1155\">Ch\u1ee9c n\u0103ng Self Clean \u2013 T\u1ef1 v\u1ec7 sinh khoang r\u1eeda<\/p>\n<\/li>\n<\/ul>\n<h4 class=\"\" data-start=\"1157\" data-end=\"1186\"><strong data-start=\"1162\" data-end=\"1184\">TH\u00d4NG TIN K\u1ef8 THU\u1eacT<\/strong><\/h4>\n<ul data-start=\"1187\" data-end=\"1392\">\n<li class=\"\" data-start=\"1187\" data-end=\"1214\">\n<p class=\"\" data-start=\"1189\" data-end=\"1214\">M\u1ee9c \u0111\u1ed9 ti\u1ebfng \u1ed3n: 42 dBA<\/p>\n<\/li>\n<li class=\"\" data-start=\"1215\" data-end=\"1245\">\n<p class=\"\" data-start=\"1217\" data-end=\"1245\">Ti\u00eau chu\u1ea9n n\u0103ng l\u01b0\u1ee3ng: A++<\/p>\n<\/li>\n<li class=\"\" data-start=\"1246\" data-end=\"1272\">\n<p class=\"\" data-start=\"1248\" data-end=\"1272\">\u0110i\u1ec7n \u00e1p: 220\u2013240V\/50Hz<\/p>\n<\/li>\n<li class=\"\" data-start=\"1273\" data-end=\"1316\">\n<p class=\"\" data-start=\"1275\" data-end=\"1316\">M\u1ee9c ti\u00eau th\u1ee5 \u0111i\u1ec7n n\u0103ng: 0.84kWh\/l\u1ea7n r\u1eeda<\/p>\n<\/li>\n<li class=\"\" data-start=\"1317\" data-end=\"1351\">\n<p class=\"\" data-start=\"1319\" data-end=\"1351\">M\u1ee9c ti\u00eau th\u1ee5 n\u01b0\u1edbc: 10L\/l\u1ea7n r\u1eeda<\/p>\n<\/li>\n<li class=\"\" data-start=\"1352\" data-end=\"1392\">\n<p class=\"\" data-start=\"1354\" data-end=\"1392\">KT (R x S x C): 600 x 600 x 850 (mm)<\/p>\n<\/li>\n<\/ul>\n<p class=\"\" data-start=\"1394\" data-end=\"1415\"><strong data-start=\"1394\" data-end=\"1415\">Xu\u1ea5t x\u1ee9: Malaysia<\/strong><\/p>\n","protected":false},"excerpt":{"rendered":"<p>T\u00cdNH N\u0102NG V\u00c0 TH\u00d4NG TIN S\u1ea2N PH\u1ea8M M\u00e1y r\u1eeda b\u00e1t \u0111\u1ed9c l\u1eadp ho\u1eb7c \u00e2m t\u1ee7 Ti\u00eau chu\u1ea9n n\u0103ng l\u01b0\u1ee3ng Ch\u00e2u \u00c2u A++ \u0110i\u1ec1u khi\u1ec3n b\u1eb1ng h\u1ec7 th\u1ed1ng c\u1ea3m \u1ee9ng th\u00f4ng minh Khoang r\u1eeda inox cao c\u1ea5p, 3 khay ch\u1ee9a \u0111\u1ed3 r\u1ed9ng Dung l\u01b0\u1ee3ng ch\u1ee9a: 15 b\u1ed9 theo ti\u00eau chu\u1ea9n Ch\u00e2u \u00c2u T\u00edch h\u1ee3p c\u00f4ng ngh\u1ec7&#8230;<\/p>\n","protected":false},"featured_media":473,"comment_status":"open","ping_status":"closed","template":"","meta":[],"product_brand":[],"product_cat":[34],"product_tag":[],"class_list":{"0":"post-472","1":"product","2":"type-product","3":"status-publish","4":"has-post-thumbnail","6":"product_cat-may-rua-bat","8":"first","9":"instock","10":"shipping-taxable","11":"purchasable","12":"product-type-simple"},"_links":{"self":[{"href":"https:\/\/store3.k-tech-services.com\/nhabep82\/wp-json\/wp\/v2\/product\/472","targetHints":{"allow":["GET"]}}],"collection":[{"href":"https:\/\/store3.k-tech-services.com\/nhabep82\/wp-json\/wp\/v2\/product"}],"about":[{"href":"https:\/\/store3.k-tech-services.com\/nhabep82\/wp-json\/wp\/v2\/types\/product"}],"replies":[{"embeddable":true,"href":"https:\/\/store3.k-tech-services.com\/nhabep82\/wp-json\/wp\/v2\/comments?post=472"}],"wp:featuredmedia":[{"embeddable":true,"href":"https:\/\/store3.k-tech-services.com\/nhabep82\/wp-json\/wp\/v2\/media\/473"}],"wp:attachment":[{"href":"https:\/\/store3.k-tech-services.com\/nhabep82\/wp-json\/wp\/v2\/media?parent=472"}],"wp:term":[{"taxonomy":"product_brand","embeddable":true,"href":"https:\/\/store3.k-tech-services.com\/nhabep82\/wp-json\/wp\/v2\/product_brand?post=472"},{"taxonomy":"product_cat","embeddable":true,"href":"https:\/\/store3.k-tech-services.com\/nhabep82\/wp-json\/wp\/v2\/product_cat?post=472"},{"taxonomy":"product_tag","embeddable":true,"href":"https:\/\/store3.k-tech-services.com\/nhabep82\/wp-json\/wp\/v2\/product_tag?post=472"}],"curies":[{"name":"wp","href":"https:\/\/api.w.org\/{rel}","templated":true}]}}