{"id":460,"date":"2025-04-15T15:06:38","date_gmt":"2025-04-15T15:06:38","guid":{"rendered":"https:\/\/ktech2.k-tech-services.com\/nhabep82\/?post_type=product&#038;p=460"},"modified":"2025-04-15T15:07:02","modified_gmt":"2025-04-15T15:07:02","slug":"ci-3600f","status":"publish","type":"product","link":"https:\/\/store3.k-tech-services.com\/nhabep82\/san-pham\/ci-3600f\/","title":{"rendered":"CI-3600F"},"content":{"rendered":"<h4 class=\"\" data-start=\"1645\" data-end=\"1669\">TH\u00d4NG S\u1ed0 K\u1ef8 THU\u1eacT<\/h4>\n<ul data-start=\"1670\" data-end=\"1852\">\n<li class=\"\" data-start=\"1670\" data-end=\"1691\">\n<p class=\"\" data-start=\"1672\" data-end=\"1691\">\u0110i\u1ec7n \u00e1p: 220\u2013240V<\/p>\n<\/li>\n<li class=\"\" data-start=\"1692\" data-end=\"1712\">\n<p class=\"\" data-start=\"1694\" data-end=\"1712\">C\u00f4ng su\u1ea5t: 3600W<\/p>\n<\/li>\n<li class=\"\" data-start=\"1713\" data-end=\"1732\">\n<p class=\"\" data-start=\"1715\" data-end=\"1732\">T\u1ea7n s\u1ed1: 50\u201360Hz<\/p>\n<\/li>\n<li class=\"\" data-start=\"1733\" data-end=\"1771\">\n<p class=\"\" data-start=\"1735\" data-end=\"1771\">K\u00edch th\u01b0\u1edbc s\u1ea3n ph\u1ea9m: 450x350x145mm<\/p>\n<\/li>\n<li class=\"\" data-start=\"1772\" data-end=\"1806\">\n<p class=\"\" data-start=\"1774\" data-end=\"1806\">K\u00edch th\u01b0\u1edbc m\u1eb7t k\u00ednh: 278x278mm<\/p>\n<\/li>\n<li class=\"\" data-start=\"1807\" data-end=\"1852\">\n<p class=\"\" data-start=\"1809\" data-end=\"1852\">Thi\u1ebft k\u1ebf m\u1eb7t k\u00ednh: M\u1eb7t k\u00ednh ph\u1eb3ng cao c\u1ea5p<\/p>\n<\/li>\n<\/ul>\n<h4 class=\"\" data-start=\"1854\" data-end=\"1879\">T\u00cdNH N\u0102NG S\u1ea2N PH\u1ea8M<\/h4>\n<ul data-start=\"1880\" data-end=\"2357\">\n<li class=\"\" data-start=\"1880\" data-end=\"1916\">\n<p class=\"\" data-start=\"1882\" data-end=\"1916\">Infi nion IGBT \u2013 MADE IN GERMANY<\/p>\n<\/li>\n<li class=\"\" data-start=\"1917\" data-end=\"2005\">\n<p class=\"\" data-start=\"1919\" data-end=\"2005\">C\u00f4ng ngh\u1ec7 Double Coil \u2013 M\u00e2m nhi\u1ec7t k\u00e9p, gia nhi\u1ec7t nhanh v\u00e0 t\u1ed1i \u01b0u th\u1eddi gian n\u1ea5u n\u01b0\u1edbng<\/p>\n<\/li>\n<li class=\"\" data-start=\"2006\" data-end=\"2035\">\n<p class=\"\" data-start=\"2008\" data-end=\"2035\">\u1ee8ng d\u1ee5ng qu\u1ea1t \u0111\u00f4i l\u00e0m m\u00e1t<\/p>\n<\/li>\n<li class=\"\" data-start=\"2036\" data-end=\"2098\">\n<p class=\"\" data-start=\"2038\" data-end=\"2098\">Ch\u1ee9c n\u0103ng Double Fan Cooling \u2013 T\u1ea3n nhi\u1ec7t nhanh v\u00e0 hi\u1ec7u qu\u1ea3<\/p>\n<\/li>\n<li class=\"\" data-start=\"2099\" data-end=\"2153\">\n<p class=\"\" data-start=\"2101\" data-end=\"2153\">M\u1eb7t k\u00ednh Ceramic Luc ch\u1ecbu nhi\u1ec7t ch\u1ea5t l\u01b0\u1ee3ng cao c\u1ea5p<\/p>\n<\/li>\n<li class=\"\" data-start=\"2154\" data-end=\"2208\">\n<p class=\"\" data-start=\"2156\" data-end=\"2208\">Ki\u1ec3u d\u00e1ng c\u00f4ng nghi\u1ec7p, sang tr\u1ecdng, d\u1ec5 d\u00e0ng v\u1ec7 sinh<\/p>\n<\/li>\n<li class=\"\" data-start=\"2209\" data-end=\"2263\">\n<p class=\"\" data-start=\"2211\" data-end=\"2263\">B\u1ea3ng \u0111i\u1ec1u khi\u1ec3n xoay v\u1edbi 9 m\u1ee9c c\u00f4ng su\u1ea5t linh ho\u1ea1t<\/p>\n<\/li>\n<li class=\"\" data-start=\"2264\" data-end=\"2292\">\n<p class=\"\" data-start=\"2266\" data-end=\"2292\">H\u1eb9n gi\u1edd l\u00ean \u0111\u1ebfn 180 ph\u00fat<\/p>\n<\/li>\n<li class=\"\" data-start=\"2293\" data-end=\"2319\">\n<p class=\"\" data-start=\"2295\" data-end=\"2319\">Ch\u1ecbu l\u1ef1c l\u00ean \u0111\u1ebfn 100kg<\/p>\n<\/li>\n<li class=\"\" data-start=\"2320\" data-end=\"2357\">\n<p class=\"\" data-start=\"2322\" data-end=\"2357\">H\u1ec7 th\u1ed1ng qu\u1ea1t t\u1ea3n nhi\u1ec7t, ph\u1ea7n m\u1ec1m<\/p>\n<\/li>\n<\/ul>\n<p class=\"\" data-start=\"2359\" data-end=\"2457\"><strong data-start=\"2359\" data-end=\"2406\">\u0110\u1eb7c bi\u1ec7t: Ch\u1ee9c n\u0103ng d\u00f9ng n\u1ed3i l\u1ea9u, n\u1ea5u ch\u00e1o.<\/strong><br data-start=\"2406\" data-end=\"2409\" \/><strong data-start=\"2409\" data-end=\"2455\">\u0110\u1eb7c bi\u1ec7t: C\u00f3 s\u1eed d\u1ee5ng c\u00f4ng ngh\u1ec7 Half Bridge<\/strong><\/p>\n<h4 class=\"\" data-start=\"2459\" data-end=\"2483\">T\u00cdNH N\u0102NG AN TO\u00c0N<\/h4>\n<ul data-start=\"2484\" data-end=\"2671\">\n<li class=\"\" data-start=\"2484\" data-end=\"2514\">\n<p class=\"\" data-start=\"2486\" data-end=\"2514\">C\u1ea3nh b\u00e1o nhi\u1ec7t d\u01b0 v\u00f9ng n\u1ea5u<\/p>\n<\/li>\n<li class=\"\" data-start=\"2515\" data-end=\"2555\">\n<p class=\"\" data-start=\"2517\" data-end=\"2555\">T\u1ef1 \u0111\u1ed9ng t\u1eaft b\u1ebfp khi nhi\u1ec7t \u0111\u1ed9 qu\u00e1 cao<\/p>\n<\/li>\n<li class=\"\" data-start=\"2556\" data-end=\"2592\">\n<p class=\"\" data-start=\"2558\" data-end=\"2592\">T\u1ef1 \u0111\u1ed9ng t\u1eaft b\u1ebfp khi kh\u00f4ng c\u00f3 n\u1ed3i<\/p>\n<\/li>\n<li class=\"\" data-start=\"2593\" data-end=\"2630\">\n<p class=\"\" data-start=\"2595\" data-end=\"2630\">Ch\u1ee9c n\u0103ng kho\u00e1 an to\u00e0n cho tr\u1ebb em<\/p>\n<\/li>\n<li class=\"\" data-start=\"2631\" data-end=\"2671\">\n<p class=\"\" data-start=\"2633\" data-end=\"2671\">Ch\u1ed1ng n\u01b0\u1edbc, ch\u1ed1ng c\u00f4n tr\u00f9ng hi\u1ec7u qu\u1ea3<\/p>\n<\/li>\n<\/ul>\n<p class=\"\" data-start=\"2673\" data-end=\"2703\"><strong data-start=\"2673\" data-end=\"2703\">Xu\u1ea5t x\u1ee9: Ch\u00ednh h\u00e3ng Kocher<\/strong><\/p>\n","protected":false},"excerpt":{"rendered":"<p>TH\u00d4NG S\u1ed0 K\u1ef8 THU\u1eacT \u0110i\u1ec7n \u00e1p: 220\u2013240V C\u00f4ng su\u1ea5t: 3600W T\u1ea7n s\u1ed1: 50\u201360Hz K\u00edch th\u01b0\u1edbc s\u1ea3n ph\u1ea9m: 450x350x145mm K\u00edch th\u01b0\u1edbc m\u1eb7t k\u00ednh: 278x278mm Thi\u1ebft k\u1ebf m\u1eb7t k\u00ednh: M\u1eb7t k\u00ednh ph\u1eb3ng cao c\u1ea5p T\u00cdNH N\u0102NG S\u1ea2N PH\u1ea8M Infi nion IGBT \u2013 MADE IN GERMANY C\u00f4ng ngh\u1ec7 Double Coil \u2013 M\u00e2m nhi\u1ec7t k\u00e9p, gia nhi\u1ec7t nhanh v\u00e0&#8230;<\/p>\n","protected":false},"featured_media":461,"comment_status":"open","ping_status":"closed","template":"","meta":[],"product_brand":[],"product_cat":[32],"product_tag":[],"class_list":{"0":"post-460","1":"product","2":"type-product","3":"status-publish","4":"has-post-thumbnail","6":"product_cat-bep-dien-tu","8":"first","9":"instock","10":"shipping-taxable","11":"product-type-simple"},"_links":{"self":[{"href":"https:\/\/store3.k-tech-services.com\/nhabep82\/wp-json\/wp\/v2\/product\/460","targetHints":{"allow":["GET"]}}],"collection":[{"href":"https:\/\/store3.k-tech-services.com\/nhabep82\/wp-json\/wp\/v2\/product"}],"about":[{"href":"https:\/\/store3.k-tech-services.com\/nhabep82\/wp-json\/wp\/v2\/types\/product"}],"replies":[{"embeddable":true,"href":"https:\/\/store3.k-tech-services.com\/nhabep82\/wp-json\/wp\/v2\/comments?post=460"}],"wp:featuredmedia":[{"embeddable":true,"href":"https:\/\/store3.k-tech-services.com\/nhabep82\/wp-json\/wp\/v2\/media\/461"}],"wp:attachment":[{"href":"https:\/\/store3.k-tech-services.com\/nhabep82\/wp-json\/wp\/v2\/media?parent=460"}],"wp:term":[{"taxonomy":"product_brand","embeddable":true,"href":"https:\/\/store3.k-tech-services.com\/nhabep82\/wp-json\/wp\/v2\/product_brand?post=460"},{"taxonomy":"product_cat","embeddable":true,"href":"https:\/\/store3.k-tech-services.com\/nhabep82\/wp-json\/wp\/v2\/product_cat?post=460"},{"taxonomy":"product_tag","embeddable":true,"href":"https:\/\/store3.k-tech-services.com\/nhabep82\/wp-json\/wp\/v2\/product_tag?post=460"}],"curies":[{"name":"wp","href":"https:\/\/api.w.org\/{rel}","templated":true}]}}