{"id":456,"date":"2025-04-15T15:02:43","date_gmt":"2025-04-15T15:02:43","guid":{"rendered":"https:\/\/ktech2.k-tech-services.com\/nhabep82\/?post_type=product&#038;p=456"},"modified":"2025-04-15T15:02:44","modified_gmt":"2025-04-15T15:02:44","slug":"ci-3500f","status":"publish","type":"product","link":"https:\/\/store3.k-tech-services.com\/nhabep82\/san-pham\/ci-3500f\/","title":{"rendered":"CI-3500F"},"content":{"rendered":"<h4 class=\"\" data-start=\"427\" data-end=\"451\">TH\u00d4NG S\u1ed0 K\u1ef8 THU\u1eacT<\/h4>\n<ul data-start=\"452\" data-end=\"634\">\n<li class=\"\" data-start=\"452\" data-end=\"473\">\n<p class=\"\" data-start=\"454\" data-end=\"473\">\u0110i\u1ec7n \u00e1p: 220\u2013240V<\/p>\n<\/li>\n<li class=\"\" data-start=\"474\" data-end=\"494\">\n<p class=\"\" data-start=\"476\" data-end=\"494\">C\u00f4ng su\u1ea5t: 3500W<\/p>\n<\/li>\n<li class=\"\" data-start=\"495\" data-end=\"514\">\n<p class=\"\" data-start=\"497\" data-end=\"514\">T\u1ea7n s\u1ed1: 50\u201360Hz<\/p>\n<\/li>\n<li class=\"\" data-start=\"515\" data-end=\"553\">\n<p class=\"\" data-start=\"517\" data-end=\"553\">K\u00edch th\u01b0\u1edbc s\u1ea3n ph\u1ea9m: 450x350x120mm<\/p>\n<\/li>\n<li class=\"\" data-start=\"554\" data-end=\"588\">\n<p class=\"\" data-start=\"556\" data-end=\"588\">K\u00edch th\u01b0\u1edbc m\u1eb7t k\u00ednh: 278x278mm<\/p>\n<\/li>\n<li class=\"\" data-start=\"589\" data-end=\"634\">\n<p class=\"\" data-start=\"591\" data-end=\"634\">Thi\u1ebft k\u1ebf m\u1eb7t k\u00ednh: M\u1eb7t k\u00ednh ph\u1eb3ng cao c\u1ea5p<\/p>\n<\/li>\n<\/ul>\n<h4 class=\"\" data-start=\"636\" data-end=\"661\">T\u00cdNH N\u0102NG S\u1ea2N PH\u1ea8M<\/h4>\n<ul data-start=\"662\" data-end=\"1084\">\n<li class=\"\" data-start=\"662\" data-end=\"698\">\n<p class=\"\" data-start=\"664\" data-end=\"698\">Infi nion IGBT \u2013 MADE IN GERMANY<\/p>\n<\/li>\n<li class=\"\" data-start=\"699\" data-end=\"787\">\n<p class=\"\" data-start=\"701\" data-end=\"787\">C\u00f4ng ngh\u1ec7 Double Coil \u2013 M\u00e2m nhi\u1ec7t k\u00e9p, gia nhi\u1ec7t nhanh v\u00e0 t\u1ed1i \u01b0u th\u1eddi gian n\u1ea5u n\u01b0\u1edbng<\/p>\n<\/li>\n<li class=\"\" data-start=\"788\" data-end=\"817\">\n<p class=\"\" data-start=\"790\" data-end=\"817\">\u1ee8ng d\u1ee5ng qu\u1ea1t \u0111\u00f4i l\u00e0m m\u00e1t<\/p>\n<\/li>\n<li class=\"\" data-start=\"818\" data-end=\"880\">\n<p class=\"\" data-start=\"820\" data-end=\"880\">Ch\u1ee9c n\u0103ng Double Fan Cooling \u2013 T\u1ea3n nhi\u1ec7t nhanh v\u00e0 hi\u1ec7u qu\u1ea3<\/p>\n<\/li>\n<li class=\"\" data-start=\"881\" data-end=\"932\">\n<p class=\"\" data-start=\"883\" data-end=\"932\">Thi\u1ebft k\u1ebf ki\u1ec3u d\u00e1ng c\u00f4ng nghi\u1ec7p, d\u1ec5 d\u00e0ng v\u1ec7 sinh<\/p>\n<\/li>\n<li class=\"\" data-start=\"933\" data-end=\"990\">\n<p class=\"\" data-start=\"935\" data-end=\"990\">B\u1ea3ng \u0111i\u1ec1u khi\u1ec3n c\u1ea3m \u1ee9ng v\u1edbi 9 m\u1ee9c c\u00f4ng su\u1ea5t linh ho\u1ea1t<\/p>\n<\/li>\n<li class=\"\" data-start=\"991\" data-end=\"1019\">\n<p class=\"\" data-start=\"993\" data-end=\"1019\">H\u1eb9n gi\u1edd l\u00ean \u0111\u1ebfn 180 ph\u00fat<\/p>\n<\/li>\n<li class=\"\" data-start=\"1020\" data-end=\"1046\">\n<p class=\"\" data-start=\"1022\" data-end=\"1046\">Ch\u1ecbu l\u1ef1c l\u00ean \u0111\u1ebfn 100kg<\/p>\n<\/li>\n<li class=\"\" data-start=\"1047\" data-end=\"1084\">\n<p class=\"\" data-start=\"1049\" data-end=\"1084\">H\u1ec7 th\u1ed1ng qu\u1ea1t t\u1ea3n nhi\u1ec7t, ph\u1ea7n m\u1ec1m<\/p>\n<\/li>\n<\/ul>\n<h4 class=\"\" data-start=\"1086\" data-end=\"1110\">T\u00cdNH N\u0102NG AN TO\u00c0N<\/h4>\n<ul data-start=\"1111\" data-end=\"1298\">\n<li class=\"\" data-start=\"1111\" data-end=\"1141\">\n<p class=\"\" data-start=\"1113\" data-end=\"1141\">C\u1ea3nh b\u00e1o nhi\u1ec7t d\u01b0 v\u00f9ng n\u1ea5u<\/p>\n<\/li>\n<li class=\"\" data-start=\"1142\" data-end=\"1182\">\n<p class=\"\" data-start=\"1144\" data-end=\"1182\">T\u1ef1 \u0111\u1ed9ng t\u1eaft b\u1ebfp khi nhi\u1ec7t \u0111\u1ed9 qu\u00e1 cao<\/p>\n<\/li>\n<li class=\"\" data-start=\"1183\" data-end=\"1219\">\n<p class=\"\" data-start=\"1185\" data-end=\"1219\">T\u1ef1 \u0111\u1ed9ng t\u1eaft b\u1ebfp khi kh\u00f4ng c\u00f3 n\u1ed3i<\/p>\n<\/li>\n<li class=\"\" data-start=\"1220\" data-end=\"1257\">\n<p class=\"\" data-start=\"1222\" data-end=\"1257\">Ch\u1ee9c n\u0103ng kho\u00e1 an to\u00e0n cho tr\u1ebb em<\/p>\n<\/li>\n<li class=\"\" data-start=\"1258\" data-end=\"1298\">\n<p class=\"\" data-start=\"1260\" data-end=\"1298\">Ch\u1ed1ng n\u01b0\u1edbc, ch\u1ed1ng c\u00f4n tr\u00f9ng hi\u1ec7u qu\u1ea3<\/p>\n<\/li>\n<\/ul>\n<p class=\"\" data-start=\"1300\" data-end=\"1330\"><strong data-start=\"1300\" data-end=\"1330\">Xu\u1ea5t x\u1ee9: Ch\u00ednh h\u00e3ng Kocher<\/strong><\/p>\n","protected":false},"excerpt":{"rendered":"<p>TH\u00d4NG S\u1ed0 K\u1ef8 THU\u1eacT \u0110i\u1ec7n \u00e1p: 220\u2013240V C\u00f4ng su\u1ea5t: 3500W T\u1ea7n s\u1ed1: 50\u201360Hz K\u00edch th\u01b0\u1edbc s\u1ea3n ph\u1ea9m: 450x350x120mm K\u00edch th\u01b0\u1edbc m\u1eb7t k\u00ednh: 278x278mm Thi\u1ebft k\u1ebf m\u1eb7t k\u00ednh: M\u1eb7t k\u00ednh ph\u1eb3ng cao c\u1ea5p T\u00cdNH N\u0102NG S\u1ea2N PH\u1ea8M Infi nion IGBT \u2013 MADE IN GERMANY C\u00f4ng ngh\u1ec7 Double Coil \u2013 M\u00e2m nhi\u1ec7t k\u00e9p, gia nhi\u1ec7t nhanh v\u00e0&#8230;<\/p>\n","protected":false},"featured_media":457,"comment_status":"open","ping_status":"closed","template":"","meta":[],"product_brand":[],"product_cat":[32],"product_tag":[],"class_list":{"0":"post-456","1":"product","2":"type-product","3":"status-publish","4":"has-post-thumbnail","6":"product_cat-bep-dien-tu","8":"first","9":"instock","10":"shipping-taxable","11":"purchasable","12":"product-type-simple"},"_links":{"self":[{"href":"https:\/\/store3.k-tech-services.com\/nhabep82\/wp-json\/wp\/v2\/product\/456","targetHints":{"allow":["GET"]}}],"collection":[{"href":"https:\/\/store3.k-tech-services.com\/nhabep82\/wp-json\/wp\/v2\/product"}],"about":[{"href":"https:\/\/store3.k-tech-services.com\/nhabep82\/wp-json\/wp\/v2\/types\/product"}],"replies":[{"embeddable":true,"href":"https:\/\/store3.k-tech-services.com\/nhabep82\/wp-json\/wp\/v2\/comments?post=456"}],"wp:featuredmedia":[{"embeddable":true,"href":"https:\/\/store3.k-tech-services.com\/nhabep82\/wp-json\/wp\/v2\/media\/457"}],"wp:attachment":[{"href":"https:\/\/store3.k-tech-services.com\/nhabep82\/wp-json\/wp\/v2\/media?parent=456"}],"wp:term":[{"taxonomy":"product_brand","embeddable":true,"href":"https:\/\/store3.k-tech-services.com\/nhabep82\/wp-json\/wp\/v2\/product_brand?post=456"},{"taxonomy":"product_cat","embeddable":true,"href":"https:\/\/store3.k-tech-services.com\/nhabep82\/wp-json\/wp\/v2\/product_cat?post=456"},{"taxonomy":"product_tag","embeddable":true,"href":"https:\/\/store3.k-tech-services.com\/nhabep82\/wp-json\/wp\/v2\/product_tag?post=456"}],"curies":[{"name":"wp","href":"https:\/\/api.w.org\/{rel}","templated":true}]}}