{"id":452,"date":"2025-04-15T14:59:01","date_gmt":"2025-04-15T14:59:01","guid":{"rendered":"https:\/\/ktech2.k-tech-services.com\/nhabep82\/?post_type=product&#038;p=452"},"modified":"2025-04-15T14:59:01","modified_gmt":"2025-04-15T14:59:01","slug":"ei-633","status":"publish","type":"product","link":"https:\/\/store3.k-tech-services.com\/nhabep82\/san-pham\/ei-633\/","title":{"rendered":"EI-633"},"content":{"rendered":"<p class=\"\" data-start=\"192\" data-end=\"214\"><strong data-start=\"192\" data-end=\"213\">Th\u00f4ng s\u1ed1 k\u1ef9 thu\u1eadt<\/strong>:<\/p>\n<ul data-start=\"215\" data-end=\"421\">\n<li class=\"\" data-start=\"215\" data-end=\"237\">\n<p class=\"\" data-start=\"217\" data-end=\"237\">\u0110i\u1ec7n \u00e1p: 220V\/50Hz<\/p>\n<\/li>\n<li class=\"\" data-start=\"238\" data-end=\"290\">\n<p class=\"\" data-start=\"240\" data-end=\"290\">V\u00f9ng tr\u00e1i: 1800W (booster 2000W, <strong data-start=\"273\" data-end=\"287\">h\u1ed3ng ngo\u1ea1i<\/strong>)<\/p>\n<\/li>\n<li class=\"\" data-start=\"291\" data-end=\"339\">\n<p class=\"\" data-start=\"293\" data-end=\"339\">V\u00f9ng ph\u1ea3i: 1800W (booster 2000W, <strong data-start=\"326\" data-end=\"336\">b\u1ebfp t\u1eeb<\/strong>)<\/p>\n<\/li>\n<li class=\"\" data-start=\"340\" data-end=\"384\">\n<p class=\"\" data-start=\"342\" data-end=\"384\">K\u00edch th\u01b0\u1edbc (D x R x C): 730 x 430 x 60mm<\/p>\n<\/li>\n<li class=\"\" data-start=\"385\" data-end=\"421\">\n<p class=\"\" data-start=\"387\" data-end=\"421\">K\u00edch th\u01b0\u1edbc kho\u00e9t l\u1ed7: 695 x 395mm<\/p>\n<\/li>\n<\/ul>\n<hr class=\"\" data-start=\"423\" data-end=\"426\" \/>\n<h3 class=\"\" data-start=\"428\" data-end=\"455\"><strong data-start=\"432\" data-end=\"454\">T\u00ednh n\u0103ng s\u1ea3n ph\u1ea9m<\/strong>:<\/h3>\n<ul data-start=\"456\" data-end=\"758\">\n<li class=\"\" data-start=\"456\" data-end=\"495\">\n<p class=\"\" data-start=\"458\" data-end=\"495\">M\u1eb7t k\u00ednh Keramik nh\u1eadp kh\u1ea9u v\u00e1t c\u1ea1nh<\/p>\n<\/li>\n<li class=\"\" data-start=\"496\" data-end=\"538\">\n<p class=\"\" data-start=\"498\" data-end=\"538\">\u0110i\u1ec1u khi\u1ec3n c\u1ea3m \u1ee9ng v\u1edbi 9 m\u1ee9c c\u00f4ng su\u1ea5t<\/p>\n<\/li>\n<li class=\"\" data-start=\"539\" data-end=\"601\">\n<p class=\"\" data-start=\"541\" data-end=\"601\"><strong data-start=\"541\" data-end=\"553\">B\u1ebfp tr\u00e1i<\/strong> h\u1ed3ng ngo\u1ea1i: s\u1eed d\u1ee5ng \u0111\u01b0\u1ee3c v\u1edbi <strong data-start=\"583\" data-end=\"599\">m\u1ecdi lo\u1ea1i n\u1ed3i<\/strong><\/p>\n<\/li>\n<li class=\"\" data-start=\"602\" data-end=\"653\">\n<p class=\"\" data-start=\"604\" data-end=\"653\"><strong data-start=\"604\" data-end=\"616\">B\u1ebfp ph\u1ea3i<\/strong> t\u1eeb: t\u1ef1 nh\u1eadn di\u1ec7n k\u00edch c\u1ee1 xoong n\u1ed3i<\/p>\n<\/li>\n<li class=\"\" data-start=\"654\" data-end=\"696\">\n<p class=\"\" data-start=\"656\" data-end=\"696\">Ch\u1ee9c n\u0103ng <strong data-start=\"666\" data-end=\"684\">iQuick Boiling<\/strong> n\u1ea5u nhanh<\/p>\n<\/li>\n<li class=\"\" data-start=\"697\" data-end=\"734\">\n<p class=\"\" data-start=\"699\" data-end=\"734\">H\u1eb9n gi\u1edd \u0111\u1ed9c l\u1eadp cho t\u1eebng v\u00f9ng n\u1ea5u<\/p>\n<\/li>\n<li class=\"\" data-start=\"735\" data-end=\"758\">\n<p class=\"\" data-start=\"737\" data-end=\"758\">Ti\u1ebft ki\u1ec7m \u0111i\u1ec7n n\u0103ng<\/p>\n<\/li>\n<\/ul>\n<hr class=\"\" data-start=\"760\" data-end=\"763\" \/>\n<h3 class=\"\" data-start=\"765\" data-end=\"792\"><strong data-start=\"769\" data-end=\"791\">Ch\u1ee9c n\u0103ng \u0111\u1eb7c bi\u1ec7t<\/strong>:<\/h3>\n<ul data-start=\"793\" data-end=\"832\">\n<li class=\"\" data-start=\"793\" data-end=\"832\">\n<p class=\"\" data-start=\"795\" data-end=\"832\"><strong data-start=\"795\" data-end=\"830\">Ch\u1ee9c n\u0103ng \u0111un liu riu, n\u1ea5u ch\u00e1o<\/strong><\/p>\n<\/li>\n<\/ul>\n<hr class=\"\" data-start=\"834\" data-end=\"837\" \/>\n<h3 class=\"\" data-start=\"839\" data-end=\"865\"><strong data-start=\"843\" data-end=\"864\">T\u00ednh n\u0103ng an to\u00e0n<\/strong>:<\/h3>\n<ul data-start=\"866\" data-end=\"1015\">\n<li class=\"\" data-start=\"866\" data-end=\"914\">\n<p class=\"\" data-start=\"868\" data-end=\"914\">C\u1ea3nh b\u00e1o nhi\u1ec7t d\u01b0 v\u00f9ng n\u1ea5u (Residual Heat H)<\/p>\n<\/li>\n<li class=\"\" data-start=\"915\" data-end=\"978\">\n<p class=\"\" data-start=\"917\" data-end=\"978\">H\u1ec7 th\u1ed1ng t\u1ef1 t\u1eaft khi nhi\u1ec7t \u0111\u1ed9 qu\u00e1 cao (Overheating shut off)<\/p>\n<\/li>\n<li class=\"\" data-start=\"979\" data-end=\"1015\">\n<p class=\"\" data-start=\"981\" data-end=\"1015\">Kh\u00f3a an to\u00e0n tr\u1ebb em (Child Lock)<\/p>\n<\/li>\n<\/ul>\n<p class=\"\" data-start=\"1017\" data-end=\"1042\"><strong data-start=\"1017\" data-end=\"1028\">Xu\u1ea5t x\u1ee9<\/strong>: <strong data-start=\"1030\" data-end=\"1042\">Vi\u1ec7t Nam<\/strong><\/p>\n","protected":false},"excerpt":{"rendered":"<p>Th\u00f4ng s\u1ed1 k\u1ef9 thu\u1eadt: \u0110i\u1ec7n \u00e1p: 220V\/50Hz V\u00f9ng tr\u00e1i: 1800W (booster 2000W, h\u1ed3ng ngo\u1ea1i) V\u00f9ng ph\u1ea3i: 1800W (booster 2000W, b\u1ebfp t\u1eeb) K\u00edch th\u01b0\u1edbc (D x R x C): 730 x 430 x 60mm K\u00edch th\u01b0\u1edbc kho\u00e9t l\u1ed7: 695 x 395mm T\u00ednh n\u0103ng s\u1ea3n ph\u1ea9m: M\u1eb7t k\u00ednh Keramik nh\u1eadp kh\u1ea9u v\u00e1t c\u1ea1nh \u0110i\u1ec1u khi\u1ec3n c\u1ea3m \u1ee9ng&#8230;<\/p>\n","protected":false},"featured_media":453,"comment_status":"open","ping_status":"closed","template":"","meta":[],"product_brand":[],"product_cat":[32],"product_tag":[],"class_list":{"0":"post-452","1":"product","2":"type-product","3":"status-publish","4":"has-post-thumbnail","6":"product_cat-bep-dien-tu","8":"first","9":"instock","10":"shipping-taxable","11":"purchasable","12":"product-type-simple"},"_links":{"self":[{"href":"https:\/\/store3.k-tech-services.com\/nhabep82\/wp-json\/wp\/v2\/product\/452","targetHints":{"allow":["GET"]}}],"collection":[{"href":"https:\/\/store3.k-tech-services.com\/nhabep82\/wp-json\/wp\/v2\/product"}],"about":[{"href":"https:\/\/store3.k-tech-services.com\/nhabep82\/wp-json\/wp\/v2\/types\/product"}],"replies":[{"embeddable":true,"href":"https:\/\/store3.k-tech-services.com\/nhabep82\/wp-json\/wp\/v2\/comments?post=452"}],"wp:featuredmedia":[{"embeddable":true,"href":"https:\/\/store3.k-tech-services.com\/nhabep82\/wp-json\/wp\/v2\/media\/453"}],"wp:attachment":[{"href":"https:\/\/store3.k-tech-services.com\/nhabep82\/wp-json\/wp\/v2\/media?parent=452"}],"wp:term":[{"taxonomy":"product_brand","embeddable":true,"href":"https:\/\/store3.k-tech-services.com\/nhabep82\/wp-json\/wp\/v2\/product_brand?post=452"},{"taxonomy":"product_cat","embeddable":true,"href":"https:\/\/store3.k-tech-services.com\/nhabep82\/wp-json\/wp\/v2\/product_cat?post=452"},{"taxonomy":"product_tag","embeddable":true,"href":"https:\/\/store3.k-tech-services.com\/nhabep82\/wp-json\/wp\/v2\/product_tag?post=452"}],"curies":[{"name":"wp","href":"https:\/\/api.w.org\/{rel}","templated":true}]}}