{"id":436,"date":"2025-04-14T16:39:13","date_gmt":"2025-04-14T16:39:13","guid":{"rendered":"https:\/\/ktech2.k-tech-services.com\/nhabep82\/?post_type=product&#038;p=436"},"modified":"2025-04-14T16:39:13","modified_gmt":"2025-04-14T16:39:13","slug":"di-633","status":"publish","type":"product","link":"https:\/\/store3.k-tech-services.com\/nhabep82\/san-pham\/di-633\/","title":{"rendered":"DI-633"},"content":{"rendered":"<p class=\"\" data-start=\"965\" data-end=\"1013\"><strong data-start=\"991\" data-end=\"1012\">Th\u00f4ng s\u1ed1 k\u1ef9 thu\u1eadt<\/strong>:<\/p>\n<ul data-start=\"1014\" data-end=\"1180\">\n<li class=\"\" data-start=\"1014\" data-end=\"1036\">\n<p class=\"\" data-start=\"1016\" data-end=\"1036\">\u0110i\u1ec7n \u00e1p: 220V\/50Hz<\/p>\n<\/li>\n<li class=\"\" data-start=\"1037\" data-end=\"1067\">\n<p class=\"\" data-start=\"1039\" data-end=\"1067\">Ph\u1ea3i: 1800W, booster 2000W<\/p>\n<\/li>\n<li class=\"\" data-start=\"1068\" data-end=\"1098\">\n<p class=\"\" data-start=\"1070\" data-end=\"1098\">Tr\u00e1i: 1800W, booster 2000W<\/p>\n<\/li>\n<li class=\"\" data-start=\"1099\" data-end=\"1143\">\n<p class=\"\" data-start=\"1101\" data-end=\"1143\">K\u00edch th\u01b0\u1edbc (D x R x C): 730 x 430 x 60mm<\/p>\n<\/li>\n<li class=\"\" data-start=\"1144\" data-end=\"1180\">\n<p class=\"\" data-start=\"1146\" data-end=\"1180\">K\u00edch th\u01b0\u1edbc kho\u00e9t l\u1ed7: 695 x 395mm<\/p>\n<\/li>\n<\/ul>\n<p class=\"\" data-start=\"1182\" data-end=\"1205\"><strong data-start=\"1182\" data-end=\"1204\">T\u00ednh n\u0103ng s\u1ea3n ph\u1ea9m<\/strong>:<\/p>\n<ul data-start=\"1206\" data-end=\"1469\">\n<li class=\"\" data-start=\"1206\" data-end=\"1235\">\n<p class=\"\" data-start=\"1208\" data-end=\"1235\">M\u1eb7t k\u00ednh Keramik v\u00e1t c\u1ea1nh<\/p>\n<\/li>\n<li class=\"\" data-start=\"1236\" data-end=\"1274\">\n<p class=\"\" data-start=\"1238\" data-end=\"1274\">\u0110i\u1ec1u khi\u1ec3n \u0111\u1ed9c l\u1eadp 9 m\u1ee9c c\u00f4ng su\u1ea5t<\/p>\n<\/li>\n<li class=\"\" data-start=\"1275\" data-end=\"1313\">\n<p class=\"\" data-start=\"1277\" data-end=\"1313\">Ch\u1ee9c n\u0103ng iQuick Boiling n\u1ea5u nhanh<\/p>\n<\/li>\n<li class=\"\" data-start=\"1314\" data-end=\"1357\">\n<p class=\"\" data-start=\"1316\" data-end=\"1357\">V\u00f9ng n\u1ea5u t\u1ef1 nh\u1eadn di\u1ec7n k\u00edch c\u1ee1 xoong n\u1ed3i<\/p>\n<\/li>\n<li class=\"\" data-start=\"1358\" data-end=\"1391\">\n<p class=\"\" data-start=\"1360\" data-end=\"1391\">H\u1eb9n gi\u1edd \u0111\u1ed9c l\u1eadp t\u1eebng v\u00f9ng n\u1ea5u<\/p>\n<\/li>\n<li class=\"\" data-start=\"1392\" data-end=\"1415\">\n<p class=\"\" data-start=\"1394\" data-end=\"1415\">Ti\u1ebft ki\u1ec7m \u0111i\u1ec7n n\u0103ng<\/p>\n<\/li>\n<li class=\"\" data-start=\"1416\" data-end=\"1469\">\n<p class=\"\" data-start=\"1418\" data-end=\"1469\"><strong data-start=\"1418\" data-end=\"1430\">\u0110\u1eb7c bi\u1ec7t<\/strong>: Ch\u1ee9c n\u0103ng \u0111un l\u1eeda liu riu, n\u1ea5u ch\u00e1o<\/p>\n<\/li>\n<\/ul>\n<p class=\"\" data-start=\"1471\" data-end=\"1493\"><strong data-start=\"1471\" data-end=\"1492\">T\u00ednh n\u0103ng an to\u00e0n<\/strong>:<\/p>\n<ul data-start=\"1494\" data-end=\"1580\">\n<li class=\"\" data-start=\"1494\" data-end=\"1524\">\n<p class=\"\" data-start=\"1496\" data-end=\"1524\">C\u1ea3nh b\u00e1o nhi\u1ec7t d\u01b0 v\u00f9ng n\u1ea5u<\/p>\n<\/li>\n<li class=\"\" data-start=\"1525\" data-end=\"1556\">\n<p class=\"\" data-start=\"1527\" data-end=\"1556\">T\u1ef1 t\u1eaft khi nhi\u1ec7t \u0111\u1ed9 qu\u00e1 cao<\/p>\n<\/li>\n<li class=\"\" data-start=\"1557\" data-end=\"1580\">\n<p class=\"\" data-start=\"1559\" data-end=\"1580\">Kh\u00f3a an to\u00e0n tr\u1ebb em<\/p>\n<\/li>\n<\/ul>\n<p class=\"\" data-start=\"1582\" data-end=\"1603\"><strong data-start=\"1582\" data-end=\"1593\">Xu\u1ea5t x\u1ee9<\/strong>: Vi\u1ec7t Nam<\/p>\n","protected":false},"excerpt":{"rendered":"<p>Th\u00f4ng s\u1ed1 k\u1ef9 thu\u1eadt: \u0110i\u1ec7n \u00e1p: 220V\/50Hz Ph\u1ea3i: 1800W, booster 2000W Tr\u00e1i: 1800W, booster 2000W K\u00edch th\u01b0\u1edbc (D x R x C): 730 x 430 x 60mm K\u00edch th\u01b0\u1edbc kho\u00e9t l\u1ed7: 695 x 395mm T\u00ednh n\u0103ng s\u1ea3n ph\u1ea9m: M\u1eb7t k\u00ednh Keramik v\u00e1t c\u1ea1nh \u0110i\u1ec1u khi\u1ec3n \u0111\u1ed9c l\u1eadp 9 m\u1ee9c c\u00f4ng su\u1ea5t Ch\u1ee9c n\u0103ng iQuick Boiling&#8230;<\/p>\n","protected":false},"featured_media":437,"comment_status":"open","ping_status":"closed","template":"","meta":[],"product_brand":[],"product_cat":[31],"product_tag":[],"class_list":{"0":"post-436","1":"product","2":"type-product","3":"status-publish","4":"has-post-thumbnail","6":"product_cat-bep-tu","8":"first","9":"instock","10":"shipping-taxable","11":"purchasable","12":"product-type-simple"},"_links":{"self":[{"href":"https:\/\/store3.k-tech-services.com\/nhabep82\/wp-json\/wp\/v2\/product\/436","targetHints":{"allow":["GET"]}}],"collection":[{"href":"https:\/\/store3.k-tech-services.com\/nhabep82\/wp-json\/wp\/v2\/product"}],"about":[{"href":"https:\/\/store3.k-tech-services.com\/nhabep82\/wp-json\/wp\/v2\/types\/product"}],"replies":[{"embeddable":true,"href":"https:\/\/store3.k-tech-services.com\/nhabep82\/wp-json\/wp\/v2\/comments?post=436"}],"wp:featuredmedia":[{"embeddable":true,"href":"https:\/\/store3.k-tech-services.com\/nhabep82\/wp-json\/wp\/v2\/media\/437"}],"wp:attachment":[{"href":"https:\/\/store3.k-tech-services.com\/nhabep82\/wp-json\/wp\/v2\/media?parent=436"}],"wp:term":[{"taxonomy":"product_brand","embeddable":true,"href":"https:\/\/store3.k-tech-services.com\/nhabep82\/wp-json\/wp\/v2\/product_brand?post=436"},{"taxonomy":"product_cat","embeddable":true,"href":"https:\/\/store3.k-tech-services.com\/nhabep82\/wp-json\/wp\/v2\/product_cat?post=436"},{"taxonomy":"product_tag","embeddable":true,"href":"https:\/\/store3.k-tech-services.com\/nhabep82\/wp-json\/wp\/v2\/product_tag?post=436"}],"curies":[{"name":"wp","href":"https:\/\/api.w.org\/{rel}","templated":true}]}}