{"id":434,"date":"2025-04-14T16:38:11","date_gmt":"2025-04-14T16:38:11","guid":{"rendered":"https:\/\/ktech2.k-tech-services.com\/nhabep82\/?post_type=product&#038;p=434"},"modified":"2025-04-14T16:38:11","modified_gmt":"2025-04-14T16:38:11","slug":"di-628","status":"publish","type":"product","link":"https:\/\/store3.k-tech-services.com\/nhabep82\/san-pham\/di-628\/","title":{"rendered":"DI-628"},"content":{"rendered":"<p class=\"\" data-start=\"100\" data-end=\"149\"><strong data-start=\"127\" data-end=\"148\">Th\u00f4ng s\u1ed1 k\u1ef9 thu\u1eadt<\/strong>:<\/p>\n<ul data-start=\"150\" data-end=\"316\">\n<li class=\"\" data-start=\"150\" data-end=\"172\">\n<p class=\"\" data-start=\"152\" data-end=\"172\">\u0110i\u1ec7n \u00e1p: 220V\/50Hz<\/p>\n<\/li>\n<li class=\"\" data-start=\"173\" data-end=\"203\">\n<p class=\"\" data-start=\"175\" data-end=\"203\">Ph\u1ea3i: 2000W, booster 2300W<\/p>\n<\/li>\n<li class=\"\" data-start=\"204\" data-end=\"234\">\n<p class=\"\" data-start=\"206\" data-end=\"234\">Tr\u00e1i: 2000W, booster 2300W<\/p>\n<\/li>\n<li class=\"\" data-start=\"235\" data-end=\"279\">\n<p class=\"\" data-start=\"237\" data-end=\"279\">K\u00edch th\u01b0\u1edbc (D x R x C): 730 x 430 x 60mm<\/p>\n<\/li>\n<li class=\"\" data-start=\"280\" data-end=\"316\">\n<p class=\"\" data-start=\"282\" data-end=\"316\">K\u00edch th\u01b0\u1edbc kho\u00e9t l\u1ed7: 695 x 395mm<\/p>\n<\/li>\n<\/ul>\n<p class=\"\" data-start=\"318\" data-end=\"341\"><strong data-start=\"318\" data-end=\"340\">T\u00ednh n\u0103ng s\u1ea3n ph\u1ea9m<\/strong>:<\/p>\n<ul data-start=\"342\" data-end=\"721\">\n<li class=\"\" data-start=\"342\" data-end=\"384\">\n<p class=\"\" data-start=\"344\" data-end=\"384\">M\u1eb7t k\u00ednh Keramik bo vi\u1ec1n nh\u00f4m Aluminum<\/p>\n<\/li>\n<li class=\"\" data-start=\"385\" data-end=\"414\">\n<p class=\"\" data-start=\"387\" data-end=\"414\">IGBT h\u00e3ng Siemens Germany<\/p>\n<\/li>\n<li class=\"\" data-start=\"415\" data-end=\"463\">\n<p class=\"\" data-start=\"417\" data-end=\"463\">\u0110i\u1ec1u khi\u1ec3n 2 ph\u00edm Slider v\u1edbi 9 m\u1ee9c c\u00f4ng su\u1ea5t<\/p>\n<\/li>\n<li class=\"\" data-start=\"464\" data-end=\"496\">\n<p class=\"\" data-start=\"466\" data-end=\"496\">Booster t\u0103ng t\u1ed1c khi \u0111un n\u1ea5u<\/p>\n<\/li>\n<li class=\"\" data-start=\"497\" data-end=\"527\">\n<p class=\"\" data-start=\"499\" data-end=\"527\">Ch\u1ee9c n\u0103ng gi\u1eef \u1ea5m (Warming)<\/p>\n<\/li>\n<li class=\"\" data-start=\"528\" data-end=\"571\">\n<p class=\"\" data-start=\"530\" data-end=\"571\">V\u00f9ng n\u1ea5u t\u1ef1 nh\u1eadn di\u1ec7n k\u00edch c\u1ee1 xoong n\u1ed3i<\/p>\n<\/li>\n<li class=\"\" data-start=\"572\" data-end=\"621\">\n<p class=\"\" data-start=\"574\" data-end=\"621\">H\u1eb9n gi\u1edd \u0111\u1ed9c l\u1eadp t\u1eebng v\u00f9ng n\u1ea5u, t\u1ed1i \u0111a 99 ph\u00fat<\/p>\n<\/li>\n<li class=\"\" data-start=\"622\" data-end=\"659\">\n<p class=\"\" data-start=\"624\" data-end=\"659\">C\u00f4ng ngh\u1ec7 Inverter ti\u1ebft ki\u1ec7m \u0111i\u1ec7n<\/p>\n<\/li>\n<li class=\"\" data-start=\"660\" data-end=\"721\">\n<p class=\"\" data-start=\"662\" data-end=\"721\"><strong data-start=\"662\" data-end=\"674\">\u0110\u1eb7c bi\u1ec7t<\/strong>: C\u00f3 ch\u1ebf \u0111\u1ed9 s\u00f4i l\u01b0u riu \u1edf m\u1ee9c nhi\u1ec7t th\u1ea5p nh\u1ea5t<\/p>\n<\/li>\n<\/ul>\n<p class=\"\" data-start=\"723\" data-end=\"745\"><strong data-start=\"723\" data-end=\"744\">T\u00ednh n\u0103ng an to\u00e0n<\/strong>:<\/p>\n<ul data-start=\"746\" data-end=\"920\">\n<li class=\"\" data-start=\"746\" data-end=\"776\">\n<p class=\"\" data-start=\"748\" data-end=\"776\">C\u1ea3nh b\u00e1o nhi\u1ec7t d\u01b0 v\u00f9ng n\u1ea5u<\/p>\n<\/li>\n<li class=\"\" data-start=\"777\" data-end=\"809\">\n<p class=\"\" data-start=\"779\" data-end=\"809\">T\u1ef1 \u0111\u1ed9ng t\u1eaft khi kh\u00f4ng c\u00f3 n\u1ed3i<\/p>\n<\/li>\n<li class=\"\" data-start=\"810\" data-end=\"837\">\n<p class=\"\" data-start=\"812\" data-end=\"837\">T\u1ef1 \u0111\u1ed9ng t\u1eaft khi \u0111\u1ec3 qu\u00ean<\/p>\n<\/li>\n<li class=\"\" data-start=\"838\" data-end=\"876\">\n<p class=\"\" data-start=\"840\" data-end=\"876\">H\u1ec7 th\u1ed1ng ng\u1eaft khi qu\u00e1 \u00e1p\/qu\u00e1 nhi\u1ec7t<\/p>\n<\/li>\n<li class=\"\" data-start=\"877\" data-end=\"896\">\n<p class=\"\" data-start=\"879\" data-end=\"896\">Ch\u1ed1ng tr\u00e0n n\u01b0\u1edbc<\/p>\n<\/li>\n<li class=\"\" data-start=\"897\" data-end=\"920\">\n<p class=\"\" data-start=\"899\" data-end=\"920\">Kh\u00f3a an to\u00e0n tr\u1ebb em<\/p>\n<\/li>\n<\/ul>\n<p class=\"\" data-start=\"922\" data-end=\"943\"><strong data-start=\"922\" data-end=\"933\">Xu\u1ea5t x\u1ee9<\/strong>: Malaysia<\/p>\n","protected":false},"excerpt":{"rendered":"<p>Th\u00f4ng s\u1ed1 k\u1ef9 thu\u1eadt: \u0110i\u1ec7n \u00e1p: 220V\/50Hz Ph\u1ea3i: 2000W, booster 2300W Tr\u00e1i: 2000W, booster 2300W K\u00edch th\u01b0\u1edbc (D x R x C): 730 x 430 x 60mm K\u00edch th\u01b0\u1edbc kho\u00e9t l\u1ed7: 695 x 395mm T\u00ednh n\u0103ng s\u1ea3n ph\u1ea9m: M\u1eb7t k\u00ednh Keramik bo vi\u1ec1n nh\u00f4m Aluminum IGBT h\u00e3ng Siemens Germany \u0110i\u1ec1u khi\u1ec3n 2 ph\u00edm Slider v\u1edbi&#8230;<\/p>\n","protected":false},"featured_media":435,"comment_status":"open","ping_status":"closed","template":"","meta":[],"product_brand":[],"product_cat":[31],"product_tag":[],"class_list":{"0":"post-434","1":"product","2":"type-product","3":"status-publish","4":"has-post-thumbnail","6":"product_cat-bep-tu","8":"first","9":"instock","10":"shipping-taxable","11":"purchasable","12":"product-type-simple"},"_links":{"self":[{"href":"https:\/\/store3.k-tech-services.com\/nhabep82\/wp-json\/wp\/v2\/product\/434","targetHints":{"allow":["GET"]}}],"collection":[{"href":"https:\/\/store3.k-tech-services.com\/nhabep82\/wp-json\/wp\/v2\/product"}],"about":[{"href":"https:\/\/store3.k-tech-services.com\/nhabep82\/wp-json\/wp\/v2\/types\/product"}],"replies":[{"embeddable":true,"href":"https:\/\/store3.k-tech-services.com\/nhabep82\/wp-json\/wp\/v2\/comments?post=434"}],"wp:featuredmedia":[{"embeddable":true,"href":"https:\/\/store3.k-tech-services.com\/nhabep82\/wp-json\/wp\/v2\/media\/435"}],"wp:attachment":[{"href":"https:\/\/store3.k-tech-services.com\/nhabep82\/wp-json\/wp\/v2\/media?parent=434"}],"wp:term":[{"taxonomy":"product_brand","embeddable":true,"href":"https:\/\/store3.k-tech-services.com\/nhabep82\/wp-json\/wp\/v2\/product_brand?post=434"},{"taxonomy":"product_cat","embeddable":true,"href":"https:\/\/store3.k-tech-services.com\/nhabep82\/wp-json\/wp\/v2\/product_cat?post=434"},{"taxonomy":"product_tag","embeddable":true,"href":"https:\/\/store3.k-tech-services.com\/nhabep82\/wp-json\/wp\/v2\/product_tag?post=434"}],"curies":[{"name":"wp","href":"https:\/\/api.w.org\/{rel}","templated":true}]}}