{"id":432,"date":"2025-04-14T16:36:46","date_gmt":"2025-04-14T16:36:46","guid":{"rendered":"https:\/\/ktech2.k-tech-services.com\/nhabep82\/?post_type=product&#038;p=432"},"modified":"2025-04-14T16:36:46","modified_gmt":"2025-04-14T16:36:46","slug":"di-628se","status":"publish","type":"product","link":"https:\/\/store3.k-tech-services.com\/nhabep82\/san-pham\/di-628se\/","title":{"rendered":"DI-628SE"},"content":{"rendered":"<p class=\"\" data-start=\"938\" data-end=\"987\"><strong data-start=\"965\" data-end=\"986\">Th\u00f4ng s\u1ed1 k\u1ef9 thu\u1eadt<\/strong>:<\/p>\n<ul data-start=\"988\" data-end=\"1154\">\n<li class=\"\" data-start=\"988\" data-end=\"1010\">\n<p class=\"\" data-start=\"990\" data-end=\"1010\">\u0110i\u1ec7n \u00e1p: 220V\/50Hz<\/p>\n<\/li>\n<li class=\"\" data-start=\"1011\" data-end=\"1041\">\n<p class=\"\" data-start=\"1013\" data-end=\"1041\">Ph\u1ea3i: 2000W, booster 2200W<\/p>\n<\/li>\n<li class=\"\" data-start=\"1042\" data-end=\"1072\">\n<p class=\"\" data-start=\"1044\" data-end=\"1072\">Tr\u00e1i: 2000W, booster 2200W<\/p>\n<\/li>\n<li class=\"\" data-start=\"1073\" data-end=\"1117\">\n<p class=\"\" data-start=\"1075\" data-end=\"1117\">K\u00edch th\u01b0\u1edbc (D x R x C): 730 x 430 x 56mm<\/p>\n<\/li>\n<li class=\"\" data-start=\"1118\" data-end=\"1154\">\n<p class=\"\" data-start=\"1120\" data-end=\"1154\">K\u00edch th\u01b0\u1edbc kho\u00e9t l\u1ed7: 695 x 395mm<\/p>\n<\/li>\n<\/ul>\n<p class=\"\" data-start=\"1156\" data-end=\"1179\"><strong data-start=\"1156\" data-end=\"1178\">T\u00ednh n\u0103ng s\u1ea3n ph\u1ea9m<\/strong>:<\/p>\n<ul data-start=\"1180\" data-end=\"1493\">\n<li class=\"\" data-start=\"1180\" data-end=\"1226\">\n<p class=\"\" data-start=\"1182\" data-end=\"1226\">M\u1eb7t k\u00ednh Keramik v\u00e1t c\u1ea1nh bo vi\u1ec1n Aluminum<\/p>\n<\/li>\n<li class=\"\" data-start=\"1227\" data-end=\"1280\">\n<p class=\"\" data-start=\"1229\" data-end=\"1280\">\u0110i\u1ec1u khi\u1ec3n t\u1ed5 h\u1ee3p ph\u00edm Slider v\u1edbi 9 m\u1ee9c c\u00f4ng su\u1ea5t<\/p>\n<\/li>\n<li class=\"\" data-start=\"1281\" data-end=\"1313\">\n<p class=\"\" data-start=\"1283\" data-end=\"1313\">Booster t\u0103ng t\u1ed1c khi \u0111un n\u1ea5u<\/p>\n<\/li>\n<li class=\"\" data-start=\"1314\" data-end=\"1342\">\n<p class=\"\" data-start=\"1316\" data-end=\"1342\">T\u00ednh n\u0103ng gi\u1eef \u1ea5m th\u1ee9c \u0103n<\/p>\n<\/li>\n<li class=\"\" data-start=\"1343\" data-end=\"1370\">\n<p class=\"\" data-start=\"1345\" data-end=\"1370\">Ch\u1ee9c n\u0103ng chi\u00ean r\u00e1n Fry<\/p>\n<\/li>\n<li class=\"\" data-start=\"1371\" data-end=\"1414\">\n<p class=\"\" data-start=\"1373\" data-end=\"1414\">V\u00f9ng n\u1ea5u t\u1ef1 nh\u1eadn bi\u1ebft k\u00edch c\u1ee1 xoong n\u1ed3i<\/p>\n<\/li>\n<li class=\"\" data-start=\"1415\" data-end=\"1465\">\n<p class=\"\" data-start=\"1417\" data-end=\"1465\">H\u1eb9n gi\u1edd \u0111\u1ed9c l\u1eadp t\u1eebng v\u00f9ng n\u1ea5u (t\u1ed1i \u0111a 99 ph\u00fat)<\/p>\n<\/li>\n<li class=\"\" data-start=\"1466\" data-end=\"1493\">\n<p class=\"\" data-start=\"1468\" data-end=\"1493\">Inverter ti\u1ebft ki\u1ec7m \u0111i\u1ec7n<\/p>\n<\/li>\n<\/ul>\n","protected":false},"excerpt":{"rendered":"<p>Th\u00f4ng s\u1ed1 k\u1ef9 thu\u1eadt: \u0110i\u1ec7n \u00e1p: 220V\/50Hz Ph\u1ea3i: 2000W, booster 2200W Tr\u00e1i: 2000W, booster 2200W K\u00edch th\u01b0\u1edbc (D x R x C): 730 x 430 x 56mm K\u00edch th\u01b0\u1edbc kho\u00e9t l\u1ed7: 695 x 395mm T\u00ednh n\u0103ng s\u1ea3n ph\u1ea9m: M\u1eb7t k\u00ednh Keramik v\u00e1t c\u1ea1nh bo vi\u1ec1n Aluminum \u0110i\u1ec1u khi\u1ec3n t\u1ed5 h\u1ee3p ph\u00edm Slider v\u1edbi 9 m\u1ee9c&#8230;<\/p>\n","protected":false},"featured_media":433,"comment_status":"open","ping_status":"closed","template":"","meta":[],"product_brand":[],"product_cat":[31],"product_tag":[],"class_list":{"0":"post-432","1":"product","2":"type-product","3":"status-publish","4":"has-post-thumbnail","6":"product_cat-bep-tu","8":"first","9":"instock","10":"shipping-taxable","11":"purchasable","12":"product-type-simple"},"_links":{"self":[{"href":"https:\/\/store3.k-tech-services.com\/nhabep82\/wp-json\/wp\/v2\/product\/432","targetHints":{"allow":["GET"]}}],"collection":[{"href":"https:\/\/store3.k-tech-services.com\/nhabep82\/wp-json\/wp\/v2\/product"}],"about":[{"href":"https:\/\/store3.k-tech-services.com\/nhabep82\/wp-json\/wp\/v2\/types\/product"}],"replies":[{"embeddable":true,"href":"https:\/\/store3.k-tech-services.com\/nhabep82\/wp-json\/wp\/v2\/comments?post=432"}],"wp:featuredmedia":[{"embeddable":true,"href":"https:\/\/store3.k-tech-services.com\/nhabep82\/wp-json\/wp\/v2\/media\/433"}],"wp:attachment":[{"href":"https:\/\/store3.k-tech-services.com\/nhabep82\/wp-json\/wp\/v2\/media?parent=432"}],"wp:term":[{"taxonomy":"product_brand","embeddable":true,"href":"https:\/\/store3.k-tech-services.com\/nhabep82\/wp-json\/wp\/v2\/product_brand?post=432"},{"taxonomy":"product_cat","embeddable":true,"href":"https:\/\/store3.k-tech-services.com\/nhabep82\/wp-json\/wp\/v2\/product_cat?post=432"},{"taxonomy":"product_tag","embeddable":true,"href":"https:\/\/store3.k-tech-services.com\/nhabep82\/wp-json\/wp\/v2\/product_tag?post=432"}],"curies":[{"name":"wp","href":"https:\/\/api.w.org\/{rel}","templated":true}]}}