{"id":430,"date":"2025-04-14T16:35:42","date_gmt":"2025-04-14T16:35:42","guid":{"rendered":"https:\/\/ktech2.k-tech-services.com\/nhabep82\/?post_type=product&#038;p=430"},"modified":"2025-04-14T16:35:42","modified_gmt":"2025-04-14T16:35:42","slug":"di-608se","status":"publish","type":"product","link":"https:\/\/store3.k-tech-services.com\/nhabep82\/san-pham\/di-608se\/","title":{"rendered":"DI-608SE"},"content":{"rendered":"<p class=\"\" data-start=\"100\" data-end=\"149\"><strong data-start=\"127\" data-end=\"148\">Th\u00f4ng s\u1ed1 k\u1ef9 thu\u1eadt<\/strong>:<\/p>\n<ul data-start=\"150\" data-end=\"316\">\n<li class=\"\" data-start=\"150\" data-end=\"172\">\n<p class=\"\" data-start=\"152\" data-end=\"172\">\u0110i\u1ec7n \u00e1p: 220V\/50Hz<\/p>\n<\/li>\n<li class=\"\" data-start=\"173\" data-end=\"203\">\n<p class=\"\" data-start=\"175\" data-end=\"203\">Ph\u1ea3i: 2000W, booster 2200W<\/p>\n<\/li>\n<li class=\"\" data-start=\"204\" data-end=\"234\">\n<p class=\"\" data-start=\"206\" data-end=\"234\">Tr\u00e1i: 2000W, booster 2200W<\/p>\n<\/li>\n<li class=\"\" data-start=\"235\" data-end=\"279\">\n<p class=\"\" data-start=\"237\" data-end=\"279\">K\u00edch th\u01b0\u1edbc (D x R x C): 730 x 430 x 56mm<\/p>\n<\/li>\n<li class=\"\" data-start=\"280\" data-end=\"316\">\n<p class=\"\" data-start=\"282\" data-end=\"316\">K\u00edch th\u01b0\u1edbc kho\u00e9t l\u1ed7: 695 x 395mm<\/p>\n<\/li>\n<\/ul>\n<p class=\"\" data-start=\"318\" data-end=\"341\"><strong data-start=\"318\" data-end=\"340\">T\u00ednh n\u0103ng s\u1ea3n ph\u1ea9m<\/strong>:<\/p>\n<ul data-start=\"342\" data-end=\"659\">\n<li class=\"\" data-start=\"342\" data-end=\"388\">\n<p class=\"\" data-start=\"344\" data-end=\"388\">M\u1eb7t k\u00ednh Keramik v\u00e1t c\u1ea1nh bo vi\u1ec1n Aluminum<\/p>\n<\/li>\n<li class=\"\" data-start=\"389\" data-end=\"442\">\n<p class=\"\" data-start=\"391\" data-end=\"442\">\u0110i\u1ec1u khi\u1ec3n t\u1ed5 h\u1ee3p ph\u00edm Slider v\u1edbi 9 m\u1ee9c c\u00f4ng su\u1ea5t<\/p>\n<\/li>\n<li class=\"\" data-start=\"443\" data-end=\"475\">\n<p class=\"\" data-start=\"445\" data-end=\"475\">Booster t\u0103ng t\u1ed1c khi \u0111un n\u1ea5u<\/p>\n<\/li>\n<li class=\"\" data-start=\"476\" data-end=\"504\">\n<p class=\"\" data-start=\"478\" data-end=\"504\">T\u00ednh n\u0103ng gi\u1eef \u1ea5m th\u1ee9c \u0103n<\/p>\n<\/li>\n<li class=\"\" data-start=\"505\" data-end=\"532\">\n<p class=\"\" data-start=\"507\" data-end=\"532\">Ch\u1ee9c n\u0103ng chi\u00ean r\u00e1n Fry<\/p>\n<\/li>\n<li class=\"\" data-start=\"533\" data-end=\"576\">\n<p class=\"\" data-start=\"535\" data-end=\"576\">V\u00f9ng n\u1ea5u t\u1ef1 nh\u1eadn bi\u1ebft k\u00edch c\u1ee1 xoong n\u1ed3i<\/p>\n<\/li>\n<li class=\"\" data-start=\"577\" data-end=\"631\">\n<p class=\"\" data-start=\"579\" data-end=\"631\">H\u1eb9n gi\u1edd \u0111\u1ed9c l\u1eadp cho t\u1eebng v\u00f9ng n\u1ea5u (t\u1ed1i \u0111a 99 ph\u00fat)<\/p>\n<\/li>\n<li class=\"\" data-start=\"632\" data-end=\"659\">\n<p class=\"\" data-start=\"634\" data-end=\"659\">Inverter ti\u1ebft ki\u1ec7m \u0111i\u1ec7n<\/p>\n<\/li>\n<\/ul>\n<p class=\"\" data-start=\"661\" data-end=\"683\"><strong data-start=\"661\" data-end=\"682\">T\u00ednh n\u0103ng an to\u00e0n<\/strong>:<\/p>\n<ul data-start=\"684\" data-end=\"914\">\n<li class=\"\" data-start=\"684\" data-end=\"730\">\n<p class=\"\" data-start=\"686\" data-end=\"730\">C\u1ea3nh b\u00e1o nhi\u1ec7t d\u01b0 v\u00f9ng n\u1ea5u (Residual Heat)<\/p>\n<\/li>\n<li class=\"\" data-start=\"731\" data-end=\"783\">\n<p class=\"\" data-start=\"733\" data-end=\"783\">T\u1ef1 \u0111\u1ed9ng t\u1eaft b\u1ebfp khi kh\u00f4ng c\u00f3 n\u1ed3i (Pot Detection)<\/p>\n<\/li>\n<li class=\"\" data-start=\"784\" data-end=\"811\">\n<p class=\"\" data-start=\"786\" data-end=\"811\">T\u1ef1 \u0111\u1ed9ng t\u1eaft khi \u0111\u1ec3 qu\u00ean<\/p>\n<\/li>\n<li class=\"\" data-start=\"812\" data-end=\"830\">\n<p class=\"\" data-start=\"814\" data-end=\"830\">T\u1ea1m d\u1eebng Pause<\/p>\n<\/li>\n<li class=\"\" data-start=\"831\" data-end=\"872\">\n<p class=\"\" data-start=\"833\" data-end=\"872\">H\u1ec7 th\u1ed1ng t\u1ef1 ng\u1eaft khi qu\u00e1 \u00e1p\/qu\u00e1 nhi\u1ec7t<\/p>\n<\/li>\n<li class=\"\" data-start=\"873\" data-end=\"892\">\n<p class=\"\" data-start=\"875\" data-end=\"892\">Ch\u1ed1ng tr\u00e0n n\u01b0\u1edbc<\/p>\n<\/li>\n<li class=\"\" data-start=\"893\" data-end=\"914\">\n<p class=\"\" data-start=\"895\" data-end=\"914\">Kh\u00f3a an to\u00e0n tr\u1ebb em<\/p>\n<\/li>\n<\/ul>\n","protected":false},"excerpt":{"rendered":"<p>Th\u00f4ng s\u1ed1 k\u1ef9 thu\u1eadt: \u0110i\u1ec7n \u00e1p: 220V\/50Hz Ph\u1ea3i: 2000W, booster 2200W Tr\u00e1i: 2000W, booster 2200W K\u00edch th\u01b0\u1edbc (D x R x C): 730 x 430 x 56mm K\u00edch th\u01b0\u1edbc kho\u00e9t l\u1ed7: 695 x 395mm T\u00ednh n\u0103ng s\u1ea3n ph\u1ea9m: M\u1eb7t k\u00ednh Keramik v\u00e1t c\u1ea1nh bo vi\u1ec1n Aluminum \u0110i\u1ec1u khi\u1ec3n t\u1ed5 h\u1ee3p ph\u00edm Slider v\u1edbi 9 m\u1ee9c&#8230;<\/p>\n","protected":false},"featured_media":431,"comment_status":"open","ping_status":"closed","template":"","meta":[],"product_brand":[],"product_cat":[31],"product_tag":[],"class_list":{"0":"post-430","1":"product","2":"type-product","3":"status-publish","4":"has-post-thumbnail","6":"product_cat-bep-tu","8":"first","9":"instock","10":"shipping-taxable","11":"purchasable","12":"product-type-simple"},"_links":{"self":[{"href":"https:\/\/store3.k-tech-services.com\/nhabep82\/wp-json\/wp\/v2\/product\/430","targetHints":{"allow":["GET"]}}],"collection":[{"href":"https:\/\/store3.k-tech-services.com\/nhabep82\/wp-json\/wp\/v2\/product"}],"about":[{"href":"https:\/\/store3.k-tech-services.com\/nhabep82\/wp-json\/wp\/v2\/types\/product"}],"replies":[{"embeddable":true,"href":"https:\/\/store3.k-tech-services.com\/nhabep82\/wp-json\/wp\/v2\/comments?post=430"}],"wp:featuredmedia":[{"embeddable":true,"href":"https:\/\/store3.k-tech-services.com\/nhabep82\/wp-json\/wp\/v2\/media\/431"}],"wp:attachment":[{"href":"https:\/\/store3.k-tech-services.com\/nhabep82\/wp-json\/wp\/v2\/media?parent=430"}],"wp:term":[{"taxonomy":"product_brand","embeddable":true,"href":"https:\/\/store3.k-tech-services.com\/nhabep82\/wp-json\/wp\/v2\/product_brand?post=430"},{"taxonomy":"product_cat","embeddable":true,"href":"https:\/\/store3.k-tech-services.com\/nhabep82\/wp-json\/wp\/v2\/product_cat?post=430"},{"taxonomy":"product_tag","embeddable":true,"href":"https:\/\/store3.k-tech-services.com\/nhabep82\/wp-json\/wp\/v2\/product_tag?post=430"}],"curies":[{"name":"wp","href":"https:\/\/api.w.org\/{rel}","templated":true}]}}