{"id":428,"date":"2025-04-14T16:34:22","date_gmt":"2025-04-14T16:34:22","guid":{"rendered":"https:\/\/ktech2.k-tech-services.com\/nhabep82\/?post_type=product&#038;p=428"},"modified":"2025-04-14T16:34:22","modified_gmt":"2025-04-14T16:34:22","slug":"di-617","status":"publish","type":"product","link":"https:\/\/store3.k-tech-services.com\/nhabep82\/san-pham\/di-617\/","title":{"rendered":"DI-617"},"content":{"rendered":"<h3 class=\"\" data-start=\"1216\" data-end=\"1237\">TH\u00d4NG S\u1ed0 K\u1ef8 THU\u1eacT<\/h3>\n<ul data-start=\"1238\" data-end=\"1427\">\n<li class=\"\" data-start=\"1238\" data-end=\"1263\">\n<p class=\"\" data-start=\"1240\" data-end=\"1263\"><strong data-start=\"1240\" data-end=\"1252\">\u0110i\u1ec7n \u00e1p:<\/strong> 220\/50Hz<\/p>\n<\/li>\n<li class=\"\" data-start=\"1264\" data-end=\"1299\">\n<p class=\"\" data-start=\"1266\" data-end=\"1299\"><strong data-start=\"1266\" data-end=\"1275\">Ph\u1ea3i:<\/strong> 2000W (booster 2300W)<\/p>\n<\/li>\n<li class=\"\" data-start=\"1300\" data-end=\"1335\">\n<p class=\"\" data-start=\"1302\" data-end=\"1335\"><strong data-start=\"1302\" data-end=\"1311\">Tr\u00e1i:<\/strong> 2000W (booster 2300W)<\/p>\n<\/li>\n<li class=\"\" data-start=\"1336\" data-end=\"1385\">\n<p class=\"\" data-start=\"1338\" data-end=\"1385\"><strong data-start=\"1338\" data-end=\"1365\">K\u00edch th\u01b0\u1edbc (D x R x C):<\/strong> 730 x 430 x 60 mm<\/p>\n<\/li>\n<li class=\"\" data-start=\"1386\" data-end=\"1427\">\n<p class=\"\" data-start=\"1388\" data-end=\"1427\"><strong data-start=\"1388\" data-end=\"1412\">K\u00edch th\u01b0\u1edbc kho\u00e9t l\u1ed7:<\/strong> 690 x 390 mm<\/p>\n<\/li>\n<\/ul>\n<h3 class=\"\" data-start=\"1429\" data-end=\"1451\">T\u00cdNH N\u0102NG S\u1ea2N PH\u1ea8M<\/h3>\n<ul data-start=\"1452\" data-end=\"1837\">\n<li class=\"\" data-start=\"1452\" data-end=\"1497\">\n<p class=\"\" data-start=\"1454\" data-end=\"1497\">M\u1eb7t k\u00ednh <strong data-start=\"1463\" data-end=\"1474\">Keramik<\/strong> bo vi\u1ec1n <strong data-start=\"1483\" data-end=\"1495\">Aluminum<\/strong><\/p>\n<\/li>\n<li class=\"\" data-start=\"1498\" data-end=\"1531\">\n<p class=\"\" data-start=\"1500\" data-end=\"1531\">IGBT h\u00e3ng <strong data-start=\"1510\" data-end=\"1529\">Siemens Germany<\/strong><\/p>\n<\/li>\n<li class=\"\" data-start=\"1532\" data-end=\"1593\">\n<p class=\"\" data-start=\"1534\" data-end=\"1593\">\u0110i\u1ec1u khi\u1ec3n <strong data-start=\"1545\" data-end=\"1567\">t\u1ed5 h\u1ee3p ph\u00edm Slider<\/strong> v\u1edbi <strong data-start=\"1572\" data-end=\"1591\">9 m\u1ee9c c\u00f4ng su\u1ea5t<\/strong><\/p>\n<\/li>\n<li class=\"\" data-start=\"1594\" data-end=\"1654\">\n<p class=\"\" data-start=\"1596\" data-end=\"1654\"><strong data-start=\"1596\" data-end=\"1619\">Ch\u1ee9c n\u0103ng chi\u00ean x\u00e0o<\/strong> v\u1edbi <strong data-start=\"1624\" data-end=\"1652\">3 m\u1ee9c nhi\u1ec7t \u0111\u1ed9 linh ho\u1ea1t<\/strong><\/p>\n<\/li>\n<li class=\"\" data-start=\"1655\" data-end=\"1689\">\n<p class=\"\" data-start=\"1657\" data-end=\"1689\"><strong data-start=\"1657\" data-end=\"1687\">Ch\u1ee9c n\u0103ng gi\u1eef nhi\u1ec7t REHEAT<\/strong><\/p>\n<\/li>\n<li class=\"\" data-start=\"1690\" data-end=\"1731\">\n<p class=\"\" data-start=\"1692\" data-end=\"1731\"><strong data-start=\"1692\" data-end=\"1711\">H\u1eb9n gi\u1edd \u0111\u1ed9c l\u1eadp<\/strong> cho t\u1eebng v\u00f9ng n\u1ea5u<\/p>\n<\/li>\n<li class=\"\" data-start=\"1732\" data-end=\"1790\">\n<p class=\"\" data-start=\"1734\" data-end=\"1790\"><strong data-start=\"1734\" data-end=\"1757\">V\u00f9ng n\u1ea5u th\u00f4ng minh<\/strong> t\u1ef1 nh\u1eadn di\u1ec7n k\u00edch c\u1ee1 xoong n\u1ed3i<\/p>\n<\/li>\n<li class=\"\" data-start=\"1791\" data-end=\"1837\">\n<p class=\"\" data-start=\"1793\" data-end=\"1837\">C\u00f4ng ngh\u1ec7 <strong data-start=\"1803\" data-end=\"1815\">Inverter<\/strong> ti\u1ebft ki\u1ec7m \u0111i\u1ec7n n\u0103ng<\/p>\n<\/li>\n<\/ul>\n<h3 class=\"\" data-start=\"1839\" data-end=\"1860\">T\u00cdNH N\u0102NG AN TO\u00c0N<\/h3>\n<ul data-start=\"1861\" data-end=\"2212\">\n<li class=\"\" data-start=\"1861\" data-end=\"1913\">\n<p class=\"\" data-start=\"1863\" data-end=\"1913\">C\u1ea3nh b\u00e1o nhi\u1ec7t d\u01b0 v\u00f9ng n\u1ea5u <strong data-start=\"1890\" data-end=\"1911\">Residual heat (H)<\/strong><\/p>\n<\/li>\n<li class=\"\" data-start=\"1914\" data-end=\"1970\">\n<p class=\"\" data-start=\"1916\" data-end=\"1970\"><strong data-start=\"1916\" data-end=\"1952\">T\u1ef1 \u0111\u1ed9ng t\u1eaft b\u1ebfp khi kh\u00f4ng c\u00f3 n\u1ed3i<\/strong> (Pot Detection)<\/p>\n<\/li>\n<li class=\"\" data-start=\"1971\" data-end=\"2029\">\n<p class=\"\" data-start=\"1973\" data-end=\"2029\"><strong data-start=\"1973\" data-end=\"2004\">T\u1ef1 \u0111\u1ed9ng t\u1eaft b\u1ebfp khi \u0111\u1ec3 qu\u00ean<\/strong> (Automatic switch off)<\/p>\n<\/li>\n<li class=\"\" data-start=\"2030\" data-end=\"2099\">\n<p class=\"\" data-start=\"2032\" data-end=\"2099\">H\u1ec7 th\u1ed1ng <strong data-start=\"2041\" data-end=\"2073\">t\u1ef1 t\u1eaft khi qu\u00e1 \u00e1p, qu\u00e1 nhi\u1ec7t<\/strong> (Over heating shut off)<\/p>\n<\/li>\n<li class=\"\" data-start=\"2100\" data-end=\"2146\">\n<p class=\"\" data-start=\"2102\" data-end=\"2146\">Ch\u1ee9c n\u0103ng <strong data-start=\"2112\" data-end=\"2144\">ch\u1ed1ng tr\u00e0o n\u01b0\u1edbc t\u1ef1 \u0111\u1ed9ng ng\u1eaft<\/strong><\/p>\n<\/li>\n<li class=\"\" data-start=\"2147\" data-end=\"2171\">\n<p class=\"\" data-start=\"2149\" data-end=\"2171\"><strong data-start=\"2149\" data-end=\"2169\">T\u1ea1m d\u1eebng (Pause)<\/strong><\/p>\n<\/li>\n<li class=\"\" data-start=\"2172\" data-end=\"2212\">\n<p class=\"\" data-start=\"2174\" data-end=\"2212\"><strong data-start=\"2174\" data-end=\"2197\">Kh\u00f3a an to\u00e0n tr\u1ebb em<\/strong> (Child Lock)<\/p>\n<\/li>\n<\/ul>\n<p class=\"\" data-start=\"2214\" data-end=\"2237\"><strong data-start=\"2214\" data-end=\"2226\">Xu\u1ea5t x\u1ee9:<\/strong> Malaysia<\/p>\n","protected":false},"excerpt":{"rendered":"<p>TH\u00d4NG S\u1ed0 K\u1ef8 THU\u1eacT \u0110i\u1ec7n \u00e1p: 220\/50Hz Ph\u1ea3i: 2000W (booster 2300W) Tr\u00e1i: 2000W (booster 2300W) K\u00edch th\u01b0\u1edbc (D x R x C): 730 x 430 x 60 mm K\u00edch th\u01b0\u1edbc kho\u00e9t l\u1ed7: 690 x 390 mm T\u00cdNH N\u0102NG S\u1ea2N PH\u1ea8M M\u1eb7t k\u00ednh Keramik bo vi\u1ec1n Aluminum IGBT h\u00e3ng Siemens Germany \u0110i\u1ec1u khi\u1ec3n t\u1ed5 h\u1ee3p ph\u00edm&#8230;<\/p>\n","protected":false},"featured_media":429,"comment_status":"open","ping_status":"closed","template":"","meta":[],"product_brand":[],"product_cat":[31],"product_tag":[],"class_list":{"0":"post-428","1":"product","2":"type-product","3":"status-publish","4":"has-post-thumbnail","6":"product_cat-bep-tu","8":"first","9":"instock","10":"shipping-taxable","11":"purchasable","12":"product-type-simple"},"_links":{"self":[{"href":"https:\/\/store3.k-tech-services.com\/nhabep82\/wp-json\/wp\/v2\/product\/428","targetHints":{"allow":["GET"]}}],"collection":[{"href":"https:\/\/store3.k-tech-services.com\/nhabep82\/wp-json\/wp\/v2\/product"}],"about":[{"href":"https:\/\/store3.k-tech-services.com\/nhabep82\/wp-json\/wp\/v2\/types\/product"}],"replies":[{"embeddable":true,"href":"https:\/\/store3.k-tech-services.com\/nhabep82\/wp-json\/wp\/v2\/comments?post=428"}],"wp:featuredmedia":[{"embeddable":true,"href":"https:\/\/store3.k-tech-services.com\/nhabep82\/wp-json\/wp\/v2\/media\/429"}],"wp:attachment":[{"href":"https:\/\/store3.k-tech-services.com\/nhabep82\/wp-json\/wp\/v2\/media?parent=428"}],"wp:term":[{"taxonomy":"product_brand","embeddable":true,"href":"https:\/\/store3.k-tech-services.com\/nhabep82\/wp-json\/wp\/v2\/product_brand?post=428"},{"taxonomy":"product_cat","embeddable":true,"href":"https:\/\/store3.k-tech-services.com\/nhabep82\/wp-json\/wp\/v2\/product_cat?post=428"},{"taxonomy":"product_tag","embeddable":true,"href":"https:\/\/store3.k-tech-services.com\/nhabep82\/wp-json\/wp\/v2\/product_tag?post=428"}],"curies":[{"name":"wp","href":"https:\/\/api.w.org\/{rel}","templated":true}]}}