{"id":424,"date":"2025-04-14T16:31:49","date_gmt":"2025-04-14T16:31:49","guid":{"rendered":"https:\/\/ktech2.k-tech-services.com\/nhabep82\/?post_type=product&#038;p=424"},"modified":"2025-04-14T16:31:49","modified_gmt":"2025-04-14T16:31:49","slug":"di-609","status":"publish","type":"product","link":"https:\/\/store3.k-tech-services.com\/nhabep82\/san-pham\/di-609\/","title":{"rendered":"DI-609"},"content":{"rendered":"<h3 class=\"\" data-start=\"1234\" data-end=\"1255\">TH\u00d4NG S\u1ed0 K\u1ef8 THU\u1eacT<\/h3>\n<ul data-start=\"1256\" data-end=\"1445\">\n<li class=\"\" data-start=\"1256\" data-end=\"1281\">\n<p class=\"\" data-start=\"1258\" data-end=\"1281\"><strong data-start=\"1258\" data-end=\"1270\">\u0110i\u1ec7n \u00e1p:<\/strong> 220\/50Hz<\/p>\n<\/li>\n<li class=\"\" data-start=\"1282\" data-end=\"1317\">\n<p class=\"\" data-start=\"1284\" data-end=\"1317\"><strong data-start=\"1284\" data-end=\"1293\">Ph\u1ea3i:<\/strong> 2000W (booster 2300W)<\/p>\n<\/li>\n<li class=\"\" data-start=\"1318\" data-end=\"1353\">\n<p class=\"\" data-start=\"1320\" data-end=\"1353\"><strong data-start=\"1320\" data-end=\"1329\">Tr\u00e1i:<\/strong> 2000W (booster 2300W)<\/p>\n<\/li>\n<li class=\"\" data-start=\"1354\" data-end=\"1403\">\n<p class=\"\" data-start=\"1356\" data-end=\"1403\"><strong data-start=\"1356\" data-end=\"1383\">K\u00edch th\u01b0\u1edbc (D x R x C):<\/strong> 730 x 430 x 60 mm<\/p>\n<\/li>\n<li class=\"\" data-start=\"1404\" data-end=\"1445\">\n<p class=\"\" data-start=\"1406\" data-end=\"1445\"><strong data-start=\"1406\" data-end=\"1430\">K\u00edch th\u01b0\u1edbc kho\u00e9t l\u1ed7:<\/strong> 690 x 390 mm<\/p>\n<\/li>\n<\/ul>\n<h3 class=\"\" data-start=\"1447\" data-end=\"1469\">T\u00cdNH N\u0102NG S\u1ea2N PH\u1ea8M<\/h3>\n<ul data-start=\"1470\" data-end=\"1890\">\n<li class=\"\" data-start=\"1470\" data-end=\"1515\">\n<p class=\"\" data-start=\"1472\" data-end=\"1515\">M\u1eb7t k\u00ednh <strong data-start=\"1481\" data-end=\"1492\">Keramik<\/strong> bo vi\u1ec1n <strong data-start=\"1501\" data-end=\"1513\">Aluminum<\/strong><\/p>\n<\/li>\n<li class=\"\" data-start=\"1516\" data-end=\"1549\">\n<p class=\"\" data-start=\"1518\" data-end=\"1549\">IGBT h\u00e3ng <strong data-start=\"1528\" data-end=\"1547\">Siemens Germany<\/strong><\/p>\n<\/li>\n<li class=\"\" data-start=\"1550\" data-end=\"1606\">\n<p class=\"\" data-start=\"1552\" data-end=\"1606\">\u0110i\u1ec1u khi\u1ec3n <strong data-start=\"1563\" data-end=\"1580\">2 ph\u00edm Slider<\/strong> v\u1edbi <strong data-start=\"1585\" data-end=\"1604\">9 m\u1ee9c c\u00f4ng su\u1ea5t<\/strong><\/p>\n<\/li>\n<li class=\"\" data-start=\"1607\" data-end=\"1653\">\n<p class=\"\" data-start=\"1609\" data-end=\"1653\">Ch\u1ee9c n\u0103ng <strong data-start=\"1619\" data-end=\"1651\">t\u0103ng t\u1ed1c khi \u0111un n\u1ea5u Booster<\/strong><\/p>\n<\/li>\n<li class=\"\" data-start=\"1654\" data-end=\"1715\">\n<p class=\"\" data-start=\"1656\" data-end=\"1715\">Ch\u1ee9c n\u0103ng <strong data-start=\"1666\" data-end=\"1677\">Warming<\/strong> gi\u1eef \u1ea5m th\u1ee9c \u0103n \u1edf nhi\u1ec7t \u0111\u1ed9 th\u00edch h\u1ee3p<\/p>\n<\/li>\n<li class=\"\" data-start=\"1716\" data-end=\"1784\">\n<p class=\"\" data-start=\"1718\" data-end=\"1784\"><strong data-start=\"1718\" data-end=\"1737\">H\u1eb9n gi\u1edd \u0111\u1ed9c l\u1eadp<\/strong> cho t\u1eebng v\u00f9ng n\u1ea5u, th\u1eddi gian h\u1eb9n <strong data-start=\"1771\" data-end=\"1782\">99 ph\u00fat<\/strong><\/p>\n<\/li>\n<li class=\"\" data-start=\"1785\" data-end=\"1843\">\n<p class=\"\" data-start=\"1787\" data-end=\"1843\"><strong data-start=\"1787\" data-end=\"1810\">V\u00f9ng n\u1ea5u th\u00f4ng minh<\/strong> t\u1ef1 nh\u1eadn di\u1ec7n k\u00edch c\u1ee1 xoong n\u1ed3i<\/p>\n<\/li>\n<li class=\"\" data-start=\"1844\" data-end=\"1890\">\n<p class=\"\" data-start=\"1846\" data-end=\"1890\">C\u00f4ng ngh\u1ec7 <strong data-start=\"1856\" data-end=\"1868\">Inverter<\/strong> ti\u1ebft ki\u1ec7m \u0111i\u1ec7n n\u0103ng<\/p>\n<\/li>\n<\/ul>\n<h3 class=\"\" data-start=\"1892\" data-end=\"1913\">T\u00cdNH N\u0102NG AN TO\u00c0N<\/h3>\n<ul data-start=\"1914\" data-end=\"2240\">\n<li class=\"\" data-start=\"1914\" data-end=\"1966\">\n<p class=\"\" data-start=\"1916\" data-end=\"1966\">C\u1ea3nh b\u00e1o nhi\u1ec7t d\u01b0 v\u00f9ng n\u1ea5u <strong data-start=\"1943\" data-end=\"1964\">Residual heat (H)<\/strong><\/p>\n<\/li>\n<li class=\"\" data-start=\"1967\" data-end=\"2023\">\n<p class=\"\" data-start=\"1969\" data-end=\"2023\"><strong data-start=\"1969\" data-end=\"2005\">T\u1ef1 \u0111\u1ed9ng t\u1eaft b\u1ebfp khi kh\u00f4ng c\u00f3 n\u1ed3i<\/strong> (Pot Detection)<\/p>\n<\/li>\n<li class=\"\" data-start=\"2024\" data-end=\"2082\">\n<p class=\"\" data-start=\"2026\" data-end=\"2082\"><strong data-start=\"2026\" data-end=\"2057\">T\u1ef1 \u0111\u1ed9ng t\u1eaft b\u1ebfp khi \u0111\u1ec3 qu\u00ean<\/strong> (Automatic switch off)<\/p>\n<\/li>\n<li class=\"\" data-start=\"2083\" data-end=\"2152\">\n<p class=\"\" data-start=\"2085\" data-end=\"2152\">H\u1ec7 th\u1ed1ng t\u1ef1 t\u1eaft khi <strong data-start=\"2105\" data-end=\"2126\">qu\u00e1 \u00e1p, qu\u00e1 nhi\u1ec7t<\/strong> (Over heating shut off)<\/p>\n<\/li>\n<li class=\"\" data-start=\"2153\" data-end=\"2199\">\n<p class=\"\" data-start=\"2155\" data-end=\"2199\">Ch\u1ee9c n\u0103ng <strong data-start=\"2165\" data-end=\"2197\">ch\u1ed1ng tr\u00e0o n\u01b0\u1edbc t\u1ef1 \u0111\u1ed9ng ng\u1eaft<\/strong><\/p>\n<\/li>\n<li class=\"\" data-start=\"2200\" data-end=\"2240\">\n<p class=\"\" data-start=\"2202\" data-end=\"2240\"><strong data-start=\"2202\" data-end=\"2225\">Kh\u00f3a an to\u00e0n tr\u1ebb em<\/strong> (Child Lock)<\/p>\n<\/li>\n<\/ul>\n<p class=\"\" data-start=\"2242\" data-end=\"2265\"><strong data-start=\"2242\" data-end=\"2254\">Xu\u1ea5t x\u1ee9:<\/strong> Malaysia<\/p>\n","protected":false},"excerpt":{"rendered":"<p>TH\u00d4NG S\u1ed0 K\u1ef8 THU\u1eacT \u0110i\u1ec7n \u00e1p: 220\/50Hz Ph\u1ea3i: 2000W (booster 2300W) Tr\u00e1i: 2000W (booster 2300W) K\u00edch th\u01b0\u1edbc (D x R x C): 730 x 430 x 60 mm K\u00edch th\u01b0\u1edbc kho\u00e9t l\u1ed7: 690 x 390 mm T\u00cdNH N\u0102NG S\u1ea2N PH\u1ea8M M\u1eb7t k\u00ednh Keramik bo vi\u1ec1n Aluminum IGBT h\u00e3ng Siemens Germany \u0110i\u1ec1u khi\u1ec3n 2 ph\u00edm Slider&#8230;<\/p>\n","protected":false},"featured_media":425,"comment_status":"open","ping_status":"closed","template":"","meta":[],"product_brand":[],"product_cat":[31],"product_tag":[],"class_list":{"0":"post-424","1":"product","2":"type-product","3":"status-publish","4":"has-post-thumbnail","6":"product_cat-bep-tu","8":"first","9":"instock","10":"shipping-taxable","11":"purchasable","12":"product-type-simple"},"_links":{"self":[{"href":"https:\/\/store3.k-tech-services.com\/nhabep82\/wp-json\/wp\/v2\/product\/424","targetHints":{"allow":["GET"]}}],"collection":[{"href":"https:\/\/store3.k-tech-services.com\/nhabep82\/wp-json\/wp\/v2\/product"}],"about":[{"href":"https:\/\/store3.k-tech-services.com\/nhabep82\/wp-json\/wp\/v2\/types\/product"}],"replies":[{"embeddable":true,"href":"https:\/\/store3.k-tech-services.com\/nhabep82\/wp-json\/wp\/v2\/comments?post=424"}],"wp:featuredmedia":[{"embeddable":true,"href":"https:\/\/store3.k-tech-services.com\/nhabep82\/wp-json\/wp\/v2\/media\/425"}],"wp:attachment":[{"href":"https:\/\/store3.k-tech-services.com\/nhabep82\/wp-json\/wp\/v2\/media?parent=424"}],"wp:term":[{"taxonomy":"product_brand","embeddable":true,"href":"https:\/\/store3.k-tech-services.com\/nhabep82\/wp-json\/wp\/v2\/product_brand?post=424"},{"taxonomy":"product_cat","embeddable":true,"href":"https:\/\/store3.k-tech-services.com\/nhabep82\/wp-json\/wp\/v2\/product_cat?post=424"},{"taxonomy":"product_tag","embeddable":true,"href":"https:\/\/store3.k-tech-services.com\/nhabep82\/wp-json\/wp\/v2\/product_tag?post=424"}],"curies":[{"name":"wp","href":"https:\/\/api.w.org\/{rel}","templated":true}]}}