{"id":414,"date":"2025-04-14T16:24:09","date_gmt":"2025-04-14T16:24:09","guid":{"rendered":"https:\/\/ktech2.k-tech-services.com\/nhabep82\/?post_type=product&#038;p=414"},"modified":"2025-04-14T16:26:51","modified_gmt":"2025-04-14T16:26:51","slug":"di-688se","status":"publish","type":"product","link":"https:\/\/store3.k-tech-services.com\/nhabep82\/san-pham\/di-688se\/","title":{"rendered":"DI-688SE"},"content":{"rendered":"<p class=\"\" data-start=\"139\" data-end=\"190\"><strong data-start=\"169\" data-end=\"190\">TH\u00d4NG S\u1ed0 K\u1ef8 THU\u1eacT<\/strong><\/p>\n<ul data-start=\"191\" data-end=\"361\">\n<li class=\"\" data-start=\"191\" data-end=\"213\">\n<p class=\"\" data-start=\"193\" data-end=\"213\">\u0110i\u1ec7n \u00e1p: 220V\/50Hz<\/p>\n<\/li>\n<li class=\"\" data-start=\"214\" data-end=\"246\">\n<p class=\"\" data-start=\"216\" data-end=\"246\">Tr\u00e1i: 2000W (booster: 2200W)<\/p>\n<\/li>\n<li class=\"\" data-start=\"247\" data-end=\"279\">\n<p class=\"\" data-start=\"249\" data-end=\"279\">Ph\u1ea3i: 3000W (booster: 3200W)<\/p>\n<\/li>\n<li class=\"\" data-start=\"280\" data-end=\"324\">\n<p class=\"\" data-start=\"282\" data-end=\"324\">K\u00edch th\u01b0\u1edbc (D x R x C): 730 x 430 x 60mm<\/p>\n<\/li>\n<li class=\"\" data-start=\"325\" data-end=\"361\">\n<p class=\"\" data-start=\"327\" data-end=\"361\">K\u00edch th\u01b0\u1edbc kho\u00e9t l\u1ed7: 680 x 380mm<\/p>\n<\/li>\n<\/ul>\n<p class=\"\" data-start=\"363\" data-end=\"385\"><strong data-start=\"363\" data-end=\"385\">T\u00cdNH N\u0102NG S\u1ea2N PH\u1ea8M<\/strong><\/p>\n<ul data-start=\"386\" data-end=\"648\">\n<li class=\"\" data-start=\"386\" data-end=\"435\">\n<p class=\"\" data-start=\"388\" data-end=\"435\">M\u1eb7t k\u00ednh Keramik v\u00e1t 4 c\u1ea1nh, bo vi\u1ec1n Aluminum<\/p>\n<\/li>\n<li class=\"\" data-start=\"436\" data-end=\"484\">\n<p class=\"\" data-start=\"438\" data-end=\"484\">\u0110i\u1ec1u khi\u1ec3n 2 ph\u00edm Slider v\u1edbi 9 m\u1ee9c c\u00f4ng su\u1ea5t<\/p>\n<\/li>\n<li class=\"\" data-start=\"485\" data-end=\"547\">\n<p class=\"\" data-start=\"487\" data-end=\"547\">H\u1eb9n gi\u1edd \u0111\u1ed9c l\u1eadp cho 2 v\u00f9ng n\u1ea5u, th\u1eddi gian l\u00ean t\u1edbi 120 ph\u00fat<\/p>\n<\/li>\n<li class=\"\" data-start=\"548\" data-end=\"602\">\n<p class=\"\" data-start=\"550\" data-end=\"602\">V\u00f9ng n\u1ea5u th\u00f4ng minh t\u1ef1 nh\u1eadn di\u1ec7n k\u00edch c\u1ee1 xoong n\u1ed3i<\/p>\n<\/li>\n<li class=\"\" data-start=\"603\" data-end=\"648\">\n<p class=\"\" data-start=\"605\" data-end=\"648\">M\u00e2m nhi\u1ec7t k\u00e9p c\u00f4ng ngh\u1ec7 Big Zone XL 3200W<\/p>\n<\/li>\n<\/ul>\n<p class=\"\" data-start=\"650\" data-end=\"672\"><strong data-start=\"650\" data-end=\"672\">CH\u1ee8C N\u0102NG \u0110\u1eb6C BI\u1ec6T<\/strong><\/p>\n<ul data-start=\"673\" data-end=\"864\">\n<li class=\"\" data-start=\"673\" data-end=\"723\">\n<p class=\"\" data-start=\"675\" data-end=\"723\">T\u00edch h\u1ee3p ch\u1ee9c n\u0103ng r\u00e3 \u0111\u00f4ng th\u1ef1c \u0103n tr\u00ean b\u1ebfp t\u1eeb<\/p>\n<\/li>\n<li class=\"\" data-start=\"724\" data-end=\"773\">\n<p class=\"\" data-start=\"726\" data-end=\"773\">Ch\u1ee9c n\u0103ng n\u1ea5u ra nhi\u1ec7t nhanh &#8220;iQuick Boiling&#8221;<\/p>\n<\/li>\n<li class=\"\" data-start=\"774\" data-end=\"821\">\n<p class=\"\" data-start=\"776\" data-end=\"821\">Ch\u1ebf \u0111\u1ed9 ECO gi\u00fap ti\u1ebft ki\u1ec7m \u0111i\u1ec7n n\u0103ng h\u01a1n 30%<\/p>\n<\/li>\n<li class=\"\" data-start=\"822\" data-end=\"864\">\n<p class=\"\" data-start=\"824\" data-end=\"864\">Ch\u1ee9c n\u0103ng t\u0103ng t\u1ed1c khi \u0111un n\u1ea5u Booster<\/p>\n<\/li>\n<\/ul>\n<p class=\"\" data-start=\"866\" data-end=\"887\"><strong data-start=\"866\" data-end=\"887\">T\u00cdNH N\u0102NG AN TO\u00c0N<\/strong><\/p>\n<ul data-start=\"888\" data-end=\"1196\">\n<li class=\"\" data-start=\"888\" data-end=\"936\">\n<p class=\"\" data-start=\"890\" data-end=\"936\">C\u1ea3nh b\u00e1o nhi\u1ec7t d\u01b0 v\u00f9ng n\u1ea5u Residual Heat (H)<\/p>\n<\/li>\n<li class=\"\" data-start=\"937\" data-end=\"987\">\n<p class=\"\" data-start=\"939\" data-end=\"987\">T\u1ef1 \u0111\u1ed9ng t\u1eaft b\u1ebfp khi kh\u00f4ng c\u00f3 n\u1ed3i Pot Detection<\/p>\n<\/li>\n<li class=\"\" data-start=\"988\" data-end=\"1040\">\n<p class=\"\" data-start=\"990\" data-end=\"1040\">T\u1ef1 \u0111\u1ed9ng t\u1eaft b\u1ebfp khi \u0111\u1ec3 qu\u00ean Automatic switch off<\/p>\n<\/li>\n<li class=\"\" data-start=\"1041\" data-end=\"1104\">\n<p class=\"\" data-start=\"1043\" data-end=\"1104\">H\u1ec7 th\u1ed1ng t\u1ef1 t\u1eaft khi qu\u00e1 \u00e1p, qu\u00e1 nhi\u1ec7t Over heating shut off<\/p>\n<\/li>\n<li class=\"\" data-start=\"1105\" data-end=\"1161\">\n<p class=\"\" data-start=\"1107\" data-end=\"1161\">Ch\u1ee9c n\u0103ng ch\u1ed1ng tr\u00e0o n\u01b0\u1edbc t\u1ef1 \u0111\u1ed9ng ng\u1eaft Anti overflow<\/p>\n<\/li>\n<li class=\"\" data-start=\"1162\" data-end=\"1196\">\n<p class=\"\" data-start=\"1164\" data-end=\"1196\">Kh\u00f3a an to\u00e0n tr\u1ebb em Child Lock<\/p>\n<\/li>\n<\/ul>\n<p class=\"\" data-start=\"1198\" data-end=\"1218\"><strong data-start=\"1198\" data-end=\"1210\">Xu\u1ea5t x\u1ee9:<\/strong> Korea<\/p>\n","protected":false},"excerpt":{"rendered":"<p>TH\u00d4NG S\u1ed0 K\u1ef8 THU\u1eacT \u0110i\u1ec7n \u00e1p: 220V\/50Hz Tr\u00e1i: 2000W (booster: 2200W) Ph\u1ea3i: 3000W (booster: 3200W) K\u00edch th\u01b0\u1edbc (D x R x C): 730 x 430 x 60mm K\u00edch th\u01b0\u1edbc kho\u00e9t l\u1ed7: 680 x 380mm T\u00cdNH N\u0102NG S\u1ea2N PH\u1ea8M M\u1eb7t k\u00ednh Keramik v\u00e1t 4 c\u1ea1nh, bo vi\u1ec1n Aluminum \u0110i\u1ec1u khi\u1ec3n 2 ph\u00edm Slider v\u1edbi 9 m\u1ee9c&#8230;<\/p>\n","protected":false},"featured_media":398,"comment_status":"open","ping_status":"closed","template":"","meta":[],"product_brand":[],"product_cat":[31],"product_tag":[],"class_list":{"0":"post-414","1":"product","2":"type-product","3":"status-publish","4":"has-post-thumbnail","6":"product_cat-bep-tu","8":"first","9":"instock","10":"shipping-taxable","11":"purchasable","12":"product-type-simple"},"_links":{"self":[{"href":"https:\/\/store3.k-tech-services.com\/nhabep82\/wp-json\/wp\/v2\/product\/414","targetHints":{"allow":["GET"]}}],"collection":[{"href":"https:\/\/store3.k-tech-services.com\/nhabep82\/wp-json\/wp\/v2\/product"}],"about":[{"href":"https:\/\/store3.k-tech-services.com\/nhabep82\/wp-json\/wp\/v2\/types\/product"}],"replies":[{"embeddable":true,"href":"https:\/\/store3.k-tech-services.com\/nhabep82\/wp-json\/wp\/v2\/comments?post=414"}],"wp:featuredmedia":[{"embeddable":true,"href":"https:\/\/store3.k-tech-services.com\/nhabep82\/wp-json\/wp\/v2\/media\/398"}],"wp:attachment":[{"href":"https:\/\/store3.k-tech-services.com\/nhabep82\/wp-json\/wp\/v2\/media?parent=414"}],"wp:term":[{"taxonomy":"product_brand","embeddable":true,"href":"https:\/\/store3.k-tech-services.com\/nhabep82\/wp-json\/wp\/v2\/product_brand?post=414"},{"taxonomy":"product_cat","embeddable":true,"href":"https:\/\/store3.k-tech-services.com\/nhabep82\/wp-json\/wp\/v2\/product_cat?post=414"},{"taxonomy":"product_tag","embeddable":true,"href":"https:\/\/store3.k-tech-services.com\/nhabep82\/wp-json\/wp\/v2\/product_tag?post=414"}],"curies":[{"name":"wp","href":"https:\/\/api.w.org\/{rel}","templated":true}]}}