{"id":410,"date":"2025-04-14T16:20:31","date_gmt":"2025-04-14T16:20:31","guid":{"rendered":"https:\/\/ktech2.k-tech-services.com\/nhabep82\/?post_type=product&#038;p=410"},"modified":"2025-04-14T16:39:40","modified_gmt":"2025-04-14T16:39:40","slug":"di-669","status":"publish","type":"product","link":"https:\/\/store3.k-tech-services.com\/nhabep82\/san-pham\/di-669\/","title":{"rendered":"DI-669"},"content":{"rendered":"<h3 class=\"\" data-start=\"116\" data-end=\"143\"><strong data-start=\"120\" data-end=\"141\">TH\u00d4NG S\u1ed0 K\u1ef8 THU\u1eacT<\/strong><\/h3>\n<ul data-start=\"144\" data-end=\"360\">\n<li class=\"\" data-start=\"144\" data-end=\"170\">\n<p class=\"\" data-start=\"146\" data-end=\"170\"><strong data-start=\"146\" data-end=\"158\">\u0110i\u1ec7n \u00e1p:<\/strong> 220V\/50Hz<\/p>\n<\/li>\n<li class=\"\" data-start=\"171\" data-end=\"220\">\n<p class=\"\" data-start=\"173\" data-end=\"220\"><strong data-start=\"173\" data-end=\"196\">C\u00f4ng su\u1ea5t b\u1ebfp ph\u1ea3i:<\/strong> 2000W (booster 2300W)<\/p>\n<\/li>\n<li class=\"\" data-start=\"221\" data-end=\"270\">\n<p class=\"\" data-start=\"223\" data-end=\"270\"><strong data-start=\"223\" data-end=\"246\">C\u00f4ng su\u1ea5t b\u1ebfp tr\u00e1i:<\/strong> 2000W (booster 2300W)<\/p>\n<\/li>\n<li class=\"\" data-start=\"271\" data-end=\"319\">\n<p class=\"\" data-start=\"273\" data-end=\"319\"><strong data-start=\"273\" data-end=\"300\">K\u00edch th\u01b0\u1edbc (D x R x C):<\/strong> 730 x 420 x 60mm<\/p>\n<\/li>\n<li class=\"\" data-start=\"320\" data-end=\"360\">\n<p class=\"\" data-start=\"322\" data-end=\"360\"><strong data-start=\"322\" data-end=\"346\">K\u00edch th\u01b0\u1edbc kho\u00e9t l\u1ed7:<\/strong> 695 x 395mm<\/p>\n<\/li>\n<\/ul>\n<hr class=\"\" data-start=\"362\" data-end=\"365\" \/>\n<h3 class=\"\" data-start=\"367\" data-end=\"395\"><strong data-start=\"371\" data-end=\"393\">T\u00cdNH N\u0102NG S\u1ea2N PH\u1ea8M<\/strong><\/h3>\n<ul data-start=\"396\" data-end=\"798\">\n<li class=\"\" data-start=\"396\" data-end=\"446\">\n<p class=\"\" data-start=\"398\" data-end=\"446\">M\u1eb7t k\u00ednh <strong data-start=\"407\" data-end=\"418\">Keramik<\/strong> bo vi\u1ec1n <strong data-start=\"427\" data-end=\"444\">nh\u00f4m Aluminum<\/strong><\/p>\n<\/li>\n<li class=\"\" data-start=\"447\" data-end=\"480\">\n<p class=\"\" data-start=\"449\" data-end=\"480\"><strong data-start=\"449\" data-end=\"478\">IGBT h\u00e3ng Siemens Germany<\/strong><\/p>\n<\/li>\n<li class=\"\" data-start=\"481\" data-end=\"533\">\n<p class=\"\" data-start=\"483\" data-end=\"533\">\u0110i\u1ec1u khi\u1ec3n 2 ph\u00edm <strong data-start=\"501\" data-end=\"511\">Slider<\/strong> v\u1edbi 9 m\u1ee9c c\u00f4ng su\u1ea5t<\/p>\n<\/li>\n<li class=\"\" data-start=\"534\" data-end=\"572\">\n<p class=\"\" data-start=\"536\" data-end=\"572\">T\u0103ng t\u1ed1c v\u1edbi ch\u1ee9c n\u0103ng <strong data-start=\"559\" data-end=\"570\">Booster<\/strong><\/p>\n<\/li>\n<li class=\"\" data-start=\"573\" data-end=\"605\">\n<p class=\"\" data-start=\"575\" data-end=\"605\">Ch\u1ee9c n\u0103ng <strong data-start=\"585\" data-end=\"603\">gi\u1eef \u1ea5m Warming<\/strong><\/p>\n<\/li>\n<li class=\"\" data-start=\"606\" data-end=\"649\">\n<p class=\"\" data-start=\"608\" data-end=\"649\">V\u00f9ng n\u1ea5u t\u1ef1 nh\u1eadn di\u1ec7n k\u00edch c\u1ee1 xoong n\u1ed3i<\/p>\n<\/li>\n<li class=\"\" data-start=\"650\" data-end=\"704\">\n<p class=\"\" data-start=\"652\" data-end=\"704\">H\u1eb9n gi\u1edd \u0111\u1ed9c l\u1eadp cho t\u1eebng v\u00f9ng n\u1ea5u (t\u1ed1i \u0111a 99 ph\u00fat)<\/p>\n<\/li>\n<li class=\"\" data-start=\"705\" data-end=\"741\">\n<p class=\"\" data-start=\"707\" data-end=\"741\"><strong data-start=\"707\" data-end=\"719\">Inverter<\/strong> ti\u1ebft ki\u1ec7m \u0111i\u1ec7n n\u0103ng<\/p>\n<\/li>\n<li class=\"\" data-start=\"742\" data-end=\"798\">\n<p class=\"\" data-start=\"744\" data-end=\"798\"><strong data-start=\"744\" data-end=\"757\">\u0110\u1eb7c bi\u1ec7t:<\/strong> Ch\u1ebf \u0111\u1ed9 <strong data-start=\"765\" data-end=\"796\">s\u00f4i liu riu \u1edf m\u1ee9c th\u1ea5p nh\u1ea5t<\/strong><\/p>\n<\/li>\n<\/ul>\n<hr class=\"\" data-start=\"800\" data-end=\"803\" \/>\n<h3 class=\"\" data-start=\"805\" data-end=\"832\"><strong data-start=\"809\" data-end=\"830\">T\u00cdNH N\u0102NG AN TO\u00c0N<\/strong><\/h3>\n<ul data-start=\"833\" data-end=\"1149\">\n<li class=\"\" data-start=\"833\" data-end=\"887\">\n<p class=\"\" data-start=\"835\" data-end=\"887\">C\u1ea3nh b\u00e1o nhi\u1ec7t d\u01b0 v\u00f9ng n\u1ea5u (<strong data-start=\"863\" data-end=\"884\">Residual heat &#8211; H<\/strong>)<\/p>\n<\/li>\n<li class=\"\" data-start=\"888\" data-end=\"944\">\n<p class=\"\" data-start=\"890\" data-end=\"944\"><strong data-start=\"890\" data-end=\"926\">T\u1ef1 \u0111\u1ed9ng t\u1eaft b\u1ebfp khi kh\u00f4ng c\u00f3 n\u1ed3i<\/strong> (Pot Detection)<\/p>\n<\/li>\n<li class=\"\" data-start=\"945\" data-end=\"999\">\n<p class=\"\" data-start=\"947\" data-end=\"999\"><strong data-start=\"947\" data-end=\"974\">T\u1ef1 \u0111\u1ed9ng t\u1eaft khi \u0111\u1ec3 qu\u00ean<\/strong> (Automatic switch off)<\/p>\n<\/li>\n<li class=\"\" data-start=\"1000\" data-end=\"1073\">\n<p class=\"\" data-start=\"1002\" data-end=\"1073\">H\u1ec7 th\u1ed1ng <strong data-start=\"1011\" data-end=\"1047\">t\u1ef1 t\u1eaft khi qu\u00e1 nhi\u1ec7t, qu\u00e1 cao \u00e1p<\/strong> (Over heating shut off)<\/p>\n<\/li>\n<li class=\"\" data-start=\"1074\" data-end=\"1110\">\n<p class=\"\" data-start=\"1076\" data-end=\"1110\"><strong data-start=\"1076\" data-end=\"1108\">Ch\u1ed1ng tr\u00e0o n\u01b0\u1edbc t\u1ef1 \u0111\u1ed9ng ng\u1eaft<\/strong><\/p>\n<\/li>\n<li class=\"\" data-start=\"1111\" data-end=\"1149\">\n<p class=\"\" data-start=\"1113\" data-end=\"1149\"><strong data-start=\"1113\" data-end=\"1136\">Kh\u00f3a an to\u00e0n tr\u1ebb em<\/strong> (Child lock)<\/p>\n<\/li>\n<\/ul>\n","protected":false},"excerpt":{"rendered":"<p>TH\u00d4NG S\u1ed0 K\u1ef8 THU\u1eacT \u0110i\u1ec7n \u00e1p: 220V\/50Hz C\u00f4ng su\u1ea5t b\u1ebfp ph\u1ea3i: 2000W (booster 2300W) C\u00f4ng su\u1ea5t b\u1ebfp tr\u00e1i: 2000W (booster 2300W) K\u00edch th\u01b0\u1edbc (D x R x C): 730 x 420 x 60mm K\u00edch th\u01b0\u1edbc kho\u00e9t l\u1ed7: 695 x 395mm T\u00cdNH N\u0102NG S\u1ea2N PH\u1ea8M M\u1eb7t k\u00ednh Keramik bo vi\u1ec1n nh\u00f4m Aluminum IGBT h\u00e3ng Siemens Germany&#8230;<\/p>\n","protected":false},"featured_media":411,"comment_status":"open","ping_status":"closed","template":"","meta":[],"product_brand":[],"product_cat":[31],"product_tag":[],"class_list":{"0":"post-410","1":"product","2":"type-product","3":"status-publish","4":"has-post-thumbnail","6":"product_cat-bep-tu","8":"first","9":"instock","10":"shipping-taxable","11":"purchasable","12":"product-type-simple"},"_links":{"self":[{"href":"https:\/\/store3.k-tech-services.com\/nhabep82\/wp-json\/wp\/v2\/product\/410","targetHints":{"allow":["GET"]}}],"collection":[{"href":"https:\/\/store3.k-tech-services.com\/nhabep82\/wp-json\/wp\/v2\/product"}],"about":[{"href":"https:\/\/store3.k-tech-services.com\/nhabep82\/wp-json\/wp\/v2\/types\/product"}],"replies":[{"embeddable":true,"href":"https:\/\/store3.k-tech-services.com\/nhabep82\/wp-json\/wp\/v2\/comments?post=410"}],"wp:featuredmedia":[{"embeddable":true,"href":"https:\/\/store3.k-tech-services.com\/nhabep82\/wp-json\/wp\/v2\/media\/411"}],"wp:attachment":[{"href":"https:\/\/store3.k-tech-services.com\/nhabep82\/wp-json\/wp\/v2\/media?parent=410"}],"wp:term":[{"taxonomy":"product_brand","embeddable":true,"href":"https:\/\/store3.k-tech-services.com\/nhabep82\/wp-json\/wp\/v2\/product_brand?post=410"},{"taxonomy":"product_cat","embeddable":true,"href":"https:\/\/store3.k-tech-services.com\/nhabep82\/wp-json\/wp\/v2\/product_cat?post=410"},{"taxonomy":"product_tag","embeddable":true,"href":"https:\/\/store3.k-tech-services.com\/nhabep82\/wp-json\/wp\/v2\/product_tag?post=410"}],"curies":[{"name":"wp","href":"https:\/\/api.w.org\/{rel}","templated":true}]}}