{"id":409,"date":"2025-04-14T16:18:50","date_gmt":"2025-04-14T16:18:50","guid":{"rendered":"https:\/\/ktech2.k-tech-services.com\/nhabep82\/?post_type=product&#038;p=409"},"modified":"2025-04-14T16:18:50","modified_gmt":"2025-04-14T16:18:50","slug":"di-336pro","status":"publish","type":"product","link":"https:\/\/store3.k-tech-services.com\/nhabep82\/san-pham\/di-336pro\/","title":{"rendered":"DI-336PRO"},"content":{"rendered":"<p class=\"\" data-start=\"117\" data-end=\"140\"><strong data-start=\"117\" data-end=\"138\">TH\u00d4NG S\u1ed0 K\u1ef8 THU\u1eacT<\/strong><\/p>\n<ul data-start=\"141\" data-end=\"357\">\n<li class=\"\" data-start=\"141\" data-end=\"167\">\n<p class=\"\" data-start=\"143\" data-end=\"167\"><strong data-start=\"143\" data-end=\"155\">\u0110i\u1ec7n \u00e1p:<\/strong> 220V\/50Hz<\/p>\n<\/li>\n<li class=\"\" data-start=\"168\" data-end=\"217\">\n<p class=\"\" data-start=\"170\" data-end=\"217\"><strong data-start=\"170\" data-end=\"193\">C\u00f4ng su\u1ea5t b\u1ebfp tr\u00e1i:<\/strong> 2000W (booster 2200W)<\/p>\n<\/li>\n<li class=\"\" data-start=\"218\" data-end=\"267\">\n<p class=\"\" data-start=\"220\" data-end=\"267\"><strong data-start=\"220\" data-end=\"243\">C\u00f4ng su\u1ea5t b\u1ebfp ph\u1ea3i:<\/strong> 3000W (booster 3200W)<\/p>\n<\/li>\n<li class=\"\" data-start=\"268\" data-end=\"316\">\n<p class=\"\" data-start=\"270\" data-end=\"316\"><strong data-start=\"270\" data-end=\"297\">K\u00edch th\u01b0\u1edbc (D x R x C):<\/strong> 730 x 430 x 60mm<\/p>\n<\/li>\n<li class=\"\" data-start=\"317\" data-end=\"357\">\n<p class=\"\" data-start=\"319\" data-end=\"357\"><strong data-start=\"319\" data-end=\"343\">K\u00edch th\u01b0\u1edbc kho\u00e9t l\u1ed7:<\/strong> 680 x 380mm<\/p>\n<\/li>\n<\/ul>\n<hr class=\"\" data-start=\"359\" data-end=\"362\" \/>\n<h3 class=\"\" data-start=\"364\" data-end=\"390\"><strong data-start=\"368\" data-end=\"390\">T\u00cdNH N\u0102NG S\u1ea2N PH\u1ea8M<\/strong><\/h3>\n<ul data-start=\"391\" data-end=\"677\">\n<li class=\"\" data-start=\"391\" data-end=\"449\">\n<p class=\"\" data-start=\"393\" data-end=\"449\">M\u1eb7t k\u00ednh <strong data-start=\"402\" data-end=\"424\">Keramik v\u00e1t 4 c\u1ea1nh<\/strong>, bo vi\u1ec1n <strong data-start=\"434\" data-end=\"446\">Aluminum<\/strong>.<\/p>\n<\/li>\n<li class=\"\" data-start=\"450\" data-end=\"503\">\n<p class=\"\" data-start=\"452\" data-end=\"503\">\u0110i\u1ec1u khi\u1ec3n 2 ph\u00edm <strong data-start=\"470\" data-end=\"480\">Slider<\/strong> v\u1edbi 9 m\u1ee9c c\u00f4ng su\u1ea5t.<\/p>\n<\/li>\n<li class=\"\" data-start=\"504\" data-end=\"567\">\n<p class=\"\" data-start=\"506\" data-end=\"567\">H\u1eb9n gi\u1edd \u0111\u1ed9c l\u1eadp cho 2 v\u00f9ng n\u1ea5u, th\u1eddi gian l\u00ean t\u1edbi 120 ph\u00fat.<\/p>\n<\/li>\n<li class=\"\" data-start=\"568\" data-end=\"627\">\n<p class=\"\" data-start=\"570\" data-end=\"627\"><strong data-start=\"570\" data-end=\"593\">V\u00f9ng n\u1ea5u th\u00f4ng minh<\/strong> t\u1ef1 nh\u1eadn di\u1ec7n k\u00edch c\u1ee1 xoong n\u1ed3i.<\/p>\n<\/li>\n<li class=\"\" data-start=\"628\" data-end=\"677\">\n<p class=\"\" data-start=\"630\" data-end=\"677\"><strong data-start=\"630\" data-end=\"675\">M\u00e2m nhi\u1ec7t k\u00e9p c\u00f4ng ngh\u1ec7 Big Zone XL 3200W<\/strong><\/p>\n<\/li>\n<\/ul>\n<hr class=\"\" data-start=\"679\" data-end=\"682\" \/>\n<h3 class=\"\" data-start=\"684\" data-end=\"712\"><strong data-start=\"688\" data-end=\"710\">CH\u1ee8C N\u0102NG \u0110\u1eb6C BI\u1ec6T<\/strong><\/h3>\n<ul data-start=\"713\" data-end=\"898\">\n<li class=\"\" data-start=\"713\" data-end=\"757\">\n<p class=\"\" data-start=\"715\" data-end=\"757\">T\u00edch h\u1ee3p ch\u1ee9c n\u0103ng <strong data-start=\"734\" data-end=\"755\">r\u00e3 \u0111\u00f4ng th\u1ef1c ph\u1ea9m<\/strong><\/p>\n<\/li>\n<li class=\"\" data-start=\"758\" data-end=\"799\">\n<p class=\"\" data-start=\"760\" data-end=\"799\">N\u1ea5u ra nhi\u1ec7t nhanh <strong data-start=\"779\" data-end=\"797\">iQuick Boiling<\/strong><\/p>\n<\/li>\n<li class=\"\" data-start=\"800\" data-end=\"851\">\n<p class=\"\" data-start=\"802\" data-end=\"851\">Ch\u1ebf \u0111\u1ed9 <strong data-start=\"809\" data-end=\"816\">ECO<\/strong> gi\u00fap ti\u1ebft ki\u1ec7m \u0111i\u1ec7n n\u0103ng h\u01a1n 30%<\/p>\n<\/li>\n<li class=\"\" data-start=\"852\" data-end=\"898\">\n<p class=\"\" data-start=\"854\" data-end=\"898\">Ch\u1ee9c n\u0103ng <strong data-start=\"864\" data-end=\"875\">Booster<\/strong> t\u0103ng t\u1ed1c khi \u0111un n\u1ea5u<\/p>\n<\/li>\n<\/ul>\n<hr class=\"\" data-start=\"900\" data-end=\"903\" \/>\n<h3 class=\"\" data-start=\"905\" data-end=\"932\"><strong data-start=\"909\" data-end=\"930\">T\u00cdNH N\u0102NG AN TO\u00c0N<\/strong><\/h3>\n<ul data-start=\"933\" data-end=\"1246\">\n<li class=\"\" data-start=\"933\" data-end=\"971\">\n<p class=\"\" data-start=\"935\" data-end=\"971\">C\u1ea3nh b\u00e1o <strong data-start=\"944\" data-end=\"956\">nhi\u1ec7t d\u01b0<\/strong> v\u00f9ng n\u1ea5u (H)<\/p>\n<\/li>\n<li class=\"\" data-start=\"972\" data-end=\"1028\">\n<p class=\"\" data-start=\"974\" data-end=\"1028\"><strong data-start=\"974\" data-end=\"1010\">T\u1ef1 \u0111\u1ed9ng t\u1eaft b\u1ebfp khi kh\u00f4ng c\u00f3 n\u1ed3i<\/strong> (Pot Detection)<\/p>\n<\/li>\n<li class=\"\" data-start=\"1029\" data-end=\"1087\">\n<p class=\"\" data-start=\"1031\" data-end=\"1087\">T\u1ef1 \u0111\u1ed9ng t\u1eaft b\u1ebfp khi \u0111\u1ec3 qu\u00ean (<strong data-start=\"1060\" data-end=\"1084\">Automatic switch off<\/strong>)<\/p>\n<\/li>\n<li class=\"\" data-start=\"1088\" data-end=\"1157\">\n<p class=\"\" data-start=\"1090\" data-end=\"1157\">H\u1ec7 th\u1ed1ng t\u1ef1 t\u1eaft khi qu\u00e1 \u00e1p, qu\u00e1 nhi\u1ec7t (<strong data-start=\"1129\" data-end=\"1154\">Over heating shut off<\/strong>)<\/p>\n<\/li>\n<li class=\"\" data-start=\"1158\" data-end=\"1207\">\n<p class=\"\" data-start=\"1160\" data-end=\"1207\">Ch\u1ee9c n\u0103ng <strong data-start=\"1170\" data-end=\"1189\">ch\u1ed1ng tr\u00e0n n\u01b0\u1edbc<\/strong> (Anti overflow)<\/p>\n<\/li>\n<li class=\"\" data-start=\"1208\" data-end=\"1246\">\n<p class=\"\" data-start=\"1210\" data-end=\"1246\"><strong data-start=\"1210\" data-end=\"1233\">Kh\u00f3a an to\u00e0n tr\u1ebb em<\/strong> (Child Lock)<\/p>\n<\/li>\n<\/ul>\n<hr class=\"\" data-start=\"1248\" data-end=\"1251\" \/>\n<p class=\"\" data-start=\"1253\" data-end=\"1282\"><strong data-start=\"1253\" data-end=\"1265\">Xu\u1ea5t x\u1ee9:<\/strong> Korea (H\u00e0n Qu\u1ed1c)<\/p>\n","protected":false},"excerpt":{"rendered":"<p>TH\u00d4NG S\u1ed0 K\u1ef8 THU\u1eacT \u0110i\u1ec7n \u00e1p: 220V\/50Hz C\u00f4ng su\u1ea5t b\u1ebfp tr\u00e1i: 2000W (booster 2200W) C\u00f4ng su\u1ea5t b\u1ebfp ph\u1ea3i: 3000W (booster 3200W) K\u00edch th\u01b0\u1edbc (D x R x C): 730 x 430 x 60mm K\u00edch th\u01b0\u1edbc kho\u00e9t l\u1ed7: 680 x 380mm T\u00cdNH N\u0102NG S\u1ea2N PH\u1ea8M M\u1eb7t k\u00ednh Keramik v\u00e1t 4 c\u1ea1nh, bo vi\u1ec1n Aluminum. \u0110i\u1ec1u khi\u1ec3n&#8230;<\/p>\n","protected":false},"featured_media":403,"comment_status":"open","ping_status":"closed","template":"","meta":[],"product_brand":[],"product_cat":[31],"product_tag":[],"class_list":{"0":"post-409","1":"product","2":"type-product","3":"status-publish","4":"has-post-thumbnail","6":"product_cat-bep-tu","8":"first","9":"instock","10":"shipping-taxable","11":"purchasable","12":"product-type-simple"},"_links":{"self":[{"href":"https:\/\/store3.k-tech-services.com\/nhabep82\/wp-json\/wp\/v2\/product\/409","targetHints":{"allow":["GET"]}}],"collection":[{"href":"https:\/\/store3.k-tech-services.com\/nhabep82\/wp-json\/wp\/v2\/product"}],"about":[{"href":"https:\/\/store3.k-tech-services.com\/nhabep82\/wp-json\/wp\/v2\/types\/product"}],"replies":[{"embeddable":true,"href":"https:\/\/store3.k-tech-services.com\/nhabep82\/wp-json\/wp\/v2\/comments?post=409"}],"wp:featuredmedia":[{"embeddable":true,"href":"https:\/\/store3.k-tech-services.com\/nhabep82\/wp-json\/wp\/v2\/media\/403"}],"wp:attachment":[{"href":"https:\/\/store3.k-tech-services.com\/nhabep82\/wp-json\/wp\/v2\/media?parent=409"}],"wp:term":[{"taxonomy":"product_brand","embeddable":true,"href":"https:\/\/store3.k-tech-services.com\/nhabep82\/wp-json\/wp\/v2\/product_brand?post=409"},{"taxonomy":"product_cat","embeddable":true,"href":"https:\/\/store3.k-tech-services.com\/nhabep82\/wp-json\/wp\/v2\/product_cat?post=409"},{"taxonomy":"product_tag","embeddable":true,"href":"https:\/\/store3.k-tech-services.com\/nhabep82\/wp-json\/wp\/v2\/product_tag?post=409"}],"curies":[{"name":"wp","href":"https:\/\/api.w.org\/{rel}","templated":true}]}}