{"id":406,"date":"2025-04-14T16:16:51","date_gmt":"2025-04-14T16:16:51","guid":{"rendered":"https:\/\/ktech2.k-tech-services.com\/nhabep82\/?post_type=product&#038;p=406"},"modified":"2025-04-14T16:16:51","modified_gmt":"2025-04-14T16:16:51","slug":"di-339pro","status":"publish","type":"product","link":"https:\/\/store3.k-tech-services.com\/nhabep82\/san-pham\/di-339pro\/","title":{"rendered":"DI-339PRO"},"content":{"rendered":"<p class=\"\" data-start=\"137\" data-end=\"160\"><strong data-start=\"137\" data-end=\"158\">TH\u00d4NG S\u1ed0 K\u1ef8 THU\u1eacT<\/strong><\/p>\n<ul data-start=\"161\" data-end=\"347\">\n<li class=\"\" data-start=\"161\" data-end=\"187\">\n<p class=\"\" data-start=\"163\" data-end=\"187\"><strong data-start=\"163\" data-end=\"175\">\u0110i\u1ec7n \u00e1p:<\/strong> 220V\/50Hz<\/p>\n<\/li>\n<li class=\"\" data-start=\"188\" data-end=\"222\">\n<p class=\"\" data-start=\"190\" data-end=\"222\"><strong data-start=\"190\" data-end=\"199\">Tr\u00e1i:<\/strong> 2000W, booster 2200W<\/p>\n<\/li>\n<li class=\"\" data-start=\"223\" data-end=\"257\">\n<p class=\"\" data-start=\"225\" data-end=\"257\"><strong data-start=\"225\" data-end=\"234\">Ph\u1ea3i:<\/strong> 3000W, booster 3200W<\/p>\n<\/li>\n<li class=\"\" data-start=\"258\" data-end=\"306\">\n<p class=\"\" data-start=\"260\" data-end=\"306\"><strong data-start=\"260\" data-end=\"287\">K\u00edch th\u01b0\u1edbc (D x R x C):<\/strong> 730 x 430 x 60mm<\/p>\n<\/li>\n<li class=\"\" data-start=\"307\" data-end=\"347\">\n<p class=\"\" data-start=\"309\" data-end=\"347\"><strong data-start=\"309\" data-end=\"333\">K\u00edch th\u01b0\u1edbc kho\u00e9t l\u1ed7:<\/strong> 680 x 380mm<\/p>\n<\/li>\n<\/ul>\n<p class=\"\" data-start=\"349\" data-end=\"373\"><strong data-start=\"349\" data-end=\"371\">T\u00cdNH N\u0102NG S\u1ea2N PH\u1ea8M<\/strong><\/p>\n<ul data-start=\"374\" data-end=\"628\">\n<li class=\"\" data-start=\"374\" data-end=\"420\">\n<p class=\"\" data-start=\"376\" data-end=\"420\">M\u1eb7t k\u00ednh Keramik v\u00e1t 4 c\u1ea1nh, bo vi\u1ec1n nh\u00f4m.<\/p>\n<\/li>\n<li class=\"\" data-start=\"421\" data-end=\"470\">\n<p class=\"\" data-start=\"423\" data-end=\"470\">\u0110i\u1ec1u khi\u1ec3n 2 ph\u00edm Slider v\u1edbi 9 m\u1ee9c c\u00f4ng su\u1ea5t.<\/p>\n<\/li>\n<li class=\"\" data-start=\"471\" data-end=\"524\">\n<p class=\"\" data-start=\"473\" data-end=\"524\">H\u1eb9n gi\u1edd \u0111\u1ed9c l\u1eadp cho 2 v\u00f9ng n\u1ea5u, l\u00ean t\u1edbi 120 ph\u00fat.<\/p>\n<\/li>\n<li class=\"\" data-start=\"525\" data-end=\"580\">\n<p class=\"\" data-start=\"527\" data-end=\"580\">V\u00f9ng n\u1ea5u th\u00f4ng minh t\u1ef1 nh\u1eadn di\u1ec7n k\u00edch c\u1ee1 xoong n\u1ed3i.<\/p>\n<\/li>\n<li class=\"\" data-start=\"581\" data-end=\"628\">\n<p class=\"\" data-start=\"583\" data-end=\"628\">M\u00e2m nhi\u1ec7t k\u00e9p c\u00f4ng ngh\u1ec7 <strong data-start=\"607\" data-end=\"628\">Big Zone XL 3200W<\/strong><\/p>\n<\/li>\n<\/ul>\n<p class=\"\" data-start=\"630\" data-end=\"654\"><strong data-start=\"630\" data-end=\"652\">CH\u1ee8C N\u0102NG \u0110\u1eb6C BI\u1ec6T<\/strong><\/p>\n<ul data-start=\"655\" data-end=\"791\">\n<li class=\"\" data-start=\"655\" data-end=\"676\">\n<p class=\"\" data-start=\"657\" data-end=\"676\">R\u00e3 \u0111\u00f4ng th\u1ef1c ph\u1ea9m<\/p>\n<\/li>\n<li class=\"\" data-start=\"677\" data-end=\"709\">\n<p class=\"\" data-start=\"679\" data-end=\"709\">N\u1ea5u nhanh <strong data-start=\"689\" data-end=\"707\">iQuick Boiling<\/strong><\/p>\n<\/li>\n<li class=\"\" data-start=\"710\" data-end=\"758\">\n<p class=\"\" data-start=\"712\" data-end=\"758\">Ch\u1ebf \u0111\u1ed9 <strong data-start=\"719\" data-end=\"726\">ECO<\/strong> ti\u1ebft ki\u1ec7m n\u0103ng l\u01b0\u1ee3ng tr\u00ean 30%<\/p>\n<\/li>\n<li class=\"\" data-start=\"759\" data-end=\"791\">\n<p class=\"\" data-start=\"761\" data-end=\"791\">T\u0103ng t\u1ed1c \u0111un n\u1ea5u v\u1edbi Booster<\/p>\n<\/li>\n<\/ul>\n<p class=\"\" data-start=\"793\" data-end=\"816\"><strong data-start=\"793\" data-end=\"814\">T\u00cdNH N\u0102NG AN TO\u00c0N<\/strong><\/p>\n<ul data-start=\"817\" data-end=\"1039\">\n<li class=\"\" data-start=\"817\" data-end=\"842\">\n<p class=\"\" data-start=\"819\" data-end=\"842\">C\u1ea3nh b\u00e1o nhi\u1ec7t d\u01b0 (H)<\/p>\n<\/li>\n<li class=\"\" data-start=\"843\" data-end=\"887\">\n<p class=\"\" data-start=\"845\" data-end=\"887\">T\u1ef1 ng\u1eaft khi kh\u00f4ng c\u00f3 n\u1ed3i (Pot Detection)<\/p>\n<\/li>\n<li class=\"\" data-start=\"888\" data-end=\"935\">\n<p class=\"\" data-start=\"890\" data-end=\"935\">T\u1ef1 \u0111\u1ed9ng t\u1eaft khi qu\u00ean (Automatic switch off)<\/p>\n<\/li>\n<li class=\"\" data-start=\"936\" data-end=\"966\">\n<p class=\"\" data-start=\"938\" data-end=\"966\">Ng\u1eaft khi qu\u00e1 \u00e1p, qu\u00e1 nhi\u1ec7t<\/p>\n<\/li>\n<li class=\"\" data-start=\"967\" data-end=\"1002\">\n<p class=\"\" data-start=\"969\" data-end=\"1002\">Ch\u1ed1ng tr\u00e0n n\u01b0\u1edbc (Anti overflow)<\/p>\n<\/li>\n<li class=\"\" data-start=\"1003\" data-end=\"1039\">\n<p class=\"\" data-start=\"1005\" data-end=\"1039\">Kh\u00f3a an to\u00e0n tr\u1ebb em (Child Lock)<\/p>\n<\/li>\n<\/ul>\n<p class=\"\" data-start=\"1041\" data-end=\"1070\"><strong data-start=\"1041\" data-end=\"1053\">Xu\u1ea5t x\u1ee9:<\/strong> Korea (H\u00e0n Qu\u1ed1c)<\/p>\n","protected":false},"excerpt":{"rendered":"<p>TH\u00d4NG S\u1ed0 K\u1ef8 THU\u1eacT \u0110i\u1ec7n \u00e1p: 220V\/50Hz Tr\u00e1i: 2000W, booster 2200W Ph\u1ea3i: 3000W, booster 3200W K\u00edch th\u01b0\u1edbc (D x R x C): 730 x 430 x 60mm K\u00edch th\u01b0\u1edbc kho\u00e9t l\u1ed7: 680 x 380mm T\u00cdNH N\u0102NG S\u1ea2N PH\u1ea8M M\u1eb7t k\u00ednh Keramik v\u00e1t 4 c\u1ea1nh, bo vi\u1ec1n nh\u00f4m. \u0110i\u1ec1u khi\u1ec3n 2 ph\u00edm Slider v\u1edbi 9 m\u1ee9c&#8230;<\/p>\n","protected":false},"featured_media":407,"comment_status":"open","ping_status":"closed","template":"","meta":[],"product_brand":[],"product_cat":[31],"product_tag":[],"class_list":{"0":"post-406","1":"product","2":"type-product","3":"status-publish","4":"has-post-thumbnail","6":"product_cat-bep-tu","8":"first","9":"instock","10":"shipping-taxable","11":"purchasable","12":"product-type-simple"},"_links":{"self":[{"href":"https:\/\/store3.k-tech-services.com\/nhabep82\/wp-json\/wp\/v2\/product\/406","targetHints":{"allow":["GET"]}}],"collection":[{"href":"https:\/\/store3.k-tech-services.com\/nhabep82\/wp-json\/wp\/v2\/product"}],"about":[{"href":"https:\/\/store3.k-tech-services.com\/nhabep82\/wp-json\/wp\/v2\/types\/product"}],"replies":[{"embeddable":true,"href":"https:\/\/store3.k-tech-services.com\/nhabep82\/wp-json\/wp\/v2\/comments?post=406"}],"wp:featuredmedia":[{"embeddable":true,"href":"https:\/\/store3.k-tech-services.com\/nhabep82\/wp-json\/wp\/v2\/media\/407"}],"wp:attachment":[{"href":"https:\/\/store3.k-tech-services.com\/nhabep82\/wp-json\/wp\/v2\/media?parent=406"}],"wp:term":[{"taxonomy":"product_brand","embeddable":true,"href":"https:\/\/store3.k-tech-services.com\/nhabep82\/wp-json\/wp\/v2\/product_brand?post=406"},{"taxonomy":"product_cat","embeddable":true,"href":"https:\/\/store3.k-tech-services.com\/nhabep82\/wp-json\/wp\/v2\/product_cat?post=406"},{"taxonomy":"product_tag","embeddable":true,"href":"https:\/\/store3.k-tech-services.com\/nhabep82\/wp-json\/wp\/v2\/product_tag?post=406"}],"curies":[{"name":"wp","href":"https:\/\/api.w.org\/{rel}","templated":true}]}}