{"id":399,"date":"2025-04-14T16:10:53","date_gmt":"2025-04-14T16:10:53","guid":{"rendered":"https:\/\/ktech2.k-tech-services.com\/nhabep82\/?post_type=product&#038;p=399"},"modified":"2025-04-14T16:10:53","modified_gmt":"2025-04-14T16:10:53","slug":"di-333pro","status":"publish","type":"product","link":"https:\/\/store3.k-tech-services.com\/nhabep82\/san-pham\/di-333pro\/","title":{"rendered":"DI-333Pro"},"content":{"rendered":"<p class=\"\" data-start=\"136\" data-end=\"159\"><strong data-start=\"136\" data-end=\"157\">TH\u00d4NG S\u1ed0 K\u1ef8 THU\u1eacT<\/strong><\/p>\n<ul data-start=\"160\" data-end=\"346\">\n<li class=\"\" data-start=\"160\" data-end=\"186\">\n<p class=\"\" data-start=\"162\" data-end=\"186\"><strong data-start=\"162\" data-end=\"174\">\u0110i\u1ec7n \u00e1p:<\/strong> 220V\/50Hz<\/p>\n<\/li>\n<li class=\"\" data-start=\"187\" data-end=\"221\">\n<p class=\"\" data-start=\"189\" data-end=\"221\"><strong data-start=\"189\" data-end=\"198\">Tr\u00e1i:<\/strong> 2000W, booster 2200W<\/p>\n<\/li>\n<li class=\"\" data-start=\"222\" data-end=\"256\">\n<p class=\"\" data-start=\"224\" data-end=\"256\"><strong data-start=\"224\" data-end=\"233\">Ph\u1ea3i:<\/strong> 3000W, booster 3200W<\/p>\n<\/li>\n<li class=\"\" data-start=\"257\" data-end=\"305\">\n<p class=\"\" data-start=\"259\" data-end=\"305\"><strong data-start=\"259\" data-end=\"286\">K\u00edch th\u01b0\u1edbc (D x R x C):<\/strong> 730 x 430 x 60mm<\/p>\n<\/li>\n<li class=\"\" data-start=\"306\" data-end=\"346\">\n<p class=\"\" data-start=\"308\" data-end=\"346\"><strong data-start=\"308\" data-end=\"332\">K\u00edch th\u01b0\u1edbc kho\u00e9t l\u1ed7:<\/strong> 680 x 380mm<\/p>\n<\/li>\n<\/ul>\n<p class=\"\" data-start=\"348\" data-end=\"372\"><strong data-start=\"348\" data-end=\"370\">T\u00cdNH N\u0102NG S\u1ea2N PH\u1ea8M<\/strong><\/p>\n<ul data-start=\"373\" data-end=\"644\">\n<li class=\"\" data-start=\"373\" data-end=\"423\">\n<p class=\"\" data-start=\"375\" data-end=\"423\">M\u1eb7t k\u00ednh Keramik v\u00e1t 4 c\u1ea1nh, bo vi\u1ec1n Aluminum.<\/p>\n<\/li>\n<li class=\"\" data-start=\"424\" data-end=\"473\">\n<p class=\"\" data-start=\"426\" data-end=\"473\">\u0110i\u1ec1u khi\u1ec3n 2 ph\u00edm Slider v\u1edbi 9 m\u1ee9c c\u00f4ng su\u1ea5t.<\/p>\n<\/li>\n<li class=\"\" data-start=\"474\" data-end=\"537\">\n<p class=\"\" data-start=\"476\" data-end=\"537\">H\u1eb9n gi\u1edd \u0111\u1ed9c l\u1eadp cho 2 v\u00f9ng n\u1ea5u, th\u1eddi gian l\u00ean t\u1edbi 120 ph\u00fat.<\/p>\n<\/li>\n<li class=\"\" data-start=\"538\" data-end=\"593\">\n<p class=\"\" data-start=\"540\" data-end=\"593\">V\u00f9ng n\u1ea5u th\u00f4ng minh t\u1ef1 nh\u1eadn di\u1ec7n k\u00edch c\u1ee1 xoong n\u1ed3i.<\/p>\n<\/li>\n<li class=\"\" data-start=\"594\" data-end=\"644\">\n<p class=\"\" data-start=\"596\" data-end=\"644\">M\u00e2m nhi\u1ec7t k\u00e9p c\u00f4ng ngh\u1ec7 <strong data-start=\"620\" data-end=\"641\">Big Zone XL 3200W<\/strong>.<\/p>\n<\/li>\n<\/ul>\n<p class=\"\" data-start=\"646\" data-end=\"670\"><strong data-start=\"646\" data-end=\"668\">CH\u1ee8C N\u0102NG \u0110\u1eb6C BI\u1ec6T<\/strong><\/p>\n<ul data-start=\"671\" data-end=\"870\">\n<li class=\"\" data-start=\"671\" data-end=\"721\">\n<p class=\"\" data-start=\"673\" data-end=\"721\">T\u00edch h\u1ee3p ch\u1ee9c n\u0103ng r\u00e3 \u0111\u00f4ng th\u1ee9c \u0103n tr\u00ean b\u1ebfp t\u1eeb<\/p>\n<\/li>\n<li class=\"\" data-start=\"722\" data-end=\"775\">\n<p class=\"\" data-start=\"724\" data-end=\"775\">Ch\u1ee9c n\u0103ng n\u1ea5u ra nhi\u1ec7t nhanh <strong data-start=\"753\" data-end=\"773\">&#8220;iQuick Boiling&#8221;<\/strong><\/p>\n<\/li>\n<li class=\"\" data-start=\"776\" data-end=\"827\">\n<p class=\"\" data-start=\"778\" data-end=\"827\">Ch\u1ebf \u0111\u1ed9 <strong data-start=\"785\" data-end=\"792\">ECO<\/strong> gi\u00fap ti\u1ebft ki\u1ec7m \u0111i\u1ec7n n\u0103ng h\u01a1n 30%<\/p>\n<\/li>\n<li class=\"\" data-start=\"828\" data-end=\"870\">\n<p class=\"\" data-start=\"830\" data-end=\"870\">Ch\u1ee9c n\u0103ng t\u0103ng t\u1ed1c khi \u0111un n\u1ea5u Booster<\/p>\n<\/li>\n<\/ul>\n<p class=\"\" data-start=\"872\" data-end=\"895\"><strong data-start=\"872\" data-end=\"893\">T\u00cdNH N\u0102NG AN TO\u00c0N<\/strong><\/p>\n<ul data-start=\"896\" data-end=\"1204\">\n<li class=\"\" data-start=\"896\" data-end=\"944\">\n<p class=\"\" data-start=\"898\" data-end=\"944\">C\u1ea3nh b\u00e1o nhi\u1ec7t d\u01b0 v\u00f9ng n\u1ea5u Residual Heat (H)<\/p>\n<\/li>\n<li class=\"\" data-start=\"945\" data-end=\"995\">\n<p class=\"\" data-start=\"947\" data-end=\"995\">T\u1ef1 \u0111\u1ed9ng t\u1eaft b\u1ebfp khi kh\u00f4ng c\u00f3 n\u1ed3i Pot Detection<\/p>\n<\/li>\n<li class=\"\" data-start=\"996\" data-end=\"1048\">\n<p class=\"\" data-start=\"998\" data-end=\"1048\">T\u1ef1 \u0111\u1ed9ng t\u1eaft b\u1ebfp khi \u0111\u1ec3 qu\u00ean Automatic switch off<\/p>\n<\/li>\n<li class=\"\" data-start=\"1049\" data-end=\"1112\">\n<p class=\"\" data-start=\"1051\" data-end=\"1112\">H\u1ec7 th\u1ed1ng t\u1ef1 t\u1eaft khi qu\u00e1 \u00e1p, qu\u00e1 nhi\u1ec7t Over heating shut off<\/p>\n<\/li>\n<li class=\"\" data-start=\"1113\" data-end=\"1169\">\n<p class=\"\" data-start=\"1115\" data-end=\"1169\">Ch\u1ee9c n\u0103ng ch\u1ed1ng tr\u00e0o n\u01b0\u1edbc t\u1ef1 \u0111\u1ed9ng ng\u1eaft Anti overflow<\/p>\n<\/li>\n<li class=\"\" data-start=\"1170\" data-end=\"1204\">\n<p class=\"\" data-start=\"1172\" data-end=\"1204\">Kh\u00f3a an to\u00e0n tr\u1ebb em Child Lock<\/p>\n<\/li>\n<\/ul>\n<p class=\"\" data-start=\"1206\" data-end=\"1235\"><strong data-start=\"1206\" data-end=\"1218\">Xu\u1ea5t x\u1ee9:<\/strong> Korea (H\u00e0n Qu\u1ed1c)<\/p>\n","protected":false},"excerpt":{"rendered":"<p>TH\u00d4NG S\u1ed0 K\u1ef8 THU\u1eacT \u0110i\u1ec7n \u00e1p: 220V\/50Hz Tr\u00e1i: 2000W, booster 2200W Ph\u1ea3i: 3000W, booster 3200W K\u00edch th\u01b0\u1edbc (D x R x C): 730 x 430 x 60mm K\u00edch th\u01b0\u1edbc kho\u00e9t l\u1ed7: 680 x 380mm T\u00cdNH N\u0102NG S\u1ea2N PH\u1ea8M M\u1eb7t k\u00ednh Keramik v\u00e1t 4 c\u1ea1nh, bo vi\u1ec1n Aluminum. \u0110i\u1ec1u khi\u1ec3n 2 ph\u00edm Slider v\u1edbi 9 m\u1ee9c&#8230;<\/p>\n","protected":false},"featured_media":400,"comment_status":"open","ping_status":"closed","template":"","meta":[],"product_brand":[],"product_cat":[31],"product_tag":[],"class_list":{"0":"post-399","1":"product","2":"type-product","3":"status-publish","4":"has-post-thumbnail","6":"product_cat-bep-tu","8":"first","9":"instock","10":"shipping-taxable","11":"purchasable","12":"product-type-simple"},"_links":{"self":[{"href":"https:\/\/store3.k-tech-services.com\/nhabep82\/wp-json\/wp\/v2\/product\/399","targetHints":{"allow":["GET"]}}],"collection":[{"href":"https:\/\/store3.k-tech-services.com\/nhabep82\/wp-json\/wp\/v2\/product"}],"about":[{"href":"https:\/\/store3.k-tech-services.com\/nhabep82\/wp-json\/wp\/v2\/types\/product"}],"replies":[{"embeddable":true,"href":"https:\/\/store3.k-tech-services.com\/nhabep82\/wp-json\/wp\/v2\/comments?post=399"}],"wp:featuredmedia":[{"embeddable":true,"href":"https:\/\/store3.k-tech-services.com\/nhabep82\/wp-json\/wp\/v2\/media\/400"}],"wp:attachment":[{"href":"https:\/\/store3.k-tech-services.com\/nhabep82\/wp-json\/wp\/v2\/media?parent=399"}],"wp:term":[{"taxonomy":"product_brand","embeddable":true,"href":"https:\/\/store3.k-tech-services.com\/nhabep82\/wp-json\/wp\/v2\/product_brand?post=399"},{"taxonomy":"product_cat","embeddable":true,"href":"https:\/\/store3.k-tech-services.com\/nhabep82\/wp-json\/wp\/v2\/product_cat?post=399"},{"taxonomy":"product_tag","embeddable":true,"href":"https:\/\/store3.k-tech-services.com\/nhabep82\/wp-json\/wp\/v2\/product_tag?post=399"}],"curies":[{"name":"wp","href":"https:\/\/api.w.org\/{rel}","templated":true}]}}