{"id":397,"date":"2025-04-14T16:08:41","date_gmt":"2025-04-14T16:08:41","guid":{"rendered":"https:\/\/ktech2.k-tech-services.com\/nhabep82\/?post_type=product&#038;p=397"},"modified":"2025-04-14T16:08:41","modified_gmt":"2025-04-14T16:08:41","slug":"di-330pro","status":"publish","type":"product","link":"https:\/\/store3.k-tech-services.com\/nhabep82\/san-pham\/di-330pro\/","title":{"rendered":"DI-330Pro"},"content":{"rendered":"<p class=\"\" data-start=\"1232\" data-end=\"1255\"><strong data-start=\"1232\" data-end=\"1253\">TH\u00d4NG S\u1ed0 K\u1ef8 THU\u1eacT<\/strong><\/p>\n<ul data-start=\"1256\" data-end=\"1442\">\n<li class=\"\" data-start=\"1256\" data-end=\"1282\">\n<p class=\"\" data-start=\"1258\" data-end=\"1282\"><strong data-start=\"1258\" data-end=\"1270\">\u0110i\u1ec7n \u00e1p:<\/strong> 220V\/50Hz<\/p>\n<\/li>\n<li class=\"\" data-start=\"1283\" data-end=\"1317\">\n<p class=\"\" data-start=\"1285\" data-end=\"1317\"><strong data-start=\"1285\" data-end=\"1294\">Tr\u00e1i:<\/strong> 2000W, booster 2300W<\/p>\n<\/li>\n<li class=\"\" data-start=\"1318\" data-end=\"1352\">\n<p class=\"\" data-start=\"1320\" data-end=\"1352\"><strong data-start=\"1320\" data-end=\"1329\">Ph\u1ea3i:<\/strong> 2000W, booster 2300W<\/p>\n<\/li>\n<li class=\"\" data-start=\"1353\" data-end=\"1401\">\n<p class=\"\" data-start=\"1355\" data-end=\"1401\"><strong data-start=\"1355\" data-end=\"1382\">K\u00edch th\u01b0\u1edbc (D x R x C):<\/strong> 750 x 430 x 60mm<\/p>\n<\/li>\n<li class=\"\" data-start=\"1402\" data-end=\"1442\">\n<p class=\"\" data-start=\"1404\" data-end=\"1442\"><strong data-start=\"1404\" data-end=\"1428\">K\u00edch th\u01b0\u1edbc kho\u00e9t l\u1ed7:<\/strong> 695 x 395mm<\/p>\n<\/li>\n<\/ul>\n<p class=\"\" data-start=\"1444\" data-end=\"1468\"><strong data-start=\"1444\" data-end=\"1466\">T\u00cdNH N\u0102NG S\u1ea2N PH\u1ea8M<\/strong><\/p>\n<ul data-start=\"1469\" data-end=\"1689\">\n<li class=\"\" data-start=\"1469\" data-end=\"1519\">\n<p class=\"\" data-start=\"1471\" data-end=\"1519\">M\u1eb7t k\u00ednh Keramik v\u00e1t 4 c\u1ea1nh, bo vi\u1ec1n Aluminum.<\/p>\n<\/li>\n<li class=\"\" data-start=\"1520\" data-end=\"1569\">\n<p class=\"\" data-start=\"1522\" data-end=\"1569\">\u0110i\u1ec1u khi\u1ec3n 2 ph\u00edm Slider v\u1edbi 9 m\u1ee9c c\u00f4ng su\u1ea5t.<\/p>\n<\/li>\n<li class=\"\" data-start=\"1570\" data-end=\"1633\">\n<p class=\"\" data-start=\"1572\" data-end=\"1633\">H\u1eb9n gi\u1edd \u0111\u1ed9c l\u1eadp cho 2 v\u00f9ng n\u1ea5u, th\u1eddi gian l\u00ean t\u1edbi 120 ph\u00fat.<\/p>\n<\/li>\n<li class=\"\" data-start=\"1634\" data-end=\"1689\">\n<p class=\"\" data-start=\"1636\" data-end=\"1689\">V\u00f9ng n\u1ea5u th\u00f4ng minh t\u1ef1 nh\u1eadn di\u1ec7n k\u00edch c\u1ee1 xoong n\u1ed3i.<\/p>\n<\/li>\n<\/ul>\n<p class=\"\" data-start=\"1691\" data-end=\"1715\"><strong data-start=\"1691\" data-end=\"1713\">CH\u1ee8C N\u0102NG \u0110\u1eb6C BI\u1ec6T<\/strong><\/p>\n<ul data-start=\"1716\" data-end=\"1809\">\n<li class=\"\" data-start=\"1716\" data-end=\"1758\">\n<p class=\"\" data-start=\"1718\" data-end=\"1758\">Ch\u1ee9c n\u0103ng t\u0103ng t\u1ed1c khi \u0111un n\u1ea5u Booster<\/p>\n<\/li>\n<li class=\"\" data-start=\"1759\" data-end=\"1809\">\n<p class=\"\" data-start=\"1761\" data-end=\"1809\">T\u00edch h\u1ee3p ch\u1ee9c n\u0103ng r\u00e3 \u0111\u00f4ng th\u1ee9c \u0103n tr\u00ean b\u1ebfp t\u1eeb<\/p>\n<\/li>\n<\/ul>\n<p class=\"\" data-start=\"1811\" data-end=\"1834\"><strong data-start=\"1811\" data-end=\"1832\">T\u00cdNH N\u0102NG AN TO\u00c0N<\/strong><\/p>\n<ul data-start=\"1835\" data-end=\"2143\">\n<li class=\"\" data-start=\"1835\" data-end=\"1883\">\n<p class=\"\" data-start=\"1837\" data-end=\"1883\">C\u1ea3nh b\u00e1o nhi\u1ec7t d\u01b0 v\u00f9ng n\u1ea5u Residual Heat (H)<\/p>\n<\/li>\n<li class=\"\" data-start=\"1884\" data-end=\"1934\">\n<p class=\"\" data-start=\"1886\" data-end=\"1934\">T\u1ef1 \u0111\u1ed9ng t\u1eaft b\u1ebfp khi kh\u00f4ng c\u00f3 n\u1ed3i Pot Detection<\/p>\n<\/li>\n<li class=\"\" data-start=\"1935\" data-end=\"1987\">\n<p class=\"\" data-start=\"1937\" data-end=\"1987\">T\u1ef1 \u0111\u1ed9ng t\u1eaft b\u1ebfp khi \u0111\u1ec3 qu\u00ean Automatic switch off<\/p>\n<\/li>\n<li class=\"\" data-start=\"1988\" data-end=\"2051\">\n<p class=\"\" data-start=\"1990\" data-end=\"2051\">H\u1ec7 th\u1ed1ng t\u1ef1 t\u1eaft khi qu\u00e1 \u00e1p, qu\u00e1 nhi\u1ec7t Over heating shut off<\/p>\n<\/li>\n<li class=\"\" data-start=\"2052\" data-end=\"2108\">\n<p class=\"\" data-start=\"2054\" data-end=\"2108\">Ch\u1ee9c n\u0103ng ch\u1ed1ng tr\u00e0o n\u01b0\u1edbc t\u1ef1 \u0111\u1ed9ng ng\u1eaft Anti overflow<\/p>\n<\/li>\n<li class=\"\" data-start=\"2109\" data-end=\"2143\">\n<p class=\"\" data-start=\"2111\" data-end=\"2143\">Kh\u00f3a an to\u00e0n tr\u1ebb em Child Lock<\/p>\n<\/li>\n<\/ul>\n<p class=\"\" data-start=\"2145\" data-end=\"2174\"><strong data-start=\"2145\" data-end=\"2157\">Xu\u1ea5t x\u1ee9:<\/strong> Korea (H\u00e0n Qu\u1ed1c)<\/p>\n","protected":false},"excerpt":{"rendered":"<p>TH\u00d4NG S\u1ed0 K\u1ef8 THU\u1eacT \u0110i\u1ec7n \u00e1p: 220V\/50Hz Tr\u00e1i: 2000W, booster 2300W Ph\u1ea3i: 2000W, booster 2300W K\u00edch th\u01b0\u1edbc (D x R x C): 750 x 430 x 60mm K\u00edch th\u01b0\u1edbc kho\u00e9t l\u1ed7: 695 x 395mm T\u00cdNH N\u0102NG S\u1ea2N PH\u1ea8M M\u1eb7t k\u00ednh Keramik v\u00e1t 4 c\u1ea1nh, bo vi\u1ec1n Aluminum. \u0110i\u1ec1u khi\u1ec3n 2 ph\u00edm Slider v\u1edbi 9 m\u1ee9c&#8230;<\/p>\n","protected":false},"featured_media":398,"comment_status":"open","ping_status":"closed","template":"","meta":[],"product_brand":[],"product_cat":[31],"product_tag":[],"class_list":{"0":"post-397","1":"product","2":"type-product","3":"status-publish","4":"has-post-thumbnail","6":"product_cat-bep-tu","8":"first","9":"instock","10":"shipping-taxable","11":"purchasable","12":"product-type-simple"},"_links":{"self":[{"href":"https:\/\/store3.k-tech-services.com\/nhabep82\/wp-json\/wp\/v2\/product\/397","targetHints":{"allow":["GET"]}}],"collection":[{"href":"https:\/\/store3.k-tech-services.com\/nhabep82\/wp-json\/wp\/v2\/product"}],"about":[{"href":"https:\/\/store3.k-tech-services.com\/nhabep82\/wp-json\/wp\/v2\/types\/product"}],"replies":[{"embeddable":true,"href":"https:\/\/store3.k-tech-services.com\/nhabep82\/wp-json\/wp\/v2\/comments?post=397"}],"wp:featuredmedia":[{"embeddable":true,"href":"https:\/\/store3.k-tech-services.com\/nhabep82\/wp-json\/wp\/v2\/media\/398"}],"wp:attachment":[{"href":"https:\/\/store3.k-tech-services.com\/nhabep82\/wp-json\/wp\/v2\/media?parent=397"}],"wp:term":[{"taxonomy":"product_brand","embeddable":true,"href":"https:\/\/store3.k-tech-services.com\/nhabep82\/wp-json\/wp\/v2\/product_brand?post=397"},{"taxonomy":"product_cat","embeddable":true,"href":"https:\/\/store3.k-tech-services.com\/nhabep82\/wp-json\/wp\/v2\/product_cat?post=397"},{"taxonomy":"product_tag","embeddable":true,"href":"https:\/\/store3.k-tech-services.com\/nhabep82\/wp-json\/wp\/v2\/product_tag?post=397"}],"curies":[{"name":"wp","href":"https:\/\/api.w.org\/{rel}","templated":true}]}}