{"id":391,"date":"2025-04-14T16:03:42","date_gmt":"2025-04-14T16:03:42","guid":{"rendered":"https:\/\/ktech2.k-tech-services.com\/nhabep82\/?post_type=product&#038;p=391"},"modified":"2025-04-14T16:03:43","modified_gmt":"2025-04-14T16:03:43","slug":"di-330h","status":"publish","type":"product","link":"https:\/\/store3.k-tech-services.com\/nhabep82\/san-pham\/di-330h\/","title":{"rendered":"DI-330H"},"content":{"rendered":"<p class=\"\" data-start=\"134\" data-end=\"157\"><strong data-start=\"134\" data-end=\"155\">TH\u00d4NG S\u1ed0 K\u1ef8 THU\u1eacT<\/strong><\/p>\n<ul data-start=\"158\" data-end=\"344\">\n<li class=\"\" data-start=\"158\" data-end=\"184\">\n<p class=\"\" data-start=\"160\" data-end=\"184\"><strong data-start=\"160\" data-end=\"172\">\u0110i\u1ec7n \u00e1p:<\/strong> 220V\/50Hz<\/p>\n<\/li>\n<li class=\"\" data-start=\"185\" data-end=\"219\">\n<p class=\"\" data-start=\"187\" data-end=\"219\"><strong data-start=\"187\" data-end=\"196\">Ph\u1ea3i:<\/strong> 2000W, booster 2200W<\/p>\n<\/li>\n<li class=\"\" data-start=\"220\" data-end=\"254\">\n<p class=\"\" data-start=\"222\" data-end=\"254\"><strong data-start=\"222\" data-end=\"231\">Tr\u00e1i:<\/strong> 2000W, booster 2200W<\/p>\n<\/li>\n<li class=\"\" data-start=\"255\" data-end=\"303\">\n<p class=\"\" data-start=\"257\" data-end=\"303\"><strong data-start=\"257\" data-end=\"284\">K\u00edch th\u01b0\u1edbc (D x R x C):<\/strong> 730 x 430 x 60mm<\/p>\n<\/li>\n<li class=\"\" data-start=\"304\" data-end=\"344\">\n<p class=\"\" data-start=\"306\" data-end=\"344\"><strong data-start=\"306\" data-end=\"330\">K\u00edch th\u01b0\u1edbc kho\u00e9t l\u1ed7:<\/strong> 690 x 390mm<\/p>\n<\/li>\n<\/ul>\n<p class=\"\" data-start=\"346\" data-end=\"371\"><strong data-start=\"346\" data-end=\"369\">T\u00cdNH N\u0102NG S\u1ea2N PH\u1ea8M:<\/strong><\/p>\n<ul data-start=\"372\" data-end=\"648\">\n<li class=\"\" data-start=\"372\" data-end=\"417\">\n<p class=\"\" data-start=\"374\" data-end=\"417\">M\u1eb7t k\u00ednh Ceramic v\u00e1t c\u1ea1nh \u2013 Made in Korea<\/p>\n<\/li>\n<li class=\"\" data-start=\"418\" data-end=\"468\">\n<p class=\"\" data-start=\"420\" data-end=\"468\">\u0110i\u1ec1u khi\u1ec3n 2 ph\u00edm Slider v\u1edbi c\u00e1c m\u1ee9c c\u00f4ng su\u1ea5t<\/p>\n<\/li>\n<li class=\"\" data-start=\"469\" data-end=\"503\">\n<p class=\"\" data-start=\"471\" data-end=\"503\">T\u0103ng t\u1ed1c v\u1edbi ch\u1ee9c n\u0103ng Booster<\/p>\n<\/li>\n<li class=\"\" data-start=\"504\" data-end=\"551\">\n<p class=\"\" data-start=\"506\" data-end=\"551\">V\u00f9ng n\u1ea5u t\u1ef1 t\u01b0\u0323 nh\u1eadn bi\u1ebft k\u00edch c\u1ee1 xoong n\u1ed3i<\/p>\n<\/li>\n<li class=\"\" data-start=\"552\" data-end=\"616\">\n<p class=\"\" data-start=\"554\" data-end=\"616\">H\u1eb9n gi\u1edd \u0111\u1ed9c l\u1eadp cho t\u1eebng v\u00f9ng n\u1ea5u, th\u1eddi gian l\u00ean \u0111\u1ebfn 99 ph\u00fat<\/p>\n<\/li>\n<li class=\"\" data-start=\"617\" data-end=\"648\">\n<p class=\"\" data-start=\"619\" data-end=\"648\">Ti\u1ebft ki\u1ec7m \u0111i\u1ec7n n\u0103ng \u0111\u1ebfn 30%<\/p>\n<\/li>\n<\/ul>\n<p class=\"\" data-start=\"650\" data-end=\"674\"><strong data-start=\"650\" data-end=\"672\">T\u00cdNH N\u0102NG AN TO\u00c0N:<\/strong><\/p>\n<ul data-start=\"675\" data-end=\"974\">\n<li class=\"\" data-start=\"675\" data-end=\"725\">\n<p class=\"\" data-start=\"677\" data-end=\"725\">C\u1ea3nh b\u00e1o nhi\u1ec7t d\u01b0 v\u00f9ng n\u1ea5u \u2013 Residual heat (H)<\/p>\n<\/li>\n<li class=\"\" data-start=\"726\" data-end=\"778\">\n<p class=\"\" data-start=\"728\" data-end=\"778\">T\u1ef1 \u0111\u1ed9ng t\u1eaft b\u1ebfp khi kh\u00f4ng c\u00f3 n\u1ed3i \u2013 Pot Detection<\/p>\n<\/li>\n<li class=\"\" data-start=\"779\" data-end=\"833\">\n<p class=\"\" data-start=\"781\" data-end=\"833\">T\u1ef1 \u0111\u1ed9ng t\u1eaft b\u1ebfp khi \u0111\u1ec3 qu\u00ean \u2013 Automatic switch off<\/p>\n<\/li>\n<li class=\"\" data-start=\"834\" data-end=\"870\">\n<p class=\"\" data-start=\"836\" data-end=\"870\">Kh\u00f3a an to\u00e0n tr\u1ebb em \u2013 Child lock<\/p>\n<\/li>\n<li class=\"\" data-start=\"871\" data-end=\"935\">\n<p class=\"\" data-start=\"873\" data-end=\"935\">H\u1ec7 th\u1ed1ng t\u1ef1 t\u1eaft khi nhi\u1ec7t \u0111\u1ed9 qu\u00e1 cao \u2013 Over heating shut off<\/p>\n<\/li>\n<li class=\"\" data-start=\"936\" data-end=\"974\">\n<p class=\"\" data-start=\"938\" data-end=\"974\">Ch\u1ee9c n\u0103ng ch\u1ed1ng tr\u00e0o, t\u1ef1 \u0111\u1ed9ng ng\u1eaft<\/p>\n<\/li>\n<\/ul>\n<p class=\"\" data-start=\"976\" data-end=\"1005\"><strong data-start=\"976\" data-end=\"988\">Xu\u1ea5t x\u1ee9:<\/strong> Korea (H\u00e0n Qu\u1ed1c)<\/p>\n","protected":false},"excerpt":{"rendered":"<p>TH\u00d4NG S\u1ed0 K\u1ef8 THU\u1eacT \u0110i\u1ec7n \u00e1p: 220V\/50Hz Ph\u1ea3i: 2000W, booster 2200W Tr\u00e1i: 2000W, booster 2200W K\u00edch th\u01b0\u1edbc (D x R x C): 730 x 430 x 60mm K\u00edch th\u01b0\u1edbc kho\u00e9t l\u1ed7: 690 x 390mm T\u00cdNH N\u0102NG S\u1ea2N PH\u1ea8M: M\u1eb7t k\u00ednh Ceramic v\u00e1t c\u1ea1nh \u2013 Made in Korea \u0110i\u1ec1u khi\u1ec3n 2 ph\u00edm Slider v\u1edbi c\u00e1c m\u1ee9c&#8230;<\/p>\n","protected":false},"featured_media":392,"comment_status":"open","ping_status":"closed","template":"","meta":[],"product_brand":[],"product_cat":[31],"product_tag":[],"class_list":{"0":"post-391","1":"product","2":"type-product","3":"status-publish","4":"has-post-thumbnail","6":"product_cat-bep-tu","8":"first","9":"instock","10":"shipping-taxable","11":"purchasable","12":"product-type-simple"},"_links":{"self":[{"href":"https:\/\/store3.k-tech-services.com\/nhabep82\/wp-json\/wp\/v2\/product\/391","targetHints":{"allow":["GET"]}}],"collection":[{"href":"https:\/\/store3.k-tech-services.com\/nhabep82\/wp-json\/wp\/v2\/product"}],"about":[{"href":"https:\/\/store3.k-tech-services.com\/nhabep82\/wp-json\/wp\/v2\/types\/product"}],"replies":[{"embeddable":true,"href":"https:\/\/store3.k-tech-services.com\/nhabep82\/wp-json\/wp\/v2\/comments?post=391"}],"wp:featuredmedia":[{"embeddable":true,"href":"https:\/\/store3.k-tech-services.com\/nhabep82\/wp-json\/wp\/v2\/media\/392"}],"wp:attachment":[{"href":"https:\/\/store3.k-tech-services.com\/nhabep82\/wp-json\/wp\/v2\/media?parent=391"}],"wp:term":[{"taxonomy":"product_brand","embeddable":true,"href":"https:\/\/store3.k-tech-services.com\/nhabep82\/wp-json\/wp\/v2\/product_brand?post=391"},{"taxonomy":"product_cat","embeddable":true,"href":"https:\/\/store3.k-tech-services.com\/nhabep82\/wp-json\/wp\/v2\/product_cat?post=391"},{"taxonomy":"product_tag","embeddable":true,"href":"https:\/\/store3.k-tech-services.com\/nhabep82\/wp-json\/wp\/v2\/product_tag?post=391"}],"curies":[{"name":"wp","href":"https:\/\/api.w.org\/{rel}","templated":true}]}}