{"id":389,"date":"2025-04-14T16:02:19","date_gmt":"2025-04-14T16:02:19","guid":{"rendered":"https:\/\/ktech2.k-tech-services.com\/nhabep82\/?post_type=product&#038;p=389"},"modified":"2025-04-14T16:02:19","modified_gmt":"2025-04-14T16:02:19","slug":"di-355","status":"publish","type":"product","link":"https:\/\/store3.k-tech-services.com\/nhabep82\/san-pham\/di-355\/","title":{"rendered":"DI-355"},"content":{"rendered":"<p class=\"\" data-start=\"132\" data-end=\"155\"><strong data-start=\"132\" data-end=\"153\">TH\u00d4NG S\u1ed0 K\u1ef8 THU\u1eacT<\/strong><\/p>\n<ul data-start=\"156\" data-end=\"377\">\n<li class=\"\" data-start=\"156\" data-end=\"182\">\n<p class=\"\" data-start=\"158\" data-end=\"182\"><strong data-start=\"158\" data-end=\"170\">\u0110i\u1ec7n \u00e1p:<\/strong> 220V\/50Hz<\/p>\n<\/li>\n<li class=\"\" data-start=\"183\" data-end=\"217\">\n<p class=\"\" data-start=\"185\" data-end=\"217\"><strong data-start=\"185\" data-end=\"194\">Tr\u00e1i:<\/strong> 1800W, booster 2500W<\/p>\n<\/li>\n<li class=\"\" data-start=\"218\" data-end=\"252\">\n<p class=\"\" data-start=\"220\" data-end=\"252\"><strong data-start=\"220\" data-end=\"229\">Gi\u1eefa:<\/strong> 1300W, booster 1600W<\/p>\n<\/li>\n<li class=\"\" data-start=\"253\" data-end=\"287\">\n<p class=\"\" data-start=\"255\" data-end=\"287\"><strong data-start=\"255\" data-end=\"264\">Ph\u1ea3i:<\/strong> 2300W, booster 3000W<\/p>\n<\/li>\n<li class=\"\" data-start=\"288\" data-end=\"336\">\n<p class=\"\" data-start=\"290\" data-end=\"336\"><strong data-start=\"290\" data-end=\"317\">K\u00edch th\u01b0\u1edbc (D x R x C):<\/strong> 780 x 450 x 60mm<\/p>\n<\/li>\n<li class=\"\" data-start=\"337\" data-end=\"377\">\n<p class=\"\" data-start=\"339\" data-end=\"377\"><strong data-start=\"339\" data-end=\"363\">K\u00edch th\u01b0\u1edbc kho\u00e9t l\u1ed7:<\/strong> 740 x 370mm<\/p>\n<\/li>\n<\/ul>\n<p class=\"\" data-start=\"379\" data-end=\"404\"><strong data-start=\"379\" data-end=\"402\">T\u00cdNH N\u0102NG S\u1ea2N PH\u1ea8M:<\/strong><\/p>\n<ul data-start=\"405\" data-end=\"618\">\n<li class=\"\" data-start=\"405\" data-end=\"455\">\n<p class=\"\" data-start=\"407\" data-end=\"455\">M\u1eb7t k\u00ednh Keramik v\u00e1t 4 c\u1ea1nh, bo vi\u1ec1n Aluminum.<\/p>\n<\/li>\n<li class=\"\" data-start=\"456\" data-end=\"499\">\n<p class=\"\" data-start=\"458\" data-end=\"499\">\u0110i\u1ec1u khi\u1ec3n c\u1ea3m \u1ee9ng v\u1edbi 9 m\u1ee9c c\u00f4ng su\u1ea5t.<\/p>\n<\/li>\n<li class=\"\" data-start=\"500\" data-end=\"562\">\n<p class=\"\" data-start=\"502\" data-end=\"562\">H\u1eb9n gi\u1edd \u0111\u1ed9c l\u1eadp cho 3 v\u00f9ng n\u1ea5u, th\u1eddi gian l\u00ean t\u1edbi 99 ph\u00fat.<\/p>\n<\/li>\n<li class=\"\" data-start=\"563\" data-end=\"618\">\n<p class=\"\" data-start=\"565\" data-end=\"618\">V\u00f9ng n\u1ea5u th\u00f4ng minh t\u1ef1 nh\u1eadn di\u1ec7n k\u00edch c\u1ee1 xoong n\u1ed3i.<\/p>\n<\/li>\n<\/ul>\n<p class=\"\" data-start=\"620\" data-end=\"645\"><strong data-start=\"620\" data-end=\"643\">CH\u1ee8C N\u0102NG \u0110\u1eb6C BI\u1ec6T:<\/strong><\/p>\n<ul data-start=\"646\" data-end=\"836\">\n<li class=\"\" data-start=\"646\" data-end=\"696\">\n<p class=\"\" data-start=\"648\" data-end=\"696\">T\u00edch h\u1ee3p ch\u1ee9c n\u0103ng r\u00e3 \u0111\u00f4ng th\u1ef1c \u0103n tr\u00ean b\u1ebfp t\u1eeb<\/p>\n<\/li>\n<li class=\"\" data-start=\"697\" data-end=\"739\">\n<p class=\"\" data-start=\"699\" data-end=\"739\">Ch\u1ee9c n\u0103ng n\u1ea5u si\u00eau t\u1ed1c \u201cQuick Boiling\u201d<\/p>\n<\/li>\n<li class=\"\" data-start=\"740\" data-end=\"782\">\n<p class=\"\" data-start=\"742\" data-end=\"782\">Ch\u1ebf \u0111\u1ed9 ECO gi\u00fap ti\u1ebft ki\u1ec7m \u0111i\u1ec7n h\u01a1n 30%<\/p>\n<\/li>\n<li class=\"\" data-start=\"783\" data-end=\"836\">\n<p class=\"\" data-start=\"785\" data-end=\"836\">Ch\u1ee9c n\u0103ng ch\u1ed1ng tr\u00e0n n\u01b0\u1edbc khi n\u1ea5u \u2013 Anti overflow<\/p>\n<\/li>\n<\/ul>\n<p class=\"\" data-start=\"838\" data-end=\"862\"><strong data-start=\"838\" data-end=\"860\">T\u00cdNH N\u0102NG AN TO\u00c0N:<\/strong><\/p>\n<ul data-start=\"863\" data-end=\"1116\">\n<li class=\"\" data-start=\"863\" data-end=\"913\">\n<p class=\"\" data-start=\"865\" data-end=\"913\">C\u1ea3nh b\u00e1o nhi\u1ec7t d\u01b0 v\u00f9ng n\u1ea5u \u2013 Residual Heat (H)<\/p>\n<\/li>\n<li class=\"\" data-start=\"914\" data-end=\"966\">\n<p class=\"\" data-start=\"916\" data-end=\"966\">T\u1ef1 \u0111\u1ed9ng t\u1eaft b\u1ebfp khi kh\u00f4ng c\u00f3 n\u1ed3i \u2013 Pot Detection<\/p>\n<\/li>\n<li class=\"\" data-start=\"967\" data-end=\"1021\">\n<p class=\"\" data-start=\"969\" data-end=\"1021\">T\u1ef1 \u0111\u1ed9ng t\u1eaft b\u1ebfp khi \u0111\u1ec3 qu\u00ean \u2013 Automatic switch off<\/p>\n<\/li>\n<li class=\"\" data-start=\"1022\" data-end=\"1079\">\n<p class=\"\" data-start=\"1024\" data-end=\"1079\">H\u1ec7 th\u1ed1ng t\u1ef1 t\u1eaft khi qu\u00e1 nhi\u1ec7t \u2013 Over heating shut off<\/p>\n<\/li>\n<li class=\"\" data-start=\"1080\" data-end=\"1116\">\n<p class=\"\" data-start=\"1082\" data-end=\"1116\">Kh\u00f3a an to\u00e0n tr\u1ebb em \u2013 Child Lock<\/p>\n<\/li>\n<\/ul>\n<p class=\"\" data-start=\"1118\" data-end=\"1147\"><strong data-start=\"1118\" data-end=\"1130\">Xu\u1ea5t x\u1ee9:<\/strong> Korea (H\u00e0n Qu\u1ed1c)<\/p>\n","protected":false},"excerpt":{"rendered":"<p>TH\u00d4NG S\u1ed0 K\u1ef8 THU\u1eacT \u0110i\u1ec7n \u00e1p: 220V\/50Hz Tr\u00e1i: 1800W, booster 2500W Gi\u1eefa: 1300W, booster 1600W Ph\u1ea3i: 2300W, booster 3000W K\u00edch th\u01b0\u1edbc (D x R x C): 780 x 450 x 60mm K\u00edch th\u01b0\u1edbc kho\u00e9t l\u1ed7: 740 x 370mm T\u00cdNH N\u0102NG S\u1ea2N PH\u1ea8M: M\u1eb7t k\u00ednh Keramik v\u00e1t 4 c\u1ea1nh, bo vi\u1ec1n Aluminum. \u0110i\u1ec1u khi\u1ec3n c\u1ea3m \u1ee9ng&#8230;<\/p>\n","protected":false},"featured_media":390,"comment_status":"open","ping_status":"closed","template":"","meta":[],"product_brand":[],"product_cat":[31],"product_tag":[],"class_list":{"0":"post-389","1":"product","2":"type-product","3":"status-publish","4":"has-post-thumbnail","6":"product_cat-bep-tu","8":"first","9":"instock","10":"shipping-taxable","11":"purchasable","12":"product-type-simple"},"_links":{"self":[{"href":"https:\/\/store3.k-tech-services.com\/nhabep82\/wp-json\/wp\/v2\/product\/389","targetHints":{"allow":["GET"]}}],"collection":[{"href":"https:\/\/store3.k-tech-services.com\/nhabep82\/wp-json\/wp\/v2\/product"}],"about":[{"href":"https:\/\/store3.k-tech-services.com\/nhabep82\/wp-json\/wp\/v2\/types\/product"}],"replies":[{"embeddable":true,"href":"https:\/\/store3.k-tech-services.com\/nhabep82\/wp-json\/wp\/v2\/comments?post=389"}],"wp:featuredmedia":[{"embeddable":true,"href":"https:\/\/store3.k-tech-services.com\/nhabep82\/wp-json\/wp\/v2\/media\/390"}],"wp:attachment":[{"href":"https:\/\/store3.k-tech-services.com\/nhabep82\/wp-json\/wp\/v2\/media?parent=389"}],"wp:term":[{"taxonomy":"product_brand","embeddable":true,"href":"https:\/\/store3.k-tech-services.com\/nhabep82\/wp-json\/wp\/v2\/product_brand?post=389"},{"taxonomy":"product_cat","embeddable":true,"href":"https:\/\/store3.k-tech-services.com\/nhabep82\/wp-json\/wp\/v2\/product_cat?post=389"},{"taxonomy":"product_tag","embeddable":true,"href":"https:\/\/store3.k-tech-services.com\/nhabep82\/wp-json\/wp\/v2\/product_tag?post=389"}],"curies":[{"name":"wp","href":"https:\/\/api.w.org\/{rel}","templated":true}]}}