{"id":387,"date":"2025-04-14T16:00:58","date_gmt":"2025-04-14T16:00:58","guid":{"rendered":"https:\/\/ktech2.k-tech-services.com\/nhabep82\/?post_type=product&#038;p=387"},"modified":"2025-04-14T16:00:58","modified_gmt":"2025-04-14T16:00:58","slug":"dib4-888-plus","status":"publish","type":"product","link":"https:\/\/store3.k-tech-services.com\/nhabep82\/san-pham\/dib4-888-plus\/","title":{"rendered":"DIB4-888 Plus"},"content":{"rendered":"<p class=\"\" data-start=\"1311\" data-end=\"1334\"><strong data-start=\"1311\" data-end=\"1332\">TH\u00d4NG S\u1ed0 K\u1ef8 THU\u1eacT<\/strong><\/p>\n<ul data-start=\"1335\" data-end=\"1520\">\n<li class=\"\" data-start=\"1335\" data-end=\"1360\">\n<p class=\"\" data-start=\"1337\" data-end=\"1360\"><strong data-start=\"1337\" data-end=\"1349\">\u0110i\u1ec7n \u00e1p:<\/strong> 220\/50Hz<\/p>\n<\/li>\n<li class=\"\" data-start=\"1361\" data-end=\"1395\">\n<p class=\"\" data-start=\"1363\" data-end=\"1395\"><strong data-start=\"1363\" data-end=\"1372\">Ph\u1ea3i:<\/strong> 2300W, booster 3200W<\/p>\n<\/li>\n<li class=\"\" data-start=\"1396\" data-end=\"1430\">\n<p class=\"\" data-start=\"1398\" data-end=\"1430\"><strong data-start=\"1398\" data-end=\"1407\">Tr\u00e1i:<\/strong> 2300W, booster 3200W<\/p>\n<\/li>\n<li class=\"\" data-start=\"1431\" data-end=\"1479\">\n<p class=\"\" data-start=\"1433\" data-end=\"1479\"><strong data-start=\"1433\" data-end=\"1460\">K\u00edch th\u01b0\u1edbc (D x R x C):<\/strong> 730 x 430 x 40mm<\/p>\n<\/li>\n<li class=\"\" data-start=\"1480\" data-end=\"1520\">\n<p class=\"\" data-start=\"1482\" data-end=\"1520\"><strong data-start=\"1482\" data-end=\"1506\">K\u00edch th\u01b0\u1edbc kho\u00e9t l\u1ed7:<\/strong> 685 x 385mm<\/p>\n<\/li>\n<\/ul>\n<p class=\"\" data-start=\"1522\" data-end=\"1546\"><strong data-start=\"1522\" data-end=\"1544\">T\u00cdNH N\u0102NG S\u1ea2N PH\u1ea8M<\/strong><\/p>\n<ul data-start=\"1547\" data-end=\"2003\">\n<li class=\"\" data-start=\"1547\" data-end=\"1589\">\n<p class=\"\" data-start=\"1549\" data-end=\"1589\">Mainboard 100% E.G.O \u2013 Made in Germany<\/p>\n<\/li>\n<li class=\"\" data-start=\"1590\" data-end=\"1625\">\n<p class=\"\" data-start=\"1592\" data-end=\"1625\">M\u1eb7t k\u00ednh EuroKera C\u1ed9ng H\u00f2a Ph\u00e1p<\/p>\n<\/li>\n<li class=\"\" data-start=\"1626\" data-end=\"1656\">\n<p class=\"\" data-start=\"1628\" data-end=\"1656\">\u0110i\u1ec1u khi\u1ec3n 9 m\u1ee9c c\u00f4ng su\u1ea5t<\/p>\n<\/li>\n<li class=\"\" data-start=\"1657\" data-end=\"1695\">\n<p class=\"\" data-start=\"1659\" data-end=\"1695\">Booster l\u00ean \u0111\u1ebfn 3200W m\u1ed7i v\u00f9ng n\u1ea5u<\/p>\n<\/li>\n<li class=\"\" data-start=\"1696\" data-end=\"1742\">\n<p class=\"\" data-start=\"1698\" data-end=\"1742\"><strong data-start=\"1698\" data-end=\"1740\">Ch\u1ee9c n\u0103ng n\u1ed5i b\u1eadt: R\u00e3 \u0111\u00f4ng tr\u00ean b\u1ebfp t\u1eeb<\/strong><\/p>\n<\/li>\n<li class=\"\" data-start=\"1743\" data-end=\"1786\">\n<p class=\"\" data-start=\"1745\" data-end=\"1786\">Ch\u1ee9c n\u0103ng t\u1ef1 \u0111\u1ed9ng t\u1eaft b\u1ebfp khi n\u01b0\u1edbc tr\u00e0n<\/p>\n<\/li>\n<li class=\"\" data-start=\"1787\" data-end=\"1836\">\n<p class=\"\" data-start=\"1789\" data-end=\"1836\">V\u00f9ng n\u1ea5u 2 b\u00ean t\u1ef1 nh\u1eadn bi\u1ebft k\u00edch c\u1ee1 xoong n\u1ed3i<\/p>\n<\/li>\n<li class=\"\" data-start=\"1837\" data-end=\"1892\">\n<p class=\"\" data-start=\"1839\" data-end=\"1892\">H\u1eb9n gi\u1edd \u0111\u1ed9c l\u1eadp cho t\u1eebng v\u00f9ng n\u1ea5u \u0111\u1ebfn 1 gi\u1edd 59 ph\u00fat<\/p>\n<\/li>\n<li class=\"\" data-start=\"1893\" data-end=\"1947\">\n<p class=\"\" data-start=\"1895\" data-end=\"1947\">C\u00f4ng ngh\u1ec7 Smart Inverter \u2013 ti\u1ebft ki\u1ec7m 38% \u0111i\u1ec7n n\u0103ng<\/p>\n<\/li>\n<li class=\"\" data-start=\"1948\" data-end=\"2003\">\n<p class=\"\" data-start=\"1950\" data-end=\"2003\">Ch\u1ee9c n\u0103ng s\u00f4i liu riu \u0111\u00e1p \u1ee9ng m\u1ecdi nhu c\u1ea7u n\u1ea5u n\u01b0\u1edbng<\/p>\n<\/li>\n<\/ul>\n<p class=\"\" data-start=\"2005\" data-end=\"2028\"><strong data-start=\"2005\" data-end=\"2026\">T\u00cdNH N\u0102NG AN TO\u00c0N<\/strong><\/p>\n<ul data-start=\"2029\" data-end=\"2334\">\n<li class=\"\" data-start=\"2029\" data-end=\"2077\">\n<p class=\"\" data-start=\"2031\" data-end=\"2077\">C\u1ea3nh b\u00e1o nhi\u1ec7t d\u01b0 v\u00f9ng n\u1ea5u Residual heat (H)<\/p>\n<\/li>\n<li class=\"\" data-start=\"2078\" data-end=\"2130\">\n<p class=\"\" data-start=\"2080\" data-end=\"2130\">T\u1ef1 \u0111\u1ed9ng t\u1eaft b\u1ebfp khi kh\u00f4ng c\u00f3 n\u1ed3i \u2013 Pot Detection<\/p>\n<\/li>\n<li class=\"\" data-start=\"2131\" data-end=\"2185\">\n<p class=\"\" data-start=\"2133\" data-end=\"2185\">T\u1ef1 \u0111\u1ed9ng t\u1eaft b\u1ebfp khi \u0111\u1ec3 qu\u00ean \u2013 Automatic switch off<\/p>\n<\/li>\n<li class=\"\" data-start=\"2186\" data-end=\"2246\">\n<p class=\"\" data-start=\"2188\" data-end=\"2246\">H\u1ec7 th\u1ed1ng t\u1ef1 h\u1ee7y nhi\u1ec7t \u0111\u1ed9 qu\u00e1 cao \u2013 Over heating shut off<\/p>\n<\/li>\n<li class=\"\" data-start=\"2247\" data-end=\"2297\">\n<p class=\"\" data-start=\"2249\" data-end=\"2297\">C\u1ea3m bi\u1ebfn ch\u1ed1ng tr\u00e0o n\u01b0\u1edbc \u2013 Auto water shut off<\/p>\n<\/li>\n<li class=\"\" data-start=\"2298\" data-end=\"2334\">\n<p class=\"\" data-start=\"2300\" data-end=\"2334\">Kh\u00f3a an to\u00e0n tr\u1ebb em \u2013 Child Lock<\/p>\n<\/li>\n<\/ul>\n<p class=\"\" data-start=\"2336\" data-end=\"2415\"><strong data-start=\"2336\" data-end=\"2353\">Nh\u00e0 s\u1ea3n xu\u1ea5t:<\/strong> E.G.O Elektro \u2013 Ger\u00e4tebau GmbH, 75038 Oberderdingen, Germany.<\/p>\n","protected":false},"excerpt":{"rendered":"<p>TH\u00d4NG S\u1ed0 K\u1ef8 THU\u1eacT \u0110i\u1ec7n \u00e1p: 220\/50Hz Ph\u1ea3i: 2300W, booster 3200W Tr\u00e1i: 2300W, booster 3200W K\u00edch th\u01b0\u1edbc (D x R x C): 730 x 430 x 40mm K\u00edch th\u01b0\u1edbc kho\u00e9t l\u1ed7: 685 x 385mm T\u00cdNH N\u0102NG S\u1ea2N PH\u1ea8M Mainboard 100% E.G.O \u2013 Made in Germany M\u1eb7t k\u00ednh EuroKera C\u1ed9ng H\u00f2a Ph\u00e1p \u0110i\u1ec1u khi\u1ec3n 9 m\u1ee9c&#8230;<\/p>\n","protected":false},"featured_media":388,"comment_status":"open","ping_status":"closed","template":"","meta":[],"product_brand":[],"product_cat":[31],"product_tag":[],"class_list":{"0":"post-387","1":"product","2":"type-product","3":"status-publish","4":"has-post-thumbnail","6":"product_cat-bep-tu","8":"first","9":"instock","10":"shipping-taxable","11":"purchasable","12":"product-type-simple"},"_links":{"self":[{"href":"https:\/\/store3.k-tech-services.com\/nhabep82\/wp-json\/wp\/v2\/product\/387","targetHints":{"allow":["GET"]}}],"collection":[{"href":"https:\/\/store3.k-tech-services.com\/nhabep82\/wp-json\/wp\/v2\/product"}],"about":[{"href":"https:\/\/store3.k-tech-services.com\/nhabep82\/wp-json\/wp\/v2\/types\/product"}],"replies":[{"embeddable":true,"href":"https:\/\/store3.k-tech-services.com\/nhabep82\/wp-json\/wp\/v2\/comments?post=387"}],"wp:featuredmedia":[{"embeddable":true,"href":"https:\/\/store3.k-tech-services.com\/nhabep82\/wp-json\/wp\/v2\/media\/388"}],"wp:attachment":[{"href":"https:\/\/store3.k-tech-services.com\/nhabep82\/wp-json\/wp\/v2\/media?parent=387"}],"wp:term":[{"taxonomy":"product_brand","embeddable":true,"href":"https:\/\/store3.k-tech-services.com\/nhabep82\/wp-json\/wp\/v2\/product_brand?post=387"},{"taxonomy":"product_cat","embeddable":true,"href":"https:\/\/store3.k-tech-services.com\/nhabep82\/wp-json\/wp\/v2\/product_cat?post=387"},{"taxonomy":"product_tag","embeddable":true,"href":"https:\/\/store3.k-tech-services.com\/nhabep82\/wp-json\/wp\/v2\/product_tag?post=387"}],"curies":[{"name":"wp","href":"https:\/\/api.w.org\/{rel}","templated":true}]}}