{"id":385,"date":"2025-04-14T15:59:54","date_gmt":"2025-04-14T15:59:54","guid":{"rendered":"https:\/\/ktech2.k-tech-services.com\/nhabep82\/?post_type=product&#038;p=385"},"modified":"2025-04-14T15:59:54","modified_gmt":"2025-04-14T15:59:54","slug":"dib4-888","status":"publish","type":"product","link":"https:\/\/store3.k-tech-services.com\/nhabep82\/san-pham\/dib4-888\/","title":{"rendered":"DIB4-888"},"content":{"rendered":"<p class=\"\" data-start=\"145\" data-end=\"168\"><strong data-start=\"145\" data-end=\"166\">TH\u00d4NG S\u1ed0 K\u1ef8 THU\u1eacT<\/strong><\/p>\n<ul data-start=\"169\" data-end=\"354\">\n<li class=\"\" data-start=\"169\" data-end=\"194\">\n<p class=\"\" data-start=\"171\" data-end=\"194\"><strong data-start=\"171\" data-end=\"183\">\u0110i\u1ec7n \u00e1p:<\/strong> 220\/50Hz<\/p>\n<\/li>\n<li class=\"\" data-start=\"195\" data-end=\"229\">\n<p class=\"\" data-start=\"197\" data-end=\"229\"><strong data-start=\"197\" data-end=\"206\">Ph\u1ea3i:<\/strong> 2300W, booster 3000W<\/p>\n<\/li>\n<li class=\"\" data-start=\"230\" data-end=\"264\">\n<p class=\"\" data-start=\"232\" data-end=\"264\"><strong data-start=\"232\" data-end=\"241\">Tr\u00e1i:<\/strong> 2300W, booster 3000W<\/p>\n<\/li>\n<li class=\"\" data-start=\"265\" data-end=\"313\">\n<p class=\"\" data-start=\"267\" data-end=\"313\"><strong data-start=\"267\" data-end=\"294\">K\u00edch th\u01b0\u1edbc (D x R x C):<\/strong> 730 x 430 x 40mm<\/p>\n<\/li>\n<li class=\"\" data-start=\"314\" data-end=\"354\">\n<p class=\"\" data-start=\"316\" data-end=\"354\"><strong data-start=\"316\" data-end=\"340\">K\u00edch th\u01b0\u1edbc kho\u00e9t l\u1ed7:<\/strong> 685 x 385mm<\/p>\n<\/li>\n<\/ul>\n<p class=\"\" data-start=\"356\" data-end=\"380\"><strong data-start=\"356\" data-end=\"378\">T\u00cdNH N\u0102NG S\u1ea2N PH\u1ea8M<\/strong><\/p>\n<ul data-start=\"381\" data-end=\"837\">\n<li class=\"\" data-start=\"381\" data-end=\"423\">\n<p class=\"\" data-start=\"383\" data-end=\"423\">Mainboard 100% E.G.O \u2013 Made in Germany<\/p>\n<\/li>\n<li class=\"\" data-start=\"424\" data-end=\"459\">\n<p class=\"\" data-start=\"426\" data-end=\"459\">M\u1eb7t k\u00ednh EuroKera C\u1ed9ng H\u00f2a Ph\u00e1p<\/p>\n<\/li>\n<li class=\"\" data-start=\"460\" data-end=\"490\">\n<p class=\"\" data-start=\"462\" data-end=\"490\">\u0110i\u1ec1u khi\u1ec3n 9 m\u1ee9c c\u00f4ng su\u1ea5t<\/p>\n<\/li>\n<li class=\"\" data-start=\"491\" data-end=\"529\">\n<p class=\"\" data-start=\"493\" data-end=\"529\">Booster l\u00ean \u0111\u1ebfn 3000W m\u1ed7i v\u00f9ng n\u1ea5u<\/p>\n<\/li>\n<li class=\"\" data-start=\"530\" data-end=\"576\">\n<p class=\"\" data-start=\"532\" data-end=\"576\"><strong data-start=\"532\" data-end=\"574\">Ch\u1ee9c n\u0103ng n\u1ed5i b\u1eadt: R\u00e3 \u0111\u00f4ng tr\u00ean b\u1ebfp t\u1eeb<\/strong><\/p>\n<\/li>\n<li class=\"\" data-start=\"577\" data-end=\"620\">\n<p class=\"\" data-start=\"579\" data-end=\"620\">Ch\u1ee9c n\u0103ng t\u1ef1 \u0111\u1ed9ng t\u1eaft b\u1ebfp khi n\u01b0\u1edbc tr\u00e0n<\/p>\n<\/li>\n<li class=\"\" data-start=\"621\" data-end=\"670\">\n<p class=\"\" data-start=\"623\" data-end=\"670\">V\u00f9ng n\u1ea5u 2 b\u00ean t\u1ef1 nh\u1eadn bi\u1ebft k\u00edch c\u1ee1 xoong n\u1ed3i<\/p>\n<\/li>\n<li class=\"\" data-start=\"671\" data-end=\"726\">\n<p class=\"\" data-start=\"673\" data-end=\"726\">H\u1eb9n gi\u1edd \u0111\u1ed9c l\u1eadp cho t\u1eebng v\u00f9ng n\u1ea5u \u0111\u1ebfn 1 gi\u1edd 59 ph\u00fat<\/p>\n<\/li>\n<li class=\"\" data-start=\"727\" data-end=\"781\">\n<p class=\"\" data-start=\"729\" data-end=\"781\">C\u00f4ng ngh\u1ec7 Smart Inverter \u2013 ti\u1ebft ki\u1ec7m 38% \u0111i\u1ec7n n\u0103ng<\/p>\n<\/li>\n<li class=\"\" data-start=\"782\" data-end=\"837\">\n<p class=\"\" data-start=\"784\" data-end=\"837\">Ch\u1ee9c n\u0103ng s\u00f4i liu riu \u0111\u00e1p \u1ee9ng m\u1ecdi nhu c\u1ea7u n\u1ea5u n\u01b0\u1edbng<\/p>\n<\/li>\n<\/ul>\n<p class=\"\" data-start=\"839\" data-end=\"862\"><strong data-start=\"839\" data-end=\"860\">T\u00cdNH N\u0102NG AN TO\u00c0N<\/strong><\/p>\n<ul data-start=\"863\" data-end=\"1168\">\n<li class=\"\" data-start=\"863\" data-end=\"911\">\n<p class=\"\" data-start=\"865\" data-end=\"911\">C\u1ea3nh b\u00e1o nhi\u1ec7t d\u01b0 v\u00f9ng n\u1ea5u Residual heat (H)<\/p>\n<\/li>\n<li class=\"\" data-start=\"912\" data-end=\"964\">\n<p class=\"\" data-start=\"914\" data-end=\"964\">T\u1ef1 \u0111\u1ed9ng t\u1eaft b\u1ebfp khi kh\u00f4ng c\u00f3 n\u1ed3i \u2013 Pot Detection<\/p>\n<\/li>\n<li class=\"\" data-start=\"965\" data-end=\"1019\">\n<p class=\"\" data-start=\"967\" data-end=\"1019\">T\u1ef1 \u0111\u1ed9ng t\u1eaft b\u1ebfp khi \u0111\u1ec3 qu\u00ean \u2013 Automatic switch off<\/p>\n<\/li>\n<li class=\"\" data-start=\"1020\" data-end=\"1080\">\n<p class=\"\" data-start=\"1022\" data-end=\"1080\">H\u1ec7 th\u1ed1ng t\u1ef1 h\u1ee7y nhi\u1ec7t \u0111\u1ed9 qu\u00e1 cao \u2013 Over heating shut off<\/p>\n<\/li>\n<li class=\"\" data-start=\"1081\" data-end=\"1131\">\n<p class=\"\" data-start=\"1083\" data-end=\"1131\">C\u1ea3m bi\u1ebfn ch\u1ed1ng tr\u00e0o n\u01b0\u1edbc \u2013 Auto water shut off<\/p>\n<\/li>\n<li class=\"\" data-start=\"1132\" data-end=\"1168\">\n<p class=\"\" data-start=\"1134\" data-end=\"1168\">Kh\u00f3a an to\u00e0n tr\u1ebb em \u2013 Child Lock<\/p>\n<\/li>\n<\/ul>\n<p class=\"\" data-start=\"1170\" data-end=\"1249\"><strong data-start=\"1170\" data-end=\"1187\">Nh\u00e0 s\u1ea3n xu\u1ea5t:<\/strong> E.G.O Elektro \u2013 Ger\u00e4tebau GmbH, 75038 Oberderdingen, Germany.<\/p>\n","protected":false},"excerpt":{"rendered":"<p>TH\u00d4NG S\u1ed0 K\u1ef8 THU\u1eacT \u0110i\u1ec7n \u00e1p: 220\/50Hz Ph\u1ea3i: 2300W, booster 3000W Tr\u00e1i: 2300W, booster 3000W K\u00edch th\u01b0\u1edbc (D x R x C): 730 x 430 x 40mm K\u00edch th\u01b0\u1edbc kho\u00e9t l\u1ed7: 685 x 385mm T\u00cdNH N\u0102NG S\u1ea2N PH\u1ea8M Mainboard 100% E.G.O \u2013 Made in Germany M\u1eb7t k\u00ednh EuroKera C\u1ed9ng H\u00f2a Ph\u00e1p \u0110i\u1ec1u khi\u1ec3n 9 m\u1ee9c&#8230;<\/p>\n","protected":false},"featured_media":386,"comment_status":"open","ping_status":"closed","template":"","meta":[],"product_brand":[],"product_cat":[31],"product_tag":[],"class_list":{"0":"post-385","1":"product","2":"type-product","3":"status-publish","4":"has-post-thumbnail","6":"product_cat-bep-tu","8":"first","9":"instock","10":"shipping-taxable","11":"purchasable","12":"product-type-simple"},"_links":{"self":[{"href":"https:\/\/store3.k-tech-services.com\/nhabep82\/wp-json\/wp\/v2\/product\/385","targetHints":{"allow":["GET"]}}],"collection":[{"href":"https:\/\/store3.k-tech-services.com\/nhabep82\/wp-json\/wp\/v2\/product"}],"about":[{"href":"https:\/\/store3.k-tech-services.com\/nhabep82\/wp-json\/wp\/v2\/types\/product"}],"replies":[{"embeddable":true,"href":"https:\/\/store3.k-tech-services.com\/nhabep82\/wp-json\/wp\/v2\/comments?post=385"}],"wp:featuredmedia":[{"embeddable":true,"href":"https:\/\/store3.k-tech-services.com\/nhabep82\/wp-json\/wp\/v2\/media\/386"}],"wp:attachment":[{"href":"https:\/\/store3.k-tech-services.com\/nhabep82\/wp-json\/wp\/v2\/media?parent=385"}],"wp:term":[{"taxonomy":"product_brand","embeddable":true,"href":"https:\/\/store3.k-tech-services.com\/nhabep82\/wp-json\/wp\/v2\/product_brand?post=385"},{"taxonomy":"product_cat","embeddable":true,"href":"https:\/\/store3.k-tech-services.com\/nhabep82\/wp-json\/wp\/v2\/product_cat?post=385"},{"taxonomy":"product_tag","embeddable":true,"href":"https:\/\/store3.k-tech-services.com\/nhabep82\/wp-json\/wp\/v2\/product_tag?post=385"}],"curies":[{"name":"wp","href":"https:\/\/api.w.org\/{rel}","templated":true}]}}