{"id":383,"date":"2025-04-14T15:58:17","date_gmt":"2025-04-14T15:58:17","guid":{"rendered":"https:\/\/ktech2.k-tech-services.com\/nhabep82\/?post_type=product&#038;p=383"},"modified":"2025-04-14T15:58:17","modified_gmt":"2025-04-14T15:58:17","slug":"dib4-888mi","status":"publish","type":"product","link":"https:\/\/store3.k-tech-services.com\/nhabep82\/san-pham\/dib4-888mi\/","title":{"rendered":"DIB4-888MI"},"content":{"rendered":"<p class=\"\" data-start=\"443\" data-end=\"467\"><strong data-start=\"443\" data-end=\"465\">T\u00cdNH N\u0102NG S\u1ea2N PH\u1ea8M<\/strong><\/p>\n<ul data-start=\"468\" data-end=\"996\">\n<li class=\"\" data-start=\"468\" data-end=\"510\">\n<p class=\"\" data-start=\"470\" data-end=\"510\">Mainboard 100% E.G.O \u2013 Made in Germany<\/p>\n<\/li>\n<li class=\"\" data-start=\"511\" data-end=\"553\">\n<p class=\"\" data-start=\"513\" data-end=\"553\">M\u1eb7t k\u00ednh EuroKera \u2013 Kera White cao c\u1ea5p<\/p>\n<\/li>\n<li class=\"\" data-start=\"554\" data-end=\"618\">\n<p class=\"\" data-start=\"556\" data-end=\"618\">M\u1eb7t k\u00ednh EuroKera cao c\u1ea5p c\u00f4ng ngh\u1ec7 ch\u1ed1ng x\u01b0\u1edbc Brush Pattern<\/p>\n<\/li>\n<li class=\"\" data-start=\"619\" data-end=\"649\">\n<p class=\"\" data-start=\"621\" data-end=\"649\">\u0110i\u1ec1u khi\u1ec3n 9 m\u1ee9c c\u00f4ng su\u1ea5t<\/p>\n<\/li>\n<li class=\"\" data-start=\"650\" data-end=\"688\">\n<p class=\"\" data-start=\"652\" data-end=\"688\">Booster l\u00ean \u0111\u1ebfn 3000W m\u1ed7i v\u00f9ng n\u1ea5u<\/p>\n<\/li>\n<li class=\"\" data-start=\"689\" data-end=\"735\">\n<p class=\"\" data-start=\"691\" data-end=\"735\"><strong data-start=\"691\" data-end=\"733\">Ch\u1ee9c n\u0103ng n\u1ed5i b\u1eadt: R\u00e3 \u0111\u00f4ng tr\u00ean b\u1ebfp t\u1eeb<\/strong><\/p>\n<\/li>\n<li class=\"\" data-start=\"736\" data-end=\"779\">\n<p class=\"\" data-start=\"738\" data-end=\"779\">Ch\u1ee9c n\u0103ng t\u1ef1 \u0111\u1ed9ng t\u1eaft b\u1ebfp khi n\u01b0\u1edbc tr\u00e0n<\/p>\n<\/li>\n<li class=\"\" data-start=\"780\" data-end=\"829\">\n<p class=\"\" data-start=\"782\" data-end=\"829\">V\u00f9ng n\u1ea5u 2 b\u00ean t\u1ef1 nh\u1eadn bi\u1ebft k\u00edch c\u1ee1 xoong n\u1ed3i<\/p>\n<\/li>\n<li class=\"\" data-start=\"830\" data-end=\"885\">\n<p class=\"\" data-start=\"832\" data-end=\"885\">H\u1eb9n gi\u1edd \u0111\u1ed9c l\u1eadp cho t\u1eebng v\u00f9ng n\u1ea5u \u0111\u1ebfn 1 gi\u1edd 59 ph\u00fat<\/p>\n<\/li>\n<li class=\"\" data-start=\"886\" data-end=\"940\">\n<p class=\"\" data-start=\"888\" data-end=\"940\">C\u00f4ng ngh\u1ec7 Smart Inverter \u2013 ti\u1ebft ki\u1ec7m 38% \u0111i\u1ec7n n\u0103ng<\/p>\n<\/li>\n<li class=\"\" data-start=\"941\" data-end=\"996\">\n<p class=\"\" data-start=\"943\" data-end=\"996\">Ch\u1ee9c n\u0103ng s\u00f4i liu riu \u0111\u00e1p \u1ee9ng m\u1ecdi nhu c\u1ea7u n\u1ea5u n\u01b0\u1edbng<\/p>\n<\/li>\n<\/ul>\n<p class=\"\" data-start=\"998\" data-end=\"1021\"><strong data-start=\"998\" data-end=\"1019\">T\u00cdNH N\u0102NG AN TO\u00c0N<\/strong><\/p>\n<ul data-start=\"1022\" data-end=\"1327\">\n<li class=\"\" data-start=\"1022\" data-end=\"1070\">\n<p class=\"\" data-start=\"1024\" data-end=\"1070\">C\u1ea3nh b\u00e1o nhi\u1ec7t d\u01b0 v\u00f9ng n\u1ea5u Residual heat (H)<\/p>\n<\/li>\n<li class=\"\" data-start=\"1071\" data-end=\"1123\">\n<p class=\"\" data-start=\"1073\" data-end=\"1123\">T\u1ef1 \u0111\u1ed9ng t\u1eaft b\u1ebfp khi kh\u00f4ng c\u00f3 n\u1ed3i \u2013 Pot Detection<\/p>\n<\/li>\n<li class=\"\" data-start=\"1124\" data-end=\"1178\">\n<p class=\"\" data-start=\"1126\" data-end=\"1178\">T\u1ef1 \u0111\u1ed9ng t\u1eaft b\u1ebfp khi \u0111\u1ec3 qu\u00ean \u2013 Automatic switch off<\/p>\n<\/li>\n<li class=\"\" data-start=\"1179\" data-end=\"1239\">\n<p class=\"\" data-start=\"1181\" data-end=\"1239\">H\u1ec7 th\u1ed1ng t\u1ef1 h\u1ee7y nhi\u1ec7t \u0111\u1ed9 qu\u00e1 cao \u2013 Over heating shut off<\/p>\n<\/li>\n<li class=\"\" data-start=\"1240\" data-end=\"1290\">\n<p class=\"\" data-start=\"1242\" data-end=\"1290\">C\u1ea3m bi\u1ebfn ch\u1ed1ng tr\u00e0o n\u01b0\u1edbc \u2013 Auto water shut off<\/p>\n<\/li>\n<li class=\"\" data-start=\"1291\" data-end=\"1327\">\n<p class=\"\" data-start=\"1293\" data-end=\"1327\">Kh\u00f3a an to\u00e0n tr\u1ebb em \u2013 Child Lock<\/p>\n<\/li>\n<\/ul>\n<p class=\"\" data-start=\"1329\" data-end=\"1408\"><strong data-start=\"1329\" data-end=\"1346\">Nh\u00e0 s\u1ea3n xu\u1ea5t:<\/strong> E.G.O Elektro \u2013 Ger\u00e4tebau GmbH, 75038 Oberderdingen, Germany.<\/p>\n","protected":false},"excerpt":{"rendered":"<p>T\u00cdNH N\u0102NG S\u1ea2N PH\u1ea8M Mainboard 100% E.G.O \u2013 Made in Germany M\u1eb7t k\u00ednh EuroKera \u2013 Kera White cao c\u1ea5p M\u1eb7t k\u00ednh EuroKera cao c\u1ea5p c\u00f4ng ngh\u1ec7 ch\u1ed1ng x\u01b0\u1edbc Brush Pattern \u0110i\u1ec1u khi\u1ec3n 9 m\u1ee9c c\u00f4ng su\u1ea5t Booster l\u00ean \u0111\u1ebfn 3000W m\u1ed7i v\u00f9ng n\u1ea5u Ch\u1ee9c n\u0103ng n\u1ed5i b\u1eadt: R\u00e3 \u0111\u00f4ng tr\u00ean b\u1ebfp t\u1eeb Ch\u1ee9c n\u0103ng t\u1ef1&#8230;<\/p>\n","protected":false},"featured_media":384,"comment_status":"open","ping_status":"closed","template":"","meta":[],"product_brand":[],"product_cat":[31],"product_tag":[],"class_list":{"0":"post-383","1":"product","2":"type-product","3":"status-publish","4":"has-post-thumbnail","6":"product_cat-bep-tu","8":"first","9":"instock","10":"shipping-taxable","11":"purchasable","12":"product-type-simple"},"_links":{"self":[{"href":"https:\/\/store3.k-tech-services.com\/nhabep82\/wp-json\/wp\/v2\/product\/383","targetHints":{"allow":["GET"]}}],"collection":[{"href":"https:\/\/store3.k-tech-services.com\/nhabep82\/wp-json\/wp\/v2\/product"}],"about":[{"href":"https:\/\/store3.k-tech-services.com\/nhabep82\/wp-json\/wp\/v2\/types\/product"}],"replies":[{"embeddable":true,"href":"https:\/\/store3.k-tech-services.com\/nhabep82\/wp-json\/wp\/v2\/comments?post=383"}],"wp:featuredmedia":[{"embeddable":true,"href":"https:\/\/store3.k-tech-services.com\/nhabep82\/wp-json\/wp\/v2\/media\/384"}],"wp:attachment":[{"href":"https:\/\/store3.k-tech-services.com\/nhabep82\/wp-json\/wp\/v2\/media?parent=383"}],"wp:term":[{"taxonomy":"product_brand","embeddable":true,"href":"https:\/\/store3.k-tech-services.com\/nhabep82\/wp-json\/wp\/v2\/product_brand?post=383"},{"taxonomy":"product_cat","embeddable":true,"href":"https:\/\/store3.k-tech-services.com\/nhabep82\/wp-json\/wp\/v2\/product_cat?post=383"},{"taxonomy":"product_tag","embeddable":true,"href":"https:\/\/store3.k-tech-services.com\/nhabep82\/wp-json\/wp\/v2\/product_tag?post=383"}],"curies":[{"name":"wp","href":"https:\/\/api.w.org\/{rel}","templated":true}]}}