{"id":377,"date":"2025-04-14T15:46:40","date_gmt":"2025-04-14T15:46:40","guid":{"rendered":"https:\/\/ktech2.k-tech-services.com\/nhabep82\/?post_type=product&#038;p=377"},"modified":"2025-04-14T15:46:40","modified_gmt":"2025-04-14T15:46:40","slug":"di-801ge-iplus","status":"publish","type":"product","link":"https:\/\/store3.k-tech-services.com\/nhabep82\/san-pham\/di-801ge-iplus\/","title":{"rendered":"DI-801GE IPLUS"},"content":{"rendered":"<h4 class=\"\" data-start=\"147\" data-end=\"173\"><strong data-start=\"152\" data-end=\"173\">Th\u00f4ng s\u1ed1 k\u1ef9 thu\u1eadt<\/strong><\/h4>\n<ul data-start=\"174\" data-end=\"374\">\n<li class=\"\" data-start=\"174\" data-end=\"202\">\n<p class=\"\" data-start=\"176\" data-end=\"202\"><strong data-start=\"176\" data-end=\"188\">\u0110i\u1ec7n \u00e1p:<\/strong> 220V \/ 50Hz<\/p>\n<\/li>\n<li class=\"\" data-start=\"203\" data-end=\"243\">\n<p class=\"\" data-start=\"205\" data-end=\"243\"><strong data-start=\"205\" data-end=\"214\">Ph\u1ea3i:<\/strong> 2300W \u2014 <strong data-start=\"223\" data-end=\"235\">booster:<\/strong> 3400W<\/p>\n<\/li>\n<li class=\"\" data-start=\"244\" data-end=\"284\">\n<p class=\"\" data-start=\"246\" data-end=\"284\"><strong data-start=\"246\" data-end=\"255\">Tr\u00e1i:<\/strong> 2300W \u2014 <strong data-start=\"264\" data-end=\"276\">booster:<\/strong> 3400W<\/p>\n<\/li>\n<li class=\"\" data-start=\"285\" data-end=\"333\">\n<p class=\"\" data-start=\"287\" data-end=\"333\"><strong data-start=\"287\" data-end=\"314\">K\u00edch th\u01b0\u1edbc (D x R x C):<\/strong> 730 x 420 x 40mm<\/p>\n<\/li>\n<li class=\"\" data-start=\"334\" data-end=\"374\">\n<p class=\"\" data-start=\"336\" data-end=\"374\"><strong data-start=\"336\" data-end=\"360\">K\u00edch th\u01b0\u1edbc kho\u00e9t l\u1ed7:<\/strong> 685 x 385mm<\/p>\n<\/li>\n<\/ul>\n<hr class=\"\" data-start=\"376\" data-end=\"379\" \/>\n<h4 class=\"\" data-start=\"381\" data-end=\"408\"><strong data-start=\"386\" data-end=\"408\">T\u00ednh n\u0103ng s\u1ea3n ph\u1ea9m<\/strong><\/h4>\n<ul data-start=\"409\" data-end=\"913\">\n<li class=\"\" data-start=\"409\" data-end=\"459\">\n<p class=\"\" data-start=\"411\" data-end=\"459\">S\u1eed d\u1ee5ng 100% linh ki\u1ec7n E.G.O \u2013 Made in Germany<\/p>\n<\/li>\n<li class=\"\" data-start=\"460\" data-end=\"512\">\n<p class=\"\" data-start=\"462\" data-end=\"512\">M\u1eb7t k\u00ednh Schott Ceran v\u00e1t c\u1ea1nh \u2013 Made in Germany<\/p>\n<\/li>\n<li class=\"\" data-start=\"513\" data-end=\"568\">\n<p class=\"\" data-start=\"515\" data-end=\"568\">C\u00f4ng ngh\u1ec7 Smartkitchen t\u1ef1 \u0111\u1ed9ng nh\u1eadn di\u1ec7n th\u00f4ng minh<\/p>\n<\/li>\n<li class=\"\" data-start=\"569\" data-end=\"606\">\n<p class=\"\" data-start=\"571\" data-end=\"606\"><strong data-start=\"571\" data-end=\"589\">Smart Inverter<\/strong> ti\u1ebft ki\u1ec7m \u0111i\u1ec7n<\/p>\n<\/li>\n<li class=\"\" data-start=\"607\" data-end=\"657\">\n<p class=\"\" data-start=\"609\" data-end=\"657\">Ph\u00edm \u0111i\u1ec1u khi\u1ec3n <strong data-start=\"625\" data-end=\"635\">Slider<\/strong> v\u1edbi 9 m\u1ee9c c\u00f4ng su\u1ea5t<\/p>\n<\/li>\n<li class=\"\" data-start=\"658\" data-end=\"698\">\n<p class=\"\" data-start=\"660\" data-end=\"698\">M\u00e0n h\u00ecnh \u0111i\u1ec1u khi\u1ec3n <strong data-start=\"680\" data-end=\"696\">LED hi\u1ec7n \u0111\u1ea1i<\/strong><\/p>\n<\/li>\n<li class=\"\" data-start=\"699\" data-end=\"750\">\n<p class=\"\" data-start=\"701\" data-end=\"750\">V\u00f9ng n\u1ea5u hai b\u00ean t\u1ef1 nh\u1eadn di\u1ec7n k\u00edch c\u1ee1 xoong n\u1ed3i<\/p>\n<\/li>\n<li class=\"\" data-start=\"751\" data-end=\"800\">\n<p class=\"\" data-start=\"753\" data-end=\"800\">H\u1eb9n gi\u1edd \u0111\u1ed9c l\u1eadp cho t\u1eebng v\u00f9ng n\u1ea5u \u0111\u1ebfn 99 ph\u00fat<\/p>\n<\/li>\n<li class=\"\" data-start=\"801\" data-end=\"832\">\n<p class=\"\" data-start=\"803\" data-end=\"832\"><strong data-start=\"803\" data-end=\"830\">Ti\u1ebft ki\u1ec7m 35% \u0111i\u1ec7n n\u0103ng<\/strong><\/p>\n<\/li>\n<li class=\"\" data-start=\"833\" data-end=\"882\">\n<p class=\"\" data-start=\"835\" data-end=\"882\">Ch\u1ee9c n\u0103ng <strong data-start=\"845\" data-end=\"860\">h\u00e2m Warming<\/strong>, <strong data-start=\"862\" data-end=\"880\">t\u1ea1m d\u1eebng Pause<\/strong><\/p>\n<\/li>\n<li class=\"\" data-start=\"883\" data-end=\"913\">\n<p class=\"\" data-start=\"885\" data-end=\"913\">Ch\u1ee9c n\u0103ng <strong data-start=\"895\" data-end=\"913\">r\u00e3 nhi\u1ec7t nhanh<\/strong><\/p>\n<\/li>\n<\/ul>\n<hr class=\"\" data-start=\"915\" data-end=\"918\" \/>\n<h4 class=\"\" data-start=\"920\" data-end=\"946\"><strong data-start=\"925\" data-end=\"946\">T\u00ednh n\u0103ng an to\u00e0n<\/strong><\/h4>\n<ul data-start=\"947\" data-end=\"1258\">\n<li class=\"\" data-start=\"947\" data-end=\"995\">\n<p class=\"\" data-start=\"949\" data-end=\"995\">C\u1ea3nh b\u00e1o nhi\u1ec7t d\u01b0 v\u00f9ng n\u1ea5u Residual heat (H)<\/p>\n<\/li>\n<li class=\"\" data-start=\"996\" data-end=\"1048\">\n<p class=\"\" data-start=\"998\" data-end=\"1048\">T\u1ef1 \u0111\u1ed9ng t\u1eaft b\u1ebfp khi kh\u00f4ng c\u00f3 n\u1ed3i (Pot Detection)<\/p>\n<\/li>\n<li class=\"\" data-start=\"1049\" data-end=\"1085\">\n<p class=\"\" data-start=\"1051\" data-end=\"1085\">Kh\u00f3a an to\u00e0n tr\u1ebb em (Child Lock)<\/p>\n<\/li>\n<li class=\"\" data-start=\"1086\" data-end=\"1140\">\n<p class=\"\" data-start=\"1088\" data-end=\"1140\">T\u1ef1 \u0111\u1ed9ng t\u1eaft b\u1ebfp khi \u0111\u1ec3 qu\u00ean (Automatic switch off)<\/p>\n<\/li>\n<li class=\"\" data-start=\"1141\" data-end=\"1206\">\n<p class=\"\" data-start=\"1143\" data-end=\"1206\">H\u1ec7 th\u1ed1ng t\u1ef1 t\u1eaft khi qu\u00e1 \u00e1p, qu\u00e1 nhi\u1ec7t (Over heating shut off)<\/p>\n<\/li>\n<li class=\"\" data-start=\"1207\" data-end=\"1258\">\n<p class=\"\" data-start=\"1209\" data-end=\"1258\">C\u1ea3m bi\u1ebfn ch\u1ed1ng tr\u00e0n t\u1ef1 t\u1eaft (Automatic switch off)<\/p>\n<\/li>\n<\/ul>\n","protected":false},"excerpt":{"rendered":"<p>Th\u00f4ng s\u1ed1 k\u1ef9 thu\u1eadt \u0110i\u1ec7n \u00e1p: 220V \/ 50Hz Ph\u1ea3i: 2300W \u2014 booster: 3400W Tr\u00e1i: 2300W \u2014 booster: 3400W K\u00edch th\u01b0\u1edbc (D x R x C): 730 x 420 x 40mm K\u00edch th\u01b0\u1edbc kho\u00e9t l\u1ed7: 685 x 385mm T\u00ednh n\u0103ng s\u1ea3n ph\u1ea9m S\u1eed d\u1ee5ng 100% linh ki\u1ec7n E.G.O \u2013 Made in Germany M\u1eb7t k\u00ednh Schott&#8230;<\/p>\n","protected":false},"featured_media":378,"comment_status":"open","ping_status":"closed","template":"","meta":[],"product_brand":[],"product_cat":[31],"product_tag":[],"class_list":{"0":"post-377","1":"product","2":"type-product","3":"status-publish","4":"has-post-thumbnail","6":"product_cat-bep-tu","8":"first","9":"instock","10":"shipping-taxable","11":"purchasable","12":"product-type-simple"},"_links":{"self":[{"href":"https:\/\/store3.k-tech-services.com\/nhabep82\/wp-json\/wp\/v2\/product\/377","targetHints":{"allow":["GET"]}}],"collection":[{"href":"https:\/\/store3.k-tech-services.com\/nhabep82\/wp-json\/wp\/v2\/product"}],"about":[{"href":"https:\/\/store3.k-tech-services.com\/nhabep82\/wp-json\/wp\/v2\/types\/product"}],"replies":[{"embeddable":true,"href":"https:\/\/store3.k-tech-services.com\/nhabep82\/wp-json\/wp\/v2\/comments?post=377"}],"wp:featuredmedia":[{"embeddable":true,"href":"https:\/\/store3.k-tech-services.com\/nhabep82\/wp-json\/wp\/v2\/media\/378"}],"wp:attachment":[{"href":"https:\/\/store3.k-tech-services.com\/nhabep82\/wp-json\/wp\/v2\/media?parent=377"}],"wp:term":[{"taxonomy":"product_brand","embeddable":true,"href":"https:\/\/store3.k-tech-services.com\/nhabep82\/wp-json\/wp\/v2\/product_brand?post=377"},{"taxonomy":"product_cat","embeddable":true,"href":"https:\/\/store3.k-tech-services.com\/nhabep82\/wp-json\/wp\/v2\/product_cat?post=377"},{"taxonomy":"product_tag","embeddable":true,"href":"https:\/\/store3.k-tech-services.com\/nhabep82\/wp-json\/wp\/v2\/product_tag?post=377"}],"curies":[{"name":"wp","href":"https:\/\/api.w.org\/{rel}","templated":true}]}}