{"id":371,"date":"2025-04-14T15:39:11","date_gmt":"2025-04-14T15:39:11","guid":{"rendered":"https:\/\/ktech2.k-tech-services.com\/nhabep82\/?post_type=product&#038;p=371"},"modified":"2025-04-14T15:39:11","modified_gmt":"2025-04-14T15:39:11","slug":"di-882","status":"publish","type":"product","link":"https:\/\/store3.k-tech-services.com\/nhabep82\/san-pham\/di-882\/","title":{"rendered":"DI-882"},"content":{"rendered":"<h4 class=\"\" data-start=\"1237\" data-end=\"1263\"><strong data-start=\"1242\" data-end=\"1263\">Th\u00f4ng s\u1ed1 k\u1ef9 thu\u1eadt<\/strong><\/h4>\n<ul data-start=\"1264\" data-end=\"1468\">\n<li class=\"\" data-start=\"1264\" data-end=\"1296\">\n<p class=\"\" data-start=\"1266\" data-end=\"1296\"><strong data-start=\"1266\" data-end=\"1278\">\u0110i\u1ec7n \u00e1p:<\/strong> 220\u2013240V \/ 50Hz<\/p>\n<\/li>\n<li class=\"\" data-start=\"1297\" data-end=\"1337\">\n<p class=\"\" data-start=\"1299\" data-end=\"1337\"><strong data-start=\"1299\" data-end=\"1308\">Tr\u00e1i:<\/strong> 2300W \u2014 <strong data-start=\"1317\" data-end=\"1329\">booster:<\/strong> 3000W<\/p>\n<\/li>\n<li class=\"\" data-start=\"1338\" data-end=\"1378\">\n<p class=\"\" data-start=\"1340\" data-end=\"1378\"><strong data-start=\"1340\" data-end=\"1349\">Ph\u1ea3i:<\/strong> 2000W \u2014 <strong data-start=\"1358\" data-end=\"1370\">booster:<\/strong> 2500W<\/p>\n<\/li>\n<li class=\"\" data-start=\"1379\" data-end=\"1427\">\n<p class=\"\" data-start=\"1381\" data-end=\"1427\"><strong data-start=\"1381\" data-end=\"1408\">K\u00edch th\u01b0\u1edbc (D x R x C):<\/strong> 750 x 430 x 60mm<\/p>\n<\/li>\n<li class=\"\" data-start=\"1428\" data-end=\"1468\">\n<p class=\"\" data-start=\"1430\" data-end=\"1468\"><strong data-start=\"1430\" data-end=\"1454\">K\u00edch th\u01b0\u1edbc kho\u00e9t l\u1ed7:<\/strong> 705 x 405mm<\/p>\n<\/li>\n<\/ul>\n<h4 class=\"\" data-start=\"1470\" data-end=\"1497\"><strong data-start=\"1475\" data-end=\"1497\">T\u00ednh n\u0103ng s\u1ea3n ph\u1ea9m<\/strong><\/h4>\n<ul data-start=\"1498\" data-end=\"1756\">\n<li class=\"\" data-start=\"1498\" data-end=\"1547\">\n<p class=\"\" data-start=\"1500\" data-end=\"1547\">M\u1eb7t k\u00ednh Keramik v\u00e1t 4 c\u1ea1nh, bo vi\u1ec1n Aluminum<\/p>\n<\/li>\n<li class=\"\" data-start=\"1548\" data-end=\"1596\">\n<p class=\"\" data-start=\"1550\" data-end=\"1596\">\u0110i\u1ec1u khi\u1ec3n 2 ph\u00edm Slider v\u1edbi 9 m\u1ee9c c\u00f4ng su\u1ea5t<\/p>\n<\/li>\n<li class=\"\" data-start=\"1597\" data-end=\"1658\">\n<p class=\"\" data-start=\"1599\" data-end=\"1658\">H\u1eb9n gi\u1edd \u0111\u1ed9c l\u1eadp cho 2 v\u00f9ng n\u1ea5u, th\u1eddi gian l\u00ean t\u1edbi 99 ph\u00fat<\/p>\n<\/li>\n<li class=\"\" data-start=\"1659\" data-end=\"1713\">\n<p class=\"\" data-start=\"1661\" data-end=\"1713\">V\u00f9ng n\u1ea5u th\u00f4ng minh t\u1ef1 nh\u1eadn di\u1ec7n k\u00edch c\u1ee1 xoong n\u1ed3i<\/p>\n<\/li>\n<li class=\"\" data-start=\"1714\" data-end=\"1756\">\n<p class=\"\" data-start=\"1716\" data-end=\"1756\">Ch\u1ee9c n\u0103ng t\u0103ng t\u1ed1c khi \u0111un n\u1ea5u Booster<\/p>\n<\/li>\n<\/ul>\n<h4 class=\"\" data-start=\"1758\" data-end=\"1785\"><strong data-start=\"1763\" data-end=\"1785\">Ch\u1ee9c n\u0103ng \u0111\u1eb7c bi\u1ec7t<\/strong><\/h4>\n<ul data-start=\"1786\" data-end=\"1917\">\n<li class=\"\" data-start=\"1786\" data-end=\"1833\">\n<p class=\"\" data-start=\"1788\" data-end=\"1833\">Ch\u1ebf \u0111\u1ed9 ECO gi\u00fap ti\u1ebft ki\u1ec7m \u0111i\u1ec7n n\u0103ng h\u01a1n 30%<\/p>\n<\/li>\n<li class=\"\" data-start=\"1834\" data-end=\"1867\">\n<p class=\"\" data-start=\"1836\" data-end=\"1867\">Ch\u1ee9c n\u0103ng chi\u00ean r\u00e1n linh ho\u1ea1t<\/p>\n<\/li>\n<li class=\"\" data-start=\"1868\" data-end=\"1917\">\n<p class=\"\" data-start=\"1870\" data-end=\"1917\">Ch\u1ee9c n\u0103ng ch\u1ed1ng ch\u1ea3o ri\u00eang bi\u1ec7t si\u00eau ti\u1ec7n l\u1ee3i<\/p>\n<\/li>\n<\/ul>\n<h4 class=\"\" data-start=\"1919\" data-end=\"1945\"><strong data-start=\"1924\" data-end=\"1945\">T\u00ednh n\u0103ng an to\u00e0n<\/strong><\/h4>\n<ul data-start=\"1946\" data-end=\"2254\">\n<li class=\"\" data-start=\"1946\" data-end=\"1994\">\n<p class=\"\" data-start=\"1948\" data-end=\"1994\">C\u1ea3nh b\u00e1o nhi\u1ec7t d\u01b0 v\u00f9ng n\u1ea5u Residual heat (H)<\/p>\n<\/li>\n<li class=\"\" data-start=\"1995\" data-end=\"2045\">\n<p class=\"\" data-start=\"1997\" data-end=\"2045\">T\u1ef1 \u0111\u1ed9ng t\u1eaft b\u1ebfp khi kh\u00f4ng c\u00f3 n\u1ed3i Pot Detection<\/p>\n<\/li>\n<li class=\"\" data-start=\"2046\" data-end=\"2098\">\n<p class=\"\" data-start=\"2048\" data-end=\"2098\">T\u1ef1 \u0111\u1ed9ng t\u1eaft b\u1ebfp khi \u0111\u1ec3 qu\u00ean Automatic switch off<\/p>\n<\/li>\n<li class=\"\" data-start=\"2099\" data-end=\"2162\">\n<p class=\"\" data-start=\"2101\" data-end=\"2162\">H\u1ec7 th\u1ed1ng t\u1ef1 t\u1eaft khi qu\u00e1 \u00e1p, qu\u00e1 nhi\u1ec7t Over heating shut off<\/p>\n<\/li>\n<li class=\"\" data-start=\"2163\" data-end=\"2219\">\n<p class=\"\" data-start=\"2165\" data-end=\"2219\">Ch\u1ee9c n\u0103ng ch\u1ed1ng tr\u00e0o n\u01b0\u1edbc t\u1ef1 \u0111\u1ed9ng ng\u1eaft Anti overflow<\/p>\n<\/li>\n<li class=\"\" data-start=\"2220\" data-end=\"2254\">\n<p class=\"\" data-start=\"2222\" data-end=\"2254\">Kh\u00f3a an to\u00e0n tr\u1ebb em Child Lock<\/p>\n<\/li>\n<\/ul>\n","protected":false},"excerpt":{"rendered":"<p>Th\u00f4ng s\u1ed1 k\u1ef9 thu\u1eadt \u0110i\u1ec7n \u00e1p: 220\u2013240V \/ 50Hz Tr\u00e1i: 2300W \u2014 booster: 3000W Ph\u1ea3i: 2000W \u2014 booster: 2500W K\u00edch th\u01b0\u1edbc (D x R x C): 750 x 430 x 60mm K\u00edch th\u01b0\u1edbc kho\u00e9t l\u1ed7: 705 x 405mm T\u00ednh n\u0103ng s\u1ea3n ph\u1ea9m M\u1eb7t k\u00ednh Keramik v\u00e1t 4 c\u1ea1nh, bo vi\u1ec1n Aluminum \u0110i\u1ec1u khi\u1ec3n 2 ph\u00edm&#8230;<\/p>\n","protected":false},"featured_media":372,"comment_status":"open","ping_status":"closed","template":"","meta":[],"product_brand":[],"product_cat":[31],"product_tag":[],"class_list":{"0":"post-371","1":"product","2":"type-product","3":"status-publish","4":"has-post-thumbnail","6":"product_cat-bep-tu","8":"first","9":"instock","10":"shipping-taxable","11":"product-type-external"},"_links":{"self":[{"href":"https:\/\/store3.k-tech-services.com\/nhabep82\/wp-json\/wp\/v2\/product\/371","targetHints":{"allow":["GET"]}}],"collection":[{"href":"https:\/\/store3.k-tech-services.com\/nhabep82\/wp-json\/wp\/v2\/product"}],"about":[{"href":"https:\/\/store3.k-tech-services.com\/nhabep82\/wp-json\/wp\/v2\/types\/product"}],"replies":[{"embeddable":true,"href":"https:\/\/store3.k-tech-services.com\/nhabep82\/wp-json\/wp\/v2\/comments?post=371"}],"wp:featuredmedia":[{"embeddable":true,"href":"https:\/\/store3.k-tech-services.com\/nhabep82\/wp-json\/wp\/v2\/media\/372"}],"wp:attachment":[{"href":"https:\/\/store3.k-tech-services.com\/nhabep82\/wp-json\/wp\/v2\/media?parent=371"}],"wp:term":[{"taxonomy":"product_brand","embeddable":true,"href":"https:\/\/store3.k-tech-services.com\/nhabep82\/wp-json\/wp\/v2\/product_brand?post=371"},{"taxonomy":"product_cat","embeddable":true,"href":"https:\/\/store3.k-tech-services.com\/nhabep82\/wp-json\/wp\/v2\/product_cat?post=371"},{"taxonomy":"product_tag","embeddable":true,"href":"https:\/\/store3.k-tech-services.com\/nhabep82\/wp-json\/wp\/v2\/product_tag?post=371"}],"curies":[{"name":"wp","href":"https:\/\/api.w.org\/{rel}","templated":true}]}}